{"id":3594,"date":"2025-01-31T11:30:42","date_gmt":"2025-01-31T11:30:42","guid":{"rendered":"https:\/\/snoeck.process-vision.de\/shop\/julia-gruner-universal-azo-fizz-eine-dekonstruktion\/"},"modified":"2025-04-02T13:34:53","modified_gmt":"2025-04-02T13:34:53","slug":"julia-gruner-universal-azo-fizz-eine-dekonstruktion","status":"publish","type":"product","link":"https:\/\/snoeck.de\/es\/shop\/julia-gruner-universal-azo-fizz-eine-dekonstruktion\/","title":{"rendered":"Julia Gruner: Universal Azo Fizz - Una deconstrucci\u00f3n"},"content":{"rendered":"<h3>Vistas altisonantes<\/h3>\n<p>Si quieres pintar, necesitas color, as\u00ed de sencillo. Julia Gruner (*1984, L\u00fcdenscheid), que se gradu\u00f3 en la Academia de Arte de D\u00fcsseldorf en 2015 como alumna aventajada de Katharina Grosse, utiliza una paleta diferente en sus \"Pinturas dom\u00e9sticas\", como el gel de ducha Bilou Sweet Galaxy, enjuague bucal Dontodent Junior Lerneffekt, concentrado de ba\u00f1o Dresdner Essenz Ruhe Pur, gel capilar got2b Kleber wasserfest, Rewe Beste Wahl Creme mit Aceto Balsamico di Modena IPG, Rewe Bio Steirisches K\u00fcrbiskern\u00f6l y treaclemoon Cremedusche one ginger morning. Todo ello crea una estructura, se difumina, se aprieta uno sobre otro y reacciona qu\u00edmicamente entre s\u00ed. El artista lo extiende en un esc\u00e1ner sobre film transparente, de modo que tambi\u00e9n quedan algunos pliegues. Los efectos oscilan entre vistas ampulosas, espacios interestelares y tonter\u00edas de aspecto infantil. En otras palabras, las im\u00e1genes ef\u00edmeras captadas en el esc\u00e1ner nos despiertan la curiosidad por los productos de fabricaci\u00f3n industrial con los que tratamos a diario, que adem\u00e1s est\u00e1n perfectamente adaptados a cada situaci\u00f3n de la vida y sobre cuyos ingredientes y proceso de fabricaci\u00f3n sabemos b\u00e1sicamente poco. Los Libros de Artista de Kienbaum son el lugar ideal para tales experimentos, por lo que la publicaci\u00f3n consta de cuatro elementos: un p\u00f3ster plegado en una cubierta que muestra el escaneado completo de una obra y tres cuadernillos: en el primero, Julia Gruner muestra detalles de varias obras, en el segundo enumera detalladamente la informaci\u00f3n del producto y en un tercer cuadernillo se registran pormenorizadamente los colores utilizados en los alimentos y sus propiedades.<\/p>","protected":false},"excerpt":{"rendered":"<p>Kienbaum Artists' Books 2025, editado por Jochen y Laura Kienbaum<br \/>\n104 p. con 66 col. ill.<br \/>\nTama\u00f1os 32 x 24, 29,7 x 21 y 24 x 15 cm, 3 cuadernillos grapados de diferentes tama\u00f1os, fijados en la encuadernaci\u00f3n con goma, p\u00f3ster plegado envuelto como sobrecubierta<\/p>","protected":false},"featured_media":5008,"template":"","meta":[],"product_brand":[],"product_cat":[88,64,68],"product_tag":[],"class_list":{"0":"post-3594","1":"product","2":"type-product","3":"status-publish","4":"has-post-thumbnail","6":"product_cat-88","7":"product_cat-g","8":"product_cat-k","10":"first","11":"instock","12":"taxable","13":"shipping-taxable","14":"purchasable","15":"product-type-simple"},"aioseo_notices":[],"_wp_attached_file":null,"_wp_attachment_metadata":null,"_wc_attachment_source":null,"_elementor_inline_svg":null,"_elementor_is_screenshot":null,"_elementor_source_image_hash":null,"_source_url":null,"_wp_attachment_context":null,"_menu_item_type":null,"_menu_item_menu_item_parent":null,"_menu_item_object_id":null,"_menu_item_object":null,"_menu_item_target":null,"_menu_item_classes":null,"_menu_item_xfn":null,"_menu_item_url":null,"__elementor_forms_snapshot":null,"_unit":"","_unit_base":"","_unit_product":"","_unit_price_auto":"no","_unit_price_regular":"","_unit_price":"","_unit_price_sale":"","_sale_price_label":"","_sale_price_regular_label":"","_manufacturer_slug":"","_mini_desc":"","_defect_description":"","_safety_instructions":"","_allergen_ids":[],"_warranty_attachment_id":"","_safety_attachment_ids":[],"_min_age":"","_ts_gtin":"","_ts_mpn":"","_delivery_time_countries":[],"_free_shipping":"no","_service":"no","_photovoltaic_system":"no","_used_good":"no","_defective_copy":"no","_wireless_electronic_device":"no","_device_contains_power_supply":"no","_device_charging_supports_usb_pd":"no","_device_charging_watt_min":"0","_device_charging_watt_max":"0","_is_food":"no","_differential_taxation":"no","_gzd_version":"3.18.7","_hs_code":"","_customs_description":"","_manufacture_country":"0","_is_non_returnable":"no","_shipping_length":"","_shipping_width":"","_shipping_height":"","_sku":"ISBN 978-3-86442-453-3","_global_unique_id":"978-3-86442-453-3","_regular_price":"48","total_sales":"1","_tax_status":"taxable","_tax_class":"","_manage_stock":"no","_backorders":"no","_sold_individually":"no","_weight":"1","_virtual":"no","_downloadable":"no","_download_limit":"-1","_download_expiry":"-1","_stock":"","_stock_status":"instock","_wc_average_rating":"0","_wc_review_count":"0","_product_version":"9.7.1","_price":"48","shopengine_product_views_count":"2602","_thumbnail_id":"5008","_product_attributes":{"erscheinungsdatum":{"name":"Fecha de publicaci\u00f3n","value":"02.12.2024","position":0,"is_visible":1,"is_variation":0,"is_taxonomy":0,"checkout_visible":0}},"_nutrient_ids":[],"_upsell_ids":null,"pswc_subtitle":null,"_default_delivery_time":null,"_wp_desired_post_slug":null,"_isbn":null,"pageType":null,"isExternalUrl":null,"pageId":null,"externalUrl":null,"hideCookieBanner":null,"isTargetBlank":null,"isProviderCurrentWebsite":null,"isEmbeddingOnlyExternalResources":null,"legalBasis":null,"dataProcessingInCountries":null,"dataProcessingInCountriesSpecialTreatments":null,"technicalDefinitions":null,"googleConsentModeConsentTypes":null,"executePriority":null,"executeCodeOptInWhenNoTagManagerConsentIsGiven":null,"executeCodeOptOutWhenNoTagManagerConsentIsGiven":null,"deleteTechnicalDefinitionsAfterOptOut":null,"presetId":null,"presetVersion":null,"provider":null,"providerContactPhone":null,"providerContactEmail":null,"providerContactLink":null,"uniqueName":null,"providerPrivacyPolicyUrl":null,"providerLegalNoticeUrl":null,"codeOptIn":null,"codeOptOut":null,"codeOnPageLoad":null,"language_code":null,"shopengine_template__post_meta__type":null,"shopengine_template__post_meta":null,"shopengine_template__post_meta__edit_with":null,"origin":null,"_enabled":null,"_filters":null,"_layout":null,"_elementor_import_session_id":null,"_wp_trash_meta_status":null,"_wp_trash_meta_time":null,"_edit_lock":"1743600896:2","_elementor_floating_elements_type":null,"_elementor_edit_mode":null,"_elementor_template_type":null,"tc-thumb-fld":{"_thumb_id":5008,"_thumb_type":"thumb"},"_wp_page_template":"default","_elementor_version":null,"_elementor_pro_version":null,"_elementor_page_settings":null,"_elementor_data":null,"_elementor_conditions":null,"_elementor_popup_display_settings":null,"_edit_last":"2","_elementor_template_sub_type":null,"_elementor_controls_usage":null,"_elementor_screenshot":null,"_elementor_css":null,"_elementor_page_assets":[],"_elementor_element_cache":null,"_elementor_screenshot_failed":null,"_elementor_source":null,"_wp_old_date":null,"layout_key":"","post_slider_check_key":"0","_links":{"self":[{"href":"https:\/\/snoeck.de\/es\/wp-json\/wp\/v2\/product\/3594","targetHints":{"allow":["GET"]}}],"collection":[{"href":"https:\/\/snoeck.de\/es\/wp-json\/wp\/v2\/product"}],"about":[{"href":"https:\/\/snoeck.de\/es\/wp-json\/wp\/v2\/types\/product"}],"wp:featuredmedia":[{"embeddable":true,"href":"https:\/\/snoeck.de\/es\/wp-json\/wp\/v2\/media\/5008"}],"wp:attachment":[{"href":"https:\/\/snoeck.de\/es\/wp-json\/wp\/v2\/media?parent=3594"}],"wp:term":[{"taxonomy":"product_brand","embeddable":true,"href":"https:\/\/snoeck.de\/es\/wp-json\/wp\/v2\/product_brand?post=3594"},{"taxonomy":"product_cat","embeddable":true,"href":"https:\/\/snoeck.de\/es\/wp-json\/wp\/v2\/product_cat?post=3594"},{"taxonomy":"product_tag","embeddable":true,"href":"https:\/\/snoeck.de\/es\/wp-json\/wp\/v2\/product_tag?post=3594"}],"curies":[{"name":"wp","href":"https:\/\/api.w.org\/{rel}","templated":true}]}}