{"id":3595,"date":"2025-01-31T11:30:42","date_gmt":"2025-01-31T11:30:42","guid":{"rendered":"https:\/\/snoeck.process-vision.de\/shop\/alex-hanimann-same-but-different\/"},"modified":"2025-06-20T12:00:57","modified_gmt":"2025-06-20T11:00:57","slug":"alex-hanimann-same-but-different","status":"publish","type":"product","link":"https:\/\/snoeck.de\/es\/shop\/alex-hanimann-same-but-different\/","title":{"rendered":"Alex Hanimann: Igual pero diferente"},"content":{"rendered":"<h3>C\u00e1psulas de tiempo<\/h3>\n<p>Con \"Same but Different\", Alex Hanimann ha creado un viaje a trav\u00e9s de su producci\u00f3n art\u00edstica. Incluso la cubierta reflectante es una referencia a la genial canci\u00f3n de Nico I AM YOUR MIRROR, m\u00e1s hablada que cantada, con la Velvet Underground, que se puede encontrar en el disco con el famoso motivo del pl\u00e1tano de Andy Warhol. Las im\u00e1genes ic\u00f3nicas son un tema importante para el artista, que se presenta en este libro a trav\u00e9s de textos muy informativos y con material visual de las tres exposiciones 2019 - 2020 en el Kunstmuseum St.Gallen, la Villa Merkel Esslingen y el FRAC Grand Large Dunquerque como en un bucle. Las im\u00e1genes cuadriculadas de los a\u00f1os 70 est\u00e1n representadas junto a las nuevas esculturas brillantes de los \u00faltimos cinco a\u00f1os, que muestran a j\u00f3venes con sus trajes t\u00edpicos contempor\u00e1neos a una escala ligeramente ampliada (\"Conversation Piece\"). Un v\u00eddeo de un paseo en bicicleta (\"Catch of the Day\") por el Victoria Park de Londres forma un nexo de uni\u00f3n. De forma casi ut\u00f3pica, combina im\u00e1genes de la propia juventud del artista con reproducciones escult\u00f3ricas de j\u00f3venes de hoy mediante el motivo del movimiento, que simboliza la vida.<\/p>\n<p>Exposiciones:<br \/>\nMuseo de Arte de San Gall, 8\/6 - 1\/9\/2019<br \/>\nGaler\u00eda Villa Merkel de la ciudad de Esslingen, 9\/9 - 17\/11\/2019<br \/>\nFrac Grand-Large Hauts-de-France Dunkerque, 15\/2 - 26\/4\/2020<\/p>","protected":false},"excerpt":{"rendered":"<p>Cat\u00e1logo de la exposici\u00f3n, publicado por el Kunstmuseum St. Gallen<br \/>\nTextos (alem\u00e1n\/ingl\u00e9s\/franc\u00e9s) de Angelika Affentranger-Kirchrath, Andreas Baur, Lorenzo Benedetti, Kerren Detton, Patrick Frey, Rolf Hengesbach, Omar Kholeif, Stephan Kunz, Gerhard Mack, Hans Ulrich Obrist, Marion Strunk, Nadia Veronese<br \/>\n470 p., con 894 ilustraciones, la mayor\u00eda en color<br \/>\nFormato 29,7 x 21,5 cm, lino gofrado con sobrecubierta de doble pliegue<\/p>","protected":false},"featured_media":5009,"template":"","meta":[],"product_brand":[],"product_cat":[86,65],"product_tag":[],"class_list":{"0":"post-3595","1":"product","2":"type-product","3":"status-publish","4":"has-post-thumbnail","6":"product_cat-86","7":"product_cat-h","9":"first","10":"instock","11":"taxable","12":"shipping-taxable","13":"purchasable","14":"product-type-simple"},"aioseo_notices":[],"_wp_attached_file":null,"_wp_attachment_metadata":null,"_wc_attachment_source":null,"_elementor_inline_svg":null,"_elementor_is_screenshot":null,"_elementor_source_image_hash":null,"_source_url":null,"_wp_attachment_context":null,"_menu_item_type":null,"_menu_item_menu_item_parent":null,"_menu_item_object_id":null,"_menu_item_object":null,"_menu_item_target":null,"_menu_item_classes":null,"_menu_item_xfn":null,"_menu_item_url":null,"__elementor_forms_snapshot":null,"_unit":"","_unit_base":"","_unit_product":"","_unit_price_auto":"no","_unit_price_regular":"","_unit_price":"","_unit_price_sale":"","_sale_price_label":"","_sale_price_regular_label":"","_manufacturer_slug":"","_mini_desc":"","_defect_description":"","_safety_instructions":"","_allergen_ids":[],"_warranty_attachment_id":"","_safety_attachment_ids":[],"_min_age":"","_ts_gtin":"","_ts_mpn":"","_delivery_time_countries":[],"_free_shipping":"no","_service":"no","_photovoltaic_system":"no","_used_good":"no","_defective_copy":"no","_wireless_electronic_device":"no","_device_contains_power_supply":"no","_device_charging_supports_usb_pd":"no","_device_charging_watt_min":"0","_device_charging_watt_max":"0","_is_food":"no","_differential_taxation":"no","_gzd_version":"3.18.7","_hs_code":"","_customs_description":"","_manufacture_country":"0","_is_non_returnable":"no","_shipping_length":"","_shipping_width":"","_shipping_height":"","_sku":"ISBN 978-3-86442-344-4","_global_unique_id":"978-3-86442-344-4","_regular_price":"78","total_sales":"0","_tax_status":"taxable","_tax_class":"","_manage_stock":"no","_backorders":"no","_sold_individually":"no","_weight":"3","_virtual":"no","_downloadable":"no","_download_limit":"-1","_download_expiry":"-1","_stock":"","_stock_status":"instock","_wc_average_rating":"0","_wc_review_count":"0","_product_version":"9.8.3","_price":"78","shopengine_product_views_count":"3466","_thumbnail_id":"5009","_product_attributes":{"erscheinungsdatum":{"name":"Fecha de publicaci\u00f3n","value":"28.10.2022","position":0,"is_visible":1,"is_variation":0,"is_taxonomy":0,"checkout_visible":0}},"_nutrient_ids":[],"_upsell_ids":null,"pswc_subtitle":null,"_default_delivery_time":null,"_wp_desired_post_slug":null,"_isbn":null,"pageType":null,"isExternalUrl":null,"pageId":null,"externalUrl":null,"hideCookieBanner":null,"isTargetBlank":null,"isProviderCurrentWebsite":null,"isEmbeddingOnlyExternalResources":null,"legalBasis":null,"dataProcessingInCountries":null,"dataProcessingInCountriesSpecialTreatments":null,"technicalDefinitions":null,"googleConsentModeConsentTypes":null,"executePriority":null,"executeCodeOptInWhenNoTagManagerConsentIsGiven":null,"executeCodeOptOutWhenNoTagManagerConsentIsGiven":null,"deleteTechnicalDefinitionsAfterOptOut":null,"presetId":null,"presetVersion":null,"provider":null,"providerContactPhone":null,"providerContactEmail":null,"providerContactLink":null,"uniqueName":null,"providerPrivacyPolicyUrl":null,"providerLegalNoticeUrl":null,"codeOptIn":null,"codeOptOut":null,"codeOnPageLoad":null,"language_code":null,"shopengine_template__post_meta__type":null,"shopengine_template__post_meta":null,"shopengine_template__post_meta__edit_with":null,"origin":null,"_enabled":null,"_filters":null,"_layout":null,"_elementor_import_session_id":null,"_wp_trash_meta_status":null,"_wp_trash_meta_time":null,"_edit_lock":"1743523493:2","_elementor_floating_elements_type":null,"_elementor_edit_mode":null,"_elementor_template_type":null,"tc-thumb-fld":{"_thumb_id":5009,"_thumb_type":"thumb"},"_wp_page_template":"default","_elementor_version":null,"_elementor_pro_version":null,"_elementor_page_settings":null,"_elementor_data":null,"_elementor_conditions":null,"_elementor_popup_display_settings":null,"_edit_last":"2","_elementor_template_sub_type":null,"_elementor_controls_usage":null,"_elementor_screenshot":null,"_elementor_css":null,"_elementor_page_assets":[],"_elementor_element_cache":null,"_elementor_screenshot_failed":null,"_elementor_source":null,"_wp_old_date":null,"layout_key":"","post_slider_check_key":"0","_links":{"self":[{"href":"https:\/\/snoeck.de\/es\/wp-json\/wp\/v2\/product\/3595","targetHints":{"allow":["GET"]}}],"collection":[{"href":"https:\/\/snoeck.de\/es\/wp-json\/wp\/v2\/product"}],"about":[{"href":"https:\/\/snoeck.de\/es\/wp-json\/wp\/v2\/types\/product"}],"wp:featuredmedia":[{"embeddable":true,"href":"https:\/\/snoeck.de\/es\/wp-json\/wp\/v2\/media\/5009"}],"wp:attachment":[{"href":"https:\/\/snoeck.de\/es\/wp-json\/wp\/v2\/media?parent=3595"}],"wp:term":[{"taxonomy":"product_brand","embeddable":true,"href":"https:\/\/snoeck.de\/es\/wp-json\/wp\/v2\/product_brand?post=3595"},{"taxonomy":"product_cat","embeddable":true,"href":"https:\/\/snoeck.de\/es\/wp-json\/wp\/v2\/product_cat?post=3595"},{"taxonomy":"product_tag","embeddable":true,"href":"https:\/\/snoeck.de\/es\/wp-json\/wp\/v2\/product_tag?post=3595"}],"curies":[{"name":"wp","href":"https:\/\/api.w.org\/{rel}","templated":true}]}}