{"id":3596,"date":"2025-01-31T11:30:43","date_gmt":"2025-01-31T11:30:43","guid":{"rendered":"https:\/\/snoeck.process-vision.de\/shop\/bertram-hasenauer\/"},"modified":"2025-04-01T16:02:10","modified_gmt":"2025-04-01T16:02:10","slug":"bertram-hasenauer","status":"publish","type":"product","link":"https:\/\/snoeck.de\/es\/shop\/bertram-hasenauer\/","title":{"rendered":"Bertram Hasenauer"},"content":{"rendered":"<h3>El retrato y la figura cobran protagonismo<\/h3>\n<p>En el centro de la obra de Bertram Hasenauer se encuentra el retrato o la figura, que, colocados sobre un fondo monocromo blanco u oscuro, no funcionan primordialmente como un parecido (naturalista), sino que pretenden transmitir la idea del retrato como tal. Al mismo tiempo, Bertram Hasenauer nos ofrece una visi\u00f3n muy diferenciada de los respectivos j\u00f3venes, haciendo hincapi\u00e9 en lo perdurable; se les ha quitado todo lo espont\u00e1neo y din\u00e1mico, aparecen andr\u00f3ginos y parecen flotar en el espacio. En vista del alejamiento casi metaf\u00edsico de la realidad al que parecen haber sido trasladadas las figuras, los cr\u00edticos de arte han utilizado el concepto de realismo m\u00e1gico, que el artista ha ampliado para incluir una espiral de lo enigm\u00e1tico. Bertram Hasenauer se basa en im\u00e1genes de diarios y revistas. Aplica sus colores como una fina pel\u00edcula sobre un fondo finamente estructurado. La impresi\u00f3n enigm\u00e1tica de lo que, seg\u00fan el artista, \"parece ser un retrato resulta ser la idea de una posible figura retratada; lo que parece ser la imagen de una figura humana desaparece inmediatamente en las vagas esferas del recuerdo de una figura\".<\/p>\n<p>Exposiciones:<br \/>\nKunsthalle Memmingen, 1\/4 - 23\/7\/2023<br \/>\nGaler\u00eda Ebensperger, Viena, 28\/3 - 30\/6\/2023<\/p>","protected":false},"excerpt":{"rendered":"<p>Cat\u00e1logo de la exposici\u00f3n, Kunsthalle Memmingen, textos (alem\u00e1n\/ingl\u00e9s) de Axel Lapp, Annelie L\u00fctgens<br \/>\n136 p. con 70 ilustraciones en color<br \/>\nFormato 29 x 24 cm, encuadernaci\u00f3n en tela gofrada<\/p>","protected":false},"featured_media":5010,"template":"","meta":[],"product_brand":[],"product_cat":[87,65],"product_tag":[],"class_list":{"0":"post-3596","1":"product","2":"type-product","3":"status-publish","4":"has-post-thumbnail","6":"product_cat-87","7":"product_cat-h","9":"first","10":"instock","11":"taxable","12":"shipping-taxable","13":"purchasable","14":"product-type-simple"},"aioseo_notices":[],"_wp_attached_file":null,"_wp_attachment_metadata":null,"_wc_attachment_source":null,"_elementor_inline_svg":null,"_elementor_is_screenshot":null,"_elementor_source_image_hash":null,"_source_url":null,"_wp_attachment_context":null,"_menu_item_type":null,"_menu_item_menu_item_parent":null,"_menu_item_object_id":null,"_menu_item_object":null,"_menu_item_target":null,"_menu_item_classes":null,"_menu_item_xfn":null,"_menu_item_url":null,"__elementor_forms_snapshot":null,"_unit":"","_unit_base":"","_unit_product":"","_unit_price_auto":"no","_unit_price_regular":"","_unit_price":"","_unit_price_sale":"","_sale_price_label":"","_sale_price_regular_label":"","_manufacturer_slug":"","_mini_desc":"","_defect_description":"","_safety_instructions":"","_allergen_ids":[],"_warranty_attachment_id":"","_safety_attachment_ids":[],"_min_age":"","_ts_gtin":"","_ts_mpn":"","_delivery_time_countries":[],"_free_shipping":"no","_service":"no","_photovoltaic_system":"no","_used_good":"no","_defective_copy":"no","_wireless_electronic_device":"no","_device_contains_power_supply":"no","_device_charging_supports_usb_pd":"no","_device_charging_watt_min":"0","_device_charging_watt_max":"0","_is_food":"no","_differential_taxation":"no","_gzd_version":"3.18.7","_hs_code":"","_customs_description":"","_manufacture_country":"0","_is_non_returnable":"no","_shipping_length":"","_shipping_width":"","_shipping_height":"","_sku":"ISBN 978-3-86442-413-7","_global_unique_id":"978-3-86442-413-7","_regular_price":"48","total_sales":"1","_tax_status":"taxable","_tax_class":"","_manage_stock":"no","_backorders":"no","_sold_individually":"no","_weight":"1","_virtual":"no","_downloadable":"no","_download_limit":"-1","_download_expiry":"-1","_stock":"","_stock_status":"instock","_wc_average_rating":"0","_wc_review_count":"0","_product_version":"9.7.1","_price":"48","shopengine_product_views_count":"2907","_thumbnail_id":"5010","_product_attributes":{"erscheinungsdatum":{"name":"Fecha de publicaci\u00f3n","value":"16.06.2023","position":0,"is_visible":1,"is_variation":0,"is_taxonomy":0,"checkout_visible":0}},"_nutrient_ids":[],"_upsell_ids":null,"pswc_subtitle":null,"_default_delivery_time":null,"_wp_desired_post_slug":null,"_isbn":null,"pageType":null,"isExternalUrl":null,"pageId":null,"externalUrl":null,"hideCookieBanner":null,"isTargetBlank":null,"isProviderCurrentWebsite":null,"isEmbeddingOnlyExternalResources":null,"legalBasis":null,"dataProcessingInCountries":null,"dataProcessingInCountriesSpecialTreatments":null,"technicalDefinitions":null,"googleConsentModeConsentTypes":null,"executePriority":null,"executeCodeOptInWhenNoTagManagerConsentIsGiven":null,"executeCodeOptOutWhenNoTagManagerConsentIsGiven":null,"deleteTechnicalDefinitionsAfterOptOut":null,"presetId":null,"presetVersion":null,"provider":null,"providerContactPhone":null,"providerContactEmail":null,"providerContactLink":null,"uniqueName":null,"providerPrivacyPolicyUrl":null,"providerLegalNoticeUrl":null,"codeOptIn":null,"codeOptOut":null,"codeOnPageLoad":null,"language_code":null,"shopengine_template__post_meta__type":null,"shopengine_template__post_meta":null,"shopengine_template__post_meta__edit_with":null,"origin":null,"_enabled":null,"_filters":null,"_layout":null,"_elementor_import_session_id":null,"_wp_trash_meta_status":null,"_wp_trash_meta_time":null,"_edit_lock":"1743523192:2","_elementor_floating_elements_type":null,"_elementor_edit_mode":null,"_elementor_template_type":null,"tc-thumb-fld":{"_thumb_id":5010,"_thumb_type":"thumb"},"_wp_page_template":"default","_elementor_version":null,"_elementor_pro_version":null,"_elementor_page_settings":null,"_elementor_data":null,"_elementor_conditions":null,"_elementor_popup_display_settings":null,"_edit_last":"2","_elementor_template_sub_type":null,"_elementor_controls_usage":null,"_elementor_screenshot":null,"_elementor_css":null,"_elementor_page_assets":[],"_elementor_element_cache":null,"_elementor_screenshot_failed":null,"_elementor_source":null,"_wp_old_date":null,"layout_key":"","post_slider_check_key":"0","_links":{"self":[{"href":"https:\/\/snoeck.de\/es\/wp-json\/wp\/v2\/product\/3596","targetHints":{"allow":["GET"]}}],"collection":[{"href":"https:\/\/snoeck.de\/es\/wp-json\/wp\/v2\/product"}],"about":[{"href":"https:\/\/snoeck.de\/es\/wp-json\/wp\/v2\/types\/product"}],"wp:featuredmedia":[{"embeddable":true,"href":"https:\/\/snoeck.de\/es\/wp-json\/wp\/v2\/media\/5010"}],"wp:attachment":[{"href":"https:\/\/snoeck.de\/es\/wp-json\/wp\/v2\/media?parent=3596"}],"wp:term":[{"taxonomy":"product_brand","embeddable":true,"href":"https:\/\/snoeck.de\/es\/wp-json\/wp\/v2\/product_brand?post=3596"},{"taxonomy":"product_cat","embeddable":true,"href":"https:\/\/snoeck.de\/es\/wp-json\/wp\/v2\/product_cat?post=3596"},{"taxonomy":"product_tag","embeddable":true,"href":"https:\/\/snoeck.de\/es\/wp-json\/wp\/v2\/product_tag?post=3596"}],"curies":[{"name":"wp","href":"https:\/\/api.w.org\/{rel}","templated":true}]}}