{"id":3597,"date":"2025-01-31T11:30:43","date_gmt":"2025-01-31T11:30:43","guid":{"rendered":"https:\/\/snoeck.process-vision.de\/shop\/sabrina-haunsperg-werke-2008-2018\/"},"modified":"2026-04-08T15:16:45","modified_gmt":"2026-04-08T14:16:45","slug":"sabrina-haunsperg-werke-2008-2018","status":"publish","type":"product","link":"https:\/\/snoeck.de\/es\/shop\/sabrina-haunsperg-werke-2008-2018\/","title":{"rendered":"Sabrina Haunsperg: Obras 2008-2018"},"content":{"rendered":"<h3>Esfuerzo f\u00edsico completo<\/h3>\n<p>El libro que acompa\u00f1a a la exposici\u00f3n en el SCHAUWERK de Sindelfingen ofrece una visi\u00f3n polifac\u00e9tica de la obra de la artista austriaca Sabrina Haunsperg (*1980) y muestra obras de los \u00faltimos diez a\u00f1os o reci\u00e9n salidas del estudio que se presentan al p\u00fablico por primera vez. Sabrina Haunsperg crea cuadros coloristas, din\u00e1micos y, en su mayor\u00eda, de gran formato, utilizando diversas t\u00e9cnicas y materiales. Concede gran importancia al uso de colores de alta calidad, que mezcla siguiendo recetas tradicionales. Aplica el color al lienzo con pinceles, l\u00e1pices, pistolas pulverizadoras o vertidos, utilizando todo su cuerpo. La interacci\u00f3n entre una planificaci\u00f3n cuidadosa y la curiosidad experimental da como resultado numerosas capas de superficies de color superpuestas, redes crom\u00e1ticas y en\u00e9rgicas explosiones de color. Los cuadros acabados cautivan al espectador seg\u00fan su proceso de producci\u00f3n a trav\u00e9s de la apasionante relaci\u00f3n entre la superficie y la profundidad del cuadro. Crean espacios inmateriales que permiten diversas asociaciones. Sabrina Haunsperg estudi\u00f3 pintura en la Kunstakademie de D\u00fcsseldorf de 2001 a 2008 con Helmut Federle, entre otros, y fue alumna aventajada de Herbert Brandl; vive y trabaja en D\u00fcsseldorf.<\/p>\n<p>Exposici\u00f3n:<br \/>\nSchauwerk Sindelfingen, 18\/2\/2018 - 20\/1\/2019<\/p>","protected":false},"excerpt":{"rendered":"<p>Cat\u00e1logo de la exposici\u00f3n, Fundaci\u00f3n Schaufler Schauwerk Sindelfingen, editado por Christiane Schaufler-M\u00fcnch, Barbara Bergmann<br \/>\n96 p. con 40 ilustraciones en color<br \/>\nFormato 26 x 21 cm, folleto desplegable<\/p>","protected":false},"featured_media":5011,"template":"","meta":[],"product_brand":[],"product_cat":[95],"product_tag":[],"class_list":{"0":"post-3597","1":"product","2":"type-product","3":"status-publish","4":"has-post-thumbnail","6":"product_cat-vergriffen","8":"first","9":"outofstock","10":"taxable","11":"shipping-taxable","12":"product-type-simple"},"aioseo_notices":[],"_wp_attached_file":null,"_wp_attachment_metadata":null,"_wc_attachment_source":null,"_elementor_inline_svg":null,"_elementor_is_screenshot":null,"_elementor_source_image_hash":null,"_source_url":null,"_wp_attachment_context":null,"_menu_item_type":null,"_menu_item_menu_item_parent":null,"_menu_item_object_id":null,"_menu_item_object":null,"_menu_item_target":null,"_menu_item_classes":null,"_menu_item_xfn":null,"_menu_item_url":null,"__elementor_forms_snapshot":null,"_unit":"","_unit_base":"","_unit_product":"","_unit_price_auto":"no","_unit_price_regular":"","_unit_price":"","_unit_price_sale":"","_sale_price_label":"","_sale_price_regular_label":"","_manufacturer_slug":"","_mini_desc":"","_defect_description":"","_safety_instructions":"","_allergen_ids":[],"_warranty_attachment_id":"","_safety_attachment_ids":[],"_min_age":"","_ts_gtin":"","_ts_mpn":"","_delivery_time_countries":[],"_free_shipping":"no","_service":"no","_photovoltaic_system":"no","_used_good":"no","_defective_copy":"no","_wireless_electronic_device":"no","_device_contains_power_supply":"no","_device_charging_supports_usb_pd":"no","_device_charging_watt_min":"0","_device_charging_watt_max":"0","_is_food":"no","_differential_taxation":"no","_gzd_version":"3.18.7","_hs_code":"","_customs_description":"","_manufacture_country":"0","_is_non_returnable":"no","_shipping_length":"","_shipping_width":"","_shipping_height":"","_sku":"ISBN 978-3-86442-256-0","_global_unique_id":"978-3-86442-256-0","_regular_price":null,"total_sales":"0","_tax_status":"taxable","_tax_class":"","_manage_stock":"no","_backorders":"no","_sold_individually":"no","_weight":"1","_virtual":"no","_downloadable":"no","_download_limit":"-1","_download_expiry":"-1","_stock":"","_stock_status":"outofstock","_wc_average_rating":"0","_wc_review_count":"0","_product_version":"10.1.4","_price":"","shopengine_product_views_count":"2403","_thumbnail_id":"5011","_product_attributes":{"erscheinungsdatum":{"name":"Erscheinungsdatum","value":"13.07.2018","position":0,"is_visible":1,"is_variation":0,"is_taxonomy":0,"checkout_visible":0}},"_nutrient_ids":[],"_upsell_ids":null,"pswc_subtitle":null,"_default_delivery_time":null,"_wp_desired_post_slug":null,"_isbn":null,"pageType":null,"isExternalUrl":null,"pageId":null,"externalUrl":null,"hideCookieBanner":null,"isTargetBlank":null,"isProviderCurrentWebsite":null,"isEmbeddingOnlyExternalResources":null,"legalBasis":null,"dataProcessingInCountries":null,"dataProcessingInCountriesSpecialTreatments":null,"technicalDefinitions":null,"googleConsentModeConsentTypes":null,"executePriority":null,"executeCodeOptInWhenNoTagManagerConsentIsGiven":null,"executeCodeOptOutWhenNoTagManagerConsentIsGiven":null,"deleteTechnicalDefinitionsAfterOptOut":null,"presetId":null,"presetVersion":null,"provider":null,"providerContactPhone":null,"providerContactEmail":null,"providerContactLink":null,"uniqueName":null,"providerPrivacyPolicyUrl":null,"providerLegalNoticeUrl":null,"codeOptIn":null,"codeOptOut":null,"codeOnPageLoad":null,"language_code":null,"shopengine_template__post_meta__type":null,"shopengine_template__post_meta":null,"shopengine_template__post_meta__edit_with":null,"origin":null,"_enabled":null,"_filters":null,"_layout":null,"_elementor_import_session_id":null,"_wp_trash_meta_status":null,"_wp_trash_meta_time":null,"_edit_lock":"1743523117:2","_elementor_floating_elements_type":null,"_elementor_edit_mode":null,"_elementor_template_type":null,"tc-thumb-fld":{"_thumb_id":5011,"_thumb_type":"thumb"},"_wp_page_template":"default","_elementor_version":null,"_elementor_pro_version":null,"_elementor_page_settings":null,"_elementor_data":null,"_elementor_conditions":null,"_elementor_popup_display_settings":null,"_edit_last":"2","_elementor_template_sub_type":null,"_elementor_controls_usage":null,"_elementor_screenshot":null,"_elementor_css":null,"_elementor_page_assets":[],"_elementor_element_cache":null,"_elementor_screenshot_failed":null,"_elementor_source":null,"_wp_old_date":null,"layout_key":"","post_slider_check_key":"0","_links":{"self":[{"href":"https:\/\/snoeck.de\/es\/wp-json\/wp\/v2\/product\/3597","targetHints":{"allow":["GET"]}}],"collection":[{"href":"https:\/\/snoeck.de\/es\/wp-json\/wp\/v2\/product"}],"about":[{"href":"https:\/\/snoeck.de\/es\/wp-json\/wp\/v2\/types\/product"}],"wp:featuredmedia":[{"embeddable":true,"href":"https:\/\/snoeck.de\/es\/wp-json\/wp\/v2\/media\/5011"}],"wp:attachment":[{"href":"https:\/\/snoeck.de\/es\/wp-json\/wp\/v2\/media?parent=3597"}],"wp:term":[{"taxonomy":"product_brand","embeddable":true,"href":"https:\/\/snoeck.de\/es\/wp-json\/wp\/v2\/product_brand?post=3597"},{"taxonomy":"product_cat","embeddable":true,"href":"https:\/\/snoeck.de\/es\/wp-json\/wp\/v2\/product_cat?post=3597"},{"taxonomy":"product_tag","embeddable":true,"href":"https:\/\/snoeck.de\/es\/wp-json\/wp\/v2\/product_tag?post=3597"}],"curies":[{"name":"wp","href":"https:\/\/api.w.org\/{rel}","templated":true}]}}