{"id":3598,"date":"2025-01-31T11:30:44","date_gmt":"2025-01-31T11:30:44","guid":{"rendered":"https:\/\/snoeck.process-vision.de\/shop\/eberhard-havekost-u-say-love\/"},"modified":"2025-04-01T15:59:33","modified_gmt":"2025-04-01T15:59:33","slug":"eberhard-havekost-u-say-love","status":"publish","type":"product","link":"https:\/\/snoeck.de\/es\/shop\/eberhard-havekost-u-say-love\/","title":{"rendered":"Eberhard Havekost: U Say Love (Di amor)"},"content":{"rendered":"<h3>La resoluci\u00f3n del objeto<\/h3>\n<p>A primera vista, la discontinuidad caracteriza la obra de Eberhard Havekost. En su sentido del realismo, algunas de las \u00faltimas pinturas de 2017-2019 son casi perfectas. El canguro del t\u00edtulo fija al espectador; parece deslumbrado por la luz dura, posiblemente de los faros de un coche. Su cuerpo est\u00e1 congelado, su postura anticipa el rigor mortis. Otros cuadros son abstractos, combinando pinceladas din\u00e1micas y gestuales con el raspado del color. En otros cuadros, colores como el naranja vivo, el amarillo lim\u00f3n o el escarlata se mezclan entre s\u00ed, sugiriendo una niebla humeante. Por otra parte, un verde sulfuroso aparece casi uniforme y, por tanto, un poco amarillento, como si se abriera paso en el lienzo de forma \u00e1cida, pegajosa y mordaz. El proceso de pintar se vuelve qu\u00edmico cuando Eberhard Havekost retira capa tras capa de color con aguarr\u00e1s, licu\u00e1ndolo de nuevo para que parezca disolverse. De este modo, los cuadros de Eberhard Havekost van m\u00e1s all\u00e1 de la realidad. Giran en torno a la disoluci\u00f3n del objeto, porque su obra trata de la reconstrucci\u00f3n, de ver algo y reconstruirlo. El cuadro, sin embargo, sigue siendo plano, no es s\u00f3lo imaginaci\u00f3n, sino que sigue siendo un objeto, es blando y, por tanto, puede cargarse de diferentes significados.<\/p>\n<p>Exposici\u00f3n:<br \/>\nCFA Contemporary Fine Arts Berl\u00edn, 26\/4 - 1\/6\/2019<\/p>","protected":false},"excerpt":{"rendered":"<p>Cat\u00e1logo de la exposici\u00f3n, Contemporary Fine Arts CFA Berl\u00edn, editado por Bruno Brunnet y Nicole Hackert<br \/>\nTextos (alem\u00e1n\/ingl\u00e9s) de Kito Nedo, Louisa Elderton<br \/>\n48 p. con 35 ilustraciones en color<br \/>\nFormato 28 x 20 cm, cuadernillo grapado con cinco l\u00e1minas desplegables<\/p>","protected":false},"featured_media":5012,"template":"","meta":[],"product_brand":[],"product_cat":[110,65],"product_tag":[],"class_list":{"0":"post-3598","1":"product","2":"type-product","3":"status-publish","4":"has-post-thumbnail","6":"product_cat-110","7":"product_cat-h","9":"first","10":"instock","11":"taxable","12":"shipping-taxable","13":"purchasable","14":"product-type-simple"},"aioseo_notices":[],"_wp_attached_file":null,"_wp_attachment_metadata":null,"_wc_attachment_source":null,"_elementor_inline_svg":null,"_elementor_is_screenshot":null,"_elementor_source_image_hash":null,"_source_url":null,"_wp_attachment_context":null,"_menu_item_type":null,"_menu_item_menu_item_parent":null,"_menu_item_object_id":null,"_menu_item_object":null,"_menu_item_target":null,"_menu_item_classes":null,"_menu_item_xfn":null,"_menu_item_url":null,"__elementor_forms_snapshot":null,"_unit":"","_unit_base":"","_unit_product":"","_unit_price_auto":"no","_unit_price_regular":"","_unit_price":"","_unit_price_sale":"","_sale_price_label":"","_sale_price_regular_label":"","_manufacturer_slug":"","_mini_desc":"","_defect_description":"","_safety_instructions":"","_allergen_ids":[],"_warranty_attachment_id":"","_safety_attachment_ids":[],"_min_age":"","_ts_gtin":"","_ts_mpn":"","_delivery_time_countries":[],"_free_shipping":"no","_service":"no","_photovoltaic_system":"no","_used_good":"no","_defective_copy":"no","_wireless_electronic_device":"no","_device_contains_power_supply":"no","_device_charging_supports_usb_pd":"no","_device_charging_watt_min":"0","_device_charging_watt_max":"0","_is_food":"no","_differential_taxation":"no","_gzd_version":"3.18.7","_hs_code":"","_customs_description":"","_manufacture_country":"0","_is_non_returnable":"no","_shipping_length":"","_shipping_width":"","_shipping_height":"","_sku":"ISBN 978-3-86442-286-7","_global_unique_id":"978-3-86442-286-7","_regular_price":"24.8","total_sales":"0","_tax_status":"taxable","_tax_class":"","_manage_stock":"no","_backorders":"no","_sold_individually":"no","_weight":"1","_virtual":"no","_downloadable":"no","_download_limit":"-1","_download_expiry":"-1","_stock":"","_stock_status":"instock","_wc_average_rating":"0","_wc_review_count":"0","_product_version":"9.7.1","_price":"24.8","shopengine_product_views_count":"3881","_thumbnail_id":"5012","_product_attributes":{"erscheinungsdatum":{"name":"Erscheinungsdatum","value":"13.05.2019","position":0,"is_visible":1,"is_variation":0,"is_taxonomy":0,"checkout_visible":0}},"_nutrient_ids":[],"_upsell_ids":null,"pswc_subtitle":null,"_default_delivery_time":null,"_wp_desired_post_slug":null,"_isbn":null,"pageType":null,"isExternalUrl":null,"pageId":null,"externalUrl":null,"hideCookieBanner":null,"isTargetBlank":null,"isProviderCurrentWebsite":null,"isEmbeddingOnlyExternalResources":null,"legalBasis":null,"dataProcessingInCountries":null,"dataProcessingInCountriesSpecialTreatments":null,"technicalDefinitions":null,"googleConsentModeConsentTypes":null,"executePriority":null,"executeCodeOptInWhenNoTagManagerConsentIsGiven":null,"executeCodeOptOutWhenNoTagManagerConsentIsGiven":null,"deleteTechnicalDefinitionsAfterOptOut":null,"presetId":null,"presetVersion":null,"provider":null,"providerContactPhone":null,"providerContactEmail":null,"providerContactLink":null,"uniqueName":null,"providerPrivacyPolicyUrl":null,"providerLegalNoticeUrl":null,"codeOptIn":null,"codeOptOut":null,"codeOnPageLoad":null,"language_code":null,"shopengine_template__post_meta__type":null,"shopengine_template__post_meta":null,"shopengine_template__post_meta__edit_with":null,"origin":null,"_enabled":null,"_filters":null,"_layout":null,"_elementor_import_session_id":null,"_wp_trash_meta_status":null,"_wp_trash_meta_time":null,"_edit_lock":"1743523039:2","_elementor_floating_elements_type":null,"_elementor_edit_mode":null,"_elementor_template_type":null,"tc-thumb-fld":{"_thumb_id":5012,"_thumb_type":"thumb"},"_wp_page_template":"default","_elementor_version":null,"_elementor_pro_version":null,"_elementor_page_settings":null,"_elementor_data":null,"_elementor_conditions":null,"_elementor_popup_display_settings":null,"_edit_last":"2","_elementor_template_sub_type":null,"_elementor_controls_usage":null,"_elementor_screenshot":null,"_elementor_css":null,"_elementor_page_assets":[],"_elementor_element_cache":null,"_elementor_screenshot_failed":null,"_elementor_source":null,"_wp_old_date":null,"layout_key":"","post_slider_check_key":"0","_links":{"self":[{"href":"https:\/\/snoeck.de\/es\/wp-json\/wp\/v2\/product\/3598","targetHints":{"allow":["GET"]}}],"collection":[{"href":"https:\/\/snoeck.de\/es\/wp-json\/wp\/v2\/product"}],"about":[{"href":"https:\/\/snoeck.de\/es\/wp-json\/wp\/v2\/types\/product"}],"wp:featuredmedia":[{"embeddable":true,"href":"https:\/\/snoeck.de\/es\/wp-json\/wp\/v2\/media\/5012"}],"wp:attachment":[{"href":"https:\/\/snoeck.de\/es\/wp-json\/wp\/v2\/media?parent=3598"}],"wp:term":[{"taxonomy":"product_brand","embeddable":true,"href":"https:\/\/snoeck.de\/es\/wp-json\/wp\/v2\/product_brand?post=3598"},{"taxonomy":"product_cat","embeddable":true,"href":"https:\/\/snoeck.de\/es\/wp-json\/wp\/v2\/product_cat?post=3598"},{"taxonomy":"product_tag","embeddable":true,"href":"https:\/\/snoeck.de\/es\/wp-json\/wp\/v2\/product_tag?post=3598"}],"curies":[{"name":"wp","href":"https:\/\/api.w.org\/{rel}","templated":true}]}}