{"id":3599,"date":"2025-01-31T11:30:44","date_gmt":"2025-01-31T11:30:44","guid":{"rendered":"https:\/\/snoeck.process-vision.de\/shop\/mary-heilmann-blinky-palermo-mary-blinky-yay\/"},"modified":"2025-04-01T15:57:27","modified_gmt":"2025-04-01T15:57:27","slug":"mary-heilmann-blinky-palermo-mary-blinky-yay","status":"publish","type":"product","link":"https:\/\/snoeck.de\/es\/shop\/mary-heilmann-blinky-palermo-mary-blinky-yay\/","title":{"rendered":"Mary Heilmann \/ Blinky Palermo: \u00a1Mary Blinky Yay!"},"content":{"rendered":"<h3>Un homenaje a Blinky Palermo<\/h3>\n<p>Mary Heilmann naci\u00f3 en San Francisco en 1940 y comenz\u00f3 su carrera como ceramista. Sin embargo, cuando se traslad\u00f3 a Nueva York en 1968, cambi\u00f3 de profesi\u00f3n y comenz\u00f3 a pintar, desarrollando un lenguaje visual abstracto que no puede definirse claramente desde el punto de vista estil\u00edstico. A veces dominaba la abstracci\u00f3n org\u00e1nica, luego la geom\u00e9trica. Este estilo h\u00edbrido de pintura tambi\u00e9n refleja la experiencia vital de Mary Heilmann, que se expresa de forma codificada en sus cuadros. Por ejemplo, las ondas de color verde y azul evocan el largo verano en la playa del Pac\u00edfico, mientras que las bandas de color verde y amarillo tambi\u00e9n aparecen como focos que arrojan luz en la oscuridad de los largos trayectos nocturnos en coche, dos claves t\u00edpicas de la cultura hippie y de deserci\u00f3n escolar de los primeros a\u00f1os de Am\u00e9rica, que no rehu\u00eda el consumo excesivo de drogas. Mary Heilmann combina as\u00ed el plano narrativo con el puramente pict\u00f3rico y evita la unidimensionalidad de una declaraci\u00f3n claramente identificable. Cultiva la ambig\u00fcedad y el di\u00e1logo, lo que le permite dialogar con otros artistas. En el caso de este cat\u00e1logo, la artista integra obras del fallecido Blinky Palermo (1943-1977), cuyas obras apreciaba enormemente. En su obra se observa una sensibilidad y una soberan\u00eda no dogm\u00e1tica similares a las de Heilmann, por lo que el libro est\u00e1 concebido como una especie de homenaje a Blinky Palermo, que este a\u00f1o habr\u00eda cumplido setenta a\u00f1os.<\/p>\n<p>Exposici\u00f3n:<br \/>\nKunstmuseum Bonn, 11\/7-29\/9\/2013<\/p>","protected":false},"excerpt":{"rendered":"<p>Cat\u00e1logo de la exposici\u00f3n, Kunstmuseum Bonn, editado por Stefan Gronert, Christoph Schreier<br \/>\nTextos (alem\u00e1n\/ingl\u00e9s) de Stephan Berg, Stefan Gronert, Georg Imdahl, Christoph Schreier, Bernhart Schwenk, Stepen Westfall<br \/>\n128 p. con 75 ilustraciones en color<br \/>\nFormato 26 x 20 cm, encuadernaci\u00f3n en tela gofrada<\/p>","protected":false},"featured_media":5013,"template":"","meta":[],"product_brand":[],"product_cat":[101,65,73,90],"product_tag":[],"class_list":{"0":"post-3599","1":"product","2":"type-product","3":"status-publish","4":"has-post-thumbnail","6":"product_cat-101","7":"product_cat-h","8":"product_cat-p","9":"product_cat-rare-books","11":"first","12":"instock","13":"taxable","14":"shipping-taxable","15":"purchasable","16":"product-type-simple"},"aioseo_notices":[],"_wp_attached_file":null,"_wp_attachment_metadata":null,"_wc_attachment_source":null,"_elementor_inline_svg":null,"_elementor_is_screenshot":null,"_elementor_source_image_hash":null,"_source_url":null,"_wp_attachment_context":null,"_menu_item_type":null,"_menu_item_menu_item_parent":null,"_menu_item_object_id":null,"_menu_item_object":null,"_menu_item_target":null,"_menu_item_classes":null,"_menu_item_xfn":null,"_menu_item_url":null,"__elementor_forms_snapshot":null,"_unit":"","_unit_base":"","_unit_product":"","_unit_price_auto":"no","_unit_price_regular":"","_unit_price":"","_unit_price_sale":"","_sale_price_label":"","_sale_price_regular_label":"","_manufacturer_slug":"","_mini_desc":"","_defect_description":"","_safety_instructions":"","_allergen_ids":[],"_warranty_attachment_id":"","_safety_attachment_ids":[],"_min_age":"","_ts_gtin":"","_ts_mpn":"","_delivery_time_countries":[],"_free_shipping":"no","_service":"no","_photovoltaic_system":"no","_used_good":"no","_defective_copy":"no","_wireless_electronic_device":"no","_device_contains_power_supply":"no","_device_charging_supports_usb_pd":"no","_device_charging_watt_min":"0","_device_charging_watt_max":"0","_is_food":"no","_differential_taxation":"no","_gzd_version":"3.18.7","_hs_code":"","_customs_description":"","_manufacture_country":"0","_is_non_returnable":"no","_shipping_length":"","_shipping_width":"","_shipping_height":"","_sku":"ISBN 978-3-86442-055-9","_global_unique_id":"978-3-86442-055-9","_regular_price":"58","total_sales":"0","_tax_status":"taxable","_tax_class":"","_manage_stock":"no","_backorders":"no","_sold_individually":"no","_weight":"1","_virtual":"no","_downloadable":"no","_download_limit":"-1","_download_expiry":"-1","_stock":"","_stock_status":"instock","_wc_average_rating":"0","_wc_review_count":"0","_product_version":"9.7.1","_price":"58","shopengine_product_views_count":"2915","_thumbnail_id":"5013","_product_attributes":{"erscheinungsdatum":{"name":"Erscheinungsdatum","value":"10.07.2013","position":0,"is_visible":1,"is_variation":0,"is_taxonomy":0,"checkout_visible":0}},"_nutrient_ids":[],"_upsell_ids":null,"pswc_subtitle":null,"_default_delivery_time":"","_wp_desired_post_slug":null,"_isbn":null,"pageType":null,"isExternalUrl":null,"pageId":null,"externalUrl":null,"hideCookieBanner":null,"isTargetBlank":null,"isProviderCurrentWebsite":null,"isEmbeddingOnlyExternalResources":null,"legalBasis":null,"dataProcessingInCountries":null,"dataProcessingInCountriesSpecialTreatments":null,"technicalDefinitions":null,"googleConsentModeConsentTypes":null,"executePriority":null,"executeCodeOptInWhenNoTagManagerConsentIsGiven":null,"executeCodeOptOutWhenNoTagManagerConsentIsGiven":null,"deleteTechnicalDefinitionsAfterOptOut":null,"presetId":null,"presetVersion":null,"provider":null,"providerContactPhone":null,"providerContactEmail":null,"providerContactLink":null,"uniqueName":null,"providerPrivacyPolicyUrl":null,"providerLegalNoticeUrl":null,"codeOptIn":null,"codeOptOut":null,"codeOnPageLoad":null,"language_code":null,"shopengine_template__post_meta__type":null,"shopengine_template__post_meta":null,"shopengine_template__post_meta__edit_with":null,"origin":null,"_enabled":null,"_filters":null,"_layout":null,"_elementor_import_session_id":null,"_wp_trash_meta_status":null,"_wp_trash_meta_time":null,"_edit_lock":"1743522908:2","_elementor_floating_elements_type":null,"_elementor_edit_mode":null,"_elementor_template_type":null,"tc-thumb-fld":{"_thumb_id":5013,"_thumb_type":"thumb"},"_wp_page_template":"default","_elementor_version":null,"_elementor_pro_version":null,"_elementor_page_settings":null,"_elementor_data":null,"_elementor_conditions":null,"_elementor_popup_display_settings":null,"_edit_last":"2","_elementor_template_sub_type":null,"_elementor_controls_usage":null,"_elementor_screenshot":null,"_elementor_css":null,"_elementor_page_assets":[],"_elementor_element_cache":null,"_elementor_screenshot_failed":null,"_elementor_source":null,"_wp_old_date":null,"layout_key":"","post_slider_check_key":"0","_links":{"self":[{"href":"https:\/\/snoeck.de\/es\/wp-json\/wp\/v2\/product\/3599","targetHints":{"allow":["GET"]}}],"collection":[{"href":"https:\/\/snoeck.de\/es\/wp-json\/wp\/v2\/product"}],"about":[{"href":"https:\/\/snoeck.de\/es\/wp-json\/wp\/v2\/types\/product"}],"wp:featuredmedia":[{"embeddable":true,"href":"https:\/\/snoeck.de\/es\/wp-json\/wp\/v2\/media\/5013"}],"wp:attachment":[{"href":"https:\/\/snoeck.de\/es\/wp-json\/wp\/v2\/media?parent=3599"}],"wp:term":[{"taxonomy":"product_brand","embeddable":true,"href":"https:\/\/snoeck.de\/es\/wp-json\/wp\/v2\/product_brand?post=3599"},{"taxonomy":"product_cat","embeddable":true,"href":"https:\/\/snoeck.de\/es\/wp-json\/wp\/v2\/product_cat?post=3599"},{"taxonomy":"product_tag","embeddable":true,"href":"https:\/\/snoeck.de\/es\/wp-json\/wp\/v2\/product_tag?post=3599"}],"curies":[{"name":"wp","href":"https:\/\/api.w.org\/{rel}","templated":true}]}}