{"id":3600,"date":"2025-01-31T11:30:45","date_gmt":"2025-01-31T11:30:45","guid":{"rendered":"https:\/\/snoeck.process-vision.de\/shop\/mary-heilmann-seeing-things-visions-waves-and-roads\/"},"modified":"2025-04-01T15:55:26","modified_gmt":"2025-04-01T15:55:26","slug":"mary-heilmann-seeing-things-visions-waves-and-roads","status":"publish","type":"product","link":"https:\/\/snoeck.de\/es\/shop\/mary-heilmann-seeing-things-visions-waves-and-roads\/","title":{"rendered":"Mary Heilmann: Ver cosas, visiones, olas y caminos"},"content":{"rendered":"<h3>Visiones<\/h3>\n<p>Tras estudiar inicialmente literatura y cer\u00e1mica, la artista, que creci\u00f3 en la Costa Oeste, se pas\u00f3 a Nueva York a finales de los a\u00f1os sesenta, pero tambi\u00e9n a la pintura. Desde entonces, un repertorio de formas completamente independiente se ha convertido en su marca de f\u00e1brica. Sus abstracciones altamente individuales ya no son comparables con el cl\u00e1sico repertorio de colores y formas de las conocidas abstracciones hacia las que se han orientado muchos otros artistas. Mary Heilmann combina colores y formas a su antojo: a veces rojo o rosa, un cubo, una ola o una estructura cuadriculada. Varios int\u00e9rpretes han reconocido influencias del arte pop o del jazz, otros han descubierto una sutil cualidad infantil o rudimentos de Art Informel. La propia Mary Heilmann ha reunido ahora ideas e influencias en un volumen que merece la pena leer, en el que ella misma proporciona informaci\u00f3n, describe sus fuentes y publica fotos. El 6\u00ba volumen de los Libros de Artista Kienbaum retoma as\u00ed la obra de una artista que ahora tambi\u00e9n goza de gran estima por parte de las instituciones y cuya exposici\u00f3n m\u00e1s reciente en el Museo Ludwig de Colonia en 2010 atrajo una gran atenci\u00f3n.<\/p>","protected":false},"excerpt":{"rendered":"<p>Kienbaum Artist's Books 2012, editado por Jochen Kienbaum<br \/>\nCon un texto (alem\u00e1n\/ingl\u00e9s) del artista<br \/>\n40 p. con 25 ilustraciones en color<br \/>\nFormato 28 x 21,6 cm, folleto<\/p>","protected":false},"featured_media":5014,"template":"","meta":[],"product_brand":[],"product_cat":[103,65,68],"product_tag":[],"class_list":{"0":"post-3600","1":"product","2":"type-product","3":"status-publish","4":"has-post-thumbnail","6":"product_cat-103","7":"product_cat-h","8":"product_cat-k","10":"first","11":"instock","12":"taxable","13":"shipping-taxable","14":"purchasable","15":"product-type-simple"},"aioseo_notices":[],"_wp_attached_file":null,"_wp_attachment_metadata":null,"_wc_attachment_source":null,"_elementor_inline_svg":null,"_elementor_is_screenshot":null,"_elementor_source_image_hash":null,"_source_url":null,"_wp_attachment_context":null,"_menu_item_type":null,"_menu_item_menu_item_parent":null,"_menu_item_object_id":null,"_menu_item_object":null,"_menu_item_target":null,"_menu_item_classes":null,"_menu_item_xfn":null,"_menu_item_url":null,"__elementor_forms_snapshot":null,"_unit":"","_unit_base":"","_unit_product":"","_unit_price_auto":"no","_unit_price_regular":"","_unit_price":"","_unit_price_sale":"","_sale_price_label":"","_sale_price_regular_label":"","_manufacturer_slug":"","_mini_desc":"","_defect_description":"","_safety_instructions":"","_allergen_ids":[],"_warranty_attachment_id":"","_safety_attachment_ids":[],"_min_age":"","_ts_gtin":"","_ts_mpn":"","_delivery_time_countries":[],"_free_shipping":"no","_service":"no","_photovoltaic_system":"no","_used_good":"no","_defective_copy":"no","_wireless_electronic_device":"no","_device_contains_power_supply":"no","_device_charging_supports_usb_pd":"no","_device_charging_watt_min":"0","_device_charging_watt_max":"0","_is_food":"no","_differential_taxation":"no","_gzd_version":"3.18.7","_hs_code":"","_customs_description":"","_manufacture_country":"0","_is_non_returnable":"no","_shipping_length":"","_shipping_width":"","_shipping_height":"","_sku":"ISBN 978-3-86442-003-0","_global_unique_id":"978-3-86442-003-0","_regular_price":"19.8","total_sales":"0","_tax_status":"taxable","_tax_class":"","_manage_stock":"no","_backorders":"no","_sold_individually":"no","_weight":"1","_virtual":"no","_downloadable":"no","_download_limit":"-1","_download_expiry":"-1","_stock":"","_stock_status":"instock","_wc_average_rating":"0","_wc_review_count":"0","_product_version":"9.7.1","_price":"19.8","shopengine_product_views_count":"2879","_thumbnail_id":"5014","_product_attributes":{"erscheinungsdatum":{"name":"Erscheinungsdatum","value":"01.01.2012","position":0,"is_visible":1,"is_variation":0,"is_taxonomy":0,"checkout_visible":0}},"_nutrient_ids":[],"_upsell_ids":null,"pswc_subtitle":null,"_default_delivery_time":null,"_wp_desired_post_slug":null,"_isbn":null,"pageType":null,"isExternalUrl":null,"pageId":null,"externalUrl":null,"hideCookieBanner":null,"isTargetBlank":null,"isProviderCurrentWebsite":null,"isEmbeddingOnlyExternalResources":null,"legalBasis":null,"dataProcessingInCountries":null,"dataProcessingInCountriesSpecialTreatments":null,"technicalDefinitions":null,"googleConsentModeConsentTypes":null,"executePriority":null,"executeCodeOptInWhenNoTagManagerConsentIsGiven":null,"executeCodeOptOutWhenNoTagManagerConsentIsGiven":null,"deleteTechnicalDefinitionsAfterOptOut":null,"presetId":null,"presetVersion":null,"provider":null,"providerContactPhone":null,"providerContactEmail":null,"providerContactLink":null,"uniqueName":null,"providerPrivacyPolicyUrl":null,"providerLegalNoticeUrl":null,"codeOptIn":null,"codeOptOut":null,"codeOnPageLoad":null,"language_code":null,"shopengine_template__post_meta__type":null,"shopengine_template__post_meta":null,"shopengine_template__post_meta__edit_with":null,"origin":null,"_enabled":null,"_filters":null,"_layout":null,"_elementor_import_session_id":null,"_wp_trash_meta_status":null,"_wp_trash_meta_time":null,"_edit_lock":"1743522789:2","_elementor_floating_elements_type":null,"_elementor_edit_mode":null,"_elementor_template_type":null,"tc-thumb-fld":{"_thumb_id":5014,"_thumb_type":"thumb"},"_wp_page_template":"default","_elementor_version":null,"_elementor_pro_version":null,"_elementor_page_settings":null,"_elementor_data":null,"_elementor_conditions":null,"_elementor_popup_display_settings":null,"_edit_last":"2","_elementor_template_sub_type":null,"_elementor_controls_usage":null,"_elementor_screenshot":null,"_elementor_css":null,"_elementor_page_assets":[],"_elementor_element_cache":null,"_elementor_screenshot_failed":null,"_elementor_source":null,"_wp_old_date":null,"layout_key":"","post_slider_check_key":"0","_links":{"self":[{"href":"https:\/\/snoeck.de\/es\/wp-json\/wp\/v2\/product\/3600","targetHints":{"allow":["GET"]}}],"collection":[{"href":"https:\/\/snoeck.de\/es\/wp-json\/wp\/v2\/product"}],"about":[{"href":"https:\/\/snoeck.de\/es\/wp-json\/wp\/v2\/types\/product"}],"wp:featuredmedia":[{"embeddable":true,"href":"https:\/\/snoeck.de\/es\/wp-json\/wp\/v2\/media\/5014"}],"wp:attachment":[{"href":"https:\/\/snoeck.de\/es\/wp-json\/wp\/v2\/media?parent=3600"}],"wp:term":[{"taxonomy":"product_brand","embeddable":true,"href":"https:\/\/snoeck.de\/es\/wp-json\/wp\/v2\/product_brand?post=3600"},{"taxonomy":"product_cat","embeddable":true,"href":"https:\/\/snoeck.de\/es\/wp-json\/wp\/v2\/product_cat?post=3600"},{"taxonomy":"product_tag","embeddable":true,"href":"https:\/\/snoeck.de\/es\/wp-json\/wp\/v2\/product_tag?post=3600"}],"curies":[{"name":"wp","href":"https:\/\/api.w.org\/{rel}","templated":true}]}}