{"id":3604,"date":"2025-01-31T11:30:47","date_gmt":"2025-01-31T11:30:47","guid":{"rendered":"https:\/\/snoeck.process-vision.de\/shop\/georg-herold-da-wo-die\/"},"modified":"2025-04-01T15:41:58","modified_gmt":"2025-04-01T15:41:58","slug":"georg-herold-da-wo-die","status":"publish","type":"product","link":"https:\/\/snoeck.de\/es\/shop\/georg-herold-da-wo-die\/","title":{"rendered":"Georg Herold: donde el ..."},"content":{"rendered":"<h3>Independencia escult\u00f3rica<\/h3>\n<p>Cuando acompa\u00f1as la obra de un artista durante tantos a\u00f1os, \u00e9sta se vuelve especialmente cercana a tu coraz\u00f3n; de hecho, te alegras del \u00e9xito. Y Georg Herold ha vivido realmente muchos momentos de \u00e9xito y glamour, honores y presentaciones. Ahora, tras celebrar su 70 cumplea\u00f1os en julio de 2017, puede echar la vista atr\u00e1s a una carrera impresionante y organizar con calma una retrospectiva en el Kunstmuseum de Bonn. Hoy en d\u00eda, se le considera una de las figuras definitorias de los \u00faltimos 30 a\u00f1os en el arte internacional, en parte porque su obra se caracteriza por un exuberante amor a la experimentaci\u00f3n. El hecho de que utilice materiales sencillos, como a menudo se ha discutido en t\u00e9rminos de recepci\u00f3n, de que su obra est\u00e9 llena de momentos ir\u00f3nicos, de que su trabajo cuestione constantemente las formas tradicionales de representaci\u00f3n visual y, en particular, la escultura como tal, es todo cierto, pero no debe ocultar la visi\u00f3n de una evoluci\u00f3n \u00fanica de su obra, cuyo salto esencial desde los conceptos del postmodernismo condujo a una obra art\u00edstica moderna liberada de toda convenci\u00f3n y, asociada a ello, \u00a1a una independencia escult\u00f3rica absoluta!<\/p>\n<p>Exposici\u00f3n:<br \/>\nKunstmuseum Bonn, 21\/9\/2017 - 7\/1\/2018<\/p>","protected":false},"excerpt":{"rendered":"<p>Cat\u00e1logo de la exposici\u00f3n, Kunstmuseum Bonn, editado por Stephan Berg, Volker Adolphs<br \/>\nTextos (alem\u00e1n\/ingl\u00e9s) de Volker Adolphs, Stephan Berg, Georg Herold, Glenn O'Brien, Jochen Stremmel, Kerstin Stremmel<br \/>\n176 p. con 166 ilustraciones en color<br \/>\nFormato 30 x 24 cm, tapa dura, gofrado<\/p>","protected":false},"featured_media":5017,"template":"","meta":[],"product_brand":[],"product_cat":[112,65],"product_tag":[],"class_list":{"0":"post-3604","1":"product","2":"type-product","3":"status-publish","4":"has-post-thumbnail","6":"product_cat-112","7":"product_cat-h","9":"first","10":"instock","11":"taxable","12":"shipping-taxable","13":"purchasable","14":"product-type-simple"},"aioseo_notices":[],"_wp_attached_file":null,"_wp_attachment_metadata":null,"_wc_attachment_source":null,"_elementor_inline_svg":null,"_elementor_is_screenshot":null,"_elementor_source_image_hash":null,"_source_url":null,"_wp_attachment_context":null,"_menu_item_type":null,"_menu_item_menu_item_parent":null,"_menu_item_object_id":null,"_menu_item_object":null,"_menu_item_target":null,"_menu_item_classes":null,"_menu_item_xfn":null,"_menu_item_url":null,"__elementor_forms_snapshot":null,"_unit":"","_unit_base":"","_unit_product":"","_unit_price_auto":"no","_unit_price_regular":"","_unit_price":"","_unit_price_sale":"","_sale_price_label":"","_sale_price_regular_label":"","_manufacturer_slug":"","_mini_desc":"","_defect_description":"","_safety_instructions":"","_allergen_ids":[],"_warranty_attachment_id":"","_safety_attachment_ids":[],"_min_age":"","_ts_gtin":"","_ts_mpn":"","_delivery_time_countries":[],"_free_shipping":"no","_service":"no","_photovoltaic_system":"no","_used_good":"no","_defective_copy":"no","_wireless_electronic_device":"no","_device_contains_power_supply":"no","_device_charging_supports_usb_pd":"no","_device_charging_watt_min":"0","_device_charging_watt_max":"0","_is_food":"no","_differential_taxation":"no","_gzd_version":"3.18.7","_hs_code":"","_customs_description":"","_manufacture_country":"0","_is_non_returnable":"no","_shipping_length":"","_shipping_width":"","_shipping_height":"","_sku":"ISBN 978-3-86442-224-9","_global_unique_id":"978-3-86442-224-9","_regular_price":"48","total_sales":"0","_tax_status":"taxable","_tax_class":"","_manage_stock":"no","_backorders":"no","_sold_individually":"no","_weight":"2","_virtual":"no","_downloadable":"no","_download_limit":"-1","_download_expiry":"-1","_stock":"","_stock_status":"instock","_wc_average_rating":"0","_wc_review_count":"0","_product_version":"9.7.1","_price":"48","shopengine_product_views_count":"2682","_thumbnail_id":"5017","_product_attributes":{"erscheinungsdatum":{"name":"Fecha de publicaci\u00f3n","value":"19.09.2017","position":0,"is_visible":1,"is_variation":0,"is_taxonomy":0,"checkout_visible":0}},"_nutrient_ids":[],"_upsell_ids":null,"pswc_subtitle":null,"_default_delivery_time":null,"_wp_desired_post_slug":null,"_isbn":null,"pageType":null,"isExternalUrl":null,"pageId":null,"externalUrl":null,"hideCookieBanner":null,"isTargetBlank":null,"isProviderCurrentWebsite":null,"isEmbeddingOnlyExternalResources":null,"legalBasis":null,"dataProcessingInCountries":null,"dataProcessingInCountriesSpecialTreatments":null,"technicalDefinitions":null,"googleConsentModeConsentTypes":null,"executePriority":null,"executeCodeOptInWhenNoTagManagerConsentIsGiven":null,"executeCodeOptOutWhenNoTagManagerConsentIsGiven":null,"deleteTechnicalDefinitionsAfterOptOut":null,"presetId":null,"presetVersion":null,"provider":null,"providerContactPhone":null,"providerContactEmail":null,"providerContactLink":null,"uniqueName":null,"providerPrivacyPolicyUrl":null,"providerLegalNoticeUrl":null,"codeOptIn":null,"codeOptOut":null,"codeOnPageLoad":null,"language_code":null,"shopengine_template__post_meta__type":null,"shopengine_template__post_meta":null,"shopengine_template__post_meta__edit_with":null,"origin":null,"_enabled":null,"_filters":null,"_layout":null,"_elementor_import_session_id":null,"_wp_trash_meta_status":null,"_wp_trash_meta_time":null,"_edit_lock":"1743521979:2","_elementor_floating_elements_type":null,"_elementor_edit_mode":null,"_elementor_template_type":null,"tc-thumb-fld":{"_thumb_id":5017,"_thumb_type":"thumb"},"_wp_page_template":"default","_elementor_version":null,"_elementor_pro_version":null,"_elementor_page_settings":null,"_elementor_data":null,"_elementor_conditions":null,"_elementor_popup_display_settings":null,"_edit_last":"2","_elementor_template_sub_type":null,"_elementor_controls_usage":null,"_elementor_screenshot":null,"_elementor_css":null,"_elementor_page_assets":[],"_elementor_element_cache":null,"_elementor_screenshot_failed":null,"_elementor_source":null,"_wp_old_date":null,"layout_key":"","post_slider_check_key":"0","_links":{"self":[{"href":"https:\/\/snoeck.de\/es\/wp-json\/wp\/v2\/product\/3604","targetHints":{"allow":["GET"]}}],"collection":[{"href":"https:\/\/snoeck.de\/es\/wp-json\/wp\/v2\/product"}],"about":[{"href":"https:\/\/snoeck.de\/es\/wp-json\/wp\/v2\/types\/product"}],"wp:featuredmedia":[{"embeddable":true,"href":"https:\/\/snoeck.de\/es\/wp-json\/wp\/v2\/media\/5017"}],"wp:attachment":[{"href":"https:\/\/snoeck.de\/es\/wp-json\/wp\/v2\/media?parent=3604"}],"wp:term":[{"taxonomy":"product_brand","embeddable":true,"href":"https:\/\/snoeck.de\/es\/wp-json\/wp\/v2\/product_brand?post=3604"},{"taxonomy":"product_cat","embeddable":true,"href":"https:\/\/snoeck.de\/es\/wp-json\/wp\/v2\/product_cat?post=3604"},{"taxonomy":"product_tag","embeddable":true,"href":"https:\/\/snoeck.de\/es\/wp-json\/wp\/v2\/product_tag?post=3604"}],"curies":[{"name":"wp","href":"https:\/\/api.w.org\/{rel}","templated":true}]}}