{"id":3605,"date":"2025-01-31T11:30:48","date_gmt":"2025-01-31T11:30:48","guid":{"rendered":"https:\/\/snoeck.process-vision.de\/shop\/georg-herold-multiple-choice\/"},"modified":"2025-04-01T15:37:07","modified_gmt":"2025-04-01T15:37:07","slug":"georg-herold-multiple-choice","status":"publish","type":"product","link":"https:\/\/snoeck.de\/es\/shop\/georg-herold-multiple-choice\/","title":{"rendered":"Georg Herold: Elecci\u00f3n m\u00faltiple"},"content":{"rendered":"<h3>La exposici\u00f3n del a\u00f1o (El Mundo, mayo de 2012)<\/h3>\n<p>Desde las grandes exposiciones retrospectivas de 2005, se han producido enormes cambios en la obra de Georg Herold (*1947). Su no pocas veces incomprendido uso de la madera o los listones de tejado ha sido modificado por el artista hasta tal punto que ha vuelto a quedar claro que nunca le ha preocupado principalmente el uso de los llamados materiales \"pauver\", es decir, demostrar que se puede crear arte a partir de materiales \"sencillos\". De hecho, las diversas obras sobre lienzo con ladrillos o caviar han refutado esta interpretaci\u00f3n. Sin embargo, Georg Herold siempre ha puesto trampas al espectador con t\u00edtulos ir\u00f3nicos porque, en su opini\u00f3n, nada \"puede transmitirse por v\u00eda narrativa si no quiere ser completamente aburrido\". As\u00ed, en los \u00faltimos a\u00f1os, ha tomado un camino radicalmente distinto, sin llegar a ser narrativo. Simples listones de tejado, con su potencial para ser soporte, marco o marcador de posici\u00f3n para algo, se convierten ahora en componentes de una escultura cargada de energ\u00eda: las nuevas obras figurativas, que est\u00e1n formadas enteramente por listones. Independientemente de si se utiliza una \"piel exterior\" tensada, es decir, una c\u00e1scara fabricada especialmente, o de si la mirada se posa inquebrantablemente en la propia construcci\u00f3n, el list\u00f3n se utiliza aqu\u00ed con pleno derecho como medio art\u00edstico. El artista tambi\u00e9n reconoce que se trata de otro gran paso adelante: \"La belleza nunca fue el objetivo, pero intentas desarrollar y aplicar una tecnolog\u00eda especial y de repente te das cuenta de que se pueden crear cosas bellas en el proceso\". El matrimonio Brandhorst colecciona m\u00faltiples desde los a\u00f1os ochenta. En el Museo Brandhorst de M\u00fanich se ha montado una gran exposici\u00f3n especial en la que, adem\u00e1s de los m\u00faltiples de la colecci\u00f3n, se muestran pr\u00e9stamos de cuadros de caviar, as\u00ed como nuevas obras figurativas y de instalaci\u00f3n, todas ellas ilustradas en el amplio cat\u00e1logo.<\/p>\n<p>Exposici\u00f3n:<br \/>\nColecciones estatales de pintura de Baviera, Museo Brandhorst, M\u00fanich, 19\/4-2\/9\/2012<\/p>","protected":false},"excerpt":{"rendered":"<p>Cat\u00e1logo de la exposici\u00f3n, Museo Brandhorst de M\u00fanich, editado por Armin Zweite<br \/>\nTextos (alem\u00e1n) de Rudi Fuchs, Friedrich Wolfram Heubach, Anna R\u00fchl, Nina Schleif, Armin Zweite<br \/>\n200 p. con 200 ilustraciones col. ilustraciones<br \/>\nFormato 28,5 x 22 cm, tapa dura<\/p>","protected":false},"featured_media":5018,"template":"","meta":[],"product_brand":[],"product_cat":[103,65],"product_tag":[],"class_list":{"0":"post-3605","1":"product","2":"type-product","3":"status-publish","4":"has-post-thumbnail","6":"product_cat-103","7":"product_cat-h","9":"first","10":"instock","11":"taxable","12":"shipping-taxable","13":"purchasable","14":"product-type-simple"},"aioseo_notices":[],"_wp_attached_file":null,"_wp_attachment_metadata":null,"_wc_attachment_source":null,"_elementor_inline_svg":null,"_elementor_is_screenshot":null,"_elementor_source_image_hash":null,"_source_url":null,"_wp_attachment_context":null,"_menu_item_type":null,"_menu_item_menu_item_parent":null,"_menu_item_object_id":null,"_menu_item_object":null,"_menu_item_target":null,"_menu_item_classes":null,"_menu_item_xfn":null,"_menu_item_url":null,"__elementor_forms_snapshot":null,"_unit":"","_unit_base":"","_unit_product":"","_unit_price_auto":"no","_unit_price_regular":"","_unit_price":"","_unit_price_sale":"","_sale_price_label":"","_sale_price_regular_label":"","_manufacturer_slug":"","_mini_desc":"","_defect_description":"","_safety_instructions":"","_allergen_ids":[],"_warranty_attachment_id":"","_safety_attachment_ids":[],"_min_age":"","_ts_gtin":"","_ts_mpn":"","_delivery_time_countries":[],"_free_shipping":"no","_service":"no","_photovoltaic_system":"no","_used_good":"no","_defective_copy":"no","_wireless_electronic_device":"no","_device_contains_power_supply":"no","_device_charging_supports_usb_pd":"no","_device_charging_watt_min":"0","_device_charging_watt_max":"0","_is_food":"no","_differential_taxation":"no","_gzd_version":"3.18.7","_hs_code":"","_customs_description":"","_manufacture_country":"0","_is_non_returnable":"no","_shipping_length":"","_shipping_width":"","_shipping_height":"","_sku":"ISBN 978-3-86442-007-8","_global_unique_id":"978-3-86442-007-8","_regular_price":"39.8","total_sales":"0","_tax_status":"taxable","_tax_class":"","_manage_stock":"no","_backorders":"no","_sold_individually":"no","_weight":"1","_virtual":"no","_downloadable":"no","_download_limit":"-1","_download_expiry":"-1","_stock":"","_stock_status":"instock","_wc_average_rating":"0","_wc_review_count":"0","_product_version":"9.7.1","_price":"39.8","shopengine_product_views_count":"3433","_thumbnail_id":"5018","_product_attributes":{"erscheinungsdatum":{"name":"Erscheinungsdatum","value":"19.04.2012","position":0,"is_visible":1,"is_variation":0,"is_taxonomy":0,"checkout_visible":0}},"_nutrient_ids":[],"_upsell_ids":null,"pswc_subtitle":null,"_default_delivery_time":null,"_wp_desired_post_slug":null,"_isbn":null,"pageType":null,"isExternalUrl":null,"pageId":null,"externalUrl":null,"hideCookieBanner":null,"isTargetBlank":null,"isProviderCurrentWebsite":null,"isEmbeddingOnlyExternalResources":null,"legalBasis":null,"dataProcessingInCountries":null,"dataProcessingInCountriesSpecialTreatments":null,"technicalDefinitions":null,"googleConsentModeConsentTypes":null,"executePriority":null,"executeCodeOptInWhenNoTagManagerConsentIsGiven":null,"executeCodeOptOutWhenNoTagManagerConsentIsGiven":null,"deleteTechnicalDefinitionsAfterOptOut":null,"presetId":null,"presetVersion":null,"provider":null,"providerContactPhone":null,"providerContactEmail":null,"providerContactLink":null,"uniqueName":null,"providerPrivacyPolicyUrl":null,"providerLegalNoticeUrl":null,"codeOptIn":null,"codeOptOut":null,"codeOnPageLoad":null,"language_code":null,"shopengine_template__post_meta__type":null,"shopengine_template__post_meta":null,"shopengine_template__post_meta__edit_with":null,"origin":null,"_enabled":null,"_filters":null,"_layout":null,"_elementor_import_session_id":null,"_wp_trash_meta_status":null,"_wp_trash_meta_time":null,"_edit_lock":"1743521687:2","_elementor_floating_elements_type":null,"_elementor_edit_mode":null,"_elementor_template_type":null,"tc-thumb-fld":{"_thumb_id":5018,"_thumb_type":"thumb"},"_wp_page_template":"default","_elementor_version":null,"_elementor_pro_version":null,"_elementor_page_settings":null,"_elementor_data":null,"_elementor_conditions":null,"_elementor_popup_display_settings":null,"_edit_last":"2","_elementor_template_sub_type":null,"_elementor_controls_usage":null,"_elementor_screenshot":null,"_elementor_css":null,"_elementor_page_assets":[],"_elementor_element_cache":null,"_elementor_screenshot_failed":null,"_elementor_source":null,"_wp_old_date":null,"layout_key":"","post_slider_check_key":"0","_links":{"self":[{"href":"https:\/\/snoeck.de\/es\/wp-json\/wp\/v2\/product\/3605","targetHints":{"allow":["GET"]}}],"collection":[{"href":"https:\/\/snoeck.de\/es\/wp-json\/wp\/v2\/product"}],"about":[{"href":"https:\/\/snoeck.de\/es\/wp-json\/wp\/v2\/types\/product"}],"wp:featuredmedia":[{"embeddable":true,"href":"https:\/\/snoeck.de\/es\/wp-json\/wp\/v2\/media\/5018"}],"wp:attachment":[{"href":"https:\/\/snoeck.de\/es\/wp-json\/wp\/v2\/media?parent=3605"}],"wp:term":[{"taxonomy":"product_brand","embeddable":true,"href":"https:\/\/snoeck.de\/es\/wp-json\/wp\/v2\/product_brand?post=3605"},{"taxonomy":"product_cat","embeddable":true,"href":"https:\/\/snoeck.de\/es\/wp-json\/wp\/v2\/product_cat?post=3605"},{"taxonomy":"product_tag","embeddable":true,"href":"https:\/\/snoeck.de\/es\/wp-json\/wp\/v2\/product_tag?post=3605"}],"curies":[{"name":"wp","href":"https:\/\/api.w.org\/{rel}","templated":true}]}}