{"id":3606,"date":"2025-01-31T11:30:48","date_gmt":"2025-01-31T11:30:48","guid":{"rendered":"https:\/\/snoeck.process-vision.de\/shop\/georg-herold-what-a-life\/"},"modified":"2025-04-01T15:33:11","modified_gmt":"2025-04-01T15:33:11","slug":"georg-herold-what-a-life","status":"publish","type":"product","link":"https:\/\/snoeck.de\/es\/shop\/georg-herold-what-a-life\/","title":{"rendered":"Georg Herold: Qu\u00e9 vida"},"content":{"rendered":"<h3>D\u00edas festivos flotantes<\/h3>\n<p>A principios de la d\u00e9cada de 1980, Georg Herold, junto con Martin Kippenberger, Werner B\u00fcttner y Albert Oehlen, cuestion\u00f3 el arte y el mundo del arte y -a diferencia de los \"j\u00f3venes salvajes\" de aquella generaci\u00f3n- desarroll\u00f3 un escepticismo duradero que sigue siendo productivo hoy en d\u00eda. Sus esculturas realizadas con materiales como listones de tejado, ladrillos, alambre y objets trouv\u00e9s hacen referencia de forma cr\u00edtica e ir\u00f3nica a la sociedad, la pol\u00edtica y el arte moderno y desaf\u00edan al espectador a reflexionar m\u00e1s sobre los conceptos con los que se encuentra con el arte. Esta exhaustiva publicaci\u00f3n ofrece una visi\u00f3n general de la obra de Georg Herold desde principios de la d\u00e9cada de 1980 hasta las obras de v\u00eddeo de 2005, dejando claro que el absurdo y la paradoja pueden flaquear en la teor\u00eda basada en el texto, pero demuestran ser \u00e1giles e inventivos en el pensamiento pict\u00f3rico de Georg Herold.<\/p>\n<p>Exposici\u00f3n:<br \/>\nKunsthalle Baden-Baden, 5\/3 - 9\/4\/2005<br \/>\nKunstverein Hannover, 16\/4 - 29\/5\/2005<br \/>\nMuseo de Arte Moderno de Klagenfurt, 16\/6 - 28\/8\/2005<\/p>","protected":false},"excerpt":{"rendered":"<p>Cat\u00e1logo de la exposici\u00f3n, Kunsthalle Baden-Baden, editado por Matthias Winzen<br \/>\nTextos (alem\u00e1n\/ingl\u00e9s) de Nicole Fritz, Rudi Fuchs, Friedrich Heubach, Reiner Speck, Carmela Thiele, Matthias Winzen<br \/>\n376 p. con 350 ilustraciones en color y 100 en blanco y negro<br \/>\nFormato 29 x 24 cm, tapa blanda<\/p>","protected":false},"featured_media":5019,"template":"","meta":[],"product_brand":[],"product_cat":[84,65],"product_tag":[],"class_list":{"0":"post-3606","1":"product","2":"type-product","3":"status-publish","4":"has-post-thumbnail","6":"product_cat-84","7":"product_cat-h","9":"first","10":"instock","11":"taxable","12":"shipping-taxable","13":"purchasable","14":"product-type-simple"},"aioseo_notices":[],"_wp_attached_file":null,"_wp_attachment_metadata":null,"_wc_attachment_source":null,"_elementor_inline_svg":null,"_elementor_is_screenshot":null,"_elementor_source_image_hash":null,"_source_url":null,"_wp_attachment_context":null,"_menu_item_type":null,"_menu_item_menu_item_parent":null,"_menu_item_object_id":null,"_menu_item_object":null,"_menu_item_target":null,"_menu_item_classes":null,"_menu_item_xfn":null,"_menu_item_url":null,"__elementor_forms_snapshot":null,"_unit":"","_unit_base":"","_unit_product":"","_unit_price_auto":"no","_unit_price_regular":"","_unit_price":"","_unit_price_sale":"","_sale_price_label":"","_sale_price_regular_label":"","_manufacturer_slug":"","_mini_desc":"","_defect_description":"","_safety_instructions":"","_allergen_ids":[],"_warranty_attachment_id":"","_safety_attachment_ids":[],"_min_age":"","_ts_gtin":"","_ts_mpn":"","_delivery_time_countries":[],"_free_shipping":"no","_service":"no","_photovoltaic_system":"no","_used_good":"no","_defective_copy":"no","_wireless_electronic_device":"no","_device_contains_power_supply":"no","_device_charging_supports_usb_pd":"no","_device_charging_watt_min":"0","_device_charging_watt_max":"0","_is_food":"no","_differential_taxation":"no","_gzd_version":"3.18.7","_hs_code":"","_customs_description":"","_manufacture_country":"0","_is_non_returnable":"no","_shipping_length":"","_shipping_width":"","_shipping_height":"","_sku":"ISBN 978-3-936859-21-8","_global_unique_id":"978-3-936859-21-8","_regular_price":"58","total_sales":"0","_tax_status":"taxable","_tax_class":"","_manage_stock":"no","_backorders":"no","_sold_individually":"no","_weight":"3","_virtual":"no","_downloadable":"no","_download_limit":"-1","_download_expiry":"-1","_stock":"","_stock_status":"instock","_wc_average_rating":"0","_wc_review_count":"0","_product_version":"9.7.1","_price":"58","shopengine_product_views_count":"2929","_thumbnail_id":"5019","_product_attributes":{"erscheinungsdatum":{"name":"Fecha de publicaci\u00f3n","value":"06.07.2020","position":0,"is_visible":1,"is_variation":0,"is_taxonomy":0,"checkout_visible":0}},"_nutrient_ids":[],"_upsell_ids":null,"pswc_subtitle":null,"_default_delivery_time":null,"_wp_desired_post_slug":null,"_isbn":null,"pageType":null,"isExternalUrl":null,"pageId":null,"externalUrl":null,"hideCookieBanner":null,"isTargetBlank":null,"isProviderCurrentWebsite":null,"isEmbeddingOnlyExternalResources":null,"legalBasis":null,"dataProcessingInCountries":null,"dataProcessingInCountriesSpecialTreatments":null,"technicalDefinitions":null,"googleConsentModeConsentTypes":null,"executePriority":null,"executeCodeOptInWhenNoTagManagerConsentIsGiven":null,"executeCodeOptOutWhenNoTagManagerConsentIsGiven":null,"deleteTechnicalDefinitionsAfterOptOut":null,"presetId":null,"presetVersion":null,"provider":null,"providerContactPhone":null,"providerContactEmail":null,"providerContactLink":null,"uniqueName":null,"providerPrivacyPolicyUrl":null,"providerLegalNoticeUrl":null,"codeOptIn":null,"codeOptOut":null,"codeOnPageLoad":null,"language_code":null,"shopengine_template__post_meta__type":null,"shopengine_template__post_meta":null,"shopengine_template__post_meta__edit_with":null,"origin":null,"_enabled":null,"_filters":null,"_layout":null,"_elementor_import_session_id":null,"_wp_trash_meta_status":null,"_wp_trash_meta_time":null,"_edit_lock":"1743521451:2","_elementor_floating_elements_type":null,"_elementor_edit_mode":null,"_elementor_template_type":null,"tc-thumb-fld":{"_thumb_id":5019,"_thumb_type":"thumb"},"_wp_page_template":"default","_elementor_version":null,"_elementor_pro_version":null,"_elementor_page_settings":null,"_elementor_data":null,"_elementor_conditions":null,"_elementor_popup_display_settings":null,"_edit_last":"2","_elementor_template_sub_type":null,"_elementor_controls_usage":null,"_elementor_screenshot":null,"_elementor_css":null,"_elementor_page_assets":[],"_elementor_element_cache":null,"_elementor_screenshot_failed":null,"_elementor_source":null,"_wp_old_date":null,"layout_key":"","post_slider_check_key":"0","_links":{"self":[{"href":"https:\/\/snoeck.de\/es\/wp-json\/wp\/v2\/product\/3606","targetHints":{"allow":["GET"]}}],"collection":[{"href":"https:\/\/snoeck.de\/es\/wp-json\/wp\/v2\/product"}],"about":[{"href":"https:\/\/snoeck.de\/es\/wp-json\/wp\/v2\/types\/product"}],"wp:featuredmedia":[{"embeddable":true,"href":"https:\/\/snoeck.de\/es\/wp-json\/wp\/v2\/media\/5019"}],"wp:attachment":[{"href":"https:\/\/snoeck.de\/es\/wp-json\/wp\/v2\/media?parent=3606"}],"wp:term":[{"taxonomy":"product_brand","embeddable":true,"href":"https:\/\/snoeck.de\/es\/wp-json\/wp\/v2\/product_brand?post=3606"},{"taxonomy":"product_cat","embeddable":true,"href":"https:\/\/snoeck.de\/es\/wp-json\/wp\/v2\/product_cat?post=3606"},{"taxonomy":"product_tag","embeddable":true,"href":"https:\/\/snoeck.de\/es\/wp-json\/wp\/v2\/product_tag?post=3606"}],"curies":[{"name":"wp","href":"https:\/\/api.w.org\/{rel}","templated":true}]}}