{"id":3607,"date":"2025-01-31T11:30:49","date_gmt":"2025-01-31T11:30:49","guid":{"rendered":"https:\/\/snoeck.process-vision.de\/shop\/nic-hess-drawing-installations-1995-2013\/"},"modified":"2026-04-08T14:57:52","modified_gmt":"2026-04-08T13:57:52","slug":"nic-hess-drawing-installations-1995-2013","status":"publish","type":"product","link":"https:\/\/snoeck.de\/es\/shop\/nic-hess-drawing-installations-1995-2013\/","title":{"rendered":"Nic Hess: Instalaciones de dibujo 1995-2013"},"content":{"rendered":"<h3>La elegancia del fl\u00e2neur<\/h3>\n<p>Los dibujos instalativos, ejecutados por Nic Hess en espacios temporales, combinan su propia obra con la de otros artistas en un complejo sistema espacial de l\u00edneas, superficies, citas y fragmentos de im\u00e1genes de pintura realista. Desde una perspectiva hist\u00f3rico-art\u00edstica, se trata de un intento de crear un espacio narrativo esc\u00e9nico contempor\u00e1neo, \"como una interacci\u00f3n entre el espacio de la memoria y la narrativa pict\u00f3rica, como un espacio narrativo que el espectador a menudo puede captar en su totalidad de un vistazo, as\u00ed como 'leer' caminando a trav\u00e9s y en la sucesi\u00f3n de elementos\", como escribe Renate Wiehager. Esto conduce autom\u00e1ticamente a un vuelo exploratorio con la mirada y toca repetidamente la relaci\u00f3n dial\u00e9ctica entre imagen y tiempo, porque un ir y venir se basa siempre en una estructura temporal. Esta elegancia de lo fl\u00e2neur-like se ve sutilmente realzada por la integraci\u00f3n concreta de los llamados iconos del modernismo cl\u00e1sico. Aqu\u00ed, las citas casi pop se alternan con la integraci\u00f3n suave e ir\u00f3nica de obras reales. Este cat\u00e1logo razonado, cuidadosamente compilado por Christian Ganzenberg junto con el artista, presenta todas las instalaciones de Nic Hess hasta la fecha e ilustra de forma impresionante esta extraordinaria forma de arte contempor\u00e1neo de instalaci\u00f3n.<\/p>\n<p>Exposici\u00f3n:<br \/>\nDaimler Contemporary, Berl\u00edn, 17\/10\/2013-16\/3\/2014<\/p>","protected":false},"excerpt":{"rendered":"<p>Cat\u00e1logo de la exposici\u00f3n, publicado para la Daimler Art Collection de Berl\u00edn por Renate Wiehager y Christian Ganzenberg<br \/>\nTextos (alem\u00e1n\/ingl\u00e9s) de Renate Wiehager, Christian Ganzenberg y una entrevista con Nic Hess realizada por Christian Ganzenberg, as\u00ed como citas de Gianni Jetzer, Rein Wolfs, Elizabeth Finch, Christoph Doswald, Chris Dercon, Robert Summers, Renaud Proch y Stephanie Rosenthal.<br \/>\n304 p. con 355 ilustraciones en color<br \/>\nFormato 23 x 28 cm, encuadernaci\u00f3n en tela gofrada<\/p>","protected":false},"featured_media":5020,"template":"","meta":[],"product_brand":[],"product_cat":[95],"product_tag":[],"class_list":{"0":"post-3607","1":"product","2":"type-product","3":"status-publish","4":"has-post-thumbnail","6":"product_cat-vergriffen","8":"first","9":"outofstock","10":"taxable","11":"shipping-taxable","12":"product-type-simple"},"aioseo_notices":[],"_wp_attached_file":null,"_wp_attachment_metadata":null,"_wc_attachment_source":null,"_elementor_inline_svg":null,"_elementor_is_screenshot":null,"_elementor_source_image_hash":null,"_source_url":null,"_wp_attachment_context":null,"_menu_item_type":null,"_menu_item_menu_item_parent":null,"_menu_item_object_id":null,"_menu_item_object":null,"_menu_item_target":null,"_menu_item_classes":null,"_menu_item_xfn":null,"_menu_item_url":null,"__elementor_forms_snapshot":null,"_unit":"","_unit_base":"","_unit_product":"","_unit_price_auto":"no","_unit_price_regular":"","_unit_price":"","_unit_price_sale":"","_sale_price_label":"","_sale_price_regular_label":"","_manufacturer_slug":"","_mini_desc":"","_defect_description":"","_safety_instructions":"","_allergen_ids":[],"_warranty_attachment_id":"","_safety_attachment_ids":[],"_min_age":"","_ts_gtin":"","_ts_mpn":"","_delivery_time_countries":[],"_free_shipping":"no","_service":"no","_photovoltaic_system":"no","_used_good":"no","_defective_copy":"no","_wireless_electronic_device":"no","_device_contains_power_supply":"no","_device_charging_supports_usb_pd":"no","_device_charging_watt_min":"0","_device_charging_watt_max":"0","_is_food":"no","_differential_taxation":"no","_gzd_version":"3.18.7","_hs_code":"","_customs_description":"","_manufacture_country":"0","_is_non_returnable":"no","_shipping_length":"","_shipping_width":"","_shipping_height":"","_sku":"ISBN 978-3-86442-079-5","_global_unique_id":"978-3-86442-079-5","_regular_price":null,"total_sales":"0","_tax_status":"taxable","_tax_class":"","_manage_stock":"no","_backorders":"no","_sold_individually":"no","_weight":"2","_virtual":"no","_downloadable":"no","_download_limit":"-1","_download_expiry":"-1","_stock":"","_stock_status":"outofstock","_wc_average_rating":"0","_wc_review_count":"0","_product_version":"10.1.4","_price":"","shopengine_product_views_count":"2713","_thumbnail_id":"5020","_product_attributes":{"erscheinungsdatum":{"name":"Erscheinungsdatum","value":"10.02.2014","position":0,"is_visible":1,"is_variation":0,"is_taxonomy":0,"checkout_visible":0}},"_nutrient_ids":[],"_upsell_ids":null,"pswc_subtitle":null,"_default_delivery_time":null,"_wp_desired_post_slug":null,"_isbn":null,"pageType":null,"isExternalUrl":null,"pageId":null,"externalUrl":null,"hideCookieBanner":null,"isTargetBlank":null,"isProviderCurrentWebsite":null,"isEmbeddingOnlyExternalResources":null,"legalBasis":null,"dataProcessingInCountries":null,"dataProcessingInCountriesSpecialTreatments":null,"technicalDefinitions":null,"googleConsentModeConsentTypes":null,"executePriority":null,"executeCodeOptInWhenNoTagManagerConsentIsGiven":null,"executeCodeOptOutWhenNoTagManagerConsentIsGiven":null,"deleteTechnicalDefinitionsAfterOptOut":null,"presetId":null,"presetVersion":null,"provider":null,"providerContactPhone":null,"providerContactEmail":null,"providerContactLink":null,"uniqueName":null,"providerPrivacyPolicyUrl":null,"providerLegalNoticeUrl":null,"codeOptIn":null,"codeOptOut":null,"codeOnPageLoad":null,"language_code":null,"shopengine_template__post_meta__type":null,"shopengine_template__post_meta":null,"shopengine_template__post_meta__edit_with":null,"origin":null,"_enabled":null,"_filters":null,"_layout":null,"_elementor_import_session_id":null,"_wp_trash_meta_status":null,"_wp_trash_meta_time":null,"_edit_lock":"1743521233:2","_elementor_floating_elements_type":null,"_elementor_edit_mode":null,"_elementor_template_type":null,"tc-thumb-fld":{"_thumb_id":5020,"_thumb_type":"thumb"},"_wp_page_template":"default","_elementor_version":null,"_elementor_pro_version":null,"_elementor_page_settings":null,"_elementor_data":null,"_elementor_conditions":null,"_elementor_popup_display_settings":null,"_edit_last":"2","_elementor_template_sub_type":null,"_elementor_controls_usage":null,"_elementor_screenshot":null,"_elementor_css":null,"_elementor_page_assets":[],"_elementor_element_cache":null,"_elementor_screenshot_failed":null,"_elementor_source":null,"_wp_old_date":null,"layout_key":"","post_slider_check_key":"0","_links":{"self":[{"href":"https:\/\/snoeck.de\/es\/wp-json\/wp\/v2\/product\/3607","targetHints":{"allow":["GET"]}}],"collection":[{"href":"https:\/\/snoeck.de\/es\/wp-json\/wp\/v2\/product"}],"about":[{"href":"https:\/\/snoeck.de\/es\/wp-json\/wp\/v2\/types\/product"}],"wp:featuredmedia":[{"embeddable":true,"href":"https:\/\/snoeck.de\/es\/wp-json\/wp\/v2\/media\/5020"}],"wp:attachment":[{"href":"https:\/\/snoeck.de\/es\/wp-json\/wp\/v2\/media?parent=3607"}],"wp:term":[{"taxonomy":"product_brand","embeddable":true,"href":"https:\/\/snoeck.de\/es\/wp-json\/wp\/v2\/product_brand?post=3607"},{"taxonomy":"product_cat","embeddable":true,"href":"https:\/\/snoeck.de\/es\/wp-json\/wp\/v2\/product_cat?post=3607"},{"taxonomy":"product_tag","embeddable":true,"href":"https:\/\/snoeck.de\/es\/wp-json\/wp\/v2\/product_tag?post=3607"}],"curies":[{"name":"wp","href":"https:\/\/api.w.org\/{rel}","templated":true}]}}