{"id":3608,"date":"2025-01-31T11:30:49","date_gmt":"2025-01-31T11:30:49","guid":{"rendered":"https:\/\/snoeck.process-vision.de\/shop\/gregor-hildebrandt-pawn\/"},"modified":"2025-04-01T15:26:58","modified_gmt":"2025-04-01T15:26:58","slug":"gregor-hildebrandt-pawn","status":"publish","type":"product","link":"https:\/\/snoeck.de\/es\/shop\/gregor-hildebrandt-pawn\/","title":{"rendered":"Gregor Hildebrandt: Pe\u00f3n"},"content":{"rendered":"<h3>Casa de empe\u00f1os<\/h3>\n<p>Gregor Hildebrandt (*1974) vio en casa de un amigo una foto de Will Steacy, fot\u00f3grafo estadounidense que hab\u00eda realizado una serie sobre las casas de empe\u00f1o en Estados Unidos. Esto le dio la idea de jugar con el significado y el sentido de la palabra casa de empe\u00f1os e imaginar una tienda en la que los peones estuvieran a la venta, desvinculados de su contexto l\u00fadico y, por tanto, como esculturas, por as\u00ed decirlo. Para ello, hizo que los peones se expusieran en una instalaci\u00f3n que llenaba las paredes, en hileras de estanter\u00edas espaciadas uniformemente. En este libro de artista, Gregor Hildebrandt explora muchas variaciones diferentes sobre el tema, es decir, las m\u00e1s diversas piezas de ajedrez y patrones de ajedrez en los lugares m\u00e1s diversos, en suelos y paredes, en prendas de vestir, como motivos para sus propias pinturas abstractas y como ornamentos en un cementerio de ultramar. Los collages, las pinturas sobre tabla, las obras fotogr\u00e1ficas y las instalaciones de Gregor Hildebrandt siempre han causado asombro, incluso revuelo, ya que utiliza sobre todo soportes de datos anal\u00f3gicos, es decir, cintas y discos de audio y v\u00eddeo grabados, as\u00ed como sus carcasas y cubiertas, como material de partida.<\/p>","protected":false},"excerpt":{"rendered":"<p>Kienbaum Artists' Books 2020, editado por Jochen y Laura Kienbaum<br \/>\n128 p. con 95 ilustraciones en color<br \/>\nFormato 20 x 12,5 cm, tapa dura con sobrecubierta<\/p>","protected":false},"featured_media":5021,"template":"","meta":[],"product_brand":[],"product_cat":[84,65,68,73],"product_tag":[],"class_list":{"0":"post-3608","1":"product","2":"type-product","3":"status-publish","4":"has-post-thumbnail","6":"product_cat-84","7":"product_cat-h","8":"product_cat-k","9":"product_cat-p","11":"first","12":"instock","13":"taxable","14":"shipping-taxable","15":"purchasable","16":"product-type-simple"},"aioseo_notices":[],"_wp_attached_file":null,"_wp_attachment_metadata":null,"_wc_attachment_source":null,"_elementor_inline_svg":null,"_elementor_is_screenshot":null,"_elementor_source_image_hash":null,"_source_url":null,"_wp_attachment_context":null,"_menu_item_type":null,"_menu_item_menu_item_parent":null,"_menu_item_object_id":null,"_menu_item_object":null,"_menu_item_target":null,"_menu_item_classes":null,"_menu_item_xfn":null,"_menu_item_url":null,"__elementor_forms_snapshot":null,"_unit":"","_unit_base":"","_unit_product":"","_unit_price_auto":"no","_unit_price_regular":"","_unit_price":"","_unit_price_sale":"","_sale_price_label":"","_sale_price_regular_label":"","_manufacturer_slug":"","_mini_desc":"","_defect_description":"","_safety_instructions":"","_allergen_ids":[],"_warranty_attachment_id":"","_safety_attachment_ids":[],"_min_age":"","_ts_gtin":"","_ts_mpn":"","_delivery_time_countries":[],"_free_shipping":"no","_service":"no","_photovoltaic_system":"no","_used_good":"no","_defective_copy":"no","_wireless_electronic_device":"no","_device_contains_power_supply":"no","_device_charging_supports_usb_pd":"no","_device_charging_watt_min":"0","_device_charging_watt_max":"0","_is_food":"no","_differential_taxation":"no","_gzd_version":"3.18.7","_hs_code":"","_customs_description":"","_manufacture_country":"0","_is_non_returnable":"no","_shipping_length":"","_shipping_width":"","_shipping_height":"","_sku":"ISBN 978-3-86442-300-0","_global_unique_id":"978-3-86442-300-0","_regular_price":"28","total_sales":"0","_tax_status":"taxable","_tax_class":"","_manage_stock":"no","_backorders":"no","_sold_individually":"no","_weight":"1","_virtual":"no","_downloadable":"no","_download_limit":"-1","_download_expiry":"-1","_stock":"","_stock_status":"instock","_wc_average_rating":"0","_wc_review_count":"0","_product_version":"9.7.1","_price":"28","shopengine_product_views_count":"2892","_thumbnail_id":"5021","_product_attributes":{"erscheinungsdatum":{"name":"Fecha de publicaci\u00f3n","value":"06.01.2020","position":0,"is_visible":1,"is_variation":0,"is_taxonomy":0,"checkout_visible":0}},"_nutrient_ids":[],"_upsell_ids":null,"pswc_subtitle":null,"_default_delivery_time":null,"_wp_desired_post_slug":null,"_isbn":null,"pageType":null,"isExternalUrl":null,"pageId":null,"externalUrl":null,"hideCookieBanner":null,"isTargetBlank":null,"isProviderCurrentWebsite":null,"isEmbeddingOnlyExternalResources":null,"legalBasis":null,"dataProcessingInCountries":null,"dataProcessingInCountriesSpecialTreatments":null,"technicalDefinitions":null,"googleConsentModeConsentTypes":null,"executePriority":null,"executeCodeOptInWhenNoTagManagerConsentIsGiven":null,"executeCodeOptOutWhenNoTagManagerConsentIsGiven":null,"deleteTechnicalDefinitionsAfterOptOut":null,"presetId":null,"presetVersion":null,"provider":null,"providerContactPhone":null,"providerContactEmail":null,"providerContactLink":null,"uniqueName":null,"providerPrivacyPolicyUrl":null,"providerLegalNoticeUrl":null,"codeOptIn":null,"codeOptOut":null,"codeOnPageLoad":null,"language_code":null,"shopengine_template__post_meta__type":null,"shopengine_template__post_meta":null,"shopengine_template__post_meta__edit_with":null,"origin":null,"_enabled":null,"_filters":null,"_layout":null,"_elementor_import_session_id":null,"_wp_trash_meta_status":null,"_wp_trash_meta_time":null,"_edit_lock":"1743521082:2","_elementor_floating_elements_type":null,"_elementor_edit_mode":null,"_elementor_template_type":null,"tc-thumb-fld":{"_thumb_id":5021,"_thumb_type":"thumb"},"_wp_page_template":"default","_elementor_version":null,"_elementor_pro_version":null,"_elementor_page_settings":null,"_elementor_data":null,"_elementor_conditions":null,"_elementor_popup_display_settings":null,"_edit_last":"2","_elementor_template_sub_type":null,"_elementor_controls_usage":null,"_elementor_screenshot":null,"_elementor_css":null,"_elementor_page_assets":[],"_elementor_element_cache":null,"_elementor_screenshot_failed":null,"_elementor_source":null,"_wp_old_date":null,"layout_key":"","post_slider_check_key":"0","_links":{"self":[{"href":"https:\/\/snoeck.de\/es\/wp-json\/wp\/v2\/product\/3608","targetHints":{"allow":["GET"]}}],"collection":[{"href":"https:\/\/snoeck.de\/es\/wp-json\/wp\/v2\/product"}],"about":[{"href":"https:\/\/snoeck.de\/es\/wp-json\/wp\/v2\/types\/product"}],"wp:featuredmedia":[{"embeddable":true,"href":"https:\/\/snoeck.de\/es\/wp-json\/wp\/v2\/media\/5021"}],"wp:attachment":[{"href":"https:\/\/snoeck.de\/es\/wp-json\/wp\/v2\/media?parent=3608"}],"wp:term":[{"taxonomy":"product_brand","embeddable":true,"href":"https:\/\/snoeck.de\/es\/wp-json\/wp\/v2\/product_brand?post=3608"},{"taxonomy":"product_cat","embeddable":true,"href":"https:\/\/snoeck.de\/es\/wp-json\/wp\/v2\/product_cat?post=3608"},{"taxonomy":"product_tag","embeddable":true,"href":"https:\/\/snoeck.de\/es\/wp-json\/wp\/v2\/product_tag?post=3608"}],"curies":[{"name":"wp","href":"https:\/\/api.w.org\/{rel}","templated":true}]}}