{"id":3609,"date":"2025-01-31T11:30:50","date_gmt":"2025-01-31T11:30:50","guid":{"rendered":"https:\/\/snoeck.process-vision.de\/shop\/katharina-hinsberg-sequence-drawings-1-117\/"},"modified":"2025-04-01T15:23:58","modified_gmt":"2025-04-01T15:23:58","slug":"katharina-hinsberg-sequence-drawings-1-117","status":"publish","type":"product","link":"https:\/\/snoeck.de\/es\/shop\/katharina-hinsberg-sequence-drawings-1-117\/","title":{"rendered":"Katharina Hinsberg: Secuencia: Dibujos 1-117"},"content":{"rendered":"<h3>De hoja en hoja<\/h3>\n<p>El trabajo art\u00edstico de Katharina Hinsberg (*1967; Profesora en la HbK Saarbr\u00fccken) se centra en un examen m\u00faltiple del g\u00e9nero del dibujo y sus contextos hist\u00f3ricos, t\u00e9cnicos y espaciales. Un proceso t\u00edpico para ella es recortar en el soporte de la imagen o recortar las l\u00edneas dibujadas. Con el libro de artista \"Sequence - Drawings 1-117\", Katharina Hinsberg presenta por primera vez una serie de dibujos permutativos coloreados con 117 l\u00e1pices de colores en l\u00edneas horizontales sobre una cuadr\u00edcula. Con cada nueva hoja, se a\u00f1ade otro color, crece, se reduce o vuelve a desaparecer, con lo que el denso sombreado de l\u00edneas de color est\u00e1 estrechamente ligado al movimiento de la mano. Sin espacio intermedio, las l\u00edneas y los trazos se convierten en campos de color que llenan toda la superficie, continuando y cambiando de hoja en hoja. La cuadr\u00edcula fija consta de 23 campos de ancho y 30 l\u00edneas de alto, cada campo de 5 x 5 mm. Katharina Hinsberg comienza su secuencia en negro y la termina en blanco. Las obras \"Secuencia - Dibujos 1-117\" fueron creadas especialmente para este libro del mismo t\u00edtulo, publicado por Jochen y Laura Kienbaum: Kienbaum Arists' Books 2018.<\/p>","protected":false},"excerpt":{"rendered":"<p>Kienbaum Artists' Books 2018, editado por Jochen y Laura Kienbaum<br \/>\n214 p. con 118 ilustraciones en color<br \/>\nFormato 24 x 16,5 cm, tapa blanda con sobrecubierta<\/p>","protected":false},"featured_media":5022,"template":"","meta":[],"product_brand":[],"product_cat":[111,65,68,76],"product_tag":[],"class_list":{"0":"post-3609","1":"product","2":"type-product","3":"status-publish","4":"has-post-thumbnail","6":"product_cat-111","7":"product_cat-h","8":"product_cat-k","9":"product_cat-s","11":"first","12":"instock","13":"taxable","14":"shipping-taxable","15":"purchasable","16":"product-type-simple"},"aioseo_notices":[],"_wp_attached_file":null,"_wp_attachment_metadata":null,"_wc_attachment_source":null,"_elementor_inline_svg":null,"_elementor_is_screenshot":null,"_elementor_source_image_hash":null,"_source_url":null,"_wp_attachment_context":null,"_menu_item_type":null,"_menu_item_menu_item_parent":null,"_menu_item_object_id":null,"_menu_item_object":null,"_menu_item_target":null,"_menu_item_classes":null,"_menu_item_xfn":null,"_menu_item_url":null,"__elementor_forms_snapshot":null,"_unit":"","_unit_base":"","_unit_product":"","_unit_price_auto":"no","_unit_price_regular":"","_unit_price":"","_unit_price_sale":"","_sale_price_label":"","_sale_price_regular_label":"","_manufacturer_slug":"","_mini_desc":"","_defect_description":"","_safety_instructions":"","_allergen_ids":[],"_warranty_attachment_id":"","_safety_attachment_ids":[],"_min_age":"","_ts_gtin":"","_ts_mpn":"","_delivery_time_countries":[],"_free_shipping":"no","_service":"no","_photovoltaic_system":"no","_used_good":"no","_defective_copy":"no","_wireless_electronic_device":"no","_device_contains_power_supply":"no","_device_charging_supports_usb_pd":"no","_device_charging_watt_min":"0","_device_charging_watt_max":"0","_is_food":"no","_differential_taxation":"no","_gzd_version":"3.18.7","_hs_code":"","_customs_description":"","_manufacture_country":"0","_is_non_returnable":"no","_shipping_length":"","_shipping_width":"","_shipping_height":"","_sku":"ISBN 978-3-86442-232-4","_global_unique_id":"978-3-86442-232-4","_regular_price":"29.8","total_sales":"0","_tax_status":"taxable","_tax_class":"","_manage_stock":"no","_backorders":"no","_sold_individually":"no","_weight":"1","_virtual":"no","_downloadable":"no","_download_limit":"-1","_download_expiry":"-1","_stock":"","_stock_status":"instock","_wc_average_rating":"0","_wc_review_count":"0","_product_version":"9.7.1","_price":"29.8","shopengine_product_views_count":"3111","_thumbnail_id":"5022","_product_attributes":{"erscheinungsdatum":{"name":"Fecha de publicaci\u00f3n","value":"04.01.2018","position":0,"is_visible":1,"is_variation":0,"is_taxonomy":0,"checkout_visible":0}},"_nutrient_ids":[],"_upsell_ids":null,"pswc_subtitle":null,"_default_delivery_time":null,"_wp_desired_post_slug":null,"_isbn":null,"pageType":null,"isExternalUrl":null,"pageId":null,"externalUrl":null,"hideCookieBanner":null,"isTargetBlank":null,"isProviderCurrentWebsite":null,"isEmbeddingOnlyExternalResources":null,"legalBasis":null,"dataProcessingInCountries":null,"dataProcessingInCountriesSpecialTreatments":null,"technicalDefinitions":null,"googleConsentModeConsentTypes":null,"executePriority":null,"executeCodeOptInWhenNoTagManagerConsentIsGiven":null,"executeCodeOptOutWhenNoTagManagerConsentIsGiven":null,"deleteTechnicalDefinitionsAfterOptOut":null,"presetId":null,"presetVersion":null,"provider":null,"providerContactPhone":null,"providerContactEmail":null,"providerContactLink":null,"uniqueName":null,"providerPrivacyPolicyUrl":null,"providerLegalNoticeUrl":null,"codeOptIn":null,"codeOptOut":null,"codeOnPageLoad":null,"language_code":null,"shopengine_template__post_meta__type":null,"shopengine_template__post_meta":null,"shopengine_template__post_meta__edit_with":null,"origin":null,"_enabled":null,"_filters":null,"_layout":null,"_elementor_import_session_id":null,"_wp_trash_meta_status":null,"_wp_trash_meta_time":null,"_edit_lock":"1743520898:2","_elementor_floating_elements_type":null,"_elementor_edit_mode":null,"_elementor_template_type":null,"tc-thumb-fld":{"_thumb_id":5022,"_thumb_type":"thumb"},"_wp_page_template":"default","_elementor_version":null,"_elementor_pro_version":null,"_elementor_page_settings":null,"_elementor_data":null,"_elementor_conditions":null,"_elementor_popup_display_settings":null,"_edit_last":"2","_elementor_template_sub_type":null,"_elementor_controls_usage":null,"_elementor_screenshot":null,"_elementor_css":null,"_elementor_page_assets":[],"_elementor_element_cache":null,"_elementor_screenshot_failed":null,"_elementor_source":null,"_wp_old_date":null,"layout_key":"","post_slider_check_key":"0","_links":{"self":[{"href":"https:\/\/snoeck.de\/es\/wp-json\/wp\/v2\/product\/3609","targetHints":{"allow":["GET"]}}],"collection":[{"href":"https:\/\/snoeck.de\/es\/wp-json\/wp\/v2\/product"}],"about":[{"href":"https:\/\/snoeck.de\/es\/wp-json\/wp\/v2\/types\/product"}],"wp:featuredmedia":[{"embeddable":true,"href":"https:\/\/snoeck.de\/es\/wp-json\/wp\/v2\/media\/5022"}],"wp:attachment":[{"href":"https:\/\/snoeck.de\/es\/wp-json\/wp\/v2\/media?parent=3609"}],"wp:term":[{"taxonomy":"product_brand","embeddable":true,"href":"https:\/\/snoeck.de\/es\/wp-json\/wp\/v2\/product_brand?post=3609"},{"taxonomy":"product_cat","embeddable":true,"href":"https:\/\/snoeck.de\/es\/wp-json\/wp\/v2\/product_cat?post=3609"},{"taxonomy":"product_tag","embeddable":true,"href":"https:\/\/snoeck.de\/es\/wp-json\/wp\/v2\/product_tag?post=3609"}],"curies":[{"name":"wp","href":"https:\/\/api.w.org\/{rel}","templated":true}]}}