{"id":3611,"date":"2025-01-31T11:30:53","date_gmt":"2025-01-31T11:30:53","guid":{"rendered":"https:\/\/snoeck.process-vision.de\/shop\/hommage-a-georg-baselitz\/"},"modified":"2025-04-01T15:23:04","modified_gmt":"2025-04-01T15:23:04","slug":"hommage-a-georg-baselitz","status":"publish","type":"product","link":"https:\/\/snoeck.de\/es\/shop\/hommage-a-georg-baselitz\/","title":{"rendered":"Homenaje a Georg Baselitz"},"content":{"rendered":"<h3>\"Soy completamente irrazonable\"<\/h3>\n<p>Esta cita es el t\u00edtulo de una entrevista a Georg Baselitz en la edici\u00f3n del 18 de enero de 2018 de DIE ZEIT, que afirma en la introducci\u00f3n que el pintor, que celebra su 80 cumplea\u00f1os el 23 de enero de 2018, se muestra comprensivo con Trump y la AfD. Cualquiera que lea con atenci\u00f3n la entrevista se sorprender\u00e1 de este espect\u00e1culo un tanto torpe. Tampoco encaja del todo con los documentales y reportajes cinematogr\u00e1ficos que se han emitido en televisi\u00f3n en los \u00faltimos d\u00edas, en los que un hombre humor\u00edstico, inteligente y fascinante se acerca al p\u00fablico. Se describe a s\u00ed mismo casi con regocijo como un \"loco sentimental\" cuando se trata de sus propias obras -antiguas-, y como muy nervioso la noche de una inauguraci\u00f3n cuando muestra sus nuevas obras. As\u00ed que el cuidadosamente formulado \"Homage \u00e0 Georg Baselitz\" de Siegfried Gohr, que analiza la obra y la carrera de su creador, llega justo a tiempo para una cautivadora exposici\u00f3n en el Contemporary Fine Arts de Berl\u00edn. El texto de Gohr ofrece un esquema coherente, destacando los logros art\u00edsticos de importancia hist\u00f3rica de un artista que no s\u00f3lo ha sido calificado en repetidas ocasiones como uno de los grandes artistas alemanes, sino al que recientemente tambi\u00e9n se le ha reconocido una gran relevancia contempor\u00e1nea a la vista de las obras de su fase Remix. Siegfried Gohr lo demuestra con elegancia en su texto, en el que un viejo sill\u00f3n de cuero desempe\u00f1a un papel tan importante como la condici\u00f3n de outsider que Baselitz eligi\u00f3 por s\u00ed mismo y sus invenciones pict\u00f3ricas constantemente nuevas, a menudo casi revolucionarias.<\/p>\n<p>Exposici\u00f3n:<br \/>\nCFA Contemporary Fine Arts, Berl\u00edn, 23\/1 - 3\/3\/2018<\/p>","protected":false},"excerpt":{"rendered":"<p>Cat\u00e1logo de la exposici\u00f3n, Contemporary Fine Arts CFA Berl\u00edn, editado por Bruno Brunnet y Nicole Hackert<br \/>\nTexto (alem\u00e1n) de Siegfried Gohr (traducci\u00f3n al ingl\u00e9s como encarte)<br \/>\n64 p. con 64 ilustraciones en color<br \/>\nFormato 28 x 24 cm, tapa blanda grapada<\/p>","protected":false},"featured_media":5024,"template":"","meta":[],"product_brand":[],"product_cat":[111,59,64,65],"product_tag":[],"class_list":{"0":"post-3611","1":"product","2":"type-product","3":"status-publish","4":"has-post-thumbnail","6":"product_cat-111","7":"product_cat-b","8":"product_cat-g","9":"product_cat-h","11":"first","12":"instock","13":"taxable","14":"shipping-taxable","15":"purchasable","16":"product-type-simple"},"aioseo_notices":[],"_wp_attached_file":null,"_wp_attachment_metadata":null,"_wc_attachment_source":null,"_elementor_inline_svg":null,"_elementor_is_screenshot":null,"_elementor_source_image_hash":null,"_source_url":null,"_wp_attachment_context":null,"_menu_item_type":null,"_menu_item_menu_item_parent":null,"_menu_item_object_id":null,"_menu_item_object":null,"_menu_item_target":null,"_menu_item_classes":null,"_menu_item_xfn":null,"_menu_item_url":null,"__elementor_forms_snapshot":null,"_unit":"","_unit_base":"","_unit_product":"","_unit_price_auto":"no","_unit_price_regular":"","_unit_price":"","_unit_price_sale":"","_sale_price_label":"","_sale_price_regular_label":"","_manufacturer_slug":"","_mini_desc":"","_defect_description":"","_safety_instructions":"","_allergen_ids":[],"_warranty_attachment_id":"","_safety_attachment_ids":[],"_min_age":"","_ts_gtin":"","_ts_mpn":"","_delivery_time_countries":[],"_free_shipping":"no","_service":"no","_photovoltaic_system":"no","_used_good":"no","_defective_copy":"no","_wireless_electronic_device":"no","_device_contains_power_supply":"no","_device_charging_supports_usb_pd":"no","_device_charging_watt_min":"0","_device_charging_watt_max":"0","_is_food":"no","_differential_taxation":"no","_gzd_version":"3.18.7","_hs_code":"","_customs_description":"","_manufacture_country":"0","_is_non_returnable":"no","_shipping_length":"","_shipping_width":"","_shipping_height":"","_sku":"ISBN 978-3-86442-243-0","_global_unique_id":"978-3-86442-243-0","_regular_price":"24.8","total_sales":"0","_tax_status":"taxable","_tax_class":"","_manage_stock":"no","_backorders":"no","_sold_individually":"no","_weight":"1","_virtual":"no","_downloadable":"no","_download_limit":"-1","_download_expiry":"-1","_stock":"","_stock_status":"instock","_wc_average_rating":"0","_wc_review_count":"0","_product_version":"9.7.1","_price":"24.8","shopengine_product_views_count":"3125","_thumbnail_id":"5024","_product_attributes":{"erscheinungsdatum":{"name":"Fecha de publicaci\u00f3n","value":"19.01.2018","position":0,"is_visible":1,"is_variation":0,"is_taxonomy":0,"checkout_visible":0}},"_nutrient_ids":[],"_upsell_ids":null,"pswc_subtitle":null,"_default_delivery_time":null,"_wp_desired_post_slug":null,"_isbn":null,"pageType":null,"isExternalUrl":null,"pageId":null,"externalUrl":null,"hideCookieBanner":null,"isTargetBlank":null,"isProviderCurrentWebsite":null,"isEmbeddingOnlyExternalResources":null,"legalBasis":null,"dataProcessingInCountries":null,"dataProcessingInCountriesSpecialTreatments":null,"technicalDefinitions":null,"googleConsentModeConsentTypes":null,"executePriority":null,"executeCodeOptInWhenNoTagManagerConsentIsGiven":null,"executeCodeOptOutWhenNoTagManagerConsentIsGiven":null,"deleteTechnicalDefinitionsAfterOptOut":null,"presetId":null,"presetVersion":null,"provider":null,"providerContactPhone":null,"providerContactEmail":null,"providerContactLink":null,"uniqueName":null,"providerPrivacyPolicyUrl":null,"providerLegalNoticeUrl":null,"codeOptIn":null,"codeOptOut":null,"codeOnPageLoad":null,"language_code":null,"shopengine_template__post_meta__type":null,"shopengine_template__post_meta":null,"shopengine_template__post_meta__edit_with":null,"origin":null,"_enabled":null,"_filters":null,"_layout":null,"_elementor_import_session_id":null,"_wp_trash_meta_status":null,"_wp_trash_meta_time":null,"_edit_lock":"1743520845:2","_elementor_floating_elements_type":null,"_elementor_edit_mode":null,"_elementor_template_type":null,"tc-thumb-fld":{"_thumb_id":5024,"_thumb_type":"thumb"},"_wp_page_template":"default","_elementor_version":null,"_elementor_pro_version":null,"_elementor_page_settings":null,"_elementor_data":null,"_elementor_conditions":null,"_elementor_popup_display_settings":null,"_edit_last":"2","_elementor_template_sub_type":null,"_elementor_controls_usage":null,"_elementor_screenshot":null,"_elementor_css":null,"_elementor_page_assets":[],"_elementor_element_cache":null,"_elementor_screenshot_failed":null,"_elementor_source":null,"_wp_old_date":null,"layout_key":"","post_slider_check_key":"0","_links":{"self":[{"href":"https:\/\/snoeck.de\/es\/wp-json\/wp\/v2\/product\/3611","targetHints":{"allow":["GET"]}}],"collection":[{"href":"https:\/\/snoeck.de\/es\/wp-json\/wp\/v2\/product"}],"about":[{"href":"https:\/\/snoeck.de\/es\/wp-json\/wp\/v2\/types\/product"}],"wp:featuredmedia":[{"embeddable":true,"href":"https:\/\/snoeck.de\/es\/wp-json\/wp\/v2\/media\/5024"}],"wp:attachment":[{"href":"https:\/\/snoeck.de\/es\/wp-json\/wp\/v2\/media?parent=3611"}],"wp:term":[{"taxonomy":"product_brand","embeddable":true,"href":"https:\/\/snoeck.de\/es\/wp-json\/wp\/v2\/product_brand?post=3611"},{"taxonomy":"product_cat","embeddable":true,"href":"https:\/\/snoeck.de\/es\/wp-json\/wp\/v2\/product_cat?post=3611"},{"taxonomy":"product_tag","embeddable":true,"href":"https:\/\/snoeck.de\/es\/wp-json\/wp\/v2\/product_tag?post=3611"}],"curies":[{"name":"wp","href":"https:\/\/api.w.org\/{rel}","templated":true}]}}