{"id":3612,"date":"2025-01-31T11:30:53","date_gmt":"2025-01-31T11:30:53","guid":{"rendered":"https:\/\/snoeck.process-vision.de\/shop\/ika-huber-coelin\/"},"modified":"2025-04-01T15:21:17","modified_gmt":"2025-04-01T15:21:17","slug":"ika-huber-coelin","status":"publish","type":"product","link":"https:\/\/snoeck.de\/es\/shop\/ika-huber-coelin\/","title":{"rendered":"Ika Huber: Coelin"},"content":{"rendered":"<h3>Belleza<\/h3>\n<p>En su texto, Rudi Fuchs aborda con cuidado y precisi\u00f3n las nuevas obras del artista, que naci\u00f3 en Friburgo en 1953 y vive all\u00ed. El volumen \"Coelin\", nombre del color azul especial que utiliza en sus obras, permite naturalmente echar un vistazo tambi\u00e9n a obras m\u00e1s antiguas de car\u00e1cter m\u00e1s figurativo. De este modo, el libro hace visible la transici\u00f3n a la forma de abstracci\u00f3n propia de Ika Huber, c\u00f3mo la pincelada reconocible en el marr\u00f3n terroso, que sigue siendo figurativa, se desprende y se convierte en una forma libre. Esto lleva al ojo al movimiento de la pincelada, y Rudi Fuchs dice que si estos cuadros tuvieran voz, \"susurrar\u00edan\". Ika Huber tambi\u00e9n pone ese \"sonido\" sobre dibujos preliminares a la tiza, donde el flujo del pincel queda enmarcado y andamiajeado. Y, por supuesto, tambi\u00e9n se oye en las acuarelas. Rudi Fuchs concluye sus elogios a Ika Huber con un verso del exc\u00e9ntrico Thomas Lovell Beddoes: \"Un lago \/ Es un r\u00edo, enroscado y dormido como una serpiente\", volviendo as\u00ed una vez m\u00e1s al sentido del planteamiento de Ika Huber, que nos permite ver el cuadro desde el principio y reconocerlo a cada paso, logrando una intensidad que \u00e9l llama simplemente \"belleza\".<\/p>","protected":false},"excerpt":{"rendered":"<p>Con una introducci\u00f3n de Rudi Fuchs<br \/>\n128 p. con 98 ilustraciones en color<br \/>\nFormato 28 x 22 cm, tapa dura con sobrecubierta<\/p>","protected":false},"featured_media":5025,"template":"","meta":[],"product_brand":[],"product_cat":[117,65],"product_tag":[],"class_list":{"0":"post-3612","1":"product","2":"type-product","3":"status-publish","4":"has-post-thumbnail","6":"product_cat-117","7":"product_cat-h","9":"first","10":"instock","11":"taxable","12":"shipping-taxable","13":"purchasable","14":"product-type-simple"},"aioseo_notices":[],"_wp_attached_file":null,"_wp_attachment_metadata":null,"_wc_attachment_source":null,"_elementor_inline_svg":null,"_elementor_is_screenshot":null,"_elementor_source_image_hash":null,"_source_url":null,"_wp_attachment_context":null,"_menu_item_type":null,"_menu_item_menu_item_parent":null,"_menu_item_object_id":null,"_menu_item_object":null,"_menu_item_target":null,"_menu_item_classes":null,"_menu_item_xfn":null,"_menu_item_url":null,"__elementor_forms_snapshot":null,"_unit":"","_unit_base":"","_unit_product":"","_unit_price_auto":"no","_unit_price_regular":"","_unit_price":"","_unit_price_sale":"","_sale_price_label":"","_sale_price_regular_label":"","_manufacturer_slug":"","_mini_desc":"","_defect_description":"","_safety_instructions":"","_allergen_ids":[],"_warranty_attachment_id":"","_safety_attachment_ids":[],"_min_age":"","_ts_gtin":"","_ts_mpn":"","_delivery_time_countries":[],"_free_shipping":"no","_service":"no","_photovoltaic_system":"no","_used_good":"no","_defective_copy":"no","_wireless_electronic_device":"no","_device_contains_power_supply":"no","_device_charging_supports_usb_pd":"no","_device_charging_watt_min":"0","_device_charging_watt_max":"0","_is_food":"no","_differential_taxation":"no","_gzd_version":"3.18.7","_hs_code":"","_customs_description":"","_manufacture_country":"0","_is_non_returnable":"no","_shipping_length":"","_shipping_width":"","_shipping_height":"","_sku":"ISBN 978-3-936859-74-4","_global_unique_id":"978-3-936859-74-4","_regular_price":"34","total_sales":"0","_tax_status":"taxable","_tax_class":"","_manage_stock":"no","_backorders":"no","_sold_individually":"no","_weight":"1","_virtual":"no","_downloadable":"no","_download_limit":"-1","_download_expiry":"-1","_stock":"","_stock_status":"instock","_wc_average_rating":"0","_wc_review_count":"0","_product_version":"9.7.1","_price":"34","shopengine_product_views_count":"2751","_thumbnail_id":"5025","_product_attributes":{"erscheinungsdatum":{"name":"Fecha de publicaci\u00f3n","value":"15.10.2007","position":0,"is_visible":1,"is_variation":0,"is_taxonomy":0,"checkout_visible":0}},"_nutrient_ids":[],"_upsell_ids":null,"pswc_subtitle":null,"_default_delivery_time":null,"_wp_desired_post_slug":null,"_isbn":null,"pageType":null,"isExternalUrl":null,"pageId":null,"externalUrl":null,"hideCookieBanner":null,"isTargetBlank":null,"isProviderCurrentWebsite":null,"isEmbeddingOnlyExternalResources":null,"legalBasis":null,"dataProcessingInCountries":null,"dataProcessingInCountriesSpecialTreatments":null,"technicalDefinitions":null,"googleConsentModeConsentTypes":null,"executePriority":null,"executeCodeOptInWhenNoTagManagerConsentIsGiven":null,"executeCodeOptOutWhenNoTagManagerConsentIsGiven":null,"deleteTechnicalDefinitionsAfterOptOut":null,"presetId":null,"presetVersion":null,"provider":null,"providerContactPhone":null,"providerContactEmail":null,"providerContactLink":null,"uniqueName":null,"providerPrivacyPolicyUrl":null,"providerLegalNoticeUrl":null,"codeOptIn":null,"codeOptOut":null,"codeOnPageLoad":null,"language_code":null,"shopengine_template__post_meta__type":null,"shopengine_template__post_meta":null,"shopengine_template__post_meta__edit_with":null,"origin":null,"_enabled":null,"_filters":null,"_layout":null,"_elementor_import_session_id":null,"_wp_trash_meta_status":null,"_wp_trash_meta_time":null,"_edit_lock":"1743520738:2","_elementor_floating_elements_type":null,"_elementor_edit_mode":null,"_elementor_template_type":null,"tc-thumb-fld":{"_thumb_id":5025,"_thumb_type":"thumb"},"_wp_page_template":"default","_elementor_version":null,"_elementor_pro_version":null,"_elementor_page_settings":null,"_elementor_data":null,"_elementor_conditions":null,"_elementor_popup_display_settings":null,"_edit_last":"2","_elementor_template_sub_type":null,"_elementor_controls_usage":null,"_elementor_screenshot":null,"_elementor_css":null,"_elementor_page_assets":[],"_elementor_element_cache":null,"_elementor_screenshot_failed":null,"_elementor_source":null,"_wp_old_date":null,"layout_key":"","post_slider_check_key":"0","_links":{"self":[{"href":"https:\/\/snoeck.de\/es\/wp-json\/wp\/v2\/product\/3612","targetHints":{"allow":["GET"]}}],"collection":[{"href":"https:\/\/snoeck.de\/es\/wp-json\/wp\/v2\/product"}],"about":[{"href":"https:\/\/snoeck.de\/es\/wp-json\/wp\/v2\/types\/product"}],"wp:featuredmedia":[{"embeddable":true,"href":"https:\/\/snoeck.de\/es\/wp-json\/wp\/v2\/media\/5025"}],"wp:attachment":[{"href":"https:\/\/snoeck.de\/es\/wp-json\/wp\/v2\/media?parent=3612"}],"wp:term":[{"taxonomy":"product_brand","embeddable":true,"href":"https:\/\/snoeck.de\/es\/wp-json\/wp\/v2\/product_brand?post=3612"},{"taxonomy":"product_cat","embeddable":true,"href":"https:\/\/snoeck.de\/es\/wp-json\/wp\/v2\/product_cat?post=3612"},{"taxonomy":"product_tag","embeddable":true,"href":"https:\/\/snoeck.de\/es\/wp-json\/wp\/v2\/product_tag?post=3612"}],"curies":[{"name":"wp","href":"https:\/\/api.w.org\/{rel}","templated":true}]}}