{"id":3613,"date":"2025-01-31T11:30:54","date_gmt":"2025-01-31T11:30:54","guid":{"rendered":"https:\/\/snoeck.process-vision.de\/shop\/hyper-a-journey-into-art-and-music\/"},"modified":"2025-04-01T15:07:34","modified_gmt":"2025-04-01T15:07:34","slug":"hyper-a-journey-into-art-and-music","status":"publish","type":"product","link":"https:\/\/snoeck.de\/es\/shop\/hyper-a-journey-into-art-and-music\/","title":{"rendered":"\u00a1H\u00cdPER! Un viaje por el arte y la m\u00fasica"},"content":{"rendered":"<h3>Sonido, visi\u00f3n, cine y un piano destruido<\/h3>\n<p>\u00bfQu\u00e9 ocurre cuando los m\u00fasicos se orientan por ideas y estrategias del mundo del arte? \u00bfY qu\u00e9 tipo de im\u00e1genes se crean cuando los pintores se dejan influir por la m\u00fasica? \u00a1Interesarse por la vida de los dem\u00e1s, perseguir lo desconocido, copiarlo, incorporarlo a la propia obra y utilizarlo -en resumen, el cruce entre los mundos de la m\u00fasica y las artes visuales- es lo que propone la exposici\u00f3n comisariada por el ex redactor jefe de Spex y Electronic Beats, Max Dax, y el cat\u00e1logo HYPER! UN VIAJE POR EL ARTE Y LA M\u00daSICA. En \u00e9l se re\u00fanen cl\u00e1sicos como la rompedora portada del \u00e1lbum de Peter Saville para la obra maestra de New Order \"Power, Corruption and Lies\" de 1983, las im\u00e1genes narrativas-minimalistas de Emil Schult que sirvieron de base para la portada de \"Autobahn\" de Kraftwerk de 1974 y la c\u00e9lebre instalaci\u00f3n en 3D de Cyprien Gaillard \"Night Life\" de 2015. Tambi\u00e9n se explora la influencia de Richard Wagner en la obra del artista de performance Christoph Schlingensief, fallecido en 2010, as\u00ed como la \u00f3pera por minutos compuesta especialmente por Alexander Kluge. Las influencias rec\u00edprocas entre m\u00fasica y arte se iluminan con los ejemplos de Albert Oehlen y Scooter, Thomas Scheibitz y los Melvins, as\u00ed como Daniel Blumberg o las obras fotogr\u00e1ficas y de v\u00eddeo de Andrea Stappert, Sven Marquardt y Andreas Gursky; las obras de The KLF, Mark Leckey y Bettina Pousttchi ampl\u00edan el enfoque hacia el documental. La narrativa del libro se sostiene gracias a un gran n\u00famero de entrevistas de fondo que Max Dax ha realizado a los protagonistas de HYPER! a lo largo de los \u00faltimos 30 a\u00f1os.<br \/>\nLa exposici\u00f3n HYPER! en el Deichtorhallen Hamburg ir\u00e1 acompa\u00f1ada de presentaciones musicales de Rosemarie Trockel y Thea Djordjaze, Hans Ulrich Obrist y Albert Oehlen, entre otros, como parte del \"Festival Internacional de M\u00fasica de Hamburgo\" (del 27 de abril al 29 de mayo de 2019) en la Elbphilharmonie. En total, m\u00e1s de 40 artistas y m\u00fasicos internacionales participan en este programa a caballo entre el arte y la m\u00fasica.<\/p>\n<p>Entrevistado:<br \/>\nKim Gordon, Alexander Kluge, Mark Leckey, Sven Marquardt, Michaela Meli\u00e1n, Olaf Nicolai, Albert Oehlen, Bettina Pousttchi, Daniel Richter, Peter Saville, Thomas Scheibitz, Bettina Scholz, Andrea Stappert, Britta Thie y muchos m\u00e1s.<\/p>\n<p>Exposici\u00f3n:<br \/>\nDeichtorhallen Hamburg, 1\/3 - 11\/8\/2019<\/p>","protected":false},"excerpt":{"rendered":"<p>Cat\u00e1logo de la exposici\u00f3n, Deichtorhallen Hamburg, editado por Max Dax y Dirk Luckow<br \/>\nNumerosas entrevistas a artistas (en alem\u00e1n) realizadas por Max Dax, as\u00ed como una conversaci\u00f3n entre Hans Ulrich Obrist y Max Dax, prologada por Dirk Luckow.<br \/>\n288 p. con 650 ilustraciones en color<br \/>\nFormato 28 x 24 cm, tapa blanda<\/p>","protected":false},"featured_media":5026,"template":"","meta":[],"product_brand":[],"product_cat":[110,65,67,70],"product_tag":[],"class_list":{"0":"post-3613","1":"product","2":"type-product","3":"status-publish","4":"has-post-thumbnail","6":"product_cat-110","7":"product_cat-h","8":"product_cat-j","9":"product_cat-m","11":"first","12":"instock","13":"taxable","14":"shipping-taxable","15":"purchasable","16":"product-type-simple"},"aioseo_notices":[],"_wp_attached_file":null,"_wp_attachment_metadata":null,"_wc_attachment_source":null,"_elementor_inline_svg":null,"_elementor_is_screenshot":null,"_elementor_source_image_hash":null,"_source_url":null,"_wp_attachment_context":null,"_menu_item_type":null,"_menu_item_menu_item_parent":null,"_menu_item_object_id":null,"_menu_item_object":null,"_menu_item_target":null,"_menu_item_classes":null,"_menu_item_xfn":null,"_menu_item_url":null,"__elementor_forms_snapshot":null,"_unit":"","_unit_base":"","_unit_product":"","_unit_price_auto":"no","_unit_price_regular":"","_unit_price":"","_unit_price_sale":"","_sale_price_label":"","_sale_price_regular_label":"","_manufacturer_slug":"","_mini_desc":"","_defect_description":"","_safety_instructions":"","_allergen_ids":[],"_warranty_attachment_id":"","_safety_attachment_ids":[],"_min_age":"","_ts_gtin":"","_ts_mpn":"","_delivery_time_countries":[],"_free_shipping":"no","_service":"no","_photovoltaic_system":"no","_used_good":"no","_defective_copy":"no","_wireless_electronic_device":"no","_device_contains_power_supply":"no","_device_charging_supports_usb_pd":"no","_device_charging_watt_min":"0","_device_charging_watt_max":"0","_is_food":"no","_differential_taxation":"no","_gzd_version":"3.18.7","_hs_code":"","_customs_description":"","_manufacture_country":"0","_is_non_returnable":"no","_shipping_length":"","_shipping_width":"","_shipping_height":"","_sku":"ISBN 978-3-86442-283-6","_global_unique_id":"978-3-86442-283-6","_regular_price":"49.8","total_sales":"0","_tax_status":"taxable","_tax_class":"","_manage_stock":"no","_backorders":"no","_sold_individually":"no","_weight":"2","_virtual":"no","_downloadable":"no","_download_limit":"-1","_download_expiry":"-1","_stock":"","_stock_status":"instock","_wc_average_rating":"0","_wc_review_count":"0","_product_version":"9.7.1","_price":"49.8","shopengine_product_views_count":"3151","_thumbnail_id":"5026","_product_attributes":{"erscheinungsdatum":{"name":"Fecha de publicaci\u00f3n","value":"27.02.2019","position":0,"is_visible":1,"is_variation":0,"is_taxonomy":0,"checkout_visible":0}},"_nutrient_ids":[],"_upsell_ids":null,"pswc_subtitle":null,"_default_delivery_time":null,"_wp_desired_post_slug":null,"_isbn":null,"pageType":null,"isExternalUrl":null,"pageId":null,"externalUrl":null,"hideCookieBanner":null,"isTargetBlank":null,"isProviderCurrentWebsite":null,"isEmbeddingOnlyExternalResources":null,"legalBasis":null,"dataProcessingInCountries":null,"dataProcessingInCountriesSpecialTreatments":null,"technicalDefinitions":null,"googleConsentModeConsentTypes":null,"executePriority":null,"executeCodeOptInWhenNoTagManagerConsentIsGiven":null,"executeCodeOptOutWhenNoTagManagerConsentIsGiven":null,"deleteTechnicalDefinitionsAfterOptOut":null,"presetId":null,"presetVersion":null,"provider":null,"providerContactPhone":null,"providerContactEmail":null,"providerContactLink":null,"uniqueName":null,"providerPrivacyPolicyUrl":null,"providerLegalNoticeUrl":null,"codeOptIn":null,"codeOptOut":null,"codeOnPageLoad":null,"language_code":null,"shopengine_template__post_meta__type":null,"shopengine_template__post_meta":null,"shopengine_template__post_meta__edit_with":null,"origin":null,"_enabled":null,"_filters":null,"_layout":null,"_elementor_import_session_id":null,"_wp_trash_meta_status":null,"_wp_trash_meta_time":null,"_edit_lock":"1743608501:2","_elementor_floating_elements_type":null,"_elementor_edit_mode":null,"_elementor_template_type":null,"tc-thumb-fld":{"_thumb_id":5026,"_thumb_type":"thumb"},"_wp_page_template":"default","_elementor_version":null,"_elementor_pro_version":null,"_elementor_page_settings":null,"_elementor_data":null,"_elementor_conditions":null,"_elementor_popup_display_settings":null,"_edit_last":"2","_elementor_template_sub_type":null,"_elementor_controls_usage":null,"_elementor_screenshot":null,"_elementor_css":null,"_elementor_page_assets":[],"_elementor_element_cache":null,"_elementor_screenshot_failed":null,"_elementor_source":null,"_wp_old_date":null,"layout_key":"","post_slider_check_key":"0","_links":{"self":[{"href":"https:\/\/snoeck.de\/es\/wp-json\/wp\/v2\/product\/3613","targetHints":{"allow":["GET"]}}],"collection":[{"href":"https:\/\/snoeck.de\/es\/wp-json\/wp\/v2\/product"}],"about":[{"href":"https:\/\/snoeck.de\/es\/wp-json\/wp\/v2\/types\/product"}],"wp:featuredmedia":[{"embeddable":true,"href":"https:\/\/snoeck.de\/es\/wp-json\/wp\/v2\/media\/5026"}],"wp:attachment":[{"href":"https:\/\/snoeck.de\/es\/wp-json\/wp\/v2\/media?parent=3613"}],"wp:term":[{"taxonomy":"product_brand","embeddable":true,"href":"https:\/\/snoeck.de\/es\/wp-json\/wp\/v2\/product_brand?post=3613"},{"taxonomy":"product_cat","embeddable":true,"href":"https:\/\/snoeck.de\/es\/wp-json\/wp\/v2\/product_cat?post=3613"},{"taxonomy":"product_tag","embeddable":true,"href":"https:\/\/snoeck.de\/es\/wp-json\/wp\/v2\/product_tag?post=3613"}],"curies":[{"name":"wp","href":"https:\/\/api.w.org\/{rel}","templated":true}]}}