{"id":3614,"date":"2025-01-31T11:30:54","date_gmt":"2025-01-31T11:30:54","guid":{"rendered":"https:\/\/snoeck.process-vision.de\/shop\/i-hate-paul-klee\/"},"modified":"2025-04-01T14:33:00","modified_gmt":"2025-04-01T14:33:00","slug":"i-hate-paul-klee","status":"publish","type":"product","link":"https:\/\/snoeck.de\/es\/shop\/i-hate-paul-klee\/","title":{"rendered":"Odio a Paul Klee"},"content":{"rendered":"<h3>Obras sobre papel y libros de artista de la colecci\u00f3n Speck<\/h3>\n<p>Se trata de una colecci\u00f3n muy especial y extraordinaria que el m\u00e9dico, proustiano y homme de lettres de Colonia Reiner Speck ha reunido a lo largo de 40 a\u00f1os. El grupo de artistas reunidos es un qui\u00e9n es qui\u00e9n de la historiograf\u00eda del arte moderno y contempor\u00e1neo. Y sin embargo, a pesar de toda la admiraci\u00f3n del p\u00fablico por una colecci\u00f3n que parece respirar de forma tan constante el esp\u00edritu de una biblioteca, hay algo m\u00e1s que salta a la vista, un matiz que resulta extra\u00f1amente irritante, conmovedor y asombroso. Las obras sobre papel de Cy Twombly, con sus formatos m\u00e1s peque\u00f1os, son incre\u00edblemente espectaculares y densas, casi como si quisieran hacernos olvidar el vac\u00edo de los grandes lienzos. Las obras de Polke, F\u00f6rg, Herold, Kippenberger, Oehlen y Trockel tambi\u00e9n parecen la quintaesencia, sin llegar a ser pomposas. Por otra parte, Klossowski, hoy ampliamente representado, es uno de los pocos escritores de importancia que dibuja, junto a Proust -que figura con miniaturas de apenas diez cent\u00edmetros- y que, por supuesto, descubri\u00f3 el gran formato mucho antes que los fot\u00f3grafos para la disposici\u00f3n de sus finos dibujos a l\u00e1piz de color, sus obsesiones finamente er\u00f3ticas. As\u00ed pues, todo en esta colecci\u00f3n tiene su lugar, su sentido, y por ello el volumen que finalmente se ha realizado con este fin debe reclamar con raz\u00f3n el atributo del volumen m\u00e1s bello de la larga serie de monograf\u00edas de colecciones, desde la lograda maquetaci\u00f3n hasta las ilustraciones finamente impresas de obras como libros, desde el papel hasta los textos; ninguna de las otras publicaciones ha conseguido hasta ahora insuflar de tal manera el esp\u00edritu de esta colecci\u00f3n y dar validez a un movimiento hasta ahora bastante desafortunado de los \u00faltimos a\u00f1os: \u00a1La modernidad es nuestra antig\u00fcedad! \u00a1Este libro demuestra por qu\u00e9!<\/p>\n<p>Exposici\u00f3n:<br \/>\nLeopold-Hoesch-Museum D\u00fcren, 2\/10 - 20\/11\/2011<\/p>","protected":false},"excerpt":{"rendered":"<p>Cat\u00e1logo de la exposici\u00f3n, Leopold-Hoesch-Museum D\u00fcren, editado por Renate Goldmann<br \/>\nTextos (alem\u00e1n\/ingl\u00e9s) de Robert Fleck, Kay Heymer, Reiner Speck, Ulrich Ernst<br \/>\n248 p. con 350 ilustraciones en color<br \/>\nFormato 30 x 21,5 cm, folleto desplegable<\/p>","protected":false},"featured_media":5027,"template":"","meta":[],"product_brand":[],"product_cat":[107,65,66,68,73],"product_tag":[],"class_list":{"0":"post-3614","1":"product","2":"type-product","3":"status-publish","4":"has-post-thumbnail","6":"product_cat-107","7":"product_cat-h","8":"product_cat-i","9":"product_cat-k","10":"product_cat-p","12":"first","13":"instock","14":"taxable","15":"shipping-taxable","16":"purchasable","17":"product-type-simple"},"aioseo_notices":[],"_wp_attached_file":null,"_wp_attachment_metadata":null,"_wc_attachment_source":null,"_elementor_inline_svg":null,"_elementor_is_screenshot":null,"_elementor_source_image_hash":null,"_source_url":null,"_wp_attachment_context":null,"_menu_item_type":null,"_menu_item_menu_item_parent":null,"_menu_item_object_id":null,"_menu_item_object":null,"_menu_item_target":null,"_menu_item_classes":null,"_menu_item_xfn":null,"_menu_item_url":null,"__elementor_forms_snapshot":null,"_unit":"","_unit_base":"","_unit_product":"","_unit_price_auto":"no","_unit_price_regular":"","_unit_price":"","_unit_price_sale":"","_sale_price_label":"","_sale_price_regular_label":"","_manufacturer_slug":"","_mini_desc":"","_defect_description":"","_safety_instructions":"","_allergen_ids":[],"_warranty_attachment_id":"","_safety_attachment_ids":[],"_min_age":"","_ts_gtin":"","_ts_mpn":"","_delivery_time_countries":[],"_free_shipping":"no","_service":"no","_photovoltaic_system":"no","_used_good":"no","_defective_copy":"no","_wireless_electronic_device":"no","_device_contains_power_supply":"no","_device_charging_supports_usb_pd":"no","_device_charging_watt_min":"0","_device_charging_watt_max":"0","_is_food":"no","_differential_taxation":"no","_gzd_version":"3.18.7","_hs_code":"","_customs_description":"","_manufacture_country":"0","_is_non_returnable":"no","_shipping_length":"","_shipping_width":"","_shipping_height":"","_sku":"ISBN 978-3-940953-94-0","_global_unique_id":"978-3-940953-94-0","_regular_price":"58","total_sales":"0","_tax_status":"taxable","_tax_class":"","_manage_stock":"no","_backorders":"no","_sold_individually":"no","_weight":"2","_virtual":"no","_downloadable":"no","_download_limit":"-1","_download_expiry":"-1","_stock":"","_stock_status":"instock","_wc_average_rating":"0","_wc_review_count":"0","_product_version":"9.7.1","_price":"58","shopengine_product_views_count":"4045","_thumbnail_id":"5027","_product_attributes":{"erscheinungsdatum":{"name":"Fecha de publicaci\u00f3n","value":"02.10.2011","position":0,"is_visible":1,"is_variation":0,"is_taxonomy":0,"checkout_visible":0}},"_nutrient_ids":[],"_upsell_ids":null,"pswc_subtitle":null,"_default_delivery_time":null,"_wp_desired_post_slug":null,"_isbn":null,"pageType":null,"isExternalUrl":null,"pageId":null,"externalUrl":null,"hideCookieBanner":null,"isTargetBlank":null,"isProviderCurrentWebsite":null,"isEmbeddingOnlyExternalResources":null,"legalBasis":null,"dataProcessingInCountries":null,"dataProcessingInCountriesSpecialTreatments":null,"technicalDefinitions":null,"googleConsentModeConsentTypes":null,"executePriority":null,"executeCodeOptInWhenNoTagManagerConsentIsGiven":null,"executeCodeOptOutWhenNoTagManagerConsentIsGiven":null,"deleteTechnicalDefinitionsAfterOptOut":null,"presetId":null,"presetVersion":null,"provider":null,"providerContactPhone":null,"providerContactEmail":null,"providerContactLink":null,"uniqueName":null,"providerPrivacyPolicyUrl":null,"providerLegalNoticeUrl":null,"codeOptIn":null,"codeOptOut":null,"codeOnPageLoad":null,"language_code":null,"shopengine_template__post_meta__type":null,"shopengine_template__post_meta":null,"shopengine_template__post_meta__edit_with":null,"origin":null,"_enabled":null,"_filters":null,"_layout":null,"_elementor_import_session_id":null,"_wp_trash_meta_status":null,"_wp_trash_meta_time":null,"_edit_lock":"1743519736:2","_elementor_floating_elements_type":null,"_elementor_edit_mode":null,"_elementor_template_type":null,"tc-thumb-fld":{"_thumb_id":5027,"_thumb_type":"thumb"},"_wp_page_template":"default","_elementor_version":null,"_elementor_pro_version":null,"_elementor_page_settings":null,"_elementor_data":null,"_elementor_conditions":null,"_elementor_popup_display_settings":null,"_edit_last":"2","_elementor_template_sub_type":null,"_elementor_controls_usage":null,"_elementor_screenshot":null,"_elementor_css":null,"_elementor_page_assets":[],"_elementor_element_cache":null,"_elementor_screenshot_failed":null,"_elementor_source":null,"_wp_old_date":null,"layout_key":"","post_slider_check_key":"0","_links":{"self":[{"href":"https:\/\/snoeck.de\/es\/wp-json\/wp\/v2\/product\/3614","targetHints":{"allow":["GET"]}}],"collection":[{"href":"https:\/\/snoeck.de\/es\/wp-json\/wp\/v2\/product"}],"about":[{"href":"https:\/\/snoeck.de\/es\/wp-json\/wp\/v2\/types\/product"}],"wp:featuredmedia":[{"embeddable":true,"href":"https:\/\/snoeck.de\/es\/wp-json\/wp\/v2\/media\/5027"}],"wp:attachment":[{"href":"https:\/\/snoeck.de\/es\/wp-json\/wp\/v2\/media?parent=3614"}],"wp:term":[{"taxonomy":"product_brand","embeddable":true,"href":"https:\/\/snoeck.de\/es\/wp-json\/wp\/v2\/product_brand?post=3614"},{"taxonomy":"product_cat","embeddable":true,"href":"https:\/\/snoeck.de\/es\/wp-json\/wp\/v2\/product_cat?post=3614"},{"taxonomy":"product_tag","embeddable":true,"href":"https:\/\/snoeck.de\/es\/wp-json\/wp\/v2\/product_tag?post=3614"}],"curies":[{"name":"wp","href":"https:\/\/api.w.org\/{rel}","templated":true}]}}