{"id":3616,"date":"2025-01-31T11:30:55","date_gmt":"2025-01-31T11:30:55","guid":{"rendered":"https:\/\/snoeck.process-vision.de\/shop\/leiko-ikemura-momstars\/"},"modified":"2025-04-01T14:31:17","modified_gmt":"2025-04-01T14:31:17","slug":"leiko-ikemura-momstars","status":"publish","type":"product","link":"https:\/\/snoeck.de\/es\/shop\/leiko-ikemura-momstars\/","title":{"rendered":"Leiko Ikemura: Momstars"},"content":{"rendered":"<h3>MONSTER ... MOMS ... MOMSTERS ... \u00a1o m\u00e1s bien MOMSTARS!<\/h3>\n<p>Nacida en Tsu (Jap\u00f3n), Leiko Ikemura caus\u00f3 furor en la d\u00e9cada de 1980 con su expresiva y combativa imaginer\u00eda en el contexto del movimiento Neue Wilde. Hoy es internacionalmente famosa por sus chicas flotando en mundos intermedios y paisajes c\u00f3smicos con criaturas h\u00edbridas de cuento de hadas, como se puede ver en exposiciones en el Kunstmuseum de Basilea o el Centro Nacional de Arte de Tokio. En Jap\u00f3n se la celebra como una artista que ha ido tomando conciencia de sus or\u00edgenes culturales gracias a su inmersi\u00f3n constante en el arte occidental y ha encontrado una s\u00edntesis \u00fanica de ambas culturas. En el CFA Contemporary Fine Arts de Berl\u00edn, ocupa ahora las dos plantas de la galer\u00eda para mostrar obras de todos sus periodos creativos, hasta sus esculturas m\u00e1s recientes. Leiko Ikemura estudi\u00f3 inicialmente literatura en Osaka y Espa\u00f1a, antes de estudiar pintura en la Escuela Superior de Bellas Artes de Sevilla hacia 1973. Posteriormente vivi\u00f3 en Z\u00farich, a partir de los a\u00f1os 80 en Colonia y desde la ca\u00edda del Muro de Berl\u00edn tambi\u00e9n en Berl\u00edn, donde desde 1991 ocupa una c\u00e1tedra de pintura en la Universidad de las Artes. En su art\u00edculo, Ana\u00ebl Pigeat escribe que la artista sigue viviendo, como el gato que lleva dentro, en el lugar donde la historia se palpa en la calle, en la piel exterior de los muros y en el comportamiento de los transe\u00fantes. En una ciudad maleable y en constante transici\u00f3n, cuyas geograf\u00edas actuales no tienen nada que ver con las de su \u00e9poca de llegada. Una ciudad en la que la pol\u00edtica se ve en la calle, como en su obra: de una forma a otra.<\/p>\n<p>Exposici\u00f3n:<br \/>\nCFA Bellas Artes Contempor\u00e1neas de Berl\u00edn, 16\/3 - 20\/4\/2024<\/p>","protected":false},"excerpt":{"rendered":"<p>Cat\u00e1logo de la exposici\u00f3n, Contemporary Fine Arts CFA Berl\u00edn, editado por Bruno Brunnet y Nicole Hackert<br \/>\nTexto (franc\u00e9s\/alem\u00e1n\/ingl\u00e9s) de Ana\u00ebl Piaget<br \/>\n56 p. con 30 ilustraciones en color<br \/>\nFormato 28 x 20 cm, folleto con solapa de cart\u00f3n espejado con serigraf\u00eda<\/p>","protected":false},"featured_media":5029,"template":"","meta":[],"product_brand":[],"product_cat":[88,66],"product_tag":[],"class_list":{"0":"post-3616","1":"product","2":"type-product","3":"status-publish","4":"has-post-thumbnail","6":"product_cat-88","7":"product_cat-i","9":"first","10":"instock","11":"taxable","12":"shipping-taxable","13":"purchasable","14":"product-type-simple"},"aioseo_notices":[],"_wp_attached_file":null,"_wp_attachment_metadata":null,"_wc_attachment_source":null,"_elementor_inline_svg":null,"_elementor_is_screenshot":null,"_elementor_source_image_hash":null,"_source_url":null,"_wp_attachment_context":null,"_menu_item_type":null,"_menu_item_menu_item_parent":null,"_menu_item_object_id":null,"_menu_item_object":null,"_menu_item_target":null,"_menu_item_classes":null,"_menu_item_xfn":null,"_menu_item_url":null,"__elementor_forms_snapshot":null,"_unit":"","_unit_base":"","_unit_product":"","_unit_price_auto":"no","_unit_price_regular":"","_unit_price":"","_unit_price_sale":"","_sale_price_label":"","_sale_price_regular_label":"","_manufacturer_slug":"","_mini_desc":"","_defect_description":"","_safety_instructions":"","_allergen_ids":[],"_warranty_attachment_id":"","_safety_attachment_ids":[],"_min_age":"","_ts_gtin":"","_ts_mpn":"","_delivery_time_countries":[],"_free_shipping":"no","_service":"no","_photovoltaic_system":"no","_used_good":"no","_defective_copy":"no","_wireless_electronic_device":"no","_device_contains_power_supply":"no","_device_charging_supports_usb_pd":"no","_device_charging_watt_min":"0","_device_charging_watt_max":"0","_is_food":"no","_differential_taxation":"no","_gzd_version":"3.18.7","_hs_code":"","_customs_description":"","_manufacture_country":"0","_is_non_returnable":"no","_shipping_length":"","_shipping_width":"","_shipping_height":"","_sku":"ISBN 978-3-86442-435-9","_global_unique_id":"978-3-86442-435-9","_regular_price":"29.8","total_sales":"0","_tax_status":"taxable","_tax_class":"","_manage_stock":"no","_backorders":"no","_sold_individually":"no","_weight":"1","_virtual":"no","_downloadable":"no","_download_limit":"-1","_download_expiry":"-1","_stock":"","_stock_status":"instock","_wc_average_rating":"0","_wc_review_count":"0","_product_version":"9.7.1","_price":"29.8","shopengine_product_views_count":"2640","_thumbnail_id":"5029","_product_attributes":{"erscheinungsdatum":{"name":"Erscheinungsdatum","value":"13.03.2024","position":0,"is_visible":1,"is_variation":0,"is_taxonomy":0,"checkout_visible":0}},"_nutrient_ids":[],"_upsell_ids":null,"pswc_subtitle":null,"_default_delivery_time":null,"_wp_desired_post_slug":null,"_isbn":null,"pageType":null,"isExternalUrl":null,"pageId":null,"externalUrl":null,"hideCookieBanner":null,"isTargetBlank":null,"isProviderCurrentWebsite":null,"isEmbeddingOnlyExternalResources":null,"legalBasis":null,"dataProcessingInCountries":null,"dataProcessingInCountriesSpecialTreatments":null,"technicalDefinitions":null,"googleConsentModeConsentTypes":null,"executePriority":null,"executeCodeOptInWhenNoTagManagerConsentIsGiven":null,"executeCodeOptOutWhenNoTagManagerConsentIsGiven":null,"deleteTechnicalDefinitionsAfterOptOut":null,"presetId":null,"presetVersion":null,"provider":null,"providerContactPhone":null,"providerContactEmail":null,"providerContactLink":null,"uniqueName":null,"providerPrivacyPolicyUrl":null,"providerLegalNoticeUrl":null,"codeOptIn":null,"codeOptOut":null,"codeOnPageLoad":null,"language_code":null,"shopengine_template__post_meta__type":null,"shopengine_template__post_meta":null,"shopengine_template__post_meta__edit_with":null,"origin":null,"_enabled":null,"_filters":null,"_layout":null,"_elementor_import_session_id":null,"_wp_trash_meta_status":null,"_wp_trash_meta_time":null,"_edit_lock":"1743517738:2","_elementor_floating_elements_type":null,"_elementor_edit_mode":null,"_elementor_template_type":null,"tc-thumb-fld":{"_thumb_id":5029,"_thumb_type":"thumb"},"_wp_page_template":"default","_elementor_version":null,"_elementor_pro_version":null,"_elementor_page_settings":null,"_elementor_data":null,"_elementor_conditions":null,"_elementor_popup_display_settings":null,"_edit_last":"2","_elementor_template_sub_type":null,"_elementor_controls_usage":null,"_elementor_screenshot":null,"_elementor_css":null,"_elementor_page_assets":[],"_elementor_element_cache":null,"_elementor_screenshot_failed":null,"_elementor_source":null,"_wp_old_date":null,"layout_key":"","post_slider_check_key":"0","_links":{"self":[{"href":"https:\/\/snoeck.de\/es\/wp-json\/wp\/v2\/product\/3616","targetHints":{"allow":["GET"]}}],"collection":[{"href":"https:\/\/snoeck.de\/es\/wp-json\/wp\/v2\/product"}],"about":[{"href":"https:\/\/snoeck.de\/es\/wp-json\/wp\/v2\/types\/product"}],"wp:featuredmedia":[{"embeddable":true,"href":"https:\/\/snoeck.de\/es\/wp-json\/wp\/v2\/media\/5029"}],"wp:attachment":[{"href":"https:\/\/snoeck.de\/es\/wp-json\/wp\/v2\/media?parent=3616"}],"wp:term":[{"taxonomy":"product_brand","embeddable":true,"href":"https:\/\/snoeck.de\/es\/wp-json\/wp\/v2\/product_brand?post=3616"},{"taxonomy":"product_cat","embeddable":true,"href":"https:\/\/snoeck.de\/es\/wp-json\/wp\/v2\/product_cat?post=3616"},{"taxonomy":"product_tag","embeddable":true,"href":"https:\/\/snoeck.de\/es\/wp-json\/wp\/v2\/product_tag?post=3616"}],"curies":[{"name":"wp","href":"https:\/\/api.w.org\/{rel}","templated":true}]}}