{"id":3617,"date":"2025-01-31T11:30:56","date_gmt":"2025-01-31T11:30:56","guid":{"rendered":"https:\/\/snoeck.process-vision.de\/shop\/immer-anders-immer-gleich-ein-versuch-ueber-kunst-und-systeme\/"},"modified":"2025-04-01T14:22:21","modified_gmt":"2025-04-01T14:22:21","slug":"immer-anders-immer-gleich-ein-versuch-ueber-kunst-und-systeme","status":"publish","type":"product","link":"https:\/\/snoeck.de\/es\/shop\/immer-anders-immer-gleich-ein-versuch-ueber-kunst-und-systeme\/","title":{"rendered":"Siempre diferente, siempre igual. Ein Versuch \u00fcber Kunst und Systeme \/ Siempre diferentes, siempre iguales. Un ensayo sobre arte y sistemas"},"content":{"rendered":"<h3>\u00bfQu\u00e9 es m\u00ednimo?<\/h3>\n<p>En la d\u00e9cada de 1960, el inter\u00e9s del mundo del arte por los sistemas creci\u00f3 notablemente. Fue paralelo a la agitaci\u00f3n social y la cr\u00edtica fundamental del movimiento del 68. Desde la perspectiva actual, los avances tecnol\u00f3gicos fueron especialmente trascendentales. Desde la perspectiva actual, los avances tecnol\u00f3gicos fueron especialmente trascendentales. El desarrollo de la cibern\u00e9tica, las redes de comunicaci\u00f3n y los sistemas inform\u00e1ticos permitieron la creaci\u00f3n de redes de gran alcance y un potente procesamiento de datos, e hicieron del intercambio de informaci\u00f3n un importante factor social y econ\u00f3mico. La exposici\u00f3n y la publicaci\u00f3n examinan el arte de los a\u00f1os 60 y principios de los 70 desde la perspectiva del pensamiento sist\u00e9mico y lo entienden como cr\u00edtica de la comunicaci\u00f3n y los sistemas. Las obras del Arte M\u00ednimo y el Arte Conceptual, en particular, se ocupaban de los principios del sistema de comunicaci\u00f3n ling\u00fc\u00edstica y de la diferencia y la repetici\u00f3n. El simbolismo, la serialidad, la regularidad y la contextualizaci\u00f3n del entorno arquitect\u00f3nico e institucional eran otras caracter\u00edsticas importantes. Las obras adoptaban formalmente los principios del pensamiento sist\u00e9mico y los somet\u00edan a debate en t\u00e9rminos de contenido. Los espectadores deb\u00edan adoptar sus propios puntos de vista, tanto espacial como mentalmente, y se convert\u00edan as\u00ed en una parte decisiva de las obras. 50 a\u00f1os despu\u00e9s, el pensamiento sist\u00e9mico es m\u00e1s eficaz que nunca y se ha vuelto indispensable para comprender las sociedades industriales gracias a la digitalizaci\u00f3n. Los sistemas complejos interconectan conocimientos, analizan datos, controlan los flujos de informaci\u00f3n y determinan los procesos de toma de decisiones y de producci\u00f3n. Forman nuestro entorno, en el que luchamos sobre todo por la compatibilidad, disponibilidad y alcance de los sistemas. La exposici\u00f3n y la publicaci\u00f3n muestran obras representativas de los a\u00f1os 60 y 70, junto con arte contempor\u00e1neo, que abordan las cuestiones sist\u00e9micas actuales de la procesualidad, el tratamiento de datos, la distorsi\u00f3n de la informaci\u00f3n y la compatibilidad de los sistemas. Para estos artistas contempor\u00e1neos, los sistemas digitales y el software forman parte de sus herramientas tanto como los principios del pensamiento sist\u00e9mico. Ambos influyen y controlan sus decisiones formales y de contenido a la hora de crear obras. A menudo tematizan precisamente esta dependencia de sistemas y c\u00f3digos y hacen as\u00ed visibles sus modos de funcionamiento. El libro y la propia exposici\u00f3n \"Siempre diferentes, siempre iguales\" forman un sistema de referencia hist\u00f3rico-art\u00edstico abierto y establecen una variedad de referencias entre las distintas obras y d\u00e9cadas. De este modo, pueden experimentarse a trav\u00e9s de los sentidos importantes temas relativos a la relaci\u00f3n entre sujeto, objeto, percepci\u00f3n y entorno: siempre diferentes y, sin embargo, siempre iguales.<\/p>\n<p>Artistas:<br \/>\n\u00a1!Mediengruppe Bitnik, Carl Andre, Art &amp; Language, John Baldessari, Walead Beshty, Stanley Brouwn, Peter Buggenhout, Angela Bulloch, Hanne Darboven, Matias Faldbakken, Corsin Fontana, Wade Guyton, Bethan Huws, Iman Issa, Donald Judd, On Kawara, Yves Klein, Sol LeWitt, Piero Manzoni, Robert Morris, Charlotte Prodger, Ad Reinhardt, Michael Riedel, Robert Ryman, Jan Schoonhoven, Frank Stella, Sturtevant, R\u00e9my Zaugg<\/p>\n<p>Exposici\u00f3n:<br \/>\nB\u00fcndner Kunstmuseum Chur, 30\/6 - 11\/11\/2018<\/p>","protected":false},"excerpt":{"rendered":"<p>Cat\u00e1logo de la exposici\u00f3n, B\u00fcndner Kunstmuseum Chur, editado por Lynn Kost<br \/>\nTextos (alem\u00e1n\/ingl\u00e9s) de Walead Beshty, Francis Halsall, Lynn Kost, Stephan Kunz, Dieter Schwarz y un amplio glosario.<br \/>\n240 p. con 150 ilustraciones en color<br \/>\nFormato 27 x 21 cm, tapa blanda con sobrecubierta<\/p>","protected":false},"featured_media":5030,"template":"","meta":[],"product_brand":[],"product_cat":[111,58,62,64,66,75],"product_tag":[],"class_list":{"0":"post-3617","1":"product","2":"type-product","3":"status-publish","4":"has-post-thumbnail","6":"product_cat-111","7":"product_cat-a","8":"product_cat-e","9":"product_cat-g","10":"product_cat-i","11":"product_cat-r","13":"first","14":"instock","15":"taxable","16":"shipping-taxable","17":"purchasable","18":"product-type-simple"},"aioseo_notices":[],"_wp_attached_file":null,"_wp_attachment_metadata":null,"_wc_attachment_source":null,"_elementor_inline_svg":null,"_elementor_is_screenshot":null,"_elementor_source_image_hash":null,"_source_url":null,"_wp_attachment_context":null,"_menu_item_type":null,"_menu_item_menu_item_parent":null,"_menu_item_object_id":null,"_menu_item_object":null,"_menu_item_target":null,"_menu_item_classes":null,"_menu_item_xfn":null,"_menu_item_url":null,"__elementor_forms_snapshot":null,"_unit":"","_unit_base":"","_unit_product":"","_unit_price_auto":"no","_unit_price_regular":"","_unit_price":"","_unit_price_sale":"","_sale_price_label":"","_sale_price_regular_label":"","_manufacturer_slug":"","_mini_desc":"","_defect_description":"","_safety_instructions":"","_allergen_ids":[],"_warranty_attachment_id":"","_safety_attachment_ids":[],"_min_age":"","_ts_gtin":"","_ts_mpn":"","_delivery_time_countries":[],"_free_shipping":"no","_service":"no","_photovoltaic_system":"no","_used_good":"no","_defective_copy":"no","_wireless_electronic_device":"no","_device_contains_power_supply":"no","_device_charging_supports_usb_pd":"no","_device_charging_watt_min":"0","_device_charging_watt_max":"0","_is_food":"no","_differential_taxation":"no","_gzd_version":"3.18.7","_hs_code":"","_customs_description":"","_manufacture_country":"0","_is_non_returnable":"no","_shipping_length":"","_shipping_width":"","_shipping_height":"","_sku":"ISBN :978-3-86442-255-3","_global_unique_id":"978-3-86442-255-3","_regular_price":"48","total_sales":"0","_tax_status":"taxable","_tax_class":"","_manage_stock":"no","_backorders":"no","_sold_individually":"no","_weight":"2","_virtual":"no","_downloadable":"no","_download_limit":"-1","_download_expiry":"-1","_stock":"","_stock_status":"instock","_wc_average_rating":"0","_wc_review_count":"0","_product_version":"9.7.1","_price":"48","shopengine_product_views_count":"2882","_thumbnail_id":"5030","_product_attributes":{"erscheinungsdatum":{"name":"Fecha de publicaci\u00f3n","value":"18.10.2018","position":0,"is_visible":1,"is_variation":0,"is_taxonomy":0,"checkout_visible":0}},"_nutrient_ids":[],"_upsell_ids":null,"pswc_subtitle":null,"_default_delivery_time":null,"_wp_desired_post_slug":null,"_isbn":null,"pageType":null,"isExternalUrl":null,"pageId":null,"externalUrl":null,"hideCookieBanner":null,"isTargetBlank":null,"isProviderCurrentWebsite":null,"isEmbeddingOnlyExternalResources":null,"legalBasis":null,"dataProcessingInCountries":null,"dataProcessingInCountriesSpecialTreatments":null,"technicalDefinitions":null,"googleConsentModeConsentTypes":null,"executePriority":null,"executeCodeOptInWhenNoTagManagerConsentIsGiven":null,"executeCodeOptOutWhenNoTagManagerConsentIsGiven":null,"deleteTechnicalDefinitionsAfterOptOut":null,"presetId":null,"presetVersion":null,"provider":null,"providerContactPhone":null,"providerContactEmail":null,"providerContactLink":null,"uniqueName":null,"providerPrivacyPolicyUrl":null,"providerLegalNoticeUrl":null,"codeOptIn":null,"codeOptOut":null,"codeOnPageLoad":null,"language_code":null,"shopengine_template__post_meta__type":null,"shopengine_template__post_meta":null,"shopengine_template__post_meta__edit_with":null,"origin":null,"_enabled":null,"_filters":null,"_layout":null,"_elementor_import_session_id":null,"_wp_trash_meta_status":null,"_wp_trash_meta_time":null,"_edit_lock":"1743517202:2","_elementor_floating_elements_type":null,"_elementor_edit_mode":null,"_elementor_template_type":null,"tc-thumb-fld":{"_thumb_id":5030,"_thumb_type":"thumb"},"_wp_page_template":"default","_elementor_version":null,"_elementor_pro_version":null,"_elementor_page_settings":null,"_elementor_data":null,"_elementor_conditions":null,"_elementor_popup_display_settings":null,"_edit_last":"2","_elementor_template_sub_type":null,"_elementor_controls_usage":null,"_elementor_screenshot":null,"_elementor_css":null,"_elementor_page_assets":[],"_elementor_element_cache":null,"_elementor_screenshot_failed":null,"_elementor_source":null,"_wp_old_date":null,"layout_key":"","post_slider_check_key":"0","_links":{"self":[{"href":"https:\/\/snoeck.de\/es\/wp-json\/wp\/v2\/product\/3617","targetHints":{"allow":["GET"]}}],"collection":[{"href":"https:\/\/snoeck.de\/es\/wp-json\/wp\/v2\/product"}],"about":[{"href":"https:\/\/snoeck.de\/es\/wp-json\/wp\/v2\/types\/product"}],"wp:featuredmedia":[{"embeddable":true,"href":"https:\/\/snoeck.de\/es\/wp-json\/wp\/v2\/media\/5030"}],"wp:attachment":[{"href":"https:\/\/snoeck.de\/es\/wp-json\/wp\/v2\/media?parent=3617"}],"wp:term":[{"taxonomy":"product_brand","embeddable":true,"href":"https:\/\/snoeck.de\/es\/wp-json\/wp\/v2\/product_brand?post=3617"},{"taxonomy":"product_cat","embeddable":true,"href":"https:\/\/snoeck.de\/es\/wp-json\/wp\/v2\/product_cat?post=3617"},{"taxonomy":"product_tag","embeddable":true,"href":"https:\/\/snoeck.de\/es\/wp-json\/wp\/v2\/product_tag?post=3617"}],"curies":[{"name":"wp","href":"https:\/\/api.w.org\/{rel}","templated":true}]}}