{"id":3618,"date":"2025-01-31T11:30:56","date_gmt":"2025-01-31T11:30:56","guid":{"rendered":"https:\/\/snoeck.process-vision.de\/shop\/in-the-heart-of-another-country-erzaehlungen-aus-der-diaspora-werke-aus-der-sharjah-art-foundation-collection\/"},"modified":"2025-04-01T14:17:46","modified_gmt":"2025-04-01T14:17:46","slug":"in-the-heart-of-another-country-erzaehlungen-aus-der-diaspora-werke-aus-der-sharjah-art-foundation-collection","status":"publish","type":"product","link":"https:\/\/snoeck.de\/es\/shop\/in-the-heart-of-another-country-erzaehlungen-aus-der-diaspora-werke-aus-der-sharjah-art-foundation-collection\/","title":{"rendered":"En el coraz\u00f3n de otro pa\u00eds - Historias de la di\u00e1spora - Obras de la colecci\u00f3n de la Sharjah Art Foundation"},"content":{"rendered":"<h3>Historias de la di\u00e1spora<\/h3>\n<p>\"En el coraz\u00f3n de otro pa\u00eds\" explora el concepto de hogar como sentimiento de a\u00f1oranza y pertenencia para artistas de diversos grupos de la di\u00e1spora. La exposici\u00f3n y el libro est\u00e1n dedicados a la cuesti\u00f3n de c\u00f3mo el desplazamiento f\u00edsico -la movilidad a trav\u00e9s de las fronteras nacionales- configur\u00f3 las condiciones marco del arte contempor\u00e1neo internacional. En sus rutas migratorias, los artistas viajaron por el sur y el oeste de Asia, \u00c1frica y el Caribe. Hoy, la mayor\u00eda de ellos viven dispersos por todo el mundo y muy lejos de los lugares a los que originalmente sent\u00edan que pertenec\u00edan. Con 150 obras de la colecci\u00f3n internacional de la Sharjah Art Foundation, EAU, \"En el coraz\u00f3n de otro pa\u00eds\" presenta el trabajo de m\u00e1s de 60 artistas de todas las disciplinas art\u00edsticas. Muchas de estas obras rara vez o nunca han sido expuestas fuera de su contexto original. Las obras expuestas van desde instalaciones reci\u00e9n restauradas a adquisiciones recientes vinculadas por una narrativa com\u00fan de pertenencia, a menudo con un tel\u00f3n de fondo de agitaci\u00f3n pol\u00edtica y conflicto social. \"En el coraz\u00f3n de otro pa\u00eds\" personifica el objetivo de la Sharjah Art Foundation de utilizar su colecci\u00f3n para mostrar un arte que postula las alianzas Este-Este y Sur-Sur, uni\u00e9ndolas en un punto de intersecci\u00f3n para crear una base f\u00e9rtil para una historia del arte polif\u00f3nica e inclusiva.<\/p>\n<p>Artistas:<br \/>\nBani Abidi, Sarah Abu Abdallah, Etel Adnan, Latif Al Ani, Khadim Ali, Halil Altindere, Minam Apang, Rasheed Araeen, Thuraya Al Baqsami, Shiraz Bayjoo, Semiha Berksoy, Huma Bhabha, Huguette Caland, CAMP, Tony Chakar, Saloua Raouda Choucair, Tiffany Chung, Monir Shahroudy Farmanfarmaian, Simone Fattal, Marcos Grigorian, Abbas Habiballa, Joana Hadjithomas &amp; Khalil Joreige, Rokni Haerizadeh, Taloi Havini, Susan Hefuna, Adam Henein, Lubaina Himid, Emily Jacir, Hayv Kahraman, Ali Kazim, Amal Kenawy, Aisha Khalid, Anuar Khalifi, David Koloane, Farideh Lashai, Tala Madani, Taus Makhacheva, Jumana Manna, Marwan, Ibrahim Massouda, Ahmed Mater, Ahmed Morsi, Fateh Moudarres, Michael Rakowitz, Marwan Rechmaoui, Ibrahim El-Salahi, Mohan Samant, Hrair Sarkissian, Hassan Sharif, Wael Shawky, Anwar Jalal Shemza, Ahmed Shibrain, Shahzia Sikander, Rayyane Tabet, Richard Lokiden Wani, Nari Ward, Lionel Wendt, Kamal Youssef, Akram Zaatari<\/p>\n<p>Exposici\u00f3n:<br \/>\nDeichtorhallen Hamburg, 28\/10\/2022 - 14\/3\/2023<\/p>\n<p>&nbsp;<\/p>","protected":false},"excerpt":{"rendered":"<p>Cat\u00e1logo de la exposici\u00f3n, Deichtorhallen Hamburg, Sharjah Art Foundation, editado por Omar Kholeif<br \/>\nTextos (alem\u00e1n\/ingl\u00e9s) de Omar Kholeif, pr\u00f3logo de Dirk Luckow, Hoor Al Qasimi, ep\u00edlogo de Nawar Al Qassimi, conversaci\u00f3n de Sofia Victorino con Bani Abidi, Lubaina Himid, Hrair Sarkissian<br \/>\n320 p. con 235 ilustraciones en color<br \/>\nFormato 24 x 21 cm, tapa dura con marcador de cinta<\/p>","protected":false},"featured_media":5031,"template":"","meta":[],"product_brand":[],"product_cat":[86,58,60,65,66],"product_tag":[],"class_list":{"0":"post-3618","1":"product","2":"type-product","3":"status-publish","4":"has-post-thumbnail","6":"product_cat-86","7":"product_cat-a","8":"product_cat-c","9":"product_cat-h","10":"product_cat-i","12":"first","13":"instock","14":"taxable","15":"shipping-taxable","16":"purchasable","17":"product-type-simple"},"aioseo_notices":[],"_wp_attached_file":null,"_wp_attachment_metadata":null,"_wc_attachment_source":null,"_elementor_inline_svg":null,"_elementor_is_screenshot":null,"_elementor_source_image_hash":null,"_source_url":null,"_wp_attachment_context":null,"_menu_item_type":null,"_menu_item_menu_item_parent":null,"_menu_item_object_id":null,"_menu_item_object":null,"_menu_item_target":null,"_menu_item_classes":null,"_menu_item_xfn":null,"_menu_item_url":null,"__elementor_forms_snapshot":null,"_unit":"","_unit_base":"","_unit_product":"","_unit_price_auto":"no","_unit_price_regular":"","_unit_price":"","_unit_price_sale":"","_sale_price_label":"","_sale_price_regular_label":"","_manufacturer_slug":"","_mini_desc":"","_defect_description":"","_safety_instructions":"","_allergen_ids":[],"_warranty_attachment_id":"","_safety_attachment_ids":[],"_min_age":"","_ts_gtin":"","_ts_mpn":"","_delivery_time_countries":[],"_free_shipping":"no","_service":"no","_photovoltaic_system":"no","_used_good":"no","_defective_copy":"no","_wireless_electronic_device":"no","_device_contains_power_supply":"no","_device_charging_supports_usb_pd":"no","_device_charging_watt_min":"0","_device_charging_watt_max":"0","_is_food":"no","_differential_taxation":"no","_gzd_version":"3.18.7","_hs_code":"","_customs_description":"","_manufacture_country":"0","_is_non_returnable":"no","_shipping_length":"","_shipping_width":"","_shipping_height":"","_sku":"ISBN 978-3-86442-399-4","_global_unique_id":"978-3-86442-399-4","_regular_price":"58","total_sales":"0","_tax_status":"taxable","_tax_class":"","_manage_stock":"no","_backorders":"no","_sold_individually":"no","_weight":"2","_virtual":"no","_downloadable":"no","_download_limit":"-1","_download_expiry":"-1","_stock":"","_stock_status":"instock","_wc_average_rating":"0","_wc_review_count":"0","_product_version":"9.7.1","_price":"58","shopengine_product_views_count":"4019","_thumbnail_id":"5031","_product_attributes":{"erscheinungsdatum":{"name":"Fecha de publicaci\u00f3n","value":"30.10.2022","position":0,"is_visible":1,"is_variation":0,"is_taxonomy":0,"checkout_visible":0}},"_nutrient_ids":[],"_upsell_ids":null,"pswc_subtitle":null,"_default_delivery_time":null,"_wp_desired_post_slug":null,"_isbn":null,"pageType":null,"isExternalUrl":null,"pageId":null,"externalUrl":null,"hideCookieBanner":null,"isTargetBlank":null,"isProviderCurrentWebsite":null,"isEmbeddingOnlyExternalResources":null,"legalBasis":null,"dataProcessingInCountries":null,"dataProcessingInCountriesSpecialTreatments":null,"technicalDefinitions":null,"googleConsentModeConsentTypes":null,"executePriority":null,"executeCodeOptInWhenNoTagManagerConsentIsGiven":null,"executeCodeOptOutWhenNoTagManagerConsentIsGiven":null,"deleteTechnicalDefinitionsAfterOptOut":null,"presetId":null,"presetVersion":null,"provider":null,"providerContactPhone":null,"providerContactEmail":null,"providerContactLink":null,"uniqueName":null,"providerPrivacyPolicyUrl":null,"providerLegalNoticeUrl":null,"codeOptIn":null,"codeOptOut":null,"codeOnPageLoad":null,"language_code":null,"shopengine_template__post_meta__type":null,"shopengine_template__post_meta":null,"shopengine_template__post_meta__edit_with":null,"origin":null,"_enabled":null,"_filters":null,"_layout":null,"_elementor_import_session_id":null,"_wp_trash_meta_status":null,"_wp_trash_meta_time":null,"_edit_lock":"1743516928:2","_elementor_floating_elements_type":null,"_elementor_edit_mode":null,"_elementor_template_type":null,"tc-thumb-fld":{"_thumb_id":5031,"_thumb_type":"thumb"},"_wp_page_template":"default","_elementor_version":null,"_elementor_pro_version":null,"_elementor_page_settings":null,"_elementor_data":null,"_elementor_conditions":null,"_elementor_popup_display_settings":null,"_edit_last":"2","_elementor_template_sub_type":null,"_elementor_controls_usage":null,"_elementor_screenshot":null,"_elementor_css":null,"_elementor_page_assets":[],"_elementor_element_cache":null,"_elementor_screenshot_failed":null,"_elementor_source":null,"_wp_old_date":null,"layout_key":"","post_slider_check_key":"0","_links":{"self":[{"href":"https:\/\/snoeck.de\/es\/wp-json\/wp\/v2\/product\/3618","targetHints":{"allow":["GET"]}}],"collection":[{"href":"https:\/\/snoeck.de\/es\/wp-json\/wp\/v2\/product"}],"about":[{"href":"https:\/\/snoeck.de\/es\/wp-json\/wp\/v2\/types\/product"}],"wp:featuredmedia":[{"embeddable":true,"href":"https:\/\/snoeck.de\/es\/wp-json\/wp\/v2\/media\/5031"}],"wp:attachment":[{"href":"https:\/\/snoeck.de\/es\/wp-json\/wp\/v2\/media?parent=3618"}],"wp:term":[{"taxonomy":"product_brand","embeddable":true,"href":"https:\/\/snoeck.de\/es\/wp-json\/wp\/v2\/product_brand?post=3618"},{"taxonomy":"product_cat","embeddable":true,"href":"https:\/\/snoeck.de\/es\/wp-json\/wp\/v2\/product_cat?post=3618"},{"taxonomy":"product_tag","embeddable":true,"href":"https:\/\/snoeck.de\/es\/wp-json\/wp\/v2\/product_tag?post=3618"}],"curies":[{"name":"wp","href":"https:\/\/api.w.org\/{rel}","templated":true}]}}