{"id":3619,"date":"2025-01-31T11:30:57","date_gmt":"2025-01-31T11:30:57","guid":{"rendered":"https:\/\/snoeck.process-vision.de\/shop\/jak-soul-blindness-fall-into-indescribable-scenes\/"},"modified":"2026-04-08T15:13:45","modified_gmt":"2026-04-08T14:13:45","slug":"jak-soul-blindness-fall-into-indescribable-scenes","status":"publish","type":"product","link":"https:\/\/snoeck.de\/es\/shop\/jak-soul-blindness-fall-into-indescribable-scenes\/","title":{"rendered":"JAK - SOUL BLINDNESS - caer en escenas indescriptibles"},"content":{"rendered":"<h3>JAK y la agnosia<\/h3>\n<p>En el vest\u00edbulo de Villa Merkel, un viejo tronco de \u00e1rbol de unos siete metros se eleva en el aire como una escultura, apoyado en una superficie inclinada, reflectante y de color verde brillante hecha de resina epoxi; un paisaje en una niebla soplante; objetos flotantes hechos de porcelana: son las escenas de un gui\u00f3n cinematogr\u00e1fico. Las obras son de JAK. Pero, \u00bfqui\u00e9n es JAK? \u00bfEst\u00e1 JAK ya metido en nuestras cabezas mientras leemos estas l\u00edneas? JAK lleva trabajando en la pel\u00edcula SOUL BLINDNESS desde 2013, y el proceso de desarrollo no se parece al de un proyecto cinematogr\u00e1fico \"normal\". De exposici\u00f3n en exposici\u00f3n, JAK sigue escribiendo la historia del guion de la pel\u00edcula, utilizando diversos medios como el dibujo, el texto, el v\u00eddeo, el sonido, la escultura, la pintura, la fotograf\u00eda y la instalaci\u00f3n. Esta pel\u00edcula de rodaje continuo describe c\u00f3mo su protagonista se enfrenta a la agnosia, una anomal\u00eda psicol\u00f3gica en la que ya no se pueden reconocer o asignar claramente los objetos y que, por tanto, tambi\u00e9n se conoce como \"ceguera del alma\". Curiosamente, JAK, autor y artista al mismo tiempo, y la agnosia como relaci\u00f3n \"perturbada\" con el mundo no pueden distinguirse claramente, de modo que los participantes y los niveles se cortocircuitan mutuamente y se hacen irreconocibles: JAK permanece en el anonimato, y la agnosia permanece en el reino de lo ilusorio, que se corresponde excelentemente con su estatus de enfermedad. Mientras tanto, las acciones cotidianas del gui\u00f3n se transforman en SOUL BLINDNESS o se concretan en escenograf\u00edas. JAK ya ha organizado tres exposiciones individuales en Stuttgart, Taip\u00e9i y Leonberg en el per\u00edodo previo a este complejo proyecto, mientras que la exposici\u00f3n en Villa Merkel tuvo su obertura en la Representaci\u00f3n del Estado de Baden-W\u00fcrttemberg en Bruselas en marzo de 2017. El libro ofrece una amplia visi\u00f3n de la obra de JAK, pero no proporciona ninguna informaci\u00f3n sobre qui\u00e9n es JAK en realidad.<\/p>\n<p>Exposici\u00f3n:<br \/>\nVilla Merkel, Galer\u00edas de la Ciudad de Esslingen, 18\/6 - 27\/8\/2017<\/p>","protected":false},"excerpt":{"rendered":"<p>Cat\u00e1logo de la exposici\u00f3n, Villa Merkel Esslingen, editado por Andreas Baur<br \/>\nTextos (alem\u00e1n\/ingl\u00e9s) de Andreas Baur, Sven Beckstette, Ulrike Pompe-Alama<br \/>\n140 p. con 78 ilustraciones en color y 15 l\u00e1minas barnizadas<br \/>\nFormato 28,7 x 20,5 cm, folleto desplegable<\/p>","protected":false},"featured_media":5032,"template":"","meta":[],"product_brand":[],"product_cat":[95],"product_tag":[],"class_list":{"0":"post-3619","1":"product","2":"type-product","3":"status-publish","4":"has-post-thumbnail","6":"product_cat-vergriffen","8":"first","9":"outofstock","10":"taxable","11":"shipping-taxable","12":"product-type-simple"},"aioseo_notices":[],"_wp_attached_file":null,"_wp_attachment_metadata":null,"_wc_attachment_source":null,"_elementor_inline_svg":null,"_elementor_is_screenshot":null,"_elementor_source_image_hash":null,"_source_url":null,"_wp_attachment_context":null,"_menu_item_type":null,"_menu_item_menu_item_parent":null,"_menu_item_object_id":null,"_menu_item_object":null,"_menu_item_target":null,"_menu_item_classes":null,"_menu_item_xfn":null,"_menu_item_url":null,"__elementor_forms_snapshot":null,"_unit":"","_unit_base":"","_unit_product":"","_unit_price_auto":"no","_unit_price_regular":"","_unit_price":"","_unit_price_sale":"","_sale_price_label":"","_sale_price_regular_label":"","_manufacturer_slug":"","_mini_desc":"","_defect_description":"","_safety_instructions":"","_allergen_ids":[],"_warranty_attachment_id":"","_safety_attachment_ids":[],"_min_age":"","_ts_gtin":"","_ts_mpn":"","_delivery_time_countries":[],"_free_shipping":"no","_service":"no","_photovoltaic_system":"no","_used_good":"no","_defective_copy":"no","_wireless_electronic_device":"no","_device_contains_power_supply":"no","_device_charging_supports_usb_pd":"no","_device_charging_watt_min":"0","_device_charging_watt_max":"0","_is_food":"no","_differential_taxation":"no","_gzd_version":"3.18.7","_hs_code":"","_customs_description":"","_manufacture_country":"0","_is_non_returnable":"no","_shipping_length":"","_shipping_width":"","_shipping_height":"","_sku":"ISBN 978-3-86442-222-5","_global_unique_id":"978-3-86442-222-5","_regular_price":null,"total_sales":"0","_tax_status":"taxable","_tax_class":"","_manage_stock":"no","_backorders":"no","_sold_individually":"no","_weight":"1","_virtual":"no","_downloadable":"no","_download_limit":"-1","_download_expiry":"-1","_stock":"","_stock_status":"outofstock","_wc_average_rating":"0","_wc_review_count":"0","_product_version":"10.1.4","_price":"","shopengine_product_views_count":"3502","_thumbnail_id":"5032","_product_attributes":{"erscheinungsdatum":{"name":"Fecha de publicaci\u00f3n","value":"22.02.2018","position":0,"is_visible":1,"is_variation":0,"is_taxonomy":0,"checkout_visible":0}},"_nutrient_ids":[],"_upsell_ids":null,"pswc_subtitle":null,"_default_delivery_time":null,"_wp_desired_post_slug":null,"_isbn":null,"pageType":null,"isExternalUrl":null,"pageId":null,"externalUrl":null,"hideCookieBanner":null,"isTargetBlank":null,"isProviderCurrentWebsite":null,"isEmbeddingOnlyExternalResources":null,"legalBasis":null,"dataProcessingInCountries":null,"dataProcessingInCountriesSpecialTreatments":null,"technicalDefinitions":null,"googleConsentModeConsentTypes":null,"executePriority":null,"executeCodeOptInWhenNoTagManagerConsentIsGiven":null,"executeCodeOptOutWhenNoTagManagerConsentIsGiven":null,"deleteTechnicalDefinitionsAfterOptOut":null,"presetId":null,"presetVersion":null,"provider":null,"providerContactPhone":null,"providerContactEmail":null,"providerContactLink":null,"uniqueName":null,"providerPrivacyPolicyUrl":null,"providerLegalNoticeUrl":null,"codeOptIn":null,"codeOptOut":null,"codeOnPageLoad":null,"language_code":null,"shopengine_template__post_meta__type":null,"shopengine_template__post_meta":null,"shopengine_template__post_meta__edit_with":null,"origin":null,"_enabled":null,"_filters":null,"_layout":null,"_elementor_import_session_id":null,"_wp_trash_meta_status":null,"_wp_trash_meta_time":null,"_edit_lock":"1743516806:2","_elementor_floating_elements_type":null,"_elementor_edit_mode":null,"_elementor_template_type":null,"tc-thumb-fld":{"_thumb_id":5032,"_thumb_type":"thumb"},"_wp_page_template":"default","_elementor_version":null,"_elementor_pro_version":null,"_elementor_page_settings":null,"_elementor_data":null,"_elementor_conditions":null,"_elementor_popup_display_settings":null,"_edit_last":"2","_elementor_template_sub_type":null,"_elementor_controls_usage":null,"_elementor_screenshot":null,"_elementor_css":null,"_elementor_page_assets":[],"_elementor_element_cache":null,"_elementor_screenshot_failed":null,"_elementor_source":null,"_wp_old_date":null,"layout_key":"","post_slider_check_key":"0","_links":{"self":[{"href":"https:\/\/snoeck.de\/es\/wp-json\/wp\/v2\/product\/3619","targetHints":{"allow":["GET"]}}],"collection":[{"href":"https:\/\/snoeck.de\/es\/wp-json\/wp\/v2\/product"}],"about":[{"href":"https:\/\/snoeck.de\/es\/wp-json\/wp\/v2\/types\/product"}],"wp:featuredmedia":[{"embeddable":true,"href":"https:\/\/snoeck.de\/es\/wp-json\/wp\/v2\/media\/5032"}],"wp:attachment":[{"href":"https:\/\/snoeck.de\/es\/wp-json\/wp\/v2\/media?parent=3619"}],"wp:term":[{"taxonomy":"product_brand","embeddable":true,"href":"https:\/\/snoeck.de\/es\/wp-json\/wp\/v2\/product_brand?post=3619"},{"taxonomy":"product_cat","embeddable":true,"href":"https:\/\/snoeck.de\/es\/wp-json\/wp\/v2\/product_cat?post=3619"},{"taxonomy":"product_tag","embeddable":true,"href":"https:\/\/snoeck.de\/es\/wp-json\/wp\/v2\/product_tag?post=3619"}],"curies":[{"name":"wp","href":"https:\/\/api.w.org\/{rel}","templated":true}]}}