{"id":3620,"date":"2025-01-31T11:30:58","date_gmt":"2025-01-31T11:30:58","guid":{"rendered":"https:\/\/snoeck.process-vision.de\/shop\/cuny-janssen-amami\/"},"modified":"2025-04-01T14:14:38","modified_gmt":"2025-04-01T14:14:38","slug":"cuny-janssen-amami","status":"publish","type":"product","link":"https:\/\/snoeck.de\/es\/shop\/cuny-janssen-amami\/","title":{"rendered":"Cuny Janssen: Amami"},"content":{"rendered":"<h3>Amami, un libro de fotos sobre la segunda mayor de las islas Ryukyu<\/h3>\n<p>Este a\u00f1o (2010), Cuny Janssen presenta dos libros muy especiales y t\u00e9cnicamente sofisticados: \"Amami\" y \"Turtle\". Despu\u00e9s de que la fot\u00f3grafa holandesa fuera incluida en el voluminoso \"The Photobook History: Volume II\" de Martin Parr con su primer libro, r\u00e1pidamente podr\u00edan convertirse en codiciados objetos de coleccionista debido a su edici\u00f3n limitada (1.000 ejemplares).<br \/>\nCuny Janssen siempre busca formas inusuales de presentaci\u00f3n para situar sus libros en una relaci\u00f3n espec\u00edfica con el paisaje respectivo y los retratos de sus protagonistas, que suelen ser ni\u00f1os. \u00c9ste es tambi\u00e9n el caso de Amami, un libro de fotos sobre la segunda m\u00e1s grande de las islas Riukiu del mismo nombre, situada frente a la costa de una de las cuatro islas principales de Jap\u00f3n, Kiuschu. Situada en el Mar de China Oriental y hogar de 7.000 habitantes en una superficie de unos 70 kil\u00f3metros cuadrados, la isla se caracteriza por una vegetaci\u00f3n costera salvaje y de aspecto agreste, aunque el clima subtropical, con una media anual de 21 grados, permite dos cosechas al a\u00f1o. Los retratos de escolares reunidos en grandes desplegables centrales transmiten la impresi\u00f3n de una arraigada seriedad, fruto quiz\u00e1 de la constante amenaza que supone una naturaleza que nunca podr\u00e1 ser domada.<\/p>\n<p>Exposici\u00f3n:<br \/>\nDe Pont, Museo de Arte Contempor\u00e1neo de Tilburg, 20\/03\/2010 - 23\/05\/2010<\/p>","protected":false},"excerpt":{"rendered":"<p>Seis textos (en ingl\u00e9s) de los ni\u00f1os retratados<br \/>\n126 p. con 100 ilustraciones en color en varias l\u00e1minas desplegables<br \/>\nFormato 21,5 x 27 cm, tapa dura gofrada<\/p>","protected":false},"featured_media":5390,"template":"","meta":[],"product_brand":[],"product_cat":[105,67],"product_tag":[],"class_list":{"0":"post-3620","1":"product","2":"type-product","3":"status-publish","4":"has-post-thumbnail","6":"product_cat-105","7":"product_cat-j","9":"first","10":"instock","11":"taxable","12":"shipping-taxable","13":"purchasable","14":"product-type-simple"},"aioseo_notices":[],"_wp_attached_file":null,"_wp_attachment_metadata":null,"_wc_attachment_source":null,"_elementor_inline_svg":null,"_elementor_is_screenshot":null,"_elementor_source_image_hash":null,"_source_url":null,"_wp_attachment_context":null,"_menu_item_type":null,"_menu_item_menu_item_parent":null,"_menu_item_object_id":null,"_menu_item_object":null,"_menu_item_target":null,"_menu_item_classes":null,"_menu_item_xfn":null,"_menu_item_url":null,"__elementor_forms_snapshot":null,"_unit":"","_unit_base":"","_unit_product":"","_unit_price_auto":"no","_unit_price_regular":"","_unit_price":"","_unit_price_sale":"","_sale_price_label":"","_sale_price_regular_label":"","_manufacturer_slug":"","_mini_desc":"","_defect_description":"","_safety_instructions":"","_allergen_ids":[],"_warranty_attachment_id":"","_safety_attachment_ids":[],"_min_age":"","_ts_gtin":"","_ts_mpn":"","_delivery_time_countries":[],"_free_shipping":"no","_service":"no","_photovoltaic_system":"no","_used_good":"no","_defective_copy":"no","_wireless_electronic_device":"no","_device_contains_power_supply":"no","_device_charging_supports_usb_pd":"no","_device_charging_watt_min":"0","_device_charging_watt_max":"0","_is_food":"no","_differential_taxation":"no","_gzd_version":"3.18.7","_hs_code":"","_customs_description":"","_manufacture_country":"0","_is_non_returnable":"no","_shipping_length":"","_shipping_width":"","_shipping_height":"","_sku":"ISBN 978-3-940953-29-2","_global_unique_id":"978-3-940953-29-2","_regular_price":"39.8","total_sales":"0","_tax_status":"taxable","_tax_class":"","_manage_stock":"no","_backorders":"no","_sold_individually":"no","_weight":"1","_virtual":"no","_downloadable":"no","_download_limit":"-1","_download_expiry":"-1","_stock":"","_stock_status":"instock","_wc_average_rating":"0","_wc_review_count":"0","_product_version":"9.7.1","_price":"39.8","shopengine_product_views_count":"2896","_thumbnail_id":"5390","_product_attributes":{"erscheinungsdatum":{"name":"Fecha de publicaci\u00f3n","value":"23.03.2010","position":0,"is_visible":1,"is_variation":0,"is_taxonomy":0,"checkout_visible":0}},"_nutrient_ids":[],"_upsell_ids":null,"pswc_subtitle":"","_default_delivery_time":null,"_wp_desired_post_slug":null,"_isbn":null,"pageType":null,"isExternalUrl":null,"pageId":null,"externalUrl":null,"hideCookieBanner":null,"isTargetBlank":null,"isProviderCurrentWebsite":null,"isEmbeddingOnlyExternalResources":null,"legalBasis":null,"dataProcessingInCountries":null,"dataProcessingInCountriesSpecialTreatments":null,"technicalDefinitions":null,"googleConsentModeConsentTypes":null,"executePriority":null,"executeCodeOptInWhenNoTagManagerConsentIsGiven":null,"executeCodeOptOutWhenNoTagManagerConsentIsGiven":null,"deleteTechnicalDefinitionsAfterOptOut":null,"presetId":null,"presetVersion":null,"provider":null,"providerContactPhone":null,"providerContactEmail":null,"providerContactLink":null,"uniqueName":null,"providerPrivacyPolicyUrl":null,"providerLegalNoticeUrl":null,"codeOptIn":null,"codeOptOut":null,"codeOnPageLoad":null,"language_code":null,"shopengine_template__post_meta__type":null,"shopengine_template__post_meta":null,"shopengine_template__post_meta__edit_with":null,"origin":null,"_enabled":null,"_filters":null,"_layout":null,"_elementor_import_session_id":null,"_wp_trash_meta_status":null,"_wp_trash_meta_time":null,"_edit_lock":"1743516739:2","_elementor_floating_elements_type":null,"_elementor_edit_mode":null,"_elementor_template_type":null,"tc-thumb-fld":{"_thumb_id":5390,"_thumb_type":"thumb"},"_wp_page_template":"default","_elementor_version":null,"_elementor_pro_version":null,"_elementor_page_settings":null,"_elementor_data":null,"_elementor_conditions":null,"_elementor_popup_display_settings":null,"_edit_last":"2","_elementor_template_sub_type":null,"_elementor_controls_usage":null,"_elementor_screenshot":null,"_elementor_css":null,"_elementor_page_assets":[],"_elementor_element_cache":null,"_elementor_screenshot_failed":null,"_elementor_source":null,"_wp_old_date":null,"layout_key":"","post_slider_check_key":"0","_links":{"self":[{"href":"https:\/\/snoeck.de\/es\/wp-json\/wp\/v2\/product\/3620","targetHints":{"allow":["GET"]}}],"collection":[{"href":"https:\/\/snoeck.de\/es\/wp-json\/wp\/v2\/product"}],"about":[{"href":"https:\/\/snoeck.de\/es\/wp-json\/wp\/v2\/types\/product"}],"wp:featuredmedia":[{"embeddable":true,"href":"https:\/\/snoeck.de\/es\/wp-json\/wp\/v2\/media\/5390"}],"wp:attachment":[{"href":"https:\/\/snoeck.de\/es\/wp-json\/wp\/v2\/media?parent=3620"}],"wp:term":[{"taxonomy":"product_brand","embeddable":true,"href":"https:\/\/snoeck.de\/es\/wp-json\/wp\/v2\/product_brand?post=3620"},{"taxonomy":"product_cat","embeddable":true,"href":"https:\/\/snoeck.de\/es\/wp-json\/wp\/v2\/product_cat?post=3620"},{"taxonomy":"product_tag","embeddable":true,"href":"https:\/\/snoeck.de\/es\/wp-json\/wp\/v2\/product_tag?post=3620"}],"curies":[{"name":"wp","href":"https:\/\/api.w.org\/{rel}","templated":true}]}}