{"id":3621,"date":"2025-01-31T11:30:58","date_gmt":"2025-01-31T11:30:58","guid":{"rendered":"https:\/\/snoeck.process-vision.de\/shop\/cuny-janssen-blu\/"},"modified":"2025-04-01T14:13:37","modified_gmt":"2025-04-01T14:13:37","slug":"cuny-janssen-blu","status":"publish","type":"product","link":"https:\/\/snoeck.de\/es\/shop\/cuny-janssen-blu\/","title":{"rendered":"Cuny Janssen: BLU"},"content":{"rendered":"<h3>As\u00ed que BLU<\/h3>\n<p>Cualquiera que haya estado alguna vez en N\u00e1poles queda cautivado por la belleza de esta ciudad: la vista desde el Museo Nazionale di Copodimonte sobre el golfo de N\u00e1poles, Capri e Ischia; el centro hist\u00f3rico con sus fortificaciones y calles serpenteantes; o el famoso Jard\u00edn Bot\u00e1nico. BLU, el nuevo proyecto de Cuny Janssen, para el que ahora presenta un libro tan encantadoramente bello como conmovedor, y que documenta sus viajes de abril de 2012 a octubre de 2013, tambi\u00e9n trata, por supuesto, de la luz, de los diferentes tonos de azul que simbolizan la experiencia sensual de esta moderna ciudad de millones de habitantes, que atrae a los visitantes desde la Edad Media. El azul del cielo all\u00ed, azzurro, turquesa, ultramarino, cobalto o a\u00f1il, ya sedujo a Goethe en marzo de 1787 para comentar que N\u00e1poles era la \"parte m\u00e1s agradable del viaje\". Y Cuny Janssen nos adentra en el mundo de los ni\u00f1os con sus fotograf\u00edas, que por supuesto tambi\u00e9n tratan de la belleza de tal lugar, como siempre hace en sus proyectos. Tambi\u00e9n en este libro aborda su tema desde fuera y busca una especie de estado psicol\u00f3gico en los retratos de los ni\u00f1os; por esta capacidad, Freddy Langer la declar\u00f3 \"la fot\u00f3grafa de ni\u00f1os m\u00e1s notable de nuestro tiempo\" en el \"Frankfurter Allgemeine Zeitung\" en 2010. El libro es, por tanto, inesperadamente inquietante, ya que no s\u00f3lo retrata a los ni\u00f1os y j\u00f3venes de la clase media italiana, sino que tambi\u00e9n nos presenta fotos de ni\u00f1os gitanos, cuyas vidas en guetos de pobreza e inmundicia son claramente visibles. Se crea as\u00ed un arco de suspense en la sempiterna imagen de esta impresionante ciudad, que tambi\u00e9n alberga una miseria humana dif\u00edcil de imaginar. Cuny Janssen tambi\u00e9n ha vivido esta experiencia, como cuenta a Gabriele Conrath-Scholl, la autora del libro. Durante su segunda sesi\u00f3n fotogr\u00e1fica de ni\u00f1os gitanos, \u00e9stos se acordaron de la fot\u00f3grafa y le preguntaron cu\u00e1ndo empezar\u00eda por fin la escuela para ellos tambi\u00e9n; hab\u00edan visto a Cuny Janssen como una trabajadora social que les fotografiaba para el comienzo de la escuela. As\u00ed se hace visible el dilema de toda fotograf\u00eda documental, de hecho, de todo viaje, y uno se ve inesperadamente envuelto por la empat\u00eda en el centro de este ins\u00f3lito libro fotogr\u00e1fico BLU.<\/p>","protected":false},"excerpt":{"rendered":"<p>Textos (en ingl\u00e9s) de Gabriele Conrath-Scholl y Patricia Pulles<br \/>\n104 p. con 80 ilustraciones en color<br \/>\nFormato 30 x 24,5 cm, tapa blanda con sobrecubierta de doble pliegue<\/p>","protected":false},"featured_media":5034,"template":"","meta":[],"product_brand":[],"product_cat":[102,67],"product_tag":[],"class_list":{"0":"post-3621","1":"product","2":"type-product","3":"status-publish","4":"has-post-thumbnail","6":"product_cat-102","7":"product_cat-j","9":"first","10":"instock","11":"taxable","12":"shipping-taxable","13":"purchasable","14":"product-type-simple"},"aioseo_notices":[],"_wp_attached_file":null,"_wp_attachment_metadata":null,"_wc_attachment_source":null,"_elementor_inline_svg":null,"_elementor_is_screenshot":null,"_elementor_source_image_hash":null,"_source_url":null,"_wp_attachment_context":null,"_menu_item_type":null,"_menu_item_menu_item_parent":null,"_menu_item_object_id":null,"_menu_item_object":null,"_menu_item_target":null,"_menu_item_classes":null,"_menu_item_xfn":null,"_menu_item_url":null,"__elementor_forms_snapshot":null,"_unit":"","_unit_base":"","_unit_product":"","_unit_price_auto":"no","_unit_price_regular":"","_unit_price":"","_unit_price_sale":"","_sale_price_label":"","_sale_price_regular_label":"","_manufacturer_slug":"","_mini_desc":"","_defect_description":"","_safety_instructions":"","_allergen_ids":[],"_warranty_attachment_id":"","_safety_attachment_ids":[],"_min_age":"","_ts_gtin":"","_ts_mpn":"","_delivery_time_countries":[],"_free_shipping":"no","_service":"no","_photovoltaic_system":"no","_used_good":"no","_defective_copy":"no","_wireless_electronic_device":"no","_device_contains_power_supply":"no","_device_charging_supports_usb_pd":"no","_device_charging_watt_min":"0","_device_charging_watt_max":"0","_is_food":"no","_differential_taxation":"no","_gzd_version":"3.18.7","_hs_code":"","_customs_description":"","_manufacture_country":"0","_is_non_returnable":"no","_shipping_length":"","_shipping_width":"","_shipping_height":"","_sku":"ISBN 978-3-86442-157-0","_global_unique_id":"978-3-86442-157-0","_regular_price":"58","total_sales":"0","_tax_status":"taxable","_tax_class":"","_manage_stock":"no","_backorders":"no","_sold_individually":"no","_weight":"1","_virtual":"no","_downloadable":"no","_download_limit":"-1","_download_expiry":"-1","_stock":"","_stock_status":"instock","_wc_average_rating":"0","_wc_review_count":"0","_product_version":"9.7.1","_price":"58","shopengine_product_views_count":"2947","_thumbnail_id":"5034","_product_attributes":{"erscheinungsdatum":{"name":"Fecha de publicaci\u00f3n","value":"19.10.2015","position":0,"is_visible":1,"is_variation":0,"is_taxonomy":0,"checkout_visible":0}},"_nutrient_ids":[],"_upsell_ids":null,"pswc_subtitle":null,"_default_delivery_time":null,"_wp_desired_post_slug":null,"_isbn":null,"pageType":null,"isExternalUrl":null,"pageId":null,"externalUrl":null,"hideCookieBanner":null,"isTargetBlank":null,"isProviderCurrentWebsite":null,"isEmbeddingOnlyExternalResources":null,"legalBasis":null,"dataProcessingInCountries":null,"dataProcessingInCountriesSpecialTreatments":null,"technicalDefinitions":null,"googleConsentModeConsentTypes":null,"executePriority":null,"executeCodeOptInWhenNoTagManagerConsentIsGiven":null,"executeCodeOptOutWhenNoTagManagerConsentIsGiven":null,"deleteTechnicalDefinitionsAfterOptOut":null,"presetId":null,"presetVersion":null,"provider":null,"providerContactPhone":null,"providerContactEmail":null,"providerContactLink":null,"uniqueName":null,"providerPrivacyPolicyUrl":null,"providerLegalNoticeUrl":null,"codeOptIn":null,"codeOptOut":null,"codeOnPageLoad":null,"language_code":null,"shopengine_template__post_meta__type":null,"shopengine_template__post_meta":null,"shopengine_template__post_meta__edit_with":null,"origin":null,"_enabled":null,"_filters":null,"_layout":null,"_elementor_import_session_id":null,"_wp_trash_meta_status":null,"_wp_trash_meta_time":null,"_edit_lock":"1743516678:2","_elementor_floating_elements_type":null,"_elementor_edit_mode":null,"_elementor_template_type":null,"tc-thumb-fld":{"_thumb_id":5034,"_thumb_type":"thumb"},"_wp_page_template":"default","_elementor_version":null,"_elementor_pro_version":null,"_elementor_page_settings":null,"_elementor_data":null,"_elementor_conditions":null,"_elementor_popup_display_settings":null,"_edit_last":"2","_elementor_template_sub_type":null,"_elementor_controls_usage":null,"_elementor_screenshot":null,"_elementor_css":null,"_elementor_page_assets":[],"_elementor_element_cache":null,"_elementor_screenshot_failed":null,"_elementor_source":null,"_wp_old_date":null,"layout_key":"","post_slider_check_key":"0","_links":{"self":[{"href":"https:\/\/snoeck.de\/es\/wp-json\/wp\/v2\/product\/3621","targetHints":{"allow":["GET"]}}],"collection":[{"href":"https:\/\/snoeck.de\/es\/wp-json\/wp\/v2\/product"}],"about":[{"href":"https:\/\/snoeck.de\/es\/wp-json\/wp\/v2\/types\/product"}],"wp:featuredmedia":[{"embeddable":true,"href":"https:\/\/snoeck.de\/es\/wp-json\/wp\/v2\/media\/5034"}],"wp:attachment":[{"href":"https:\/\/snoeck.de\/es\/wp-json\/wp\/v2\/media?parent=3621"}],"wp:term":[{"taxonomy":"product_brand","embeddable":true,"href":"https:\/\/snoeck.de\/es\/wp-json\/wp\/v2\/product_brand?post=3621"},{"taxonomy":"product_cat","embeddable":true,"href":"https:\/\/snoeck.de\/es\/wp-json\/wp\/v2\/product_cat?post=3621"},{"taxonomy":"product_tag","embeddable":true,"href":"https:\/\/snoeck.de\/es\/wp-json\/wp\/v2\/product_tag?post=3621"}],"curies":[{"name":"wp","href":"https:\/\/api.w.org\/{rel}","templated":true}]}}