{"id":3622,"date":"2025-01-31T11:30:59","date_gmt":"2025-01-31T11:30:59","guid":{"rendered":"https:\/\/snoeck.process-vision.de\/shop\/cuny-janssen-my-grandma-was-a-turtle\/"},"modified":"2025-04-01T14:12:21","modified_gmt":"2025-04-01T14:12:21","slug":"cuny-janssen-my-grandma-was-a-turtle","status":"publish","type":"product","link":"https:\/\/snoeck.de\/es\/shop\/cuny-janssen-my-grandma-was-a-turtle\/","title":{"rendered":"Cuny Janssen: Mi abuela era una tortuga"},"content":{"rendered":"<h3>Una colecci\u00f3n de motivos americanos<\/h3>\n<p>Este a\u00f1o (2010), Cuny Janssen presenta dos libros muy especiales y t\u00e9cnicamente sofisticados: \"Turtle\" y \"Amami\". Despu\u00e9s de que el primer libro del fot\u00f3grafo holand\u00e9s fuera incluido por Martin Parr en su voluminoso \"The Photobook History: Volume II\", podr\u00edan convertirse r\u00e1pidamente en codiciadas piezas de coleccionista debido a su edici\u00f3n limitada (1.000 ejemplares).<br \/>\n\"Mi abuela era una tortuga\" es una colecci\u00f3n de motivos americanos en particular, que culmina con im\u00e1genes de praderas a doble p\u00e1gina en las que aparece un n\u00famero considerable de bisontes. Tambi\u00e9n en este caso, la artista combina im\u00e1genes de paisajes con retratos de los habitantes, pero aqu\u00ed se preocupa menos por su yuxtaposici\u00f3n; m\u00e1s bien, las numerosas reproducciones fotogr\u00e1ficas pegadas a mano individualmente confieren al volumen un formato \u00fanico que, en el mejor de los casos, podr\u00eda compararse con los primeros \u00e1lbumes de fotos o revistas de im\u00e1genes de colecci\u00f3n:<br \/>\nEspuma, Museo de la Fotograf\u00eda, Amsterdam, 25\/03\/2010-02\/05\/2010<\/p>","protected":false},"excerpt":{"rendered":"<p>Textos (en ingl\u00e9s) de Paul Andriesse y Nicky Kay Michael<br \/>\n84 p\u00e1gs. con 85 ilustraciones en color, la mayor\u00eda pegadas a mano individualmente<br \/>\nFormato 32,6 x 24,3 cm, lino gofrado en la cubierta<\/p>","protected":false},"featured_media":5035,"template":"","meta":[],"product_brand":[],"product_cat":[105,67,90],"product_tag":[],"class_list":{"0":"post-3622","1":"product","2":"type-product","3":"status-publish","4":"has-post-thumbnail","6":"product_cat-105","7":"product_cat-j","8":"product_cat-rare-books","10":"first","11":"instock","12":"taxable","13":"shipping-taxable","14":"purchasable","15":"product-type-simple"},"aioseo_notices":[],"_wp_attached_file":null,"_wp_attachment_metadata":null,"_wc_attachment_source":null,"_elementor_inline_svg":null,"_elementor_is_screenshot":null,"_elementor_source_image_hash":null,"_source_url":null,"_wp_attachment_context":null,"_menu_item_type":null,"_menu_item_menu_item_parent":null,"_menu_item_object_id":null,"_menu_item_object":null,"_menu_item_target":null,"_menu_item_classes":null,"_menu_item_xfn":null,"_menu_item_url":null,"__elementor_forms_snapshot":null,"_unit":"","_unit_base":"","_unit_product":"","_unit_price_auto":"no","_unit_price_regular":"","_unit_price":"","_unit_price_sale":"","_sale_price_label":"","_sale_price_regular_label":"","_manufacturer_slug":"","_mini_desc":"","_defect_description":"","_safety_instructions":"","_allergen_ids":[],"_warranty_attachment_id":"","_safety_attachment_ids":[],"_min_age":"","_ts_gtin":"","_ts_mpn":"","_delivery_time_countries":[],"_free_shipping":"no","_service":"no","_photovoltaic_system":"no","_used_good":"no","_defective_copy":"no","_wireless_electronic_device":"no","_device_contains_power_supply":"no","_device_charging_supports_usb_pd":"no","_device_charging_watt_min":"0","_device_charging_watt_max":"0","_is_food":"no","_differential_taxation":"no","_gzd_version":"3.18.7","_hs_code":"","_customs_description":"","_manufacture_country":"0","_is_non_returnable":"no","_shipping_length":"","_shipping_width":"","_shipping_height":"","_sku":"ISBN 978-3-940953-30-8","_global_unique_id":"978-3-940953-30-8","_regular_price":"128","total_sales":"0","_tax_status":"taxable","_tax_class":"","_manage_stock":"no","_backorders":"no","_sold_individually":"no","_weight":"2","_virtual":"no","_downloadable":"no","_download_limit":"-1","_download_expiry":"-1","_stock":"","_stock_status":"instock","_wc_average_rating":"0","_wc_review_count":"0","_product_version":"9.7.1","_price":"128","shopengine_product_views_count":"3180","_thumbnail_id":"5035","_product_attributes":{"erscheinungsdatum":{"name":"Fecha de publicaci\u00f3n","value":"25.03.2010","position":0,"is_visible":1,"is_variation":0,"is_taxonomy":0,"checkout_visible":0}},"_nutrient_ids":[],"_upsell_ids":null,"pswc_subtitle":null,"_default_delivery_time":"","_wp_desired_post_slug":null,"_isbn":null,"pageType":null,"isExternalUrl":null,"pageId":null,"externalUrl":null,"hideCookieBanner":null,"isTargetBlank":null,"isProviderCurrentWebsite":null,"isEmbeddingOnlyExternalResources":null,"legalBasis":null,"dataProcessingInCountries":null,"dataProcessingInCountriesSpecialTreatments":null,"technicalDefinitions":null,"googleConsentModeConsentTypes":null,"executePriority":null,"executeCodeOptInWhenNoTagManagerConsentIsGiven":null,"executeCodeOptOutWhenNoTagManagerConsentIsGiven":null,"deleteTechnicalDefinitionsAfterOptOut":null,"presetId":null,"presetVersion":null,"provider":null,"providerContactPhone":null,"providerContactEmail":null,"providerContactLink":null,"uniqueName":null,"providerPrivacyPolicyUrl":null,"providerLegalNoticeUrl":null,"codeOptIn":null,"codeOptOut":null,"codeOnPageLoad":null,"language_code":null,"shopengine_template__post_meta__type":null,"shopengine_template__post_meta":null,"shopengine_template__post_meta__edit_with":null,"origin":null,"_enabled":null,"_filters":null,"_layout":null,"_elementor_import_session_id":null,"_wp_trash_meta_status":null,"_wp_trash_meta_time":null,"_edit_lock":"1743516609:2","_elementor_floating_elements_type":null,"_elementor_edit_mode":null,"_elementor_template_type":null,"tc-thumb-fld":{"_thumb_id":5035,"_thumb_type":"thumb"},"_wp_page_template":"default","_elementor_version":null,"_elementor_pro_version":null,"_elementor_page_settings":null,"_elementor_data":null,"_elementor_conditions":null,"_elementor_popup_display_settings":null,"_edit_last":"2","_elementor_template_sub_type":null,"_elementor_controls_usage":null,"_elementor_screenshot":null,"_elementor_css":null,"_elementor_page_assets":[],"_elementor_element_cache":null,"_elementor_screenshot_failed":null,"_elementor_source":null,"_wp_old_date":null,"layout_key":"","post_slider_check_key":"0","_links":{"self":[{"href":"https:\/\/snoeck.de\/es\/wp-json\/wp\/v2\/product\/3622","targetHints":{"allow":["GET"]}}],"collection":[{"href":"https:\/\/snoeck.de\/es\/wp-json\/wp\/v2\/product"}],"about":[{"href":"https:\/\/snoeck.de\/es\/wp-json\/wp\/v2\/types\/product"}],"wp:featuredmedia":[{"embeddable":true,"href":"https:\/\/snoeck.de\/es\/wp-json\/wp\/v2\/media\/5035"}],"wp:attachment":[{"href":"https:\/\/snoeck.de\/es\/wp-json\/wp\/v2\/media?parent=3622"}],"wp:term":[{"taxonomy":"product_brand","embeddable":true,"href":"https:\/\/snoeck.de\/es\/wp-json\/wp\/v2\/product_brand?post=3622"},{"taxonomy":"product_cat","embeddable":true,"href":"https:\/\/snoeck.de\/es\/wp-json\/wp\/v2\/product_cat?post=3622"},{"taxonomy":"product_tag","embeddable":true,"href":"https:\/\/snoeck.de\/es\/wp-json\/wp\/v2\/product_tag?post=3622"}],"curies":[{"name":"wp","href":"https:\/\/api.w.org\/{rel}","templated":true}]}}