{"id":3625,"date":"2025-01-31T11:31:00","date_gmt":"2025-01-31T11:31:00","guid":{"rendered":"https:\/\/snoeck.process-vision.de\/shop\/cuny-janssen-whatever-works\/"},"modified":"2025-04-01T14:10:02","modified_gmt":"2025-04-01T14:10:02","slug":"cuny-janssen-whatever-works","status":"publish","type":"product","link":"https:\/\/snoeck.de\/es\/shop\/cuny-janssen-whatever-works\/","title":{"rendered":"Cuny Janssen: Lo que funcione"},"content":{"rendered":"<h3>Viajar a la India hace 20 a\u00f1os<\/h3>\n<p>\"Hace veinte a\u00f1os empec\u00e9 a fotografiar ni\u00f1os por todo el mundo. Mi primer viaje me llev\u00f3 al sur de la India. Primero viv\u00ed en un centro eclesi\u00e1stico de mujeres en la ciudad de Chennai, en la provincia de Tamil Nadu, antigua Madr\u00e1s, y luego en Mugaiyur, un peque\u00f1o pueblo. Pas\u00e9 seis meses haciendo fotos y hablando con los residentes y los miembros de las familias que me hab\u00edan acogido como invitada. No s\u00f3lo yo ten\u00eda muchas preguntas, ellos tambi\u00e9n. Adem\u00e1s del tema de los ni\u00f1os, siempre se hablaba de amor. \"En su pa\u00eds no hay matrimonios concertados\", preguntaban muchos sorprendidos, ya que hablaba sobre todo con mujeres j\u00f3venes que, como yo, eran solteras. Cuando les preguntaba qu\u00e9 pensaban de casarse con un desconocido, sol\u00edan responder: \"Estoy lista, que venga. Si la copa est\u00e1 vac\u00eda, la llenaremos, si est\u00e1 sucia, la limpiaremos\". Todo lo que dec\u00edan, todo lo que ve\u00eda a mi alrededor, me sorprend\u00eda, alimentaba mis dudas, pero tambi\u00e9n me hac\u00eda admirar su valor y su fe. Sus matrimonios concertados eran un misterio para m\u00ed, pero tambi\u00e9n me fascinaban. Una de las formas de entenderlos mejor fue a trav\u00e9s de los retratos que hice. Fotografi\u00e9 a mujeres y hombres de distintas edades, a parejas comprometidas o prometidas y a matrimonios. Despu\u00e9s de veinte a\u00f1os, vuelvo a mirar estos retratos de parejas indias porque es ahora, tras 16 a\u00f1os de enfrentarme yo mismo a los retos de la vida matrimonial, cuando su contexto me resulta m\u00e1s familiar personalmente. La sociedad india est\u00e1 cambiando r\u00e1pidamente y la generaci\u00f3n m\u00e1s joven crece hoy entre los extremos de un mundo globalmente conectado y la tradici\u00f3n de sus abuelos. Si dependiera de los j\u00f3venes, la tradici\u00f3n india deber\u00eda ser sustituida por los ideales occidentales de amor y vida lo antes posible. Pero, \u00bfc\u00f3mo son realmente estos ideales? El matrimonio de mi hermano se divorci\u00f3 hace poco, despu\u00e9s de 25 a\u00f1os. Mis hijas est\u00e1n creciendo en \u00c1msterdam, y para su generaci\u00f3n parece bastante normal tener padres divorciados o separados y vivir en estructuras familiares complejas. Dado que los temas del amor y las relaciones llenan p\u00e1ginas de peri\u00f3dicos y revistas, est\u00e1 claro que a\u00fan no se ha dicho la \u00faltima palabra, por no hablar de lo complicado que resulta hoy en d\u00eda familiarizar a tus propias hijas con las cuestiones LGBT. Las conversaciones, la lectura y la experiencia personal me han ense\u00f1ado que las relaciones requieren mucho trabajo y comprensi\u00f3n y que cualquier tipo de relaci\u00f3n es o se convierte en un acuerdo. Creo que el amor y la vida tienen mucho en com\u00fan con la jardiner\u00eda, siempre es dif\u00edcil establecer reglas, pero el tiempo, la negligencia y el azar a menudo producen una belleza inesperada. El truco es simplemente reconocer la belleza y, cuando aparece, aprovecharla al m\u00e1ximo\". (Cuny Janssen en su texto)<\/p>","protected":false},"excerpt":{"rendered":"<p>Fotograf\u00eda y texto (eng.) de Cuny Janssen<br \/>\n72 p. con 54 ilustraciones en color<br \/>\nFormato 21 x 17 cm, tapa dura media tela<\/p>","protected":false},"featured_media":5038,"template":"","meta":[],"product_brand":[],"product_cat":[84,67],"product_tag":[],"class_list":{"0":"post-3625","1":"product","2":"type-product","3":"status-publish","4":"has-post-thumbnail","6":"product_cat-84","7":"product_cat-j","9":"first","10":"instock","11":"taxable","12":"shipping-taxable","13":"purchasable","14":"product-type-simple"},"aioseo_notices":[],"_wp_attached_file":null,"_wp_attachment_metadata":null,"_wc_attachment_source":null,"_elementor_inline_svg":null,"_elementor_is_screenshot":null,"_elementor_source_image_hash":null,"_source_url":null,"_wp_attachment_context":null,"_menu_item_type":null,"_menu_item_menu_item_parent":null,"_menu_item_object_id":null,"_menu_item_object":null,"_menu_item_target":null,"_menu_item_classes":null,"_menu_item_xfn":null,"_menu_item_url":null,"__elementor_forms_snapshot":null,"_unit":"","_unit_base":"","_unit_product":"","_unit_price_auto":"no","_unit_price_regular":"","_unit_price":"","_unit_price_sale":"","_sale_price_label":"","_sale_price_regular_label":"","_manufacturer_slug":"","_mini_desc":"","_defect_description":"","_safety_instructions":"","_allergen_ids":[],"_warranty_attachment_id":"","_safety_attachment_ids":[],"_min_age":"","_ts_gtin":"","_ts_mpn":"","_delivery_time_countries":[],"_free_shipping":"no","_service":"no","_photovoltaic_system":"no","_used_good":"no","_defective_copy":"no","_wireless_electronic_device":"no","_device_contains_power_supply":"no","_device_charging_supports_usb_pd":"no","_device_charging_watt_min":"0","_device_charging_watt_max":"0","_is_food":"no","_differential_taxation":"no","_gzd_version":"3.18.7","_hs_code":"","_customs_description":"","_manufacture_country":"0","_is_non_returnable":"no","_shipping_length":"","_shipping_width":"","_shipping_height":"","_sku":"ISBN 978-3-86442-331-4","_global_unique_id":"978-3-86442-331-4","_regular_price":"36","total_sales":"0","_tax_status":"taxable","_tax_class":"","_manage_stock":"no","_backorders":"no","_sold_individually":"no","_weight":"1","_virtual":"no","_downloadable":"no","_download_limit":"-1","_download_expiry":"-1","_stock":"","_stock_status":"instock","_wc_average_rating":"0","_wc_review_count":"0","_product_version":"9.7.1","_price":"36","shopengine_product_views_count":"3357","_thumbnail_id":"5038","_product_attributes":{"erscheinungsdatum":{"name":"Fecha de publicaci\u00f3n","value":"03.11.2020","position":0,"is_visible":1,"is_variation":0,"is_taxonomy":0,"checkout_visible":0}},"_nutrient_ids":[],"_upsell_ids":null,"pswc_subtitle":null,"_default_delivery_time":null,"_wp_desired_post_slug":null,"_isbn":null,"pageType":null,"isExternalUrl":null,"pageId":null,"externalUrl":null,"hideCookieBanner":null,"isTargetBlank":null,"isProviderCurrentWebsite":null,"isEmbeddingOnlyExternalResources":null,"legalBasis":null,"dataProcessingInCountries":null,"dataProcessingInCountriesSpecialTreatments":null,"technicalDefinitions":null,"googleConsentModeConsentTypes":null,"executePriority":null,"executeCodeOptInWhenNoTagManagerConsentIsGiven":null,"executeCodeOptOutWhenNoTagManagerConsentIsGiven":null,"deleteTechnicalDefinitionsAfterOptOut":null,"presetId":null,"presetVersion":null,"provider":null,"providerContactPhone":null,"providerContactEmail":null,"providerContactLink":null,"uniqueName":null,"providerPrivacyPolicyUrl":null,"providerLegalNoticeUrl":null,"codeOptIn":null,"codeOptOut":null,"codeOnPageLoad":null,"language_code":null,"shopengine_template__post_meta__type":null,"shopengine_template__post_meta":null,"shopengine_template__post_meta__edit_with":null,"origin":null,"_enabled":null,"_filters":null,"_layout":null,"_elementor_import_session_id":null,"_wp_trash_meta_status":null,"_wp_trash_meta_time":null,"_edit_lock":"1743516463:2","_elementor_floating_elements_type":null,"_elementor_edit_mode":null,"_elementor_template_type":null,"tc-thumb-fld":{"_thumb_id":5038,"_thumb_type":"thumb"},"_wp_page_template":"default","_elementor_version":null,"_elementor_pro_version":null,"_elementor_page_settings":null,"_elementor_data":null,"_elementor_conditions":null,"_elementor_popup_display_settings":null,"_edit_last":"2","_elementor_template_sub_type":null,"_elementor_controls_usage":null,"_elementor_screenshot":null,"_elementor_css":null,"_elementor_page_assets":[],"_elementor_element_cache":null,"_elementor_screenshot_failed":null,"_elementor_source":null,"_wp_old_date":null,"layout_key":"","post_slider_check_key":"0","_links":{"self":[{"href":"https:\/\/snoeck.de\/es\/wp-json\/wp\/v2\/product\/3625","targetHints":{"allow":["GET"]}}],"collection":[{"href":"https:\/\/snoeck.de\/es\/wp-json\/wp\/v2\/product"}],"about":[{"href":"https:\/\/snoeck.de\/es\/wp-json\/wp\/v2\/types\/product"}],"wp:featuredmedia":[{"embeddable":true,"href":"https:\/\/snoeck.de\/es\/wp-json\/wp\/v2\/media\/5038"}],"wp:attachment":[{"href":"https:\/\/snoeck.de\/es\/wp-json\/wp\/v2\/media?parent=3625"}],"wp:term":[{"taxonomy":"product_brand","embeddable":true,"href":"https:\/\/snoeck.de\/es\/wp-json\/wp\/v2\/product_brand?post=3625"},{"taxonomy":"product_cat","embeddable":true,"href":"https:\/\/snoeck.de\/es\/wp-json\/wp\/v2\/product_cat?post=3625"},{"taxonomy":"product_tag","embeddable":true,"href":"https:\/\/snoeck.de\/es\/wp-json\/wp\/v2\/product_tag?post=3625"}],"curies":[{"name":"wp","href":"https:\/\/api.w.org\/{rel}","templated":true}]}}