{"id":3626,"date":"2025-01-31T11:31:01","date_gmt":"2025-01-31T11:31:01","guid":{"rendered":"https:\/\/snoeck.process-vision.de\/shop\/cuny-janssen-yoshino\/"},"modified":"2025-04-01T14:07:05","modified_gmt":"2025-04-01T14:07:05","slug":"cuny-janssen-yoshino","status":"publish","type":"product","link":"https:\/\/snoeck.de\/es\/shop\/cuny-janssen-yoshino\/","title":{"rendered":"Cuny Janssen: Yoshino"},"content":{"rendered":"<h3>Desde ese d\u00eda,<\/h3>\n<p>Cuando vi las copas de los \u00e1rboles en flor en las monta\u00f1as de Yoshino, el coraz\u00f3n se me sali\u00f3 del cuerpo\", escribi\u00f3 el poeta japon\u00e9s Saigy\u00f5 en el siglo XII. Y, en efecto, las laderas de las monta\u00f1as de Yoshino, plantadas con m\u00e1s de 30.000 cerezos, debieron de ofrecer ya entonces el sobrecogedor espect\u00e1culo que a\u00fan hoy las convierte en un elocuente testimonio de la armoniosa conformaci\u00f3n de la exuberante naturaleza por el hombre, tan caracter\u00edstica de Jap\u00f3n. Por ello, desde hace m\u00e1s de 1.400 a\u00f1os, los templos, las laderas de las monta\u00f1as y el r\u00edo de la prefectura de Nara forman parte del calendario de peregrinaci\u00f3n budista durante la \u00e9poca de florecimiento de los cerezos en primavera; antes acud\u00eda la aristocracia, hoy Yoshino es una popular atracci\u00f3n tur\u00edstica.<br \/>\nCon 19 grandes fotograf\u00edas de formato apaisado, Cuny Janssen no s\u00f3lo ha recopilado encantadoras y sensibles im\u00e1genes de la naturaleza de Yoshino, sino que tambi\u00e9n ha incluido en su ins\u00f3lito libro de fotos una peque\u00f1a antolog\u00eda de poes\u00eda japonesa recopilada por Jos Vos, que el especialista holand\u00e9s en Jap\u00f3n concluye con su ensayo de viaje \"Un zorro en Yoshino\". Cuny Janssen sabe dise\u00f1ar sus libros en funci\u00f3n del tema como casi ning\u00fan otro fot\u00f3grafo contempor\u00e1neo. En Yoshino, realza la tranquilidad y el talante contemplativo de sus fotograf\u00edas con una selecci\u00f3n de poes\u00eda quebradiza que canta las alabanzas de este lugar japon\u00e9s de a\u00f1oranza.<\/p>","protected":false},"excerpt":{"rendered":"<p>Textos en japon\u00e9s (en ingl\u00e9s) recopilados por Jos Vos<br \/>\n56 p. con 19 ilustraciones en color, la mayor\u00eda a toda p\u00e1gina, y p\u00e1ginas de texto abreviado<br \/>\nFormato 34 x 45,5 cm, tapa dura<\/p>","protected":false},"featured_media":5039,"template":"","meta":[],"product_brand":[],"product_cat":[101,67],"product_tag":[],"class_list":{"0":"post-3626","1":"product","2":"type-product","3":"status-publish","4":"has-post-thumbnail","6":"product_cat-101","7":"product_cat-j","9":"first","10":"instock","11":"taxable","12":"shipping-taxable","13":"purchasable","14":"product-type-simple"},"aioseo_notices":[],"_wp_attached_file":null,"_wp_attachment_metadata":null,"_wc_attachment_source":null,"_elementor_inline_svg":null,"_elementor_is_screenshot":null,"_elementor_source_image_hash":null,"_source_url":null,"_wp_attachment_context":null,"_menu_item_type":null,"_menu_item_menu_item_parent":null,"_menu_item_object_id":null,"_menu_item_object":null,"_menu_item_target":null,"_menu_item_classes":null,"_menu_item_xfn":null,"_menu_item_url":null,"__elementor_forms_snapshot":null,"_unit":"","_unit_base":"","_unit_product":"","_unit_price_auto":"no","_unit_price_regular":"","_unit_price":"","_unit_price_sale":"","_sale_price_label":"","_sale_price_regular_label":"","_manufacturer_slug":"","_mini_desc":"","_defect_description":"","_safety_instructions":"","_allergen_ids":[],"_warranty_attachment_id":"","_safety_attachment_ids":[],"_min_age":"","_ts_gtin":"","_ts_mpn":"","_delivery_time_countries":[],"_free_shipping":"no","_service":"no","_photovoltaic_system":"no","_used_good":"no","_defective_copy":"no","_wireless_electronic_device":"no","_device_contains_power_supply":"no","_device_charging_supports_usb_pd":"no","_device_charging_watt_min":"0","_device_charging_watt_max":"0","_is_food":"no","_differential_taxation":"no","_gzd_version":"3.18.7","_hs_code":"","_customs_description":"","_manufacture_country":"0","_is_non_returnable":"no","_shipping_length":"","_shipping_width":"","_shipping_height":"","_sku":"ISBN 978-3-86442-027-6","_global_unique_id":"978-3-86442-027-6","_regular_price":"58","total_sales":"1","_tax_status":"taxable","_tax_class":"","_manage_stock":"no","_backorders":"no","_sold_individually":"no","_weight":"1","_virtual":"no","_downloadable":"no","_download_limit":"-1","_download_expiry":"-1","_stock":"","_stock_status":"instock","_wc_average_rating":"0","_wc_review_count":"0","_product_version":"9.7.1","_price":"58","shopengine_product_views_count":"2788","_thumbnail_id":"5039","_product_attributes":{"erscheinungsdatum":{"name":"Fecha de publicaci\u00f3n","value":"31.01.2013","position":0,"is_visible":1,"is_variation":0,"is_taxonomy":0,"checkout_visible":0}},"_nutrient_ids":[],"_upsell_ids":null,"pswc_subtitle":null,"_default_delivery_time":null,"_wp_desired_post_slug":null,"_isbn":null,"pageType":null,"isExternalUrl":null,"pageId":null,"externalUrl":null,"hideCookieBanner":null,"isTargetBlank":null,"isProviderCurrentWebsite":null,"isEmbeddingOnlyExternalResources":null,"legalBasis":null,"dataProcessingInCountries":null,"dataProcessingInCountriesSpecialTreatments":null,"technicalDefinitions":null,"googleConsentModeConsentTypes":null,"executePriority":null,"executeCodeOptInWhenNoTagManagerConsentIsGiven":null,"executeCodeOptOutWhenNoTagManagerConsentIsGiven":null,"deleteTechnicalDefinitionsAfterOptOut":null,"presetId":null,"presetVersion":null,"provider":null,"providerContactPhone":null,"providerContactEmail":null,"providerContactLink":null,"uniqueName":null,"providerPrivacyPolicyUrl":null,"providerLegalNoticeUrl":null,"codeOptIn":null,"codeOptOut":null,"codeOnPageLoad":null,"language_code":null,"shopengine_template__post_meta__type":null,"shopengine_template__post_meta":null,"shopengine_template__post_meta__edit_with":null,"origin":null,"_enabled":null,"_filters":null,"_layout":null,"_elementor_import_session_id":null,"_wp_trash_meta_status":null,"_wp_trash_meta_time":null,"_edit_lock":"1743516285:2","_elementor_floating_elements_type":null,"_elementor_edit_mode":null,"_elementor_template_type":null,"tc-thumb-fld":{"_thumb_id":5039,"_thumb_type":"thumb"},"_wp_page_template":"default","_elementor_version":null,"_elementor_pro_version":null,"_elementor_page_settings":null,"_elementor_data":null,"_elementor_conditions":null,"_elementor_popup_display_settings":null,"_edit_last":"2","_elementor_template_sub_type":null,"_elementor_controls_usage":null,"_elementor_screenshot":null,"_elementor_css":null,"_elementor_page_assets":[],"_elementor_element_cache":null,"_elementor_screenshot_failed":null,"_elementor_source":null,"_wp_old_date":null,"layout_key":"","post_slider_check_key":"0","_links":{"self":[{"href":"https:\/\/snoeck.de\/es\/wp-json\/wp\/v2\/product\/3626","targetHints":{"allow":["GET"]}}],"collection":[{"href":"https:\/\/snoeck.de\/es\/wp-json\/wp\/v2\/product"}],"about":[{"href":"https:\/\/snoeck.de\/es\/wp-json\/wp\/v2\/types\/product"}],"wp:featuredmedia":[{"embeddable":true,"href":"https:\/\/snoeck.de\/es\/wp-json\/wp\/v2\/media\/5039"}],"wp:attachment":[{"href":"https:\/\/snoeck.de\/es\/wp-json\/wp\/v2\/media?parent=3626"}],"wp:term":[{"taxonomy":"product_brand","embeddable":true,"href":"https:\/\/snoeck.de\/es\/wp-json\/wp\/v2\/product_brand?post=3626"},{"taxonomy":"product_cat","embeddable":true,"href":"https:\/\/snoeck.de\/es\/wp-json\/wp\/v2\/product_cat?post=3626"},{"taxonomy":"product_tag","embeddable":true,"href":"https:\/\/snoeck.de\/es\/wp-json\/wp\/v2\/product_tag?post=3626"}],"curies":[{"name":"wp","href":"https:\/\/api.w.org\/{rel}","templated":true}]}}