{"id":3627,"date":"2025-01-31T11:31:02","date_gmt":"2025-01-31T11:31:02","guid":{"rendered":"https:\/\/snoeck.process-vision.de\/shop\/asger-jorn-without-boundaries\/"},"modified":"2026-05-07T12:33:56","modified_gmt":"2026-05-07T11:33:56","slug":"asger-jorn-without-boundaries","status":"publish","type":"product","link":"https:\/\/snoeck.de\/es\/shop\/asger-jorn-without-boundaries\/","title":{"rendered":"Asger Jorn: Sin fronteras"},"content":{"rendered":"<h3>Los din\u00e1micos mundos visuales de Asger Jorn<\/h3>\n<p>El pintor y escritor dan\u00e9s Asger Jorn (1914-1973) crea din\u00e1micos mundos pict\u00f3ricos en sus coloridos cuadros, algunos de los cuales dan testimonio de una ligereza humor\u00edstica y juguetona, otros de una melancol\u00eda apocal\u00edptica. Impulsado por su gran inter\u00e9s por la tradici\u00f3n escandinava, que creci\u00f3 no poco como reacci\u00f3n a las adversas condiciones de la \u00e9poca, Asger Jorn ha pintado y escrito incansablemente, pero tambi\u00e9n ha creado una extensa obra cer\u00e1mica. Sus obras pict\u00f3ricas est\u00e1n compuestas en un lenguaje visual extraordinariamente poderoso que oscila entre la abstracci\u00f3n y la figuraci\u00f3n. A lo largo de su carrera creativa, Asger Jorn mantuvo contacto con numerosos artistas y fue miembro fundador del grupo CoBrA y, m\u00e1s tarde, de la Internacional Situacionista. El exhaustivo libro que acompa\u00f1a a la exposici\u00f3n ofrece una selecci\u00f3n concentrada de unas 60 obras, centrada en el periodo comprendido entre los a\u00f1os treinta y setenta. Obras importantes como \"Sans bornes\" de 1959\/60 o \"Al principio era la imagen\" de 1965\/66 se presentan y comentan en detalle. La amplitud del espectro medi\u00e1tico de la obra queda demostrada por los temas y motivos clave que el artista retom\u00f3 repetidamente a lo largo de toda su pr\u00e1ctica art\u00edstica. Las obras expuestas en Hamburgo y presentadas en el libro son un testimonio elocuente de la intensidad y la perdurable actualidad de su trabajo y forman parte indiscutible del canon del arte del siglo XX.<\/p>\n<p>Exposici\u00f3n:<br \/>\nDeichtorhallen Hamburgo, 22\/6 - 23\/9\/2018<\/p>","protected":false},"excerpt":{"rendered":"<p>Cat\u00e1logo de la exposici\u00f3n, Deichtorhallen Hamburg, editado por Dirk Luckow<br \/>\nTextos (alem\u00e1n\/ingl\u00e9s) de Siegfried Gohr, Petra Lange-Berndt, Dirk Luckow, Roberto Ohrt y Axel Heil, Thorsten Sadowsky<br \/>\nFormato 28 x 24,5 cm, media tela<\/p>","protected":false},"featured_media":5040,"template":"","meta":[],"product_brand":[],"product_cat":[95],"product_tag":[],"class_list":{"0":"post-3627","1":"product","2":"type-product","3":"status-publish","4":"has-post-thumbnail","6":"product_cat-vergriffen","8":"first","9":"outofstock","10":"taxable","11":"shipping-taxable","12":"product-type-simple"},"aioseo_notices":[],"_wp_attached_file":null,"_wp_attachment_metadata":null,"_wc_attachment_source":null,"_elementor_inline_svg":null,"_elementor_is_screenshot":null,"_elementor_source_image_hash":null,"_source_url":null,"_wp_attachment_context":null,"_menu_item_type":null,"_menu_item_menu_item_parent":null,"_menu_item_object_id":null,"_menu_item_object":null,"_menu_item_target":null,"_menu_item_classes":null,"_menu_item_xfn":null,"_menu_item_url":null,"__elementor_forms_snapshot":null,"_unit":"","_unit_base":"","_unit_product":"","_unit_price_auto":"no","_unit_price_regular":"","_unit_price":"","_unit_price_sale":"","_sale_price_label":"","_sale_price_regular_label":"","_manufacturer_slug":"","_mini_desc":"","_defect_description":"","_safety_instructions":"","_allergen_ids":[],"_warranty_attachment_id":"","_safety_attachment_ids":[],"_min_age":"","_ts_gtin":"","_ts_mpn":"","_delivery_time_countries":[],"_free_shipping":"no","_service":"no","_photovoltaic_system":"no","_used_good":"no","_defective_copy":"no","_wireless_electronic_device":"no","_device_contains_power_supply":"no","_device_charging_supports_usb_pd":"no","_device_charging_watt_min":"0","_device_charging_watt_max":"0","_is_food":"no","_differential_taxation":"no","_gzd_version":"3.18.7","_hs_code":"","_customs_description":"","_manufacture_country":"0","_is_non_returnable":"no","_shipping_length":"","_shipping_width":"","_shipping_height":"","_sku":"ISBN 978-3-86442-246-1","_global_unique_id":"978-3-86442-246-1","_regular_price":null,"total_sales":"0","_tax_status":"taxable","_tax_class":"","_manage_stock":"no","_backorders":"no","_sold_individually":"no","_weight":"1","_virtual":"no","_downloadable":"no","_download_limit":"-1","_download_expiry":"-1","_stock":"","_stock_status":"outofstock","_wc_average_rating":"0","_wc_review_count":"0","_product_version":"10.1.4","_price":"","shopengine_product_views_count":"4369","_thumbnail_id":"5040","_product_attributes":{"erscheinungsdatum":{"name":"Fecha de publicaci\u00f3n","value":"30.06.2018","position":0,"is_visible":1,"is_variation":0,"is_taxonomy":0,"checkout_visible":0}},"_nutrient_ids":[],"_upsell_ids":null,"pswc_subtitle":null,"_default_delivery_time":"","_wp_desired_post_slug":null,"_isbn":null,"pageType":null,"isExternalUrl":null,"pageId":null,"externalUrl":null,"hideCookieBanner":null,"isTargetBlank":null,"isProviderCurrentWebsite":null,"isEmbeddingOnlyExternalResources":null,"legalBasis":null,"dataProcessingInCountries":null,"dataProcessingInCountriesSpecialTreatments":null,"technicalDefinitions":null,"googleConsentModeConsentTypes":null,"executePriority":null,"executeCodeOptInWhenNoTagManagerConsentIsGiven":null,"executeCodeOptOutWhenNoTagManagerConsentIsGiven":null,"deleteTechnicalDefinitionsAfterOptOut":null,"presetId":null,"presetVersion":null,"provider":null,"providerContactPhone":null,"providerContactEmail":null,"providerContactLink":null,"uniqueName":null,"providerPrivacyPolicyUrl":null,"providerLegalNoticeUrl":null,"codeOptIn":null,"codeOptOut":null,"codeOnPageLoad":null,"language_code":null,"shopengine_template__post_meta__type":null,"shopengine_template__post_meta":null,"shopengine_template__post_meta__edit_with":null,"origin":null,"_enabled":null,"_filters":null,"_layout":null,"_elementor_import_session_id":null,"_wp_trash_meta_status":null,"_wp_trash_meta_time":null,"_edit_lock":"1743516190:2","_elementor_floating_elements_type":null,"_elementor_edit_mode":null,"_elementor_template_type":null,"tc-thumb-fld":{"_thumb_id":5040,"_thumb_type":"thumb"},"_wp_page_template":"default","_elementor_version":null,"_elementor_pro_version":null,"_elementor_page_settings":null,"_elementor_data":null,"_elementor_conditions":null,"_elementor_popup_display_settings":null,"_edit_last":"2","_elementor_template_sub_type":null,"_elementor_controls_usage":null,"_elementor_screenshot":null,"_elementor_css":null,"_elementor_page_assets":[],"_elementor_element_cache":null,"_elementor_screenshot_failed":null,"_elementor_source":null,"_wp_old_date":null,"layout_key":"","post_slider_check_key":"0","_links":{"self":[{"href":"https:\/\/snoeck.de\/es\/wp-json\/wp\/v2\/product\/3627","targetHints":{"allow":["GET"]}}],"collection":[{"href":"https:\/\/snoeck.de\/es\/wp-json\/wp\/v2\/product"}],"about":[{"href":"https:\/\/snoeck.de\/es\/wp-json\/wp\/v2\/types\/product"}],"wp:featuredmedia":[{"embeddable":true,"href":"https:\/\/snoeck.de\/es\/wp-json\/wp\/v2\/media\/5040"}],"wp:attachment":[{"href":"https:\/\/snoeck.de\/es\/wp-json\/wp\/v2\/media?parent=3627"}],"wp:term":[{"taxonomy":"product_brand","embeddable":true,"href":"https:\/\/snoeck.de\/es\/wp-json\/wp\/v2\/product_brand?post=3627"},{"taxonomy":"product_cat","embeddable":true,"href":"https:\/\/snoeck.de\/es\/wp-json\/wp\/v2\/product_cat?post=3627"},{"taxonomy":"product_tag","embeddable":true,"href":"https:\/\/snoeck.de\/es\/wp-json\/wp\/v2\/product_tag?post=3627"}],"curies":[{"name":"wp","href":"https:\/\/api.w.org\/{rel}","templated":true}]}}