{"id":3628,"date":"2025-01-31T11:31:02","date_gmt":"2025-01-31T11:31:02","guid":{"rendered":"https:\/\/snoeck.process-vision.de\/shop\/allan-kaprow-malerei-1946-1957-eine-werkschau\/"},"modified":"2026-04-08T15:12:08","modified_gmt":"2026-04-08T14:12:08","slug":"allan-kaprow-malerei-1946-1957-eine-werkschau","status":"publish","type":"product","link":"https:\/\/snoeck.de\/es\/shop\/allan-kaprow-malerei-1946-1957-eine-werkschau\/","title":{"rendered":"Allan Kaprow: Pintura 1946-1957 - Exposici\u00f3n de obras"},"content":{"rendered":"<h3>Los primeros cuadros de Allan Kaprow son in\u00e9ditos<\/h3>\n<p>Allan Kaprow (1927-2006) goz\u00f3 de fama mundial sobre todo como artista de performances. Pero no es s\u00f3lo a \u00e9l a quien se debe el t\u00e9rmino \"happening\", que acu\u00f1\u00f3 a finales de la d\u00e9cada de 1950 en Nueva York; sus entornos -instalaciones enormes y cambiantes hechas con neum\u00e1ticos de coche, barriles o bloques de hielo- tambi\u00e9n se consideran hitos de la historia del arte reciente. Por su parte, Allan Kaprow comenz\u00f3 su carrera art\u00edstica como pintor, en particular en el contexto de sus estudios con Hans Hofmann; tambi\u00e9n estudi\u00f3 historia del arte con Meyer Shapiro y composici\u00f3n con John Cage, mostr\u00e1ndose abierto no s\u00f3lo a la teor\u00eda desde el principio, sino tambi\u00e9n a una amplia variedad de enfoques art\u00edsticos y de interpretaci\u00f3n del mundo. De este modo, siempre se movi\u00f3 entre los polos de la intuici\u00f3n, la forma abierta y la referencia al tiempo, por un lado, y la pr\u00e1ctica reflexiva como te\u00f3rico e historiador del arte, por otro. La exposici\u00f3n de la Villa Merkel de Esslingen es la primera dedicada exclusivamente a su obra pict\u00f3rica temprana, creada entre 1946 y 1957, y revela los modelos en los que se orient\u00f3 y con los que trabaj\u00f3 el joven artista, entre los que destacan su inter\u00e9s por las cuestiones espaciales y sus esfuerzos por cortocircuitar los logros de Jackson Pollock y John Cage. Esto se extiende a las obras que cre\u00f3 a mediados de la d\u00e9cada de 1950, a las que denomin\u00f3 \"collages de acci\u00f3n\" y en las que fue incorporando materiales y objetos cotidianos. La exposici\u00f3n y el libro presentan una gran cantidad de pinturas de Allan Kaprow que nunca antes se hab\u00edan visto.<\/p>\n<p>Exposici\u00f3n:<br \/>\nVilla Merkel Esslingen, 19\/3-28\/5\/2017<\/p>","protected":false},"excerpt":{"rendered":"<p>Cat\u00e1logo de la exposici\u00f3n, Villa Merkel Esslingen, editado por Andreas Baur<br \/>\nTextos (alem\u00e1n\/ingl\u00e9s) de Andreas Baur y Philip Ursprung<br \/>\n152 pp. con 68 ilustraciones en color y 71 en blanco y negro<br \/>\nFormato 28 x 21 cm, tapa dura<\/p>","protected":false},"featured_media":5041,"template":"","meta":[],"product_brand":[],"product_cat":[95],"product_tag":[],"class_list":{"0":"post-3628","1":"product","2":"type-product","3":"status-publish","4":"has-post-thumbnail","6":"product_cat-vergriffen","8":"first","9":"outofstock","10":"taxable","11":"shipping-taxable","12":"product-type-simple"},"aioseo_notices":[],"_wp_attached_file":null,"_wp_attachment_metadata":null,"_wc_attachment_source":null,"_elementor_inline_svg":null,"_elementor_is_screenshot":null,"_elementor_source_image_hash":null,"_source_url":null,"_wp_attachment_context":null,"_menu_item_type":null,"_menu_item_menu_item_parent":null,"_menu_item_object_id":null,"_menu_item_object":null,"_menu_item_target":null,"_menu_item_classes":null,"_menu_item_xfn":null,"_menu_item_url":null,"__elementor_forms_snapshot":null,"_unit":"","_unit_base":"","_unit_product":"","_unit_price_auto":"no","_unit_price_regular":"","_unit_price":"","_unit_price_sale":"","_sale_price_label":"","_sale_price_regular_label":"","_manufacturer_slug":"","_mini_desc":"","_defect_description":"","_safety_instructions":"","_allergen_ids":[],"_warranty_attachment_id":"","_safety_attachment_ids":[],"_min_age":"","_ts_gtin":"","_ts_mpn":"","_delivery_time_countries":[],"_free_shipping":"no","_service":"no","_photovoltaic_system":"no","_used_good":"no","_defective_copy":"no","_wireless_electronic_device":"no","_device_contains_power_supply":"no","_device_charging_supports_usb_pd":"no","_device_charging_watt_min":"0","_device_charging_watt_max":"0","_is_food":"no","_differential_taxation":"no","_gzd_version":"3.18.7","_hs_code":"","_customs_description":"","_manufacture_country":"0","_is_non_returnable":"no","_shipping_length":"","_shipping_width":"","_shipping_height":"","_sku":"ISBN 978-3-86442-202-7","_global_unique_id":"978-3-86442-202-7","_regular_price":null,"total_sales":"0","_tax_status":"taxable","_tax_class":"","_manage_stock":"no","_backorders":"no","_sold_individually":"no","_weight":"1","_virtual":"no","_downloadable":"no","_download_limit":"-1","_download_expiry":"-1","_stock":"","_stock_status":"outofstock","_wc_average_rating":"0","_wc_review_count":"0","_product_version":"10.1.4","_price":"","shopengine_product_views_count":"6304","_thumbnail_id":"5041","_product_attributes":{"erscheinungsdatum":{"name":"Fecha de publicaci\u00f3n","value":"07.08.2017","position":0,"is_visible":1,"is_variation":0,"is_taxonomy":0,"checkout_visible":0}},"_nutrient_ids":[],"_upsell_ids":null,"pswc_subtitle":null,"_default_delivery_time":null,"_wp_desired_post_slug":null,"_isbn":null,"pageType":null,"isExternalUrl":null,"pageId":null,"externalUrl":null,"hideCookieBanner":null,"isTargetBlank":null,"isProviderCurrentWebsite":null,"isEmbeddingOnlyExternalResources":null,"legalBasis":null,"dataProcessingInCountries":null,"dataProcessingInCountriesSpecialTreatments":null,"technicalDefinitions":null,"googleConsentModeConsentTypes":null,"executePriority":null,"executeCodeOptInWhenNoTagManagerConsentIsGiven":null,"executeCodeOptOutWhenNoTagManagerConsentIsGiven":null,"deleteTechnicalDefinitionsAfterOptOut":null,"presetId":null,"presetVersion":null,"provider":null,"providerContactPhone":null,"providerContactEmail":null,"providerContactLink":null,"uniqueName":null,"providerPrivacyPolicyUrl":null,"providerLegalNoticeUrl":null,"codeOptIn":null,"codeOptOut":null,"codeOnPageLoad":null,"language_code":null,"shopengine_template__post_meta__type":null,"shopengine_template__post_meta":null,"shopengine_template__post_meta__edit_with":null,"origin":null,"_enabled":null,"_filters":null,"_layout":null,"_elementor_import_session_id":null,"_wp_trash_meta_status":null,"_wp_trash_meta_time":null,"_edit_lock":"1743516130:2","_elementor_floating_elements_type":null,"_elementor_edit_mode":null,"_elementor_template_type":null,"tc-thumb-fld":{"_thumb_id":5041,"_thumb_type":"thumb"},"_wp_page_template":"default","_elementor_version":null,"_elementor_pro_version":null,"_elementor_page_settings":null,"_elementor_data":null,"_elementor_conditions":null,"_elementor_popup_display_settings":null,"_edit_last":"2","_elementor_template_sub_type":null,"_elementor_controls_usage":null,"_elementor_screenshot":null,"_elementor_css":null,"_elementor_page_assets":[],"_elementor_element_cache":null,"_elementor_screenshot_failed":null,"_elementor_source":null,"_wp_old_date":null,"layout_key":"","post_slider_check_key":"0","_links":{"self":[{"href":"https:\/\/snoeck.de\/es\/wp-json\/wp\/v2\/product\/3628","targetHints":{"allow":["GET"]}}],"collection":[{"href":"https:\/\/snoeck.de\/es\/wp-json\/wp\/v2\/product"}],"about":[{"href":"https:\/\/snoeck.de\/es\/wp-json\/wp\/v2\/types\/product"}],"wp:featuredmedia":[{"embeddable":true,"href":"https:\/\/snoeck.de\/es\/wp-json\/wp\/v2\/media\/5041"}],"wp:attachment":[{"href":"https:\/\/snoeck.de\/es\/wp-json\/wp\/v2\/media?parent=3628"}],"wp:term":[{"taxonomy":"product_brand","embeddable":true,"href":"https:\/\/snoeck.de\/es\/wp-json\/wp\/v2\/product_brand?post=3628"},{"taxonomy":"product_cat","embeddable":true,"href":"https:\/\/snoeck.de\/es\/wp-json\/wp\/v2\/product_cat?post=3628"},{"taxonomy":"product_tag","embeddable":true,"href":"https:\/\/snoeck.de\/es\/wp-json\/wp\/v2\/product_tag?post=3628"}],"curies":[{"name":"wp","href":"https:\/\/api.w.org\/{rel}","templated":true}]}}