{"id":3629,"date":"2025-01-31T11:31:03","date_gmt":"2025-01-31T11:31:03","guid":{"rendered":"https:\/\/snoeck.process-vision.de\/shop\/benjamin-katz-entdeckungen-discoveries-decouvertes\/"},"modified":"2025-04-01T14:03:18","modified_gmt":"2025-04-01T14:03:18","slug":"benjamin-katz-entdeckungen-discoveries-decouvertes","status":"publish","type":"product","link":"https:\/\/snoeck.de\/es\/shop\/benjamin-katz-entdeckungen-discoveries-decouvertes\/","title":{"rendered":"Benjamin Katz: Descubrimientos - Discoveries - D\u00e9couvertes"},"content":{"rendered":"<h3>Amor por el mundo<\/h3>\n<p>Benjamin Katz, nacido en Amberes en 1939, hijo de jud\u00edos alemanes, se hizo famoso por sus inquietantes retratos de artistas como Georg Baselitz, J\u00f6rg Immendorff, Josef Beuys, James Lee Byars, Sigmar Polke y Gerhard Richter. Ninguna exposici\u00f3n de los llamados pr\u00edncipes pintores alemanes - Benjamin Katz lleva a\u00f1os vinculado a algunos de ellos - puede prescindir de sus sutiles retratos. Pero su archivo de m\u00e1s de medio mill\u00f3n de negativos de m\u00e1s de 60 a\u00f1os de trabajo fotogr\u00e1fico sigue albergando muchas sorpresas: adem\u00e1s de series fotogr\u00e1ficas conceptuales, tambi\u00e9n hay observaciones cotidianas en particular: paisajes, vistas con huellas del declive industrial, detalles arquitect\u00f3nicos, hallazgos de poes\u00eda cotidiana o incluso lo moment\u00e1neamente absurdo. Hay muchas historias sin contar en las im\u00e1genes; cuando se invocan asociaciones muy diferentes, el sutil humor del artista siempre sale a relucir. Las influencias de los primeros modelos, ya sea Brassa\u00ef, Rodchenko o Cartier-Bresson, aparecen una y otra vez, pero los cuadros de Benjamin Katz son sobre todo narraciones sin palabras, humor como sabidur\u00eda y elocuentes omisiones en historias sencillas. S\u00f3lo con admiraci\u00f3n se pueden seguir los resultados de este trabajo, que ilumina momentos m\u00e1s bien incidentales de la vida con una brillante agudeza en la observaci\u00f3n concentrada.<\/p>\n<p>Exposici\u00f3n:<br \/>\nMarta Herford, 13\/6 - 3\/10\/21<\/p>","protected":false},"excerpt":{"rendered":"<p>Cat\u00e1logo de la exposici\u00f3n, editado por Marta Herford<br \/>\nTextos (alem\u00e1n\/ingl\u00e9s\/franc\u00e9s) de Roland Nachtig\u00e4ller, \u00c9ric Darragon<br \/>\n172 p. con 200 ilustraciones en d\u00faplex<br \/>\nFormato 30 x 20 cm, medio lino<\/p>","protected":false},"featured_media":5042,"template":"","meta":[],"product_brand":[],"product_cat":[85,68],"product_tag":[],"class_list":{"0":"post-3629","1":"product","2":"type-product","3":"status-publish","4":"has-post-thumbnail","6":"product_cat-85","7":"product_cat-k","9":"first","10":"instock","11":"taxable","12":"shipping-taxable","13":"purchasable","14":"product-type-simple"},"aioseo_notices":[],"_wp_attached_file":null,"_wp_attachment_metadata":null,"_wc_attachment_source":null,"_elementor_inline_svg":null,"_elementor_is_screenshot":null,"_elementor_source_image_hash":null,"_source_url":null,"_wp_attachment_context":null,"_menu_item_type":null,"_menu_item_menu_item_parent":null,"_menu_item_object_id":null,"_menu_item_object":null,"_menu_item_target":null,"_menu_item_classes":null,"_menu_item_xfn":null,"_menu_item_url":null,"__elementor_forms_snapshot":null,"_unit":"","_unit_base":"","_unit_product":"","_unit_price_auto":"no","_unit_price_regular":"","_unit_price":"","_unit_price_sale":"","_sale_price_label":"","_sale_price_regular_label":"","_manufacturer_slug":"","_mini_desc":"","_defect_description":"","_safety_instructions":"","_allergen_ids":[],"_warranty_attachment_id":"","_safety_attachment_ids":[],"_min_age":"","_ts_gtin":"","_ts_mpn":"","_delivery_time_countries":[],"_free_shipping":"no","_service":"no","_photovoltaic_system":"no","_used_good":"no","_defective_copy":"no","_wireless_electronic_device":"no","_device_contains_power_supply":"no","_device_charging_supports_usb_pd":"no","_device_charging_watt_min":"0","_device_charging_watt_max":"0","_is_food":"no","_differential_taxation":"no","_gzd_version":"3.18.7","_hs_code":"","_customs_description":"","_manufacture_country":"0","_is_non_returnable":"no","_shipping_length":"","_shipping_width":"","_shipping_height":"","_sku":"ISBN 978-3-86442-350-5","_global_unique_id":"978-3-86442-350-5","_regular_price":"39.8","total_sales":"0","_tax_status":"taxable","_tax_class":"","_manage_stock":"no","_backorders":"no","_sold_individually":"no","_weight":"2","_virtual":"no","_downloadable":"no","_download_limit":"-1","_download_expiry":"-1","_stock":"","_stock_status":"instock","_wc_average_rating":"0","_wc_review_count":"0","_product_version":"9.7.1","_price":"39.8","shopengine_product_views_count":"2642","_thumbnail_id":"5042","_product_attributes":{"erscheinungsdatum":{"name":"Erscheinungsdatum","value":"13.06.2021","position":0,"is_visible":1,"is_variation":0,"is_taxonomy":0,"checkout_visible":0}},"_nutrient_ids":[],"_upsell_ids":null,"pswc_subtitle":null,"_default_delivery_time":null,"_wp_desired_post_slug":null,"_isbn":null,"pageType":null,"isExternalUrl":null,"pageId":null,"externalUrl":null,"hideCookieBanner":null,"isTargetBlank":null,"isProviderCurrentWebsite":null,"isEmbeddingOnlyExternalResources":null,"legalBasis":null,"dataProcessingInCountries":null,"dataProcessingInCountriesSpecialTreatments":null,"technicalDefinitions":null,"googleConsentModeConsentTypes":null,"executePriority":null,"executeCodeOptInWhenNoTagManagerConsentIsGiven":null,"executeCodeOptOutWhenNoTagManagerConsentIsGiven":null,"deleteTechnicalDefinitionsAfterOptOut":null,"presetId":null,"presetVersion":null,"provider":null,"providerContactPhone":null,"providerContactEmail":null,"providerContactLink":null,"uniqueName":null,"providerPrivacyPolicyUrl":null,"providerLegalNoticeUrl":null,"codeOptIn":null,"codeOptOut":null,"codeOnPageLoad":null,"language_code":null,"shopengine_template__post_meta__type":null,"shopengine_template__post_meta":null,"shopengine_template__post_meta__edit_with":null,"origin":null,"_enabled":null,"_filters":null,"_layout":null,"_elementor_import_session_id":null,"_wp_trash_meta_status":null,"_wp_trash_meta_time":null,"_edit_lock":"1743516200:2","_elementor_floating_elements_type":null,"_elementor_edit_mode":null,"_elementor_template_type":null,"tc-thumb-fld":{"_thumb_id":5042,"_thumb_type":"thumb"},"_wp_page_template":"default","_elementor_version":null,"_elementor_pro_version":null,"_elementor_page_settings":null,"_elementor_data":null,"_elementor_conditions":null,"_elementor_popup_display_settings":null,"_edit_last":"2","_elementor_template_sub_type":null,"_elementor_controls_usage":null,"_elementor_screenshot":null,"_elementor_css":null,"_elementor_page_assets":[],"_elementor_element_cache":null,"_elementor_screenshot_failed":null,"_elementor_source":null,"_wp_old_date":null,"layout_key":"","post_slider_check_key":"0","_links":{"self":[{"href":"https:\/\/snoeck.de\/es\/wp-json\/wp\/v2\/product\/3629","targetHints":{"allow":["GET"]}}],"collection":[{"href":"https:\/\/snoeck.de\/es\/wp-json\/wp\/v2\/product"}],"about":[{"href":"https:\/\/snoeck.de\/es\/wp-json\/wp\/v2\/types\/product"}],"wp:featuredmedia":[{"embeddable":true,"href":"https:\/\/snoeck.de\/es\/wp-json\/wp\/v2\/media\/5042"}],"wp:attachment":[{"href":"https:\/\/snoeck.de\/es\/wp-json\/wp\/v2\/media?parent=3629"}],"wp:term":[{"taxonomy":"product_brand","embeddable":true,"href":"https:\/\/snoeck.de\/es\/wp-json\/wp\/v2\/product_brand?post=3629"},{"taxonomy":"product_cat","embeddable":true,"href":"https:\/\/snoeck.de\/es\/wp-json\/wp\/v2\/product_cat?post=3629"},{"taxonomy":"product_tag","embeddable":true,"href":"https:\/\/snoeck.de\/es\/wp-json\/wp\/v2\/product_tag?post=3629"}],"curies":[{"name":"wp","href":"https:\/\/api.w.org\/{rel}","templated":true}]}}