{"id":3630,"date":"2025-01-31T11:31:03","date_gmt":"2025-01-31T11:31:03","guid":{"rendered":"https:\/\/snoeck.process-vision.de\/shop\/benjamin-katz-fleurs\/"},"modified":"2025-04-01T14:02:08","modified_gmt":"2025-04-01T14:02:08","slug":"benjamin-katz-fleurs","status":"publish","type":"product","link":"https:\/\/snoeck.de\/es\/shop\/benjamin-katz-fleurs\/","title":{"rendered":"Benjamin Katz: Flores"},"content":{"rendered":"<h3>\u00a1No olvide sus flores, Sr. Katz!<\/h3>\n<p>\"En la vida de un ramo de flores a veces hay un fot\u00f3grafo. Y en la vida de un fot\u00f3grafo a veces hay flores. Eso es lo que le ocurri\u00f3 a Benjamin Katz, y quiz\u00e1 ten\u00eda que ocurrirle a \u00e9l entre todas las personas. Lleva toda la vida haciendo retratos de artistas. Miles de retratos, no de miles de artistas, pero al menos de unas cuantas docenas. No hace falta nombrarlos a todos. Pero hay m\u00e1s de los que se cree. Los descubri\u00f3 antes que nadie. Y despu\u00e9s de todos los a\u00f1os que lleva all\u00ed, despu\u00e9s de todas las obras que ha sacado a la luz, algunas de las cuales fue el primero en ver, el primero en poseer, el primero en mostrar, ahora sale de su piso, digamos por la ma\u00f1ana, cuando es el d\u00eda en que compra un ramo de flores en el mercado. Lleva este ramo del d\u00eda, que encuentra sin esfuerzo, hasta su piso, lo coloca en un jarr\u00f3n, lo deja posar en su universo siempre en el mismo lugar, sobre la placa de la cocina; luego hace una foto. Siempre la misma foto con el mismo objetivo, y como repite este procedimiento, independientemente de que fuera haga un d\u00eda precioso o espantoso, recibe una secuencia de d\u00edas con flores, igual que para un calendario de la oficina de correos. La \u00fanica diferencia es que no cuenta los d\u00edas, s\u00f3lo nota algunos cambios. Cambian las flores, cambia el agua de las flores, incluso cambia un poco el fot\u00f3grafo, pero la foto no cambia, siempre sigue siendo un ramo. La foto no capta la identidad. M\u00e1s bien la alteridad. Una alteridad que se marchita en su recipiente de incertidumbre. Si el nombre de la flor es familiar, no se gana mucho. Los pintores de flores de anta\u00f1o contaban novelas enteras en sus cuadros. Las flores del fot\u00f3grafo no tienen tanto que contar. S\u00f3lo se transforman en s\u00ed mismas a su manera. Y entonces se unen a las filas de todas esas flores que siempre quisiste mostrar antes de que se marchitaran. En opini\u00f3n del fot\u00f3grafo nacido en Amberes, \u00bfalguien ha visto alguna vez desaparecer tulipanes? En cualquier caso, desde que existen las rosas, nunca hemos visto morir a un jardinero. Da un paso atr\u00e1s, viejo lector de f\u00f3rmulas m\u00e1gicas. Es s\u00f3lo un ramo para todos los dem\u00e1s ramos. Y s\u00f3lo una foto para todas las dem\u00e1s fotos. No me molestes, \u00a1hay recuerdos en marcha!\". {Eric Darragon en su texto)<\/p>\n<p>Exposici\u00f3n:<br \/>\nEdiciones de la Galer\u00eda Knust Kunz, M\u00fanich, 6 - 29\/2\/2020<\/p>","protected":false},"excerpt":{"rendered":"<p>Cat\u00e1logo de la exposici\u00f3n, Ediciones de la Galer\u00eda Knust Kunz<br \/>\nTexto (alem\u00e1n\/ingl\u00e9s\/franc\u00e9s) de Eric Darragon<br \/>\n40 p. con 17 ilustraciones en duotono<br \/>\nFormato 24 x 18 cm, folleto grapado<br \/>\ntodos los ejemplares firmados por el artista<\/p>","protected":false},"featured_media":5043,"template":"","meta":[],"product_brand":[],"product_cat":[84,68],"product_tag":[],"class_list":{"0":"post-3630","1":"product","2":"type-product","3":"status-publish","4":"has-post-thumbnail","6":"product_cat-84","7":"product_cat-k","9":"first","10":"instock","11":"taxable","12":"shipping-taxable","13":"purchasable","14":"product-type-simple"},"aioseo_notices":[],"_wp_attached_file":null,"_wp_attachment_metadata":null,"_wc_attachment_source":null,"_elementor_inline_svg":null,"_elementor_is_screenshot":null,"_elementor_source_image_hash":null,"_source_url":null,"_wp_attachment_context":null,"_menu_item_type":null,"_menu_item_menu_item_parent":null,"_menu_item_object_id":null,"_menu_item_object":null,"_menu_item_target":null,"_menu_item_classes":null,"_menu_item_xfn":null,"_menu_item_url":null,"__elementor_forms_snapshot":null,"_unit":"","_unit_base":"","_unit_product":"","_unit_price_auto":"no","_unit_price_regular":"","_unit_price":"","_unit_price_sale":"","_sale_price_label":"","_sale_price_regular_label":"","_manufacturer_slug":"","_mini_desc":"","_defect_description":"","_safety_instructions":"","_allergen_ids":[],"_warranty_attachment_id":"","_safety_attachment_ids":[],"_min_age":"","_ts_gtin":"","_ts_mpn":"","_delivery_time_countries":[],"_free_shipping":"no","_service":"no","_photovoltaic_system":"no","_used_good":"no","_defective_copy":"no","_wireless_electronic_device":"no","_device_contains_power_supply":"no","_device_charging_supports_usb_pd":"no","_device_charging_watt_min":"0","_device_charging_watt_max":"0","_is_food":"no","_differential_taxation":"no","_gzd_version":"3.18.7","_hs_code":"","_customs_description":"","_manufacture_country":"0","_is_non_returnable":"no","_shipping_length":"","_shipping_width":"","_shipping_height":"","_sku":"ISBN 978-3-86442-315-4","_global_unique_id":"978-3-86442-315-4","_regular_price":"19.8","total_sales":"2","_tax_status":"taxable","_tax_class":"","_manage_stock":"no","_backorders":"no","_sold_individually":"no","_weight":"1","_virtual":"no","_downloadable":"no","_download_limit":"-1","_download_expiry":"-1","_stock":"","_stock_status":"instock","_wc_average_rating":"0","_wc_review_count":"0","_product_version":"9.7.1","_price":"19.8","shopengine_product_views_count":"3414","_thumbnail_id":"5043","_product_attributes":{"erscheinungsdatum":{"name":"Fecha de publicaci\u00f3n","value":"06.03.2020","position":0,"is_visible":1,"is_variation":0,"is_taxonomy":0,"checkout_visible":0}},"_nutrient_ids":[],"_upsell_ids":null,"pswc_subtitle":null,"_default_delivery_time":null,"_wp_desired_post_slug":null,"_isbn":null,"pageType":null,"isExternalUrl":null,"pageId":null,"externalUrl":null,"hideCookieBanner":null,"isTargetBlank":null,"isProviderCurrentWebsite":null,"isEmbeddingOnlyExternalResources":null,"legalBasis":null,"dataProcessingInCountries":null,"dataProcessingInCountriesSpecialTreatments":null,"technicalDefinitions":null,"googleConsentModeConsentTypes":null,"executePriority":null,"executeCodeOptInWhenNoTagManagerConsentIsGiven":null,"executeCodeOptOutWhenNoTagManagerConsentIsGiven":null,"deleteTechnicalDefinitionsAfterOptOut":null,"presetId":null,"presetVersion":null,"provider":null,"providerContactPhone":null,"providerContactEmail":null,"providerContactLink":null,"uniqueName":null,"providerPrivacyPolicyUrl":null,"providerLegalNoticeUrl":null,"codeOptIn":null,"codeOptOut":null,"codeOnPageLoad":null,"language_code":null,"shopengine_template__post_meta__type":null,"shopengine_template__post_meta":null,"shopengine_template__post_meta__edit_with":null,"origin":null,"_enabled":null,"_filters":null,"_layout":null,"_elementor_import_session_id":null,"_wp_trash_meta_status":null,"_wp_trash_meta_time":null,"_edit_lock":"1743516130:2","_elementor_floating_elements_type":null,"_elementor_edit_mode":null,"_elementor_template_type":null,"tc-thumb-fld":{"_thumb_id":5043,"_thumb_type":"thumb"},"_wp_page_template":"default","_elementor_version":null,"_elementor_pro_version":null,"_elementor_page_settings":null,"_elementor_data":null,"_elementor_conditions":null,"_elementor_popup_display_settings":null,"_edit_last":"2","_elementor_template_sub_type":null,"_elementor_controls_usage":null,"_elementor_screenshot":null,"_elementor_css":null,"_elementor_page_assets":[],"_elementor_element_cache":null,"_elementor_screenshot_failed":null,"_elementor_source":null,"_wp_old_date":null,"layout_key":"","post_slider_check_key":"0","_links":{"self":[{"href":"https:\/\/snoeck.de\/es\/wp-json\/wp\/v2\/product\/3630","targetHints":{"allow":["GET"]}}],"collection":[{"href":"https:\/\/snoeck.de\/es\/wp-json\/wp\/v2\/product"}],"about":[{"href":"https:\/\/snoeck.de\/es\/wp-json\/wp\/v2\/types\/product"}],"wp:featuredmedia":[{"embeddable":true,"href":"https:\/\/snoeck.de\/es\/wp-json\/wp\/v2\/media\/5043"}],"wp:attachment":[{"href":"https:\/\/snoeck.de\/es\/wp-json\/wp\/v2\/media?parent=3630"}],"wp:term":[{"taxonomy":"product_brand","embeddable":true,"href":"https:\/\/snoeck.de\/es\/wp-json\/wp\/v2\/product_brand?post=3630"},{"taxonomy":"product_cat","embeddable":true,"href":"https:\/\/snoeck.de\/es\/wp-json\/wp\/v2\/product_cat?post=3630"},{"taxonomy":"product_tag","embeddable":true,"href":"https:\/\/snoeck.de\/es\/wp-json\/wp\/v2\/product_tag?post=3630"}],"curies":[{"name":"wp","href":"https:\/\/api.w.org\/{rel}","templated":true}]}}