{"id":3631,"date":"2025-01-31T11:31:04","date_gmt":"2025-01-31T11:31:04","guid":{"rendered":"https:\/\/snoeck.process-vision.de\/shop\/guenther-kebeck-andreas-karl-schulze-uebersummativitaet\/"},"modified":"2025-04-01T13:59:31","modified_gmt":"2025-04-01T13:59:31","slug":"guenther-kebeck-andreas-karl-schulze-uebersummativitaet","status":"publish","type":"product","link":"https:\/\/snoeck.de\/es\/shop\/guenther-kebeck-andreas-karl-schulze-uebersummativitaet\/","title":{"rendered":"G\u00fcnther Kebeck, Andreas Karl Schulze: Sobresummatividad"},"content":{"rendered":"<h3>Percepci\u00f3n entre el an\u00e1lisis cient\u00edfico y la obra art\u00edstica<\/h3>\n<p>La visi\u00f3n nos resulta tan natural que no nos preguntamos c\u00f3mo se crea nuestro mundo visual. Pero la imagen retiniana, punto de partida de la percepci\u00f3n humana, se parece muy poco a lo que vemos. Nuestra imagen del mundo se crea en el cerebro seg\u00fan reglas fijas: las leyes de la organizaci\u00f3n y la agrupaci\u00f3n. Se trata de procesos r\u00e1pidos y autom\u00e1ticos a los que nuestra conciencia no tiene acceso. Generan el orden del mundo visible. Max Wertheimer public\u00f3 en 1923 una investigaci\u00f3n pionera sobre este tema. \u00bfY cu\u00e1l es el estado actual de la investigaci\u00f3n? La organizaci\u00f3n y la agrupaci\u00f3n son temas tanto de la ciencia como del arte. Las obras art\u00edsticas expuestas aqu\u00ed de Andreas Karl Schulze juegan con las leyes de la visi\u00f3n. Por un lado, crean nuevas \"formas\", por otro, provocan las propias ambig\u00fcedades que hay que evitar en la vida cotidiana. Ponen en contradicci\u00f3n productiva las reglas de construcci\u00f3n del mundo visual, permiten combinaciones ins\u00f3litas y reorganizan el mundo familiar. Los cuadrados de algod\u00f3n coloreado de 5 x 5 cm permiten variaciones casi infinitas en su disposici\u00f3n. Ordenados por colores, los cuadrados se guardan en cajas de cart\u00f3n y viajan por todo el mundo como paquetes de energ\u00eda. Forman una pieza de equipamiento art\u00edstico m\u00f3vil y de despliegue flexible que sigue siendo extremadamente concisa en la reducci\u00f3n conceptual de sus medios formales. Su percepci\u00f3n, en cambio, es compleja. Son imagen y objeto al mismo tiempo, nada puede cerrarse como forma, todo tiene ritmo y est\u00e1 en movimiento. El espectador ve lo que es visible. Esta concentraci\u00f3n en lo visible no significa una limitaci\u00f3n, sino que es -como dijo el historiador del arte Erich Franz- \"una extensi\u00f3n inacabable de lo que se puede reconocer\". Ver en s\u00ed mismo se convierte en una experiencia. Para este libro se han seleccionado 34 fotograf\u00edas de instalaciones pict\u00f3ricas de Andreas Karl Schulze de los a\u00f1os 1998 a 2016. El texto de G\u00fcnther Kebeck explora la cuesti\u00f3n de c\u00f3mo se pueden reducir las ambig\u00fcedades con la ayuda de procesos de estructuraci\u00f3n y agrupaci\u00f3n y c\u00f3mo se construye gradualmente el orden del mundo visual. C\u00f3mo se juntan las partes para formar un todo de tal manera que, en \u00faltima instancia, esto se traduce en una cualidad supersumadora: El todo es m\u00e1s que la suma de sus partes. Las reflexiones sobre la productividad de la percepci\u00f3n humana son el punto de partida de las cuestiones est\u00e9ticas. \u00bfPor qu\u00e9 percibimos las cosas como bellas? \u00bfQu\u00e9 tiene de especial la percepci\u00f3n de las obras de arte? A primera vista, el contraste entre el texto cient\u00edfico y las obras art\u00edsticas no podr\u00eda ser mayor: lectura frente a visi\u00f3n, reflexi\u00f3n frente a contemplaci\u00f3n. El texto y las im\u00e1genes siguen siendo aut\u00f3nomos. Lo que tienen en com\u00fan es que se centran en la visi\u00f3n como acto fundamental de la cognici\u00f3n.<\/p>","protected":false},"excerpt":{"rendered":"<p>Texto (alem\u00e1n) de G\u00fctnher Kebeck,<br \/>\n96 p. con 34 ilustraciones en color de Andreas Karl Schulze<br \/>\nFormato 24 x 17 cm, tapa dura<\/p>","protected":false},"featured_media":5044,"template":"","meta":[],"product_brand":[],"product_cat":[110,68,76,120],"product_tag":[],"class_list":{"0":"post-3631","1":"product","2":"type-product","3":"status-publish","4":"has-post-thumbnail","6":"product_cat-110","7":"product_cat-k","8":"product_cat-s","9":"product_cat-ue","11":"first","12":"instock","13":"taxable","14":"shipping-taxable","15":"purchasable","16":"product-type-simple"},"aioseo_notices":[],"_wp_attached_file":null,"_wp_attachment_metadata":null,"_wc_attachment_source":null,"_elementor_inline_svg":null,"_elementor_is_screenshot":null,"_elementor_source_image_hash":null,"_source_url":null,"_wp_attachment_context":null,"_menu_item_type":null,"_menu_item_menu_item_parent":null,"_menu_item_object_id":null,"_menu_item_object":null,"_menu_item_target":null,"_menu_item_classes":null,"_menu_item_xfn":null,"_menu_item_url":null,"__elementor_forms_snapshot":null,"_unit":"","_unit_base":"","_unit_product":"","_unit_price_auto":"no","_unit_price_regular":"","_unit_price":"","_unit_price_sale":"","_sale_price_label":"","_sale_price_regular_label":"","_manufacturer_slug":"","_mini_desc":"","_defect_description":"","_safety_instructions":"","_allergen_ids":[],"_warranty_attachment_id":"","_safety_attachment_ids":[],"_min_age":"","_ts_gtin":"","_ts_mpn":"","_delivery_time_countries":[],"_free_shipping":"no","_service":"no","_photovoltaic_system":"no","_used_good":"no","_defective_copy":"no","_wireless_electronic_device":"no","_device_contains_power_supply":"no","_device_charging_supports_usb_pd":"no","_device_charging_watt_min":"0","_device_charging_watt_max":"0","_is_food":"no","_differential_taxation":"no","_gzd_version":"3.18.7","_hs_code":"","_customs_description":"","_manufacture_country":"0","_is_non_returnable":"no","_shipping_length":"","_shipping_width":"","_shipping_height":"","_sku":"ISBN 978-3-86442-299-7","_global_unique_id":"978-3-86442-299-7","_regular_price":"24.8","total_sales":"0","_tax_status":"taxable","_tax_class":"","_manage_stock":"no","_backorders":"no","_sold_individually":"no","_weight":"1","_virtual":"no","_downloadable":"no","_download_limit":"-1","_download_expiry":"-1","_stock":"","_stock_status":"instock","_wc_average_rating":"0","_wc_review_count":"0","_product_version":"9.7.1","_price":"24.8","shopengine_product_views_count":"2572","_thumbnail_id":"5044","_product_attributes":{"erscheinungsdatum":{"name":"Erscheinungsdatum","value":"28.06.2019","position":0,"is_visible":1,"is_variation":0,"is_taxonomy":0,"checkout_visible":0}},"_nutrient_ids":[],"_upsell_ids":null,"pswc_subtitle":null,"_default_delivery_time":null,"_wp_desired_post_slug":null,"_isbn":null,"pageType":null,"isExternalUrl":null,"pageId":null,"externalUrl":null,"hideCookieBanner":null,"isTargetBlank":null,"isProviderCurrentWebsite":null,"isEmbeddingOnlyExternalResources":null,"legalBasis":null,"dataProcessingInCountries":null,"dataProcessingInCountriesSpecialTreatments":null,"technicalDefinitions":null,"googleConsentModeConsentTypes":null,"executePriority":null,"executeCodeOptInWhenNoTagManagerConsentIsGiven":null,"executeCodeOptOutWhenNoTagManagerConsentIsGiven":null,"deleteTechnicalDefinitionsAfterOptOut":null,"presetId":null,"presetVersion":null,"provider":null,"providerContactPhone":null,"providerContactEmail":null,"providerContactLink":null,"uniqueName":null,"providerPrivacyPolicyUrl":null,"providerLegalNoticeUrl":null,"codeOptIn":null,"codeOptOut":null,"codeOnPageLoad":null,"language_code":null,"shopengine_template__post_meta__type":null,"shopengine_template__post_meta":null,"shopengine_template__post_meta__edit_with":null,"origin":null,"_enabled":null,"_filters":null,"_layout":null,"_elementor_import_session_id":null,"_wp_trash_meta_status":null,"_wp_trash_meta_time":null,"_edit_lock":"1743515831:2","_elementor_floating_elements_type":null,"_elementor_edit_mode":null,"_elementor_template_type":null,"tc-thumb-fld":{"_thumb_id":5044,"_thumb_type":"thumb"},"_wp_page_template":"default","_elementor_version":null,"_elementor_pro_version":null,"_elementor_page_settings":null,"_elementor_data":null,"_elementor_conditions":null,"_elementor_popup_display_settings":null,"_edit_last":"2","_elementor_template_sub_type":null,"_elementor_controls_usage":null,"_elementor_screenshot":null,"_elementor_css":null,"_elementor_page_assets":[],"_elementor_element_cache":null,"_elementor_screenshot_failed":null,"_elementor_source":null,"_wp_old_date":null,"layout_key":"","post_slider_check_key":"0","_links":{"self":[{"href":"https:\/\/snoeck.de\/es\/wp-json\/wp\/v2\/product\/3631","targetHints":{"allow":["GET"]}}],"collection":[{"href":"https:\/\/snoeck.de\/es\/wp-json\/wp\/v2\/product"}],"about":[{"href":"https:\/\/snoeck.de\/es\/wp-json\/wp\/v2\/types\/product"}],"wp:featuredmedia":[{"embeddable":true,"href":"https:\/\/snoeck.de\/es\/wp-json\/wp\/v2\/media\/5044"}],"wp:attachment":[{"href":"https:\/\/snoeck.de\/es\/wp-json\/wp\/v2\/media?parent=3631"}],"wp:term":[{"taxonomy":"product_brand","embeddable":true,"href":"https:\/\/snoeck.de\/es\/wp-json\/wp\/v2\/product_brand?post=3631"},{"taxonomy":"product_cat","embeddable":true,"href":"https:\/\/snoeck.de\/es\/wp-json\/wp\/v2\/product_cat?post=3631"},{"taxonomy":"product_tag","embeddable":true,"href":"https:\/\/snoeck.de\/es\/wp-json\/wp\/v2\/product_tag?post=3631"}],"curies":[{"name":"wp","href":"https:\/\/api.w.org\/{rel}","templated":true}]}}