{"id":3632,"date":"2025-01-31T11:31:04","date_gmt":"2025-01-31T11:31:04","guid":{"rendered":"https:\/\/snoeck.process-vision.de\/shop\/magdalena-kita-californication\/"},"modified":"2026-04-08T15:10:57","modified_gmt":"2026-04-08T14:10:57","slug":"magdalena-kita-californication","status":"publish","type":"product","link":"https:\/\/snoeck.de\/es\/shop\/magdalena-kita-californication\/","title":{"rendered":"Magdalena Kita: Californication"},"content":{"rendered":"<h3>Adi\u00f3s a las toallas grises muertas<\/h3>\n<p>Los motivos de la artista polaco-alemana Magdalena Kita, que los imprime en toallas de ba\u00f1o, recuerdan remotamente a las obsesivas obras de Dorothy Iannone. Sin embargo, Magdalena Kita va un poco m\u00e1s all\u00e1 con sus motivos coloristas e igualmente er\u00f3ticos. En su primera publicaci\u00f3n \"Californication\", que se presenta aqu\u00ed, no s\u00f3lo re\u00fane un impresionante n\u00famero de toallas de ba\u00f1o diferentes, con las que contin\u00faa el ingenuamente placentero programa pict\u00f3rico del feminismo libertario, sino tambi\u00e9n la documentaci\u00f3n de numerosas actuaciones p\u00fablicas y anuncios de televisi\u00f3n que ella misma produjo. En ellos, las toallas de ba\u00f1o son presentadas por j\u00f3venes y crujientes ba\u00f1istas que descansan sobre ellas al sol o las pasean por la playa. Las narraciones pict\u00f3ricas de las toallas funcionan como el Caballo de Troya, mostrando mucho sin revelar nada: Los complejos motivos, cargados de erotismo, no dan pistas al espectador sobre el comportamiento social, ni sobre el estilo de vida ni, m\u00e1s concretamente, sobre el sexo y el g\u00e9nero de los usuarios de las toallas de ba\u00f1o. Las obras son reflejos ir\u00f3nicos de la vida social contempor\u00e1nea, tal y como la celebran los protagonistas masculinos en las playas de Los \u00c1ngeles marcando estilo. En 2016, Magdalena Kita recibi\u00f3 el Premio Van Bommel Van Dam del museo del mismo nombre de Venlo (Pa\u00edses Bajos).<\/p>\n<p>Exposici\u00f3n:<br \/>\n\"Magdalena Kita ganadora del Premio Van Bommel Van Dam 2016\", Museo van Bommel van Dam, Venlo, 15\/10 - 31\/12\/2016.<\/p>","protected":false},"excerpt":{"rendered":"<p>Textos (en ingl\u00e9s) de Gia Edzgveradze, Tytus Klepacz, Thomas W. Kuhn, Matthew Licht, Elena Malzew, JL Murtaugh, Noemi Smolik, conversaci\u00f3n de Marina Pinsky y Alex Wisse, y pr\u00f3logo de Catherine G. Wagley.<br \/>\n184 p. con 108 ilustraciones en color<br \/>\nFormato 21 \u00d7 13 cm, tapa dura forrada de tela y gofrada<\/p>","protected":false},"featured_media":5045,"template":"","meta":[],"product_brand":[],"product_cat":[95],"product_tag":[],"class_list":{"0":"post-3632","1":"product","2":"type-product","3":"status-publish","4":"has-post-thumbnail","6":"product_cat-vergriffen","8":"first","9":"outofstock","10":"taxable","11":"shipping-taxable","12":"product-type-simple"},"aioseo_notices":[],"_wp_attached_file":null,"_wp_attachment_metadata":null,"_wc_attachment_source":null,"_elementor_inline_svg":null,"_elementor_is_screenshot":null,"_elementor_source_image_hash":null,"_source_url":null,"_wp_attachment_context":null,"_menu_item_type":null,"_menu_item_menu_item_parent":null,"_menu_item_object_id":null,"_menu_item_object":null,"_menu_item_target":null,"_menu_item_classes":null,"_menu_item_xfn":null,"_menu_item_url":null,"__elementor_forms_snapshot":null,"_unit":"","_unit_base":"","_unit_product":"","_unit_price_auto":"no","_unit_price_regular":"","_unit_price":"","_unit_price_sale":"","_sale_price_label":"","_sale_price_regular_label":"","_manufacturer_slug":"","_mini_desc":"","_defect_description":"","_safety_instructions":"","_allergen_ids":[],"_warranty_attachment_id":"","_safety_attachment_ids":[],"_min_age":"","_ts_gtin":"","_ts_mpn":"","_delivery_time_countries":[],"_free_shipping":"no","_service":"no","_photovoltaic_system":"no","_used_good":"no","_defective_copy":"no","_wireless_electronic_device":"no","_device_contains_power_supply":"no","_device_charging_supports_usb_pd":"no","_device_charging_watt_min":"0","_device_charging_watt_max":"0","_is_food":"no","_differential_taxation":"no","_gzd_version":"3.18.7","_hs_code":"","_customs_description":"","_manufacture_country":"0","_is_non_returnable":"no","_shipping_length":"","_shipping_width":"","_shipping_height":"","_sku":"ISBN 978-3-86442-192-1","_global_unique_id":"978-3-86442-192-1","_regular_price":null,"total_sales":"0","_tax_status":"taxable","_tax_class":"","_manage_stock":"no","_backorders":"no","_sold_individually":"no","_weight":"1","_virtual":"no","_downloadable":"no","_download_limit":"-1","_download_expiry":"-1","_stock":"","_stock_status":"outofstock","_wc_average_rating":"0","_wc_review_count":"0","_product_version":"10.1.4","_price":"","shopengine_product_views_count":"3066","_thumbnail_id":"5045","_product_attributes":{"erscheinungsdatum":{"name":"Fecha de publicaci\u00f3n","value":"01.12.2016","position":0,"is_visible":1,"is_variation":0,"is_taxonomy":0,"checkout_visible":0}},"_nutrient_ids":[],"_upsell_ids":null,"pswc_subtitle":null,"_default_delivery_time":null,"_wp_desired_post_slug":null,"_isbn":null,"pageType":null,"isExternalUrl":null,"pageId":null,"externalUrl":null,"hideCookieBanner":null,"isTargetBlank":null,"isProviderCurrentWebsite":null,"isEmbeddingOnlyExternalResources":null,"legalBasis":null,"dataProcessingInCountries":null,"dataProcessingInCountriesSpecialTreatments":null,"technicalDefinitions":null,"googleConsentModeConsentTypes":null,"executePriority":null,"executeCodeOptInWhenNoTagManagerConsentIsGiven":null,"executeCodeOptOutWhenNoTagManagerConsentIsGiven":null,"deleteTechnicalDefinitionsAfterOptOut":null,"presetId":null,"presetVersion":null,"provider":null,"providerContactPhone":null,"providerContactEmail":null,"providerContactLink":null,"uniqueName":null,"providerPrivacyPolicyUrl":null,"providerLegalNoticeUrl":null,"codeOptIn":null,"codeOptOut":null,"codeOnPageLoad":null,"language_code":null,"shopengine_template__post_meta__type":null,"shopengine_template__post_meta":null,"shopengine_template__post_meta__edit_with":null,"origin":null,"_enabled":null,"_filters":null,"_layout":null,"_elementor_import_session_id":null,"_wp_trash_meta_status":null,"_wp_trash_meta_time":null,"_edit_lock":"1743515761:2","_elementor_floating_elements_type":null,"_elementor_edit_mode":null,"_elementor_template_type":null,"tc-thumb-fld":{"_thumb_id":5045,"_thumb_type":"thumb"},"_wp_page_template":"default","_elementor_version":null,"_elementor_pro_version":null,"_elementor_page_settings":null,"_elementor_data":null,"_elementor_conditions":null,"_elementor_popup_display_settings":null,"_edit_last":"2","_elementor_template_sub_type":null,"_elementor_controls_usage":null,"_elementor_screenshot":null,"_elementor_css":null,"_elementor_page_assets":[],"_elementor_element_cache":null,"_elementor_screenshot_failed":null,"_elementor_source":null,"_wp_old_date":null,"layout_key":"","post_slider_check_key":"0","_links":{"self":[{"href":"https:\/\/snoeck.de\/es\/wp-json\/wp\/v2\/product\/3632","targetHints":{"allow":["GET"]}}],"collection":[{"href":"https:\/\/snoeck.de\/es\/wp-json\/wp\/v2\/product"}],"about":[{"href":"https:\/\/snoeck.de\/es\/wp-json\/wp\/v2\/types\/product"}],"wp:featuredmedia":[{"embeddable":true,"href":"https:\/\/snoeck.de\/es\/wp-json\/wp\/v2\/media\/5045"}],"wp:attachment":[{"href":"https:\/\/snoeck.de\/es\/wp-json\/wp\/v2\/media?parent=3632"}],"wp:term":[{"taxonomy":"product_brand","embeddable":true,"href":"https:\/\/snoeck.de\/es\/wp-json\/wp\/v2\/product_brand?post=3632"},{"taxonomy":"product_cat","embeddable":true,"href":"https:\/\/snoeck.de\/es\/wp-json\/wp\/v2\/product_cat?post=3632"},{"taxonomy":"product_tag","embeddable":true,"href":"https:\/\/snoeck.de\/es\/wp-json\/wp\/v2\/product_tag?post=3632"}],"curies":[{"name":"wp","href":"https:\/\/api.w.org\/{rel}","templated":true}]}}