{"id":3633,"date":"2025-01-31T11:31:05","date_gmt":"2025-01-31T11:31:05","guid":{"rendered":"https:\/\/snoeck.process-vision.de\/shop\/klug-und-von-hehrer-gestalt\/"},"modified":"2025-04-01T13:56:50","modified_gmt":"2025-04-01T13:56:50","slug":"klug-und-von-hehrer-gestalt","status":"publish","type":"product","link":"https:\/\/snoeck.de\/es\/shop\/klug-und-von-hehrer-gestalt\/","title":{"rendered":"Inteligente y de noble estatura"},"content":{"rendered":"<h3>El primer hombre moderno<\/h3>\n<p>Francesco Petrarca (1304-1374), uno de los Tre Corone de Florencia junto a Dante y Boccaccio, est\u00e1 considerado el primer humanista de la Edad Moderna. Su mundialmente famoso \"Canzoniere\", el ciclo de poemas sobre la vida y muerte de la Madonna Laura, es uno de los poemas de amor m\u00e1s famosos de Occidente. La imagen de su alma y de su esp\u00edritu debe yuxtaponerse a otra: la de una fisonom\u00eda imaginada e idealizada. Con la creciente conciencia del individuo y una necesidad de representaci\u00f3n cada vez m\u00e1s desarrollada, los primeros retratos muestran ya a Petrarca como una personalidad destacada de su \u00e9poca. En funci\u00f3n de la recepci\u00f3n de sus obras, a lo largo de los siglos posteriores surgi\u00f3 una gran variedad de representaciones en miniaturas, libros impresos y grabados, en monedas y medallas o como monumentos y esculturas. Este volumen es la primera monograf\u00eda sobre el retrato de Petrarca y sus variaciones a lo largo de los siglos. La selecci\u00f3n de retratos y los textos que los acompa\u00f1an crean una antolog\u00eda profusamente ilustrada que ofrece una visi\u00f3n de la imagen de Petrarca reflejada en su personalidad, su fama y la historia de su influencia, tanto para el gran p\u00fablico como para los expertos.Reiner Speck, nacido en 1941, Dr med., es m\u00e9dico, coleccionista y publicista, adem\u00e1s de fundador de la Sociedad Marcel Proust de Colonia. Su colecci\u00f3n de arte es tan conocida como su extensa biblioteca sobre la obra de Marcel Proust y su importante colecci\u00f3n sobre Francesco Petrarca, que es la mayor colecci\u00f3n privada del mundo. Reiner Speck ha publicado sobre arte, literatura e historia de la medicina. Recientemente ha publicado \"Odio a Paul Klee. Obras sobre papel y libros de artista de la colecci\u00f3n Speck\" y en edici\u00f3n biling\u00fce (alem\u00e1n\/franc\u00e9s) junto con J\u00fcrgen Ritte \"Cher ami ... Votre Marcel Proust. Marcel Proust en el espejo de su correspondencia\".<\/p>","protected":false},"excerpt":{"rendered":"<p>Editado por Reiner Speck y Florian Neumann<br \/>\nTextos (alem\u00e1n) de Klaus Bergdolt, Hanna Christine Jacobs, Florian Neumann, Francesca Nodari, Patricia Oster, Ulrich Pfisterer, Reiner Speck, Mario Zanucchi, Olga Zoller<br \/>\n368 p. con 320 ilustraciones en color<br \/>\nForrmat 28 x 19 cm, lino con sobrecubierta<\/p>","protected":false},"featured_media":5046,"template":"","meta":[],"product_brand":[],"product_cat":[111,64,65,68,73],"product_tag":[],"class_list":{"0":"post-3633","1":"product","2":"type-product","3":"status-publish","4":"has-post-thumbnail","6":"product_cat-111","7":"product_cat-g","8":"product_cat-h","9":"product_cat-k","10":"product_cat-p","12":"first","13":"instock","14":"taxable","15":"shipping-taxable","16":"purchasable","17":"product-type-simple"},"aioseo_notices":[],"_wp_attached_file":null,"_wp_attachment_metadata":null,"_wc_attachment_source":null,"_elementor_inline_svg":null,"_elementor_is_screenshot":null,"_elementor_source_image_hash":null,"_source_url":null,"_wp_attachment_context":null,"_menu_item_type":null,"_menu_item_menu_item_parent":null,"_menu_item_object_id":null,"_menu_item_object":null,"_menu_item_target":null,"_menu_item_classes":null,"_menu_item_xfn":null,"_menu_item_url":null,"__elementor_forms_snapshot":null,"_unit":"","_unit_base":"","_unit_product":"","_unit_price_auto":"no","_unit_price_regular":"","_unit_price":"","_unit_price_sale":"","_sale_price_label":"","_sale_price_regular_label":"","_manufacturer_slug":"","_mini_desc":"","_defect_description":"","_safety_instructions":"","_allergen_ids":[],"_warranty_attachment_id":"","_safety_attachment_ids":[],"_min_age":"","_ts_gtin":"","_ts_mpn":"","_delivery_time_countries":[],"_free_shipping":"no","_service":"no","_photovoltaic_system":"no","_used_good":"no","_defective_copy":"no","_wireless_electronic_device":"no","_device_contains_power_supply":"no","_device_charging_supports_usb_pd":"no","_device_charging_watt_min":"0","_device_charging_watt_max":"0","_is_food":"no","_differential_taxation":"no","_gzd_version":"3.18.7","_hs_code":"","_customs_description":"","_manufacture_country":"0","_is_non_returnable":"no","_shipping_length":"","_shipping_width":"","_shipping_height":"","_sku":"ISBN 978-3-86442-210-2","_global_unique_id":"978-3-86442-210-2","_regular_price":"78","total_sales":"0","_tax_status":"taxable","_tax_class":"","_manage_stock":"no","_backorders":"no","_sold_individually":"no","_weight":"2","_virtual":"no","_downloadable":"no","_download_limit":"-1","_download_expiry":"-1","_stock":"","_stock_status":"instock","_wc_average_rating":"0","_wc_review_count":"0","_product_version":"9.7.1","_price":"78","shopengine_product_views_count":"3012","_thumbnail_id":"5046","_product_attributes":{"erscheinungsdatum":{"name":"Fecha de publicaci\u00f3n","value":"03.09.2018","position":0,"is_visible":1,"is_variation":0,"is_taxonomy":0,"checkout_visible":0}},"_nutrient_ids":[],"_upsell_ids":null,"pswc_subtitle":null,"_default_delivery_time":null,"_wp_desired_post_slug":null,"_isbn":null,"pageType":null,"isExternalUrl":null,"pageId":null,"externalUrl":null,"hideCookieBanner":null,"isTargetBlank":null,"isProviderCurrentWebsite":null,"isEmbeddingOnlyExternalResources":null,"legalBasis":null,"dataProcessingInCountries":null,"dataProcessingInCountriesSpecialTreatments":null,"technicalDefinitions":null,"googleConsentModeConsentTypes":null,"executePriority":null,"executeCodeOptInWhenNoTagManagerConsentIsGiven":null,"executeCodeOptOutWhenNoTagManagerConsentIsGiven":null,"deleteTechnicalDefinitionsAfterOptOut":null,"presetId":null,"presetVersion":null,"provider":null,"providerContactPhone":null,"providerContactEmail":null,"providerContactLink":null,"uniqueName":null,"providerPrivacyPolicyUrl":null,"providerLegalNoticeUrl":null,"codeOptIn":null,"codeOptOut":null,"codeOnPageLoad":null,"language_code":null,"shopengine_template__post_meta__type":null,"shopengine_template__post_meta":null,"shopengine_template__post_meta__edit_with":null,"origin":null,"_enabled":null,"_filters":null,"_layout":null,"_elementor_import_session_id":null,"_wp_trash_meta_status":null,"_wp_trash_meta_time":null,"_edit_lock":"1743515670:2","_elementor_floating_elements_type":null,"_elementor_edit_mode":null,"_elementor_template_type":null,"tc-thumb-fld":{"_thumb_id":5046,"_thumb_type":"thumb"},"_wp_page_template":"default","_elementor_version":null,"_elementor_pro_version":null,"_elementor_page_settings":null,"_elementor_data":null,"_elementor_conditions":null,"_elementor_popup_display_settings":null,"_edit_last":"2","_elementor_template_sub_type":null,"_elementor_controls_usage":null,"_elementor_screenshot":null,"_elementor_css":null,"_elementor_page_assets":[],"_elementor_element_cache":null,"_elementor_screenshot_failed":null,"_elementor_source":null,"_wp_old_date":null,"layout_key":"","post_slider_check_key":"0","_links":{"self":[{"href":"https:\/\/snoeck.de\/es\/wp-json\/wp\/v2\/product\/3633","targetHints":{"allow":["GET"]}}],"collection":[{"href":"https:\/\/snoeck.de\/es\/wp-json\/wp\/v2\/product"}],"about":[{"href":"https:\/\/snoeck.de\/es\/wp-json\/wp\/v2\/types\/product"}],"wp:featuredmedia":[{"embeddable":true,"href":"https:\/\/snoeck.de\/es\/wp-json\/wp\/v2\/media\/5046"}],"wp:attachment":[{"href":"https:\/\/snoeck.de\/es\/wp-json\/wp\/v2\/media?parent=3633"}],"wp:term":[{"taxonomy":"product_brand","embeddable":true,"href":"https:\/\/snoeck.de\/es\/wp-json\/wp\/v2\/product_brand?post=3633"},{"taxonomy":"product_cat","embeddable":true,"href":"https:\/\/snoeck.de\/es\/wp-json\/wp\/v2\/product_cat?post=3633"},{"taxonomy":"product_tag","embeddable":true,"href":"https:\/\/snoeck.de\/es\/wp-json\/wp\/v2\/product_tag?post=3633"}],"curies":[{"name":"wp","href":"https:\/\/api.w.org\/{rel}","templated":true}]}}