{"id":3638,"date":"2025-01-31T11:31:08","date_gmt":"2025-01-31T11:31:08","guid":{"rendered":"https:\/\/snoeck.process-vision.de\/shop\/florin-kompatscher-tint\/"},"modified":"2025-04-01T13:48:45","modified_gmt":"2025-04-01T13:48:45","slug":"florin-kompatscher-tint","status":"publish","type":"product","link":"https:\/\/snoeck.de\/es\/shop\/florin-kompatscher-tint\/","title":{"rendered":"Florin Kompatscher: TINTE"},"content":{"rendered":"<h3>Florin Kompatscher y el an\u00e1lisis postnorrepresentacional<\/h3>\n<p>Las l\u00edneas y formas aparentemente aleatorias y espont\u00e1neas de los cuadros de Florin Kompatscher recuerdan a veces las constelaciones a\u00e9reas de los correspondientes campos de c\u00f3mic. Recientemente, ha llevado este proceso al extremo y ha ampliado la relaci\u00f3n entre sus obras hasta convertirla en una construcci\u00f3n espacialmente tangible y accesible en el mundo de los signos: desde pinturas sobre paneles y murales hasta l\u00edneas moldeadas escult\u00f3ricamente. Albert Oehlen tambi\u00e9n es considerado un explorador de los fen\u00f3menos de la subjetividad visual, que adem\u00e1s yuxtapone la abstracci\u00f3n siempre predominante de su pintura con elementos figurativos aislados. Ambos pintores -Kompatscher y Oehlen se conocen y aprecian mutuamente- evocan una teor\u00eda y una pr\u00e1ctica hist\u00f3rico-art\u00edsticas en las que la abstracci\u00f3n funcionaba como oposici\u00f3n estricta al representacionalismo ilusionista en la pintura. Oehlen ide\u00f3 el maravilloso concepto de \"post no-representacionalismo\", que Kompatscher y \u00e9l pueden transformar en el concepto de \"post-pre-representacionalismo\", lo que intensifica a\u00fan m\u00e1s la paradoja. Porque como decret\u00f3 Merleau-Ponty: \"Nada es m\u00e1s dif\u00edcil de conocer que lo que realmente vemos\".<\/p>\n<p>Exposiciones:<br \/>\nGaler\u00eda Elisabeth y Klaus Thoman, Viena, 3\/9 - 23\/12\/2021<br \/>\nGaler\u00eda Haverkampf &amp; Leistenschneider, 7\/1 - 12\/2\/2022<\/p>","protected":false},"excerpt":{"rendered":"<p>Editado por Elisabeth y Klaus Thoman<br \/>\nTextos (alem\u00e1n\/ingl\u00e9s) de Sandro Droschl, Gregor Jansen, Margareta Sandhofer<br \/>\n200 p. con 220 ilustraciones en color<br \/>\nFormato 31 x 22 cm, lino gofrado con sobrecubierta<\/p>","protected":false},"featured_media":5051,"template":"","meta":[],"product_brand":[],"product_cat":[85,68],"product_tag":[],"class_list":{"0":"post-3638","1":"product","2":"type-product","3":"status-publish","4":"has-post-thumbnail","6":"product_cat-85","7":"product_cat-k","9":"first","10":"instock","11":"taxable","12":"shipping-taxable","13":"purchasable","14":"product-type-simple"},"aioseo_notices":[],"_wp_attached_file":null,"_wp_attachment_metadata":null,"_wc_attachment_source":null,"_elementor_inline_svg":null,"_elementor_is_screenshot":null,"_elementor_source_image_hash":null,"_source_url":null,"_wp_attachment_context":null,"_menu_item_type":null,"_menu_item_menu_item_parent":null,"_menu_item_object_id":null,"_menu_item_object":null,"_menu_item_target":null,"_menu_item_classes":null,"_menu_item_xfn":null,"_menu_item_url":null,"__elementor_forms_snapshot":null,"_unit":"","_unit_base":"","_unit_product":"","_unit_price_auto":"no","_unit_price_regular":"","_unit_price":"","_unit_price_sale":"","_sale_price_label":"","_sale_price_regular_label":"","_manufacturer_slug":"","_mini_desc":"","_defect_description":"","_safety_instructions":"","_allergen_ids":[],"_warranty_attachment_id":"","_safety_attachment_ids":[],"_min_age":"","_ts_gtin":"","_ts_mpn":"","_delivery_time_countries":[],"_free_shipping":"no","_service":"no","_photovoltaic_system":"no","_used_good":"no","_defective_copy":"no","_wireless_electronic_device":"no","_device_contains_power_supply":"no","_device_charging_supports_usb_pd":"no","_device_charging_watt_min":"0","_device_charging_watt_max":"0","_is_food":"no","_differential_taxation":"no","_gzd_version":"3.18.7","_hs_code":"","_customs_description":"","_manufacture_country":"0","_is_non_returnable":"no","_shipping_length":"","_shipping_width":"","_shipping_height":"","_sku":"ISBN 978-3-86442-365-9","_global_unique_id":"978-3-86442-365-9","_regular_price":"58","total_sales":"0","_tax_status":"taxable","_tax_class":"","_manage_stock":"no","_backorders":"no","_sold_individually":"no","_weight":"2","_virtual":"no","_downloadable":"no","_download_limit":"-1","_download_expiry":"-1","_stock":"","_stock_status":"instock","_wc_average_rating":"0","_wc_review_count":"0","_product_version":"9.7.1","_price":"58","shopengine_product_views_count":"2659","_thumbnail_id":"5051","_product_attributes":{"erscheinungsdatum":{"name":"Fecha de publicaci\u00f3n","value":"10.11.2021","position":0,"is_visible":1,"is_variation":0,"is_taxonomy":0,"checkout_visible":0}},"_nutrient_ids":[],"_upsell_ids":null,"pswc_subtitle":null,"_default_delivery_time":null,"_wp_desired_post_slug":null,"_isbn":null,"pageType":null,"isExternalUrl":null,"pageId":null,"externalUrl":null,"hideCookieBanner":null,"isTargetBlank":null,"isProviderCurrentWebsite":null,"isEmbeddingOnlyExternalResources":null,"legalBasis":null,"dataProcessingInCountries":null,"dataProcessingInCountriesSpecialTreatments":null,"technicalDefinitions":null,"googleConsentModeConsentTypes":null,"executePriority":null,"executeCodeOptInWhenNoTagManagerConsentIsGiven":null,"executeCodeOptOutWhenNoTagManagerConsentIsGiven":null,"deleteTechnicalDefinitionsAfterOptOut":null,"presetId":null,"presetVersion":null,"provider":null,"providerContactPhone":null,"providerContactEmail":null,"providerContactLink":null,"uniqueName":null,"providerPrivacyPolicyUrl":null,"providerLegalNoticeUrl":null,"codeOptIn":null,"codeOptOut":null,"codeOnPageLoad":null,"language_code":null,"shopengine_template__post_meta__type":null,"shopengine_template__post_meta":null,"shopengine_template__post_meta__edit_with":null,"origin":null,"_enabled":null,"_filters":null,"_layout":null,"_elementor_import_session_id":null,"_wp_trash_meta_status":null,"_wp_trash_meta_time":null,"_edit_lock":"1743515185:2","_elementor_floating_elements_type":null,"_elementor_edit_mode":null,"_elementor_template_type":null,"tc-thumb-fld":{"_thumb_id":5051,"_thumb_type":"thumb"},"_wp_page_template":"default","_elementor_version":null,"_elementor_pro_version":null,"_elementor_page_settings":null,"_elementor_data":null,"_elementor_conditions":null,"_elementor_popup_display_settings":null,"_edit_last":"2","_elementor_template_sub_type":null,"_elementor_controls_usage":null,"_elementor_screenshot":null,"_elementor_css":null,"_elementor_page_assets":[],"_elementor_element_cache":null,"_elementor_screenshot_failed":null,"_elementor_source":null,"_wp_old_date":null,"layout_key":"","post_slider_check_key":"0","_links":{"self":[{"href":"https:\/\/snoeck.de\/es\/wp-json\/wp\/v2\/product\/3638","targetHints":{"allow":["GET"]}}],"collection":[{"href":"https:\/\/snoeck.de\/es\/wp-json\/wp\/v2\/product"}],"about":[{"href":"https:\/\/snoeck.de\/es\/wp-json\/wp\/v2\/types\/product"}],"wp:featuredmedia":[{"embeddable":true,"href":"https:\/\/snoeck.de\/es\/wp-json\/wp\/v2\/media\/5051"}],"wp:attachment":[{"href":"https:\/\/snoeck.de\/es\/wp-json\/wp\/v2\/media?parent=3638"}],"wp:term":[{"taxonomy":"product_brand","embeddable":true,"href":"https:\/\/snoeck.de\/es\/wp-json\/wp\/v2\/product_brand?post=3638"},{"taxonomy":"product_cat","embeddable":true,"href":"https:\/\/snoeck.de\/es\/wp-json\/wp\/v2\/product_cat?post=3638"},{"taxonomy":"product_tag","embeddable":true,"href":"https:\/\/snoeck.de\/es\/wp-json\/wp\/v2\/product_tag?post=3638"}],"curies":[{"name":"wp","href":"https:\/\/api.w.org\/{rel}","templated":true}]}}