{"id":3640,"date":"2025-01-31T11:31:09","date_gmt":"2025-01-31T11:31:09","guid":{"rendered":"https:\/\/snoeck.process-vision.de\/shop\/sabine-kuehnle-stories-from-the-north\/"},"modified":"2025-04-01T13:42:00","modified_gmt":"2025-04-01T13:42:00","slug":"sabine-kuehnle-stories-from-the-north","status":"publish","type":"product","link":"https:\/\/snoeck.de\/es\/shop\/sabine-kuehnle-stories-from-the-north\/","title":{"rendered":"Sabine Kuehnle: Historias del Norte"},"content":{"rendered":"<h3>Inteligente, cruda, clara y a veces dura<\/h3>\n<p>\"Tiempo de hachas, tiempo de espadas, tiempo de escudos partidos, tiempo de vientos, tiempo de lobos, hasta que el mundo llegue a su fin...\". La visi\u00f3n susurrante de la vidente en el canto n\u00f3rdico de la \"Edda\" trata de un mundo de leyendas poderoso y, sobre todo, elocuente. Sabine Kuehnle lo representa en una amplia instalaci\u00f3n que nos conduce al fresno Yggdrasill, que representa todo el cosmos en la mitolog\u00eda n\u00f3rdica. Su copa une el cielo y la tierra, sus ra\u00edces llegan hasta un manantial donde viven tres doncellas. Ellas determinan nuestro destino, sus nombres son: lo que ha llegado a ser, lo que est\u00e1 llegando a ser y lo que est\u00e1 por venir. Sabine Kuehnle permite que surtan efecto para que se combinen con otras impresiones, figuras, im\u00e1genes e historias, abriendo nuevas narrativas y espacios. El camino para ello a veces se asemeja a una investigaci\u00f3n cient\u00edfica precisa y otras se desarrolla de forma puramente asociativa. La separaci\u00f3n entre la b\u00fasqueda concentrada y la deriva libre se anula, lo consciente y lo inconsciente deben fluir el uno en el otro. Combinar y procesar los materiales, las texturas y el espacio de tal manera que parezcan un poema: como un pensamiento condensado, inteligente, crudo, claro y a veces \u00e1spero - esto es lo que hace tan especial la obra de Sabine Kuehnle.<\/p>","protected":false},"excerpt":{"rendered":"<p>Texto (alem\u00e1n\/ingl\u00e9s) de Britta Schr\u00f6der<br \/>\n144 p. con 200 ilustraciones en color<br \/>\nFormato 24 x 18 cm, folleto desplegable<\/p>","protected":false},"featured_media":5053,"template":"","meta":[],"product_brand":[],"product_cat":[87,68],"product_tag":[],"class_list":{"0":"post-3640","1":"product","2":"type-product","3":"status-publish","4":"has-post-thumbnail","6":"product_cat-87","7":"product_cat-k","9":"first","10":"instock","11":"taxable","12":"shipping-taxable","13":"purchasable","14":"product-type-simple"},"aioseo_notices":[],"_wp_attached_file":null,"_wp_attachment_metadata":null,"_wc_attachment_source":null,"_elementor_inline_svg":null,"_elementor_is_screenshot":null,"_elementor_source_image_hash":null,"_source_url":null,"_wp_attachment_context":null,"_menu_item_type":null,"_menu_item_menu_item_parent":null,"_menu_item_object_id":null,"_menu_item_object":null,"_menu_item_target":null,"_menu_item_classes":null,"_menu_item_xfn":null,"_menu_item_url":null,"__elementor_forms_snapshot":null,"_unit":"","_unit_base":"","_unit_product":"","_unit_price_auto":"no","_unit_price_regular":"","_unit_price":"","_unit_price_sale":"","_sale_price_label":"","_sale_price_regular_label":"","_manufacturer_slug":"","_mini_desc":"","_defect_description":"","_safety_instructions":"","_allergen_ids":[],"_warranty_attachment_id":"","_safety_attachment_ids":[],"_min_age":"","_ts_gtin":"","_ts_mpn":"","_delivery_time_countries":[],"_free_shipping":"no","_service":"no","_photovoltaic_system":"no","_used_good":"no","_defective_copy":"no","_wireless_electronic_device":"no","_device_contains_power_supply":"no","_device_charging_supports_usb_pd":"no","_device_charging_watt_min":"0","_device_charging_watt_max":"0","_is_food":"no","_differential_taxation":"no","_gzd_version":"3.18.7","_hs_code":"","_customs_description":"","_manufacture_country":"0","_is_non_returnable":"no","_shipping_length":"","_shipping_width":"","_shipping_height":"","_sku":"ISBN 978-3-86442-415-1","_global_unique_id":"978-3-86442-415-1","_regular_price":"39.8","total_sales":"0","_tax_status":"taxable","_tax_class":"","_manage_stock":"no","_backorders":"no","_sold_individually":"no","_weight":"1","_virtual":"no","_downloadable":"no","_download_limit":"-1","_download_expiry":"-1","_stock":"","_stock_status":"instock","_wc_average_rating":"0","_wc_review_count":"0","_product_version":"9.7.1","_price":"39.8","shopengine_product_views_count":"3764","_thumbnail_id":"5053","_product_attributes":{"erscheinungsdatum":{"name":"Fecha de publicaci\u00f3n","value":"07.07.2023","position":0,"is_visible":1,"is_variation":0,"is_taxonomy":0,"checkout_visible":0}},"_nutrient_ids":[],"_upsell_ids":null,"pswc_subtitle":null,"_default_delivery_time":null,"_wp_desired_post_slug":null,"_isbn":null,"pageType":null,"isExternalUrl":null,"pageId":null,"externalUrl":null,"hideCookieBanner":null,"isTargetBlank":null,"isProviderCurrentWebsite":null,"isEmbeddingOnlyExternalResources":null,"legalBasis":null,"dataProcessingInCountries":null,"dataProcessingInCountriesSpecialTreatments":null,"technicalDefinitions":null,"googleConsentModeConsentTypes":null,"executePriority":null,"executeCodeOptInWhenNoTagManagerConsentIsGiven":null,"executeCodeOptOutWhenNoTagManagerConsentIsGiven":null,"deleteTechnicalDefinitionsAfterOptOut":null,"presetId":null,"presetVersion":null,"provider":null,"providerContactPhone":null,"providerContactEmail":null,"providerContactLink":null,"uniqueName":null,"providerPrivacyPolicyUrl":null,"providerLegalNoticeUrl":null,"codeOptIn":null,"codeOptOut":null,"codeOnPageLoad":null,"language_code":null,"shopengine_template__post_meta__type":null,"shopengine_template__post_meta":null,"shopengine_template__post_meta__edit_with":null,"origin":null,"_enabled":null,"_filters":null,"_layout":null,"_elementor_import_session_id":null,"_wp_trash_meta_status":null,"_wp_trash_meta_time":null,"_edit_lock":"1743514782:2","_elementor_floating_elements_type":null,"_elementor_edit_mode":null,"_elementor_template_type":null,"tc-thumb-fld":{"_thumb_id":5053,"_thumb_type":"thumb"},"_wp_page_template":"default","_elementor_version":null,"_elementor_pro_version":null,"_elementor_page_settings":null,"_elementor_data":null,"_elementor_conditions":null,"_elementor_popup_display_settings":null,"_edit_last":"2","_elementor_template_sub_type":null,"_elementor_controls_usage":null,"_elementor_screenshot":null,"_elementor_css":null,"_elementor_page_assets":[],"_elementor_element_cache":null,"_elementor_screenshot_failed":null,"_elementor_source":null,"_wp_old_date":null,"layout_key":"","post_slider_check_key":"0","_links":{"self":[{"href":"https:\/\/snoeck.de\/es\/wp-json\/wp\/v2\/product\/3640","targetHints":{"allow":["GET"]}}],"collection":[{"href":"https:\/\/snoeck.de\/es\/wp-json\/wp\/v2\/product"}],"about":[{"href":"https:\/\/snoeck.de\/es\/wp-json\/wp\/v2\/types\/product"}],"wp:featuredmedia":[{"embeddable":true,"href":"https:\/\/snoeck.de\/es\/wp-json\/wp\/v2\/media\/5053"}],"wp:attachment":[{"href":"https:\/\/snoeck.de\/es\/wp-json\/wp\/v2\/media?parent=3640"}],"wp:term":[{"taxonomy":"product_brand","embeddable":true,"href":"https:\/\/snoeck.de\/es\/wp-json\/wp\/v2\/product_brand?post=3640"},{"taxonomy":"product_cat","embeddable":true,"href":"https:\/\/snoeck.de\/es\/wp-json\/wp\/v2\/product_cat?post=3640"},{"taxonomy":"product_tag","embeddable":true,"href":"https:\/\/snoeck.de\/es\/wp-json\/wp\/v2\/product_tag?post=3640"}],"curies":[{"name":"wp","href":"https:\/\/api.w.org\/{rel}","templated":true}]}}