{"id":3643,"date":"2025-01-31T11:31:11","date_gmt":"2025-01-31T11:31:11","guid":{"rendered":"https:\/\/snoeck.process-vision.de\/shop\/kuenstler-und-propheten-eine-geheime-geschichte-der-moderne-1872-1972\/"},"modified":"2025-04-01T13:31:10","modified_gmt":"2025-04-01T13:31:10","slug":"kuenstler-und-propheten-eine-geheime-geschichte-der-moderne-1872-1972","status":"publish","type":"product","link":"https:\/\/snoeck.de\/es\/shop\/kuenstler-und-propheten-eine-geheime-geschichte-der-moderne-1872-1972\/","title":{"rendered":"Artistas y profetas. Historia secreta del modernismo 1872-1972"},"content":{"rendered":"<h3>Es \"la\" historia secreta de la modernidad<\/h3>\n<p>\u00bfUna historia secreta del modernismo? Egon Schiele se ve\u00eda a s\u00ed mismo como un artista vidente y prof\u00e9tico, Franti\u0161ek Kupka pintaba de repente abstracciones espiritualizadas, Joseph Beuys ped\u00eda una revoluci\u00f3n social con la ayuda del arte y Friedensreich Hundertwasser cre\u00f3 la primera de sus famosas espirales. Estos revolucionarios avances art\u00edsticos no se habr\u00edan producido sin el encuentro con la vida y la obra de los artistas-naturistas. La importancia del ascenso de estos artistas-naturistas, que tambi\u00e9n se consideraban disidentes religiosos y revolucionarios sociales, es una historia en gran medida desconocida para el arte moderno. Sus nombres -Karl Wilhelm Diefenbach (1851-1913), por ejemplo, o Gusto Gr\u00e4ser (1879-1958), Gustav Nagel (1874-1952), Friederich Muck-Lamberty (1891-1984), Ludwig Christian Haeusser (1881-1927)- est\u00e1n casi olvidados en el mundo del arte actual, aunque eran muy conocidos y apreciados en los c\u00edrculos vanguardistas. A trav\u00e9s de la exposici\u00f3n y el libro -con unas 300 obras de Franti\u0161ek Kupka (1871-1957), Egon Schiele (1890-1918), Johannes Baader (1876-1955), Max Schulze-S\u00f6lde (1887-1967), Heinrich Vogeler (1872-1942), Friedrich Schr\u00f6der-Sonnenstern (1892-1982), Friedensreich Hundertwasser (1928-2000), Joseph Beuys (1921-1986) y J\u00f6rg Immendorf (1945-2007), as\u00ed como diverso material documental- se descubren causalidades, se trazan inesperadas l\u00edneas de conexi\u00f3n a trav\u00e9s del modernismo y se integra a los llamados salvadores y a las vanguardias art\u00edsticas en un contexto art\u00edstico e hist\u00f3rico-cultural de gran alcance.<\/p>\n<p>Exposici\u00f3n:<br \/>\nSchirn Kunsthalle Frankfurt, 6\/3 - 21\/6\/2015<\/p>","protected":false},"excerpt":{"rendered":"<p>Cat\u00e1logo de la exposici\u00f3n, Schirn Kunsthalle Frankfurt, editado por Max Hollein y Pamela Kort<br \/>\nTexto (alem\u00e1n\/ingl\u00e9s) de Pamela Kort<br \/>\n512 p. con 470 ilustraciones en color<br \/>\nFormato 30 x 24 cm, folleto desplegable<\/p>","protected":false},"featured_media":5056,"template":"","meta":[],"product_brand":[],"product_cat":[102,68,73,90],"product_tag":[],"class_list":{"0":"post-3643","1":"product","2":"type-product","3":"status-publish","4":"has-post-thumbnail","6":"product_cat-102","7":"product_cat-k","8":"product_cat-p","9":"product_cat-rare-books","11":"first","12":"instock","13":"taxable","14":"shipping-taxable","15":"purchasable","16":"product-type-simple"},"aioseo_notices":[],"_wp_attached_file":null,"_wp_attachment_metadata":null,"_wc_attachment_source":null,"_elementor_inline_svg":null,"_elementor_is_screenshot":null,"_elementor_source_image_hash":null,"_source_url":null,"_wp_attachment_context":null,"_menu_item_type":null,"_menu_item_menu_item_parent":null,"_menu_item_object_id":null,"_menu_item_object":null,"_menu_item_target":null,"_menu_item_classes":null,"_menu_item_xfn":null,"_menu_item_url":null,"__elementor_forms_snapshot":null,"_unit":"","_unit_base":"","_unit_product":"","_unit_price_auto":"no","_unit_price_regular":"","_unit_price":"","_unit_price_sale":"","_sale_price_label":"","_sale_price_regular_label":"","_manufacturer_slug":"","_mini_desc":"","_defect_description":"","_safety_instructions":"","_allergen_ids":[],"_warranty_attachment_id":"","_safety_attachment_ids":[],"_min_age":"","_ts_gtin":"","_ts_mpn":"","_delivery_time_countries":[],"_free_shipping":"no","_service":"no","_photovoltaic_system":"no","_used_good":"no","_defective_copy":"no","_wireless_electronic_device":"no","_device_contains_power_supply":"no","_device_charging_supports_usb_pd":"no","_device_charging_watt_min":"0","_device_charging_watt_max":"0","_is_food":"no","_differential_taxation":"no","_gzd_version":"3.18.7","_hs_code":"","_customs_description":"","_manufacture_country":"0","_is_non_returnable":"no","_shipping_length":"","_shipping_width":"","_shipping_height":"","_sku":"ISBN 978-3-86442-116-7","_global_unique_id":"978-3-86442-116-7","_regular_price":"198","total_sales":"0","_tax_status":"taxable","_tax_class":"","_manage_stock":"no","_backorders":"no","_sold_individually":"no","_weight":"3","_virtual":"no","_downloadable":"no","_download_limit":"-1","_download_expiry":"-1","_stock":"","_stock_status":"instock","_wc_average_rating":"0","_wc_review_count":"0","_product_version":"9.7.1","_price":"198","shopengine_product_views_count":"2931","_thumbnail_id":"5056","_product_attributes":{"erscheinungsdatum":{"name":"Fecha de publicaci\u00f3n","value":"12.03.2015","position":0,"is_visible":1,"is_variation":0,"is_taxonomy":0,"checkout_visible":0}},"_nutrient_ids":[],"_upsell_ids":null,"pswc_subtitle":null,"_default_delivery_time":"","_wp_desired_post_slug":null,"_isbn":null,"pageType":null,"isExternalUrl":null,"pageId":null,"externalUrl":null,"hideCookieBanner":null,"isTargetBlank":null,"isProviderCurrentWebsite":null,"isEmbeddingOnlyExternalResources":null,"legalBasis":null,"dataProcessingInCountries":null,"dataProcessingInCountriesSpecialTreatments":null,"technicalDefinitions":null,"googleConsentModeConsentTypes":null,"executePriority":null,"executeCodeOptInWhenNoTagManagerConsentIsGiven":null,"executeCodeOptOutWhenNoTagManagerConsentIsGiven":null,"deleteTechnicalDefinitionsAfterOptOut":null,"presetId":null,"presetVersion":null,"provider":null,"providerContactPhone":null,"providerContactEmail":null,"providerContactLink":null,"uniqueName":null,"providerPrivacyPolicyUrl":null,"providerLegalNoticeUrl":null,"codeOptIn":null,"codeOptOut":null,"codeOnPageLoad":null,"language_code":null,"shopengine_template__post_meta__type":null,"shopengine_template__post_meta":null,"shopengine_template__post_meta__edit_with":null,"origin":null,"_enabled":null,"_filters":null,"_layout":null,"_elementor_import_session_id":null,"_wp_trash_meta_status":null,"_wp_trash_meta_time":null,"_edit_lock":"1743514131:2","_elementor_floating_elements_type":null,"_elementor_edit_mode":null,"_elementor_template_type":null,"tc-thumb-fld":{"_thumb_id":5056,"_thumb_type":"thumb"},"_wp_page_template":"default","_elementor_version":null,"_elementor_pro_version":null,"_elementor_page_settings":null,"_elementor_data":null,"_elementor_conditions":null,"_elementor_popup_display_settings":null,"_edit_last":"2","_elementor_template_sub_type":null,"_elementor_controls_usage":null,"_elementor_screenshot":null,"_elementor_css":null,"_elementor_page_assets":[],"_elementor_element_cache":null,"_elementor_screenshot_failed":null,"_elementor_source":null,"_wp_old_date":null,"layout_key":"","post_slider_check_key":"0","_links":{"self":[{"href":"https:\/\/snoeck.de\/es\/wp-json\/wp\/v2\/product\/3643","targetHints":{"allow":["GET"]}}],"collection":[{"href":"https:\/\/snoeck.de\/es\/wp-json\/wp\/v2\/product"}],"about":[{"href":"https:\/\/snoeck.de\/es\/wp-json\/wp\/v2\/types\/product"}],"wp:featuredmedia":[{"embeddable":true,"href":"https:\/\/snoeck.de\/es\/wp-json\/wp\/v2\/media\/5056"}],"wp:attachment":[{"href":"https:\/\/snoeck.de\/es\/wp-json\/wp\/v2\/media?parent=3643"}],"wp:term":[{"taxonomy":"product_brand","embeddable":true,"href":"https:\/\/snoeck.de\/es\/wp-json\/wp\/v2\/product_brand?post=3643"},{"taxonomy":"product_cat","embeddable":true,"href":"https:\/\/snoeck.de\/es\/wp-json\/wp\/v2\/product_cat?post=3643"},{"taxonomy":"product_tag","embeddable":true,"href":"https:\/\/snoeck.de\/es\/wp-json\/wp\/v2\/product_tag?post=3643"}],"curies":[{"name":"wp","href":"https:\/\/api.w.org\/{rel}","templated":true}]}}