{"id":3644,"date":"2025-01-31T11:31:11","date_gmt":"2025-01-31T11:31:11","guid":{"rendered":"https:\/\/snoeck.process-vision.de\/shop\/land_scope-fotoarbeiten-von-roni-horn-bis-thomas-ruff-aus-der-dz-bank-kunstsammlung\/"},"modified":"2026-04-08T15:18:32","modified_gmt":"2026-04-08T14:18:32","slug":"land_scope-fotoarbeiten-von-roni-horn-bis-thomas-ruff-aus-der-dz-bank-kunstsammlung","status":"publish","type":"product","link":"https:\/\/snoeck.de\/es\/shop\/land_scope-fotoarbeiten-von-roni-horn-bis-thomas-ruff-aus-der-dz-bank-kunstsammlung\/","title":{"rendered":"LAND_SCOPE. Obras fotogr\u00e1ficas de Roni Horn a Thomas Ruff de la Colecci\u00f3n de Arte del Banco DZ"},"content":{"rendered":"<h3>La constante ganancia de terreno del arte fotogr\u00e1fico<\/h3>\n<p>La exposici\u00f3n y el cat\u00e1logo est\u00e1n dedicados a la representaci\u00f3n del paisaje en el arte fotogr\u00e1fico posmoderno y contempor\u00e1neo. Desde finales del siglo XVIII, el arte del Romanticismo ha caracterizado nuestra idea de la naturaleza id\u00edlica y sublime. Pintores como Philipp Otto Runge, pero sobre todo Caspar David Friedrich, las situaron en el centro de atenci\u00f3n. Sin embargo, Friedrich fue m\u00e1s all\u00e1 de la simbolizaci\u00f3n que hac\u00eda Runge del poder creador universal en los paisajes de fantas\u00eda metaf\u00edsica, transformando escenas paisaj\u00edsticas reales en cuadros llenos de significado simb\u00f3lico como brillante dise\u00f1ador t\u00e9cnico. Muchos de estos cuadros cautivan por su extasiante y opresiva representaci\u00f3n de la extensi\u00f3n espacial y el vac\u00edo. Una forma de ver que tambi\u00e9n caracteriza al arte fotogr\u00e1fico contempor\u00e1neo, cada vez m\u00e1s centrado en la transformaci\u00f3n de los paisajes naturales y agr\u00edcolas, y que aborda los efectos de la industrializaci\u00f3n -incluida la agricultura- y la expansi\u00f3n urbana. El libro re\u00fane obras de unos 60 artistas de la colecci\u00f3n de arte DZ BANK. Esta sinopsis, dividida en siete cap\u00edtulos ricos en im\u00e1genes y texto, presenta una amplia gama de posibilidades con las que los artistas pueden abordar el paisaje en el medio de la fotograf\u00eda: diferentes tipos de paisaje como paisajes ideales o zonas desiertas, territorios pol\u00edticos, paisajes agr\u00edcolas; tambi\u00e9n se presentan las fuerzas formales y el potencial de abstracci\u00f3n de la imagen fotogr\u00e1fica, de modo que el paisaje se negocia como concepto o incluso aparece como una entidad digital.artistas:<br \/>\nLucinda Devlin, William Eggleston, Beate G\u00fctschow, Raphael Hefti, Dan Holdsworth, Carsten H\u00f6ller, Roni Horn, Axel H\u00fctte, Magdalen\u00e1 Jetelova, Sven Johne, Peter Keetman, Robert Longo, Richard Mosse, Heinrich Riebesehl, Thomas Ruff, Adrian Sauer, Stephen Shore, Hiroshi Sugimoto, Anna Vogel et al.<\/p>\n<p>Exposici\u00f3n:<br \/>\nMuseo de la Ciudad de M\u00fanich, 30\/11\/2018 - 26\/5\/2019<\/p>","protected":false},"excerpt":{"rendered":"<p>Cat\u00e1logo de la exposici\u00f3n, M\u00fcnchner Stadtmuseum\/DZ Bank Kunstsammlung Frankfurt, editado por Ulrich Pohlmann, Christina Leber, Katharina Zimmermann y Erec Gellautz<br \/>\nTextos (alem\u00e1n\/ingl\u00e9s) de Volker Demuth, Christina Leber, Ulrich Pohlmann, Erec Gellautz, Dietmar Mezler, Katharina Zimmermann<br \/>\nFormato 28 x 21 cm, tapa dura<\/p>","protected":false},"featured_media":5057,"template":"","meta":[],"product_brand":[],"product_cat":[95],"product_tag":[],"class_list":{"0":"post-3644","1":"product","2":"type-product","3":"status-publish","4":"has-post-thumbnail","6":"product_cat-vergriffen","8":"first","9":"outofstock","10":"taxable","11":"shipping-taxable","12":"product-type-simple"},"aioseo_notices":[],"_wp_attached_file":null,"_wp_attachment_metadata":null,"_wc_attachment_source":null,"_elementor_inline_svg":null,"_elementor_is_screenshot":null,"_elementor_source_image_hash":null,"_source_url":null,"_wp_attachment_context":null,"_menu_item_type":null,"_menu_item_menu_item_parent":null,"_menu_item_object_id":null,"_menu_item_object":null,"_menu_item_target":null,"_menu_item_classes":null,"_menu_item_xfn":null,"_menu_item_url":null,"__elementor_forms_snapshot":null,"_unit":"","_unit_base":"","_unit_product":"","_unit_price_auto":"no","_unit_price_regular":"","_unit_price":"","_unit_price_sale":"","_sale_price_label":"","_sale_price_regular_label":"","_manufacturer_slug":"","_mini_desc":"","_defect_description":"","_safety_instructions":"","_allergen_ids":[],"_warranty_attachment_id":"","_safety_attachment_ids":[],"_min_age":"","_ts_gtin":"","_ts_mpn":"","_delivery_time_countries":[],"_free_shipping":"no","_service":"no","_photovoltaic_system":"no","_used_good":"no","_defective_copy":"no","_wireless_electronic_device":"no","_device_contains_power_supply":"no","_device_charging_supports_usb_pd":"no","_device_charging_watt_min":"0","_device_charging_watt_max":"0","_is_food":"no","_differential_taxation":"no","_gzd_version":"3.18.7","_hs_code":"","_customs_description":"","_manufacture_country":"0","_is_non_returnable":"no","_shipping_length":"","_shipping_width":"","_shipping_height":"","_sku":"ISBN :978-3-86442-264-5","_global_unique_id":"978-3-86442-264-5","_regular_price":null,"total_sales":"0","_tax_status":"taxable","_tax_class":"","_manage_stock":"no","_backorders":"no","_sold_individually":"no","_weight":"1","_virtual":"no","_downloadable":"no","_download_limit":"-1","_download_expiry":"-1","_stock":"","_stock_status":"outofstock","_wc_average_rating":"0","_wc_review_count":"0","_product_version":"10.1.4","_price":"","shopengine_product_views_count":"2874","_thumbnail_id":"5057","_product_attributes":{"erscheinungsdatum":{"name":"Fecha de publicaci\u00f3n","value":"28.11.2018","position":0,"is_visible":1,"is_variation":0,"is_taxonomy":0,"checkout_visible":0}},"_nutrient_ids":[],"_upsell_ids":null,"pswc_subtitle":null,"_default_delivery_time":"","_wp_desired_post_slug":null,"_isbn":null,"pageType":null,"isExternalUrl":null,"pageId":null,"externalUrl":null,"hideCookieBanner":null,"isTargetBlank":null,"isProviderCurrentWebsite":null,"isEmbeddingOnlyExternalResources":null,"legalBasis":null,"dataProcessingInCountries":null,"dataProcessingInCountriesSpecialTreatments":null,"technicalDefinitions":null,"googleConsentModeConsentTypes":null,"executePriority":null,"executeCodeOptInWhenNoTagManagerConsentIsGiven":null,"executeCodeOptOutWhenNoTagManagerConsentIsGiven":null,"deleteTechnicalDefinitionsAfterOptOut":null,"presetId":null,"presetVersion":null,"provider":null,"providerContactPhone":null,"providerContactEmail":null,"providerContactLink":null,"uniqueName":null,"providerPrivacyPolicyUrl":null,"providerLegalNoticeUrl":null,"codeOptIn":null,"codeOptOut":null,"codeOnPageLoad":null,"language_code":null,"shopengine_template__post_meta__type":null,"shopengine_template__post_meta":null,"shopengine_template__post_meta__edit_with":null,"origin":null,"_enabled":null,"_filters":null,"_layout":null,"_elementor_import_session_id":null,"_wp_trash_meta_status":null,"_wp_trash_meta_time":null,"_edit_lock":"1743514305:2","_elementor_floating_elements_type":null,"_elementor_edit_mode":null,"_elementor_template_type":null,"tc-thumb-fld":{"_thumb_id":5057,"_thumb_type":"thumb"},"_wp_page_template":"default","_elementor_version":null,"_elementor_pro_version":null,"_elementor_page_settings":null,"_elementor_data":null,"_elementor_conditions":null,"_elementor_popup_display_settings":null,"_edit_last":"2","_elementor_template_sub_type":null,"_elementor_controls_usage":null,"_elementor_screenshot":null,"_elementor_css":null,"_elementor_page_assets":[],"_elementor_element_cache":null,"_elementor_screenshot_failed":null,"_elementor_source":null,"_wp_old_date":null,"layout_key":"","post_slider_check_key":"0","_links":{"self":[{"href":"https:\/\/snoeck.de\/es\/wp-json\/wp\/v2\/product\/3644","targetHints":{"allow":["GET"]}}],"collection":[{"href":"https:\/\/snoeck.de\/es\/wp-json\/wp\/v2\/product"}],"about":[{"href":"https:\/\/snoeck.de\/es\/wp-json\/wp\/v2\/types\/product"}],"wp:featuredmedia":[{"embeddable":true,"href":"https:\/\/snoeck.de\/es\/wp-json\/wp\/v2\/media\/5057"}],"wp:attachment":[{"href":"https:\/\/snoeck.de\/es\/wp-json\/wp\/v2\/media?parent=3644"}],"wp:term":[{"taxonomy":"product_brand","embeddable":true,"href":"https:\/\/snoeck.de\/es\/wp-json\/wp\/v2\/product_brand?post=3644"},{"taxonomy":"product_cat","embeddable":true,"href":"https:\/\/snoeck.de\/es\/wp-json\/wp\/v2\/product_cat?post=3644"},{"taxonomy":"product_tag","embeddable":true,"href":"https:\/\/snoeck.de\/es\/wp-json\/wp\/v2\/product_tag?post=3644"}],"curies":[{"name":"wp","href":"https:\/\/api.w.org\/{rel}","templated":true}]}}