{"id":3645,"date":"2025-01-31T11:31:12","date_gmt":"2025-01-31T11:31:12","guid":{"rendered":"https:\/\/snoeck.process-vision.de\/shop\/jonathan-lasker-from-drawings-and-white-form-paintings\/"},"modified":"2025-04-01T13:26:30","modified_gmt":"2025-04-01T13:26:30","slug":"jonathan-lasker-from-drawings-and-white-form-paintings","status":"publish","type":"product","link":"https:\/\/snoeck.de\/es\/shop\/jonathan-lasker-from-drawings-and-white-form-paintings\/","title":{"rendered":"Jonathan Lasker: De dibujos y pinturas de formas blancas"},"content":{"rendered":"<h3>Primeros cuadros y dibujos de Jonathan Lasker<\/h3>\n<p>La obra de Jonathan Lasker se describe a menudo como extra\u00f1a y, sin embargo, es una de las m\u00e1s influyentes del arte abstracto contempor\u00e1neo. A finales de la d\u00e9cada de 1970 y principios de la de 1980, un periodo en el que todo estaba en constante cambio, cuando el Expresionismo Abstracto, el Minimalismo y la pintura de campos de color perdieron su compromiso formal, consigui\u00f3 realizar temas como la referencialidad, la figuraci\u00f3n, la materialidad no disimulada y la corporeidad, incluso momentos de lo decorativo y lo pict\u00f3rico. Los cuadros y objetos s\u00f3lidos de los a\u00f1os sesenta hab\u00edan quedado formalmente obsoletos, y se produjo un retorno a las fuentes hist\u00f3ricas del arte que provoc\u00f3 nuevos contenidos art\u00edsticos en forma de Nueva Pintura de Imagen, patrones y decoraciones. En resumen, la abstracci\u00f3n, tal y como la aplic\u00f3 Jonathan Lasker, hab\u00eda llegado a la era posmoderna. Este volumen presenta una serie de bellos estudios preliminares sobre papel, as\u00ed como \u00f3leos de gran formato realizados entre 1977 y 1981 que muestran su radical realizaci\u00f3n art\u00edstica.<\/p>","protected":false},"excerpt":{"rendered":"<p>Kienbaum Artists' Books 2021, editado por Jochen y Laura Kienbaum<br \/>\nTexto (eng.\/suplemento dt.) de Richard Kalina<br \/>\n96 p. con 90 ilustraciones en color<br \/>\nFormato 24,5 x 29,5 cm, tapa dura<\/p>","protected":false},"featured_media":5058,"template":"","meta":[],"product_brand":[],"product_cat":[85,68,69],"product_tag":[],"class_list":{"0":"post-3645","1":"product","2":"type-product","3":"status-publish","4":"has-post-thumbnail","6":"product_cat-85","7":"product_cat-k","8":"product_cat-l","10":"first","11":"instock","12":"taxable","13":"shipping-taxable","14":"purchasable","15":"product-type-simple"},"aioseo_notices":[],"_wp_attached_file":null,"_wp_attachment_metadata":null,"_wc_attachment_source":null,"_elementor_inline_svg":null,"_elementor_is_screenshot":null,"_elementor_source_image_hash":null,"_source_url":null,"_wp_attachment_context":null,"_menu_item_type":null,"_menu_item_menu_item_parent":null,"_menu_item_object_id":null,"_menu_item_object":null,"_menu_item_target":null,"_menu_item_classes":null,"_menu_item_xfn":null,"_menu_item_url":null,"__elementor_forms_snapshot":null,"_unit":"","_unit_base":"","_unit_product":"","_unit_price_auto":"no","_unit_price_regular":"","_unit_price":"","_unit_price_sale":"","_sale_price_label":"","_sale_price_regular_label":"","_manufacturer_slug":"","_mini_desc":"","_defect_description":"","_safety_instructions":"","_allergen_ids":[],"_warranty_attachment_id":"","_safety_attachment_ids":[],"_min_age":"","_ts_gtin":"","_ts_mpn":"","_delivery_time_countries":[],"_free_shipping":"no","_service":"no","_photovoltaic_system":"no","_used_good":"no","_defective_copy":"no","_wireless_electronic_device":"no","_device_contains_power_supply":"no","_device_charging_supports_usb_pd":"no","_device_charging_watt_min":"0","_device_charging_watt_max":"0","_is_food":"no","_differential_taxation":"no","_gzd_version":"3.18.7","_hs_code":"","_customs_description":"","_manufacture_country":"0","_is_non_returnable":"no","_shipping_length":"","_shipping_width":"","_shipping_height":"","_sku":"ISBN 978-3-86442-339-0","_global_unique_id":"978-3-86442-339-0","_regular_price":"39.8","total_sales":"0","_tax_status":"taxable","_tax_class":"","_manage_stock":"no","_backorders":"no","_sold_individually":"no","_weight":"1","_virtual":"no","_downloadable":"no","_download_limit":"-1","_download_expiry":"-1","_stock":"","_stock_status":"instock","_wc_average_rating":"0","_wc_review_count":"0","_product_version":"9.7.1","_price":"39.8","shopengine_product_views_count":"2931","_thumbnail_id":"5058","_product_attributes":{"erscheinungsdatum":{"name":"Erscheinungsdatum","value":"05.01.2021","position":0,"is_visible":1,"is_variation":0,"is_taxonomy":0,"checkout_visible":0}},"_nutrient_ids":[],"_upsell_ids":null,"pswc_subtitle":null,"_default_delivery_time":null,"_wp_desired_post_slug":null,"_isbn":null,"pageType":null,"isExternalUrl":null,"pageId":null,"externalUrl":null,"hideCookieBanner":null,"isTargetBlank":null,"isProviderCurrentWebsite":null,"isEmbeddingOnlyExternalResources":null,"legalBasis":null,"dataProcessingInCountries":null,"dataProcessingInCountriesSpecialTreatments":null,"technicalDefinitions":null,"googleConsentModeConsentTypes":null,"executePriority":null,"executeCodeOptInWhenNoTagManagerConsentIsGiven":null,"executeCodeOptOutWhenNoTagManagerConsentIsGiven":null,"deleteTechnicalDefinitionsAfterOptOut":null,"presetId":null,"presetVersion":null,"provider":null,"providerContactPhone":null,"providerContactEmail":null,"providerContactLink":null,"uniqueName":null,"providerPrivacyPolicyUrl":null,"providerLegalNoticeUrl":null,"codeOptIn":null,"codeOptOut":null,"codeOnPageLoad":null,"language_code":null,"shopengine_template__post_meta__type":null,"shopengine_template__post_meta":null,"shopengine_template__post_meta__edit_with":null,"origin":null,"_enabled":null,"_filters":null,"_layout":null,"_elementor_import_session_id":null,"_wp_trash_meta_status":null,"_wp_trash_meta_time":null,"_edit_lock":"1743513991:2","_elementor_floating_elements_type":null,"_elementor_edit_mode":null,"_elementor_template_type":null,"tc-thumb-fld":{"_thumb_id":5058,"_thumb_type":"thumb"},"_wp_page_template":"default","_elementor_version":null,"_elementor_pro_version":null,"_elementor_page_settings":null,"_elementor_data":null,"_elementor_conditions":null,"_elementor_popup_display_settings":null,"_edit_last":"2","_elementor_template_sub_type":null,"_elementor_controls_usage":null,"_elementor_screenshot":null,"_elementor_css":null,"_elementor_page_assets":[],"_elementor_element_cache":null,"_elementor_screenshot_failed":null,"_elementor_source":null,"_wp_old_date":null,"layout_key":"","post_slider_check_key":"0","_links":{"self":[{"href":"https:\/\/snoeck.de\/es\/wp-json\/wp\/v2\/product\/3645","targetHints":{"allow":["GET"]}}],"collection":[{"href":"https:\/\/snoeck.de\/es\/wp-json\/wp\/v2\/product"}],"about":[{"href":"https:\/\/snoeck.de\/es\/wp-json\/wp\/v2\/types\/product"}],"wp:featuredmedia":[{"embeddable":true,"href":"https:\/\/snoeck.de\/es\/wp-json\/wp\/v2\/media\/5058"}],"wp:attachment":[{"href":"https:\/\/snoeck.de\/es\/wp-json\/wp\/v2\/media?parent=3645"}],"wp:term":[{"taxonomy":"product_brand","embeddable":true,"href":"https:\/\/snoeck.de\/es\/wp-json\/wp\/v2\/product_brand?post=3645"},{"taxonomy":"product_cat","embeddable":true,"href":"https:\/\/snoeck.de\/es\/wp-json\/wp\/v2\/product_cat?post=3645"},{"taxonomy":"product_tag","embeddable":true,"href":"https:\/\/snoeck.de\/es\/wp-json\/wp\/v2\/product_tag?post=3645"}],"curies":[{"name":"wp","href":"https:\/\/api.w.org\/{rel}","templated":true}]}}