{"id":3646,"date":"2025-01-31T11:31:12","date_gmt":"2025-01-31T11:31:12","guid":{"rendered":"https:\/\/snoeck.process-vision.de\/shop\/maria-lassnig-koerperbilder\/"},"modified":"2025-04-01T13:29:58","modified_gmt":"2025-04-01T13:29:58","slug":"maria-lassnig-koerperbilder","status":"publish","type":"product","link":"https:\/\/snoeck.de\/es\/shop\/maria-lassnig-koerperbilder\/","title":{"rendered":"Maria Lassnig: Im\u00e1genes corporales"},"content":{"rendered":"<h3>La gran dama de la pintura<\/h3>\n<p>Maria Lassnig es una de las artistas austriacas m\u00e1s influyentes despu\u00e9s de 1945, cuya obra pict\u00f3rica ha despertado un enorme inter\u00e9s m\u00e1s all\u00e1 de su pa\u00eds de origen en los \u00faltimos a\u00f1os, con exposiciones retrospectivas en M\u00fanich, Colonia, Londres y Cincinatti. Su obra se caracteriza por una paleta de colores apagados, representaciones fragmentadas e incluso escult\u00f3ricas de figuras y cuerpos, temas caprichosos y perspectivas pict\u00f3ricas poco convencionales, que al principio fueron reintroducidas en el debate por una historiograf\u00eda del arte de inspiraci\u00f3n principalmente feminista. Ahora, sin embargo, la marea ha cambiado para la artista de Carintia y por fin hay movimiento en su estatus de artista-artista, como demuestra la pr\u00f3xima retrospectiva en el Deichtorhallen, del 21 de junio al 21 de septiembre de 2013, que anteriormente se expuso en la Neue Galerie Graz.<br \/>\nEste libro, editado por Andrea Madesta, se public\u00f3 con motivo de la exposici\u00f3n \"K\u00f6rperbilder\" (pintura del cuerpo) en Klagenfurt en la primavera de 2006 y se agot\u00f3 inmediatamente. Ahora, con motivo de la exposici\u00f3n de Hamburgo, hemos conseguido poner de nuevo a disposici\u00f3n del comercio el resto de la edici\u00f3n de Carintia, por lo que ya podemos ofrecerla. Este volumen sumamente atractivo, con una amplia panor\u00e1mica de toda la obra del artista, constituye una excelente introducci\u00f3n.<\/p>","protected":false},"excerpt":{"rendered":"<p>Cat\u00e1logo de la exposici\u00f3n, editado y con un texto introductorio (alem\u00e1n\/ingl\u00e9s) de Andrea Madesta<br \/>\n136 p. con 113 ilustraciones en color<br \/>\nFormato 31 x 24 cm, tapa dura con sobrecubierta y dos l\u00e1minas desplegables<\/p>","protected":false},"featured_media":5059,"template":"","meta":[],"product_brand":[],"product_cat":[109,69,90],"product_tag":[],"class_list":{"0":"post-3646","1":"product","2":"type-product","3":"status-publish","4":"has-post-thumbnail","6":"product_cat-109","7":"product_cat-l","8":"product_cat-rare-books","10":"first","11":"instock","12":"taxable","13":"shipping-taxable","14":"purchasable","15":"product-type-simple"},"aioseo_notices":[],"_wp_attached_file":null,"_wp_attachment_metadata":null,"_wc_attachment_source":null,"_elementor_inline_svg":null,"_elementor_is_screenshot":null,"_elementor_source_image_hash":null,"_source_url":null,"_wp_attachment_context":null,"_menu_item_type":null,"_menu_item_menu_item_parent":null,"_menu_item_object_id":null,"_menu_item_object":null,"_menu_item_target":null,"_menu_item_classes":null,"_menu_item_xfn":null,"_menu_item_url":null,"__elementor_forms_snapshot":null,"_unit":"","_unit_base":"","_unit_product":"","_unit_price_auto":"no","_unit_price_regular":"","_unit_price":"","_unit_price_sale":"","_sale_price_label":"","_sale_price_regular_label":"","_manufacturer_slug":"","_mini_desc":"","_defect_description":"","_safety_instructions":"","_allergen_ids":[],"_warranty_attachment_id":"","_safety_attachment_ids":[],"_min_age":"","_ts_gtin":"","_ts_mpn":"","_delivery_time_countries":[],"_free_shipping":"no","_service":"no","_photovoltaic_system":"no","_used_good":"no","_defective_copy":"no","_wireless_electronic_device":"no","_device_contains_power_supply":"no","_device_charging_supports_usb_pd":"no","_device_charging_watt_min":"0","_device_charging_watt_max":"0","_is_food":"no","_differential_taxation":"no","_gzd_version":"3.18.7","_hs_code":"","_customs_description":"","_manufacture_country":"0","_is_non_returnable":"no","_shipping_length":"","_shipping_width":"","_shipping_height":"","_sku":"ISBN 978-3-936859-37-9","_global_unique_id":"978-3-936859-37-9","_regular_price":"68","total_sales":"0","_tax_status":"taxable","_tax_class":"","_manage_stock":"no","_backorders":"no","_sold_individually":"no","_weight":"2","_virtual":"no","_downloadable":"no","_download_limit":"-1","_download_expiry":"-1","_stock":"","_stock_status":"instock","_wc_average_rating":"0","_wc_review_count":"0","_product_version":"9.7.1","_price":"68","shopengine_product_views_count":"2858","_thumbnail_id":"5059","_product_attributes":{"erscheinungsdatum":{"name":"Fecha de publicaci\u00f3n","value":"16.02.2006","position":0,"is_visible":1,"is_variation":0,"is_taxonomy":0,"checkout_visible":0}},"_nutrient_ids":[],"_upsell_ids":null,"pswc_subtitle":null,"_default_delivery_time":"","_wp_desired_post_slug":null,"_isbn":null,"pageType":null,"isExternalUrl":null,"pageId":null,"externalUrl":null,"hideCookieBanner":null,"isTargetBlank":null,"isProviderCurrentWebsite":null,"isEmbeddingOnlyExternalResources":null,"legalBasis":null,"dataProcessingInCountries":null,"dataProcessingInCountriesSpecialTreatments":null,"technicalDefinitions":null,"googleConsentModeConsentTypes":null,"executePriority":null,"executeCodeOptInWhenNoTagManagerConsentIsGiven":null,"executeCodeOptOutWhenNoTagManagerConsentIsGiven":null,"deleteTechnicalDefinitionsAfterOptOut":null,"presetId":null,"presetVersion":null,"provider":null,"providerContactPhone":null,"providerContactEmail":null,"providerContactLink":null,"uniqueName":null,"providerPrivacyPolicyUrl":null,"providerLegalNoticeUrl":null,"codeOptIn":null,"codeOptOut":null,"codeOnPageLoad":null,"language_code":null,"shopengine_template__post_meta__type":null,"shopengine_template__post_meta":null,"shopengine_template__post_meta__edit_with":null,"origin":null,"_enabled":null,"_filters":null,"_layout":null,"_elementor_import_session_id":null,"_wp_trash_meta_status":null,"_wp_trash_meta_time":null,"_edit_lock":"1743514059:2","_elementor_floating_elements_type":null,"_elementor_edit_mode":null,"_elementor_template_type":null,"tc-thumb-fld":{"_thumb_id":5059,"_thumb_type":"thumb"},"_wp_page_template":"default","_elementor_version":null,"_elementor_pro_version":null,"_elementor_page_settings":null,"_elementor_data":null,"_elementor_conditions":null,"_elementor_popup_display_settings":null,"_edit_last":"2","_elementor_template_sub_type":null,"_elementor_controls_usage":null,"_elementor_screenshot":null,"_elementor_css":null,"_elementor_page_assets":[],"_elementor_element_cache":null,"_elementor_screenshot_failed":null,"_elementor_source":null,"_wp_old_date":null,"layout_key":"","post_slider_check_key":"0","_links":{"self":[{"href":"https:\/\/snoeck.de\/es\/wp-json\/wp\/v2\/product\/3646","targetHints":{"allow":["GET"]}}],"collection":[{"href":"https:\/\/snoeck.de\/es\/wp-json\/wp\/v2\/product"}],"about":[{"href":"https:\/\/snoeck.de\/es\/wp-json\/wp\/v2\/types\/product"}],"wp:featuredmedia":[{"embeddable":true,"href":"https:\/\/snoeck.de\/es\/wp-json\/wp\/v2\/media\/5059"}],"wp:attachment":[{"href":"https:\/\/snoeck.de\/es\/wp-json\/wp\/v2\/media?parent=3646"}],"wp:term":[{"taxonomy":"product_brand","embeddable":true,"href":"https:\/\/snoeck.de\/es\/wp-json\/wp\/v2\/product_brand?post=3646"},{"taxonomy":"product_cat","embeddable":true,"href":"https:\/\/snoeck.de\/es\/wp-json\/wp\/v2\/product_cat?post=3646"},{"taxonomy":"product_tag","embeddable":true,"href":"https:\/\/snoeck.de\/es\/wp-json\/wp\/v2\/product_tag?post=3646"}],"curies":[{"name":"wp","href":"https:\/\/api.w.org\/{rel}","templated":true}]}}