{"id":3647,"date":"2025-01-31T11:31:13","date_gmt":"2025-01-31T11:31:13","guid":{"rendered":"https:\/\/snoeck.process-vision.de\/shop\/le-monde-daicha\/"},"modified":"2025-04-01T13:23:29","modified_gmt":"2025-04-01T13:23:29","slug":"le-monde-daicha","status":"publish","type":"product","link":"https:\/\/snoeck.de\/es\/shop\/le-monde-daicha\/","title":{"rendered":"Le Monde d'A\u00efcha"},"content":{"rendered":"<h3>\u00a1Aqu\u00ed y ahora!<\/h3>\n<p>A\u00efcha ha vivido muchas cosas: lleg\u00f3 a Francia como ni\u00f1a adoptada y creci\u00f3 all\u00ed en circunstancias dif\u00edciles. Hoy vive en Mallorca y se ha lanzado a la aventura de la pintura con gran determinaci\u00f3n. Sus cuadros son directos, no disimulados -en lo que se refiere a la biograf\u00eda de la artista- y se caracterizan por una profunda autenticidad que invita al espectador a sumergirse en sus circunstancias vitales. Las figuras de los cuadros recientes de gran formato son de tama\u00f1o natural y buscan un di\u00e1logo con nosotros a la altura de los ojos. A\u00efcha pinta su historia desde el alma. En su mundo pict\u00f3rico, vuelve a su infancia y juventud, domina las cosas de la vida cotidiana y orquesta las peque\u00f1as historias. Sin embargo, siempre hay algo amenazador de fondo, casi un ambiente sombr\u00edo. La composici\u00f3n de los cuadros tiene un efecto cl\u00e1sico, la interacci\u00f3n de los objetos pict\u00f3ricos est\u00e1 concebida formalmente con total maestr\u00eda, los motivos se comunican inmediatamente al verlos. A\u00efcha podr\u00eda haber sido una destacada protagonista del Art Brut, pero pinta en el aqu\u00ed y ahora, de modo que su poderoso lenguaje visual no puede calificarse sino de sensacional.<\/p>\n<p>Estreno mundial:<br \/>\nLa belleza de la diversidad, Albertina moderna, Viena, 16\/2 - 18\/8\/2024<\/p>","protected":false},"excerpt":{"rendered":"<p>Editado por Andreas Baur<br \/>\nTexto (alem\u00e1n\/ingl\u00e9s\/franc\u00e9s) de Andreas Baur, pr\u00f3logo de Klaus Albrecht Schr\u00f6der<br \/>\n120 p. con 41 ilustraciones en color de gran formato<br \/>\nFormato 32 x 24 cm, tapa dura<\/p>","protected":false},"featured_media":5060,"template":"","meta":[],"product_brand":[],"product_cat":[88,58,69,70],"product_tag":[],"class_list":{"0":"post-3647","1":"product","2":"type-product","3":"status-publish","4":"has-post-thumbnail","6":"product_cat-88","7":"product_cat-a","8":"product_cat-l","9":"product_cat-m","11":"first","12":"instock","13":"taxable","14":"shipping-taxable","15":"purchasable","16":"product-type-simple"},"aioseo_notices":[],"_wp_attached_file":null,"_wp_attachment_metadata":null,"_wc_attachment_source":null,"_elementor_inline_svg":null,"_elementor_is_screenshot":null,"_elementor_source_image_hash":null,"_source_url":null,"_wp_attachment_context":null,"_menu_item_type":null,"_menu_item_menu_item_parent":null,"_menu_item_object_id":null,"_menu_item_object":null,"_menu_item_target":null,"_menu_item_classes":null,"_menu_item_xfn":null,"_menu_item_url":null,"__elementor_forms_snapshot":null,"_unit":"","_unit_base":"","_unit_product":"","_unit_price_auto":"no","_unit_price_regular":"","_unit_price":"","_unit_price_sale":"","_sale_price_label":"","_sale_price_regular_label":"","_manufacturer_slug":"","_mini_desc":"","_defect_description":"","_safety_instructions":"","_allergen_ids":[],"_warranty_attachment_id":"","_safety_attachment_ids":[],"_min_age":"","_ts_gtin":"","_ts_mpn":"","_delivery_time_countries":[],"_free_shipping":"no","_service":"no","_photovoltaic_system":"no","_used_good":"no","_defective_copy":"no","_wireless_electronic_device":"no","_device_contains_power_supply":"no","_device_charging_supports_usb_pd":"no","_device_charging_watt_min":"0","_device_charging_watt_max":"0","_is_food":"no","_differential_taxation":"no","_gzd_version":"3.18.7","_hs_code":"","_customs_description":"","_manufacture_country":"0","_is_non_returnable":"no","_shipping_length":"","_shipping_width":"","_shipping_height":"","_sku":"ISBN 978-3-86442-422-9","_global_unique_id":"978-3-86442-422-9","_regular_price":"48","total_sales":"0","_tax_status":"taxable","_tax_class":"","_manage_stock":"no","_backorders":"no","_sold_individually":"no","_weight":"2","_virtual":"no","_downloadable":"no","_download_limit":"-1","_download_expiry":"-1","_stock":"","_stock_status":"instock","_wc_average_rating":"0","_wc_review_count":"0","_product_version":"9.7.1","_price":"48","shopengine_product_views_count":"3860","_thumbnail_id":"5060","_product_attributes":{"erscheinungsdatum":{"name":"Fecha de publicaci\u00f3n","value":"09.02.2024","position":0,"is_visible":1,"is_variation":0,"is_taxonomy":0,"checkout_visible":0}},"_nutrient_ids":[],"_upsell_ids":null,"pswc_subtitle":null,"_default_delivery_time":null,"_wp_desired_post_slug":null,"_isbn":null,"pageType":null,"isExternalUrl":null,"pageId":null,"externalUrl":null,"hideCookieBanner":null,"isTargetBlank":null,"isProviderCurrentWebsite":null,"isEmbeddingOnlyExternalResources":null,"legalBasis":null,"dataProcessingInCountries":null,"dataProcessingInCountriesSpecialTreatments":null,"technicalDefinitions":null,"googleConsentModeConsentTypes":null,"executePriority":null,"executeCodeOptInWhenNoTagManagerConsentIsGiven":null,"executeCodeOptOutWhenNoTagManagerConsentIsGiven":null,"deleteTechnicalDefinitionsAfterOptOut":null,"presetId":null,"presetVersion":null,"provider":null,"providerContactPhone":null,"providerContactEmail":null,"providerContactLink":null,"uniqueName":null,"providerPrivacyPolicyUrl":null,"providerLegalNoticeUrl":null,"codeOptIn":null,"codeOptOut":null,"codeOnPageLoad":null,"language_code":null,"shopengine_template__post_meta__type":null,"shopengine_template__post_meta":null,"shopengine_template__post_meta__edit_with":null,"origin":null,"_enabled":null,"_filters":null,"_layout":null,"_elementor_import_session_id":null,"_wp_trash_meta_status":null,"_wp_trash_meta_time":null,"_edit_lock":"1743513670:2","_elementor_floating_elements_type":null,"_elementor_edit_mode":null,"_elementor_template_type":null,"tc-thumb-fld":{"_thumb_id":5060,"_thumb_type":"thumb"},"_wp_page_template":"default","_elementor_version":null,"_elementor_pro_version":null,"_elementor_page_settings":null,"_elementor_data":null,"_elementor_conditions":null,"_elementor_popup_display_settings":null,"_edit_last":"2","_elementor_template_sub_type":null,"_elementor_controls_usage":null,"_elementor_screenshot":null,"_elementor_css":null,"_elementor_page_assets":[],"_elementor_element_cache":null,"_elementor_screenshot_failed":null,"_elementor_source":null,"_wp_old_date":null,"layout_key":"","post_slider_check_key":"0","_links":{"self":[{"href":"https:\/\/snoeck.de\/es\/wp-json\/wp\/v2\/product\/3647","targetHints":{"allow":["GET"]}}],"collection":[{"href":"https:\/\/snoeck.de\/es\/wp-json\/wp\/v2\/product"}],"about":[{"href":"https:\/\/snoeck.de\/es\/wp-json\/wp\/v2\/types\/product"}],"wp:featuredmedia":[{"embeddable":true,"href":"https:\/\/snoeck.de\/es\/wp-json\/wp\/v2\/media\/5060"}],"wp:attachment":[{"href":"https:\/\/snoeck.de\/es\/wp-json\/wp\/v2\/media?parent=3647"}],"wp:term":[{"taxonomy":"product_brand","embeddable":true,"href":"https:\/\/snoeck.de\/es\/wp-json\/wp\/v2\/product_brand?post=3647"},{"taxonomy":"product_cat","embeddable":true,"href":"https:\/\/snoeck.de\/es\/wp-json\/wp\/v2\/product_cat?post=3647"},{"taxonomy":"product_tag","embeddable":true,"href":"https:\/\/snoeck.de\/es\/wp-json\/wp\/v2\/product_tag?post=3647"}],"curies":[{"name":"wp","href":"https:\/\/api.w.org\/{rel}","templated":true}]}}