{"id":3648,"date":"2025-01-31T11:31:14","date_gmt":"2025-01-31T11:31:14","guid":{"rendered":"https:\/\/snoeck.process-vision.de\/shop\/julian-lethbridge\/"},"modified":"2026-04-08T15:14:17","modified_gmt":"2026-04-08T14:14:17","slug":"julian-lethbridge","status":"publish","type":"product","link":"https:\/\/snoeck.de\/es\/shop\/julian-lethbridge\/","title":{"rendered":"Julian Lethbridge"},"content":{"rendered":"<h3>OKAY = \u00a1Am\u00e9rica!<\/h3>\n<p>La abstracci\u00f3n gestual como todo es la quintaesencia de la pintura estadounidense. Decir esto podr\u00eda causar inquietud o incluso alarma en el actual periodo, posiblemente el m\u00e1s chovinista de la historia de nuestra naci\u00f3n desde hace muchas d\u00e9cadas, si no fuera porque el artista del que voy a hablar naci\u00f3 en Ceil\u00e1n y creci\u00f3 en Gran Breta\u00f1a. Esto significa que es neoyorquino desde 1972, lo que convierte su historia, la de Julian Lethbridge, en una historia de inmigraci\u00f3n t\u00edpicamente estadounidense, y eso significa: exitosa. Aparte de la poblaci\u00f3n estadounidense nativa, \"todos\" vinimos de alguna parte por diferentes razones y en diferentes momentos, entreteji\u00e9ndonos milagrosamente, variando y jaspeando la cultura de este pa\u00eds. En general, la r\u00fabrica de \"pintura de tipo totalmente americano\" abarca un amplio espectro del arte posterior a 1950 -sin duda es un arco m\u00e1s amplio de lo que pretend\u00eda Clement Greenberg, el creador del t\u00e9rmino- que va desde Jackson Pollock, Philip Guston y Willem de Kooning hasta Jasper Johns y Cy Twombly. El denominador com\u00fan se esconde en el principio de funcionamiento seg\u00fan el cual la amalgama de signos, que evoca una apariencia m\u00e1s o menos representativa o po\u00e9tica -a veces, como en la obra de Johns, resulta totalmente prosaica-, se erige por s\u00ed misma en imagen. (...)<br \/>\nLa densidad visual y t\u00e1ctil del mayor de estos cuadros (m\u00e1s recientes) no se parece en nada a lo que hemos visto en las obras anteriores de Lethbridge. Tal vez marquen un punto de inflexi\u00f3n en su obra, que hasta ahora ha estado sujeta a cambios continuos, paso a paso. Por el momento, sin embargo, me conformo con tomar las im\u00e1genes actuales de Lethbridge como lo que son, en lugar de interpretarlas como presagios de lo que est\u00e1 por venir. Expresivos de una sensibilidad instintivamente contenida que es tan reflexiva como disciplinada, pero -de una manera totalmente sin disculpas- hedonista, sus lienzos abruman y seducen con una sofisticaci\u00f3n que es a la vez hipnotizante y f\u00e1cilmente accesible para aquellos con la combinaci\u00f3n necesaria de paciencia y deseo. En conjunto, y a largo plazo, estos cuadros son m\u00e1quinas en constante movimiento, cuyo dinamismo zumbante indica que la pintura de tipo all-over-american no es ni mucho menos un par\u00e9ntesis acabado en la historia del arte moderno, es decir, una obra en curso. (Extracto del texto de Robert Storr)<\/p>","protected":false},"excerpt":{"rendered":"<p>Editado por Contemporary Fine Arts Berlin, Bruno Brunnet y Nicole Hackert<br \/>\nTexto (ing.) de Robert Storr, Entrevista (ing.) de Camila McHugh<br \/>\n64 p. con 44 ilustraciones en color<br \/>\nFormato 28 x 20,5 cm, tapa dura<br \/>\n978-3-86442-231-7<\/p>","protected":false},"featured_media":5061,"template":"","meta":[],"product_brand":[],"product_cat":[95],"product_tag":[],"class_list":{"0":"post-3648","1":"product","2":"type-product","3":"status-publish","4":"has-post-thumbnail","6":"product_cat-vergriffen","8":"first","9":"outofstock","10":"taxable","11":"shipping-taxable","12":"product-type-simple"},"aioseo_notices":[],"_wp_attached_file":null,"_wp_attachment_metadata":null,"_wc_attachment_source":null,"_elementor_inline_svg":null,"_elementor_is_screenshot":null,"_elementor_source_image_hash":null,"_source_url":null,"_wp_attachment_context":null,"_menu_item_type":null,"_menu_item_menu_item_parent":null,"_menu_item_object_id":null,"_menu_item_object":null,"_menu_item_target":null,"_menu_item_classes":null,"_menu_item_xfn":null,"_menu_item_url":null,"__elementor_forms_snapshot":null,"_unit":"","_unit_base":"","_unit_product":"","_unit_price_auto":"no","_unit_price_regular":"","_unit_price":"","_unit_price_sale":"","_sale_price_label":"","_sale_price_regular_label":"","_manufacturer_slug":"","_mini_desc":"","_defect_description":"","_safety_instructions":"","_allergen_ids":[],"_warranty_attachment_id":"","_safety_attachment_ids":[],"_min_age":"","_ts_gtin":"","_ts_mpn":"","_delivery_time_countries":[],"_free_shipping":"no","_service":"no","_photovoltaic_system":"no","_used_good":"no","_defective_copy":"no","_wireless_electronic_device":"no","_device_contains_power_supply":"no","_device_charging_supports_usb_pd":"no","_device_charging_watt_min":"0","_device_charging_watt_max":"0","_is_food":"no","_differential_taxation":"no","_gzd_version":"3.18.7","_hs_code":"","_customs_description":"","_manufacture_country":"0","_is_non_returnable":"no","_shipping_length":"","_shipping_width":"","_shipping_height":"","_sku":"ISBN 978-3-86442-231-7","_global_unique_id":"978-3-86442-231-7","_regular_price":null,"total_sales":"0","_tax_status":"taxable","_tax_class":"","_manage_stock":"no","_backorders":"no","_sold_individually":"no","_weight":"1","_virtual":"no","_downloadable":"no","_download_limit":"-1","_download_expiry":"-1","_stock":"","_stock_status":"outofstock","_wc_average_rating":"0","_wc_review_count":"0","_product_version":"10.1.4","_price":"","shopengine_product_views_count":"2789","_thumbnail_id":"5061","_product_attributes":{"erscheinungsdatum":{"name":"Fecha de publicaci\u00f3n","value":"04.01.2018","position":0,"is_visible":1,"is_variation":0,"is_taxonomy":0,"checkout_visible":0}},"_nutrient_ids":[],"_upsell_ids":null,"pswc_subtitle":null,"_default_delivery_time":null,"_wp_desired_post_slug":null,"_isbn":null,"pageType":null,"isExternalUrl":null,"pageId":null,"externalUrl":null,"hideCookieBanner":null,"isTargetBlank":null,"isProviderCurrentWebsite":null,"isEmbeddingOnlyExternalResources":null,"legalBasis":null,"dataProcessingInCountries":null,"dataProcessingInCountriesSpecialTreatments":null,"technicalDefinitions":null,"googleConsentModeConsentTypes":null,"executePriority":null,"executeCodeOptInWhenNoTagManagerConsentIsGiven":null,"executeCodeOptOutWhenNoTagManagerConsentIsGiven":null,"deleteTechnicalDefinitionsAfterOptOut":null,"presetId":null,"presetVersion":null,"provider":null,"providerContactPhone":null,"providerContactEmail":null,"providerContactLink":null,"uniqueName":null,"providerPrivacyPolicyUrl":null,"providerLegalNoticeUrl":null,"codeOptIn":null,"codeOptOut":null,"codeOnPageLoad":null,"language_code":null,"shopengine_template__post_meta__type":null,"shopengine_template__post_meta":null,"shopengine_template__post_meta__edit_with":null,"origin":null,"_enabled":null,"_filters":null,"_layout":null,"_elementor_import_session_id":null,"_wp_trash_meta_status":null,"_wp_trash_meta_time":null,"_edit_lock":"1743513518:2","_elementor_floating_elements_type":null,"_elementor_edit_mode":null,"_elementor_template_type":null,"tc-thumb-fld":{"_thumb_id":5061,"_thumb_type":"thumb"},"_wp_page_template":"default","_elementor_version":null,"_elementor_pro_version":null,"_elementor_page_settings":null,"_elementor_data":null,"_elementor_conditions":null,"_elementor_popup_display_settings":null,"_edit_last":"2","_elementor_template_sub_type":null,"_elementor_controls_usage":null,"_elementor_screenshot":null,"_elementor_css":null,"_elementor_page_assets":[],"_elementor_element_cache":null,"_elementor_screenshot_failed":null,"_elementor_source":null,"_wp_old_date":null,"layout_key":"","post_slider_check_key":"0","_links":{"self":[{"href":"https:\/\/snoeck.de\/es\/wp-json\/wp\/v2\/product\/3648","targetHints":{"allow":["GET"]}}],"collection":[{"href":"https:\/\/snoeck.de\/es\/wp-json\/wp\/v2\/product"}],"about":[{"href":"https:\/\/snoeck.de\/es\/wp-json\/wp\/v2\/types\/product"}],"wp:featuredmedia":[{"embeddable":true,"href":"https:\/\/snoeck.de\/es\/wp-json\/wp\/v2\/media\/5061"}],"wp:attachment":[{"href":"https:\/\/snoeck.de\/es\/wp-json\/wp\/v2\/media?parent=3648"}],"wp:term":[{"taxonomy":"product_brand","embeddable":true,"href":"https:\/\/snoeck.de\/es\/wp-json\/wp\/v2\/product_brand?post=3648"},{"taxonomy":"product_cat","embeddable":true,"href":"https:\/\/snoeck.de\/es\/wp-json\/wp\/v2\/product_cat?post=3648"},{"taxonomy":"product_tag","embeddable":true,"href":"https:\/\/snoeck.de\/es\/wp-json\/wp\/v2\/product_tag?post=3648"}],"curies":[{"name":"wp","href":"https:\/\/api.w.org\/{rel}","templated":true}]}}