{"id":3649,"date":"2025-01-31T11:31:14","date_gmt":"2025-01-31T11:31:14","guid":{"rendered":"https:\/\/snoeck.process-vision.de\/shop\/life-forms-essays-on-the-artwork-of-andreas-greiner-and-the-display-synthesis-and-simulation-of-life\/"},"modified":"2026-04-08T15:21:58","modified_gmt":"2026-04-08T14:21:58","slug":"life-forms-essays-on-the-artwork-of-andreas-greiner-and-the-display-synthesis-and-simulation-of-life","status":"publish","type":"product","link":"https:\/\/snoeck.de\/es\/shop\/life-forms-essays-on-the-artwork-of-andreas-greiner-and-the-display-synthesis-and-simulation-of-life\/","title":{"rendered":"FORMAS DE VIDA. Essays on the Artwork of Andreas Greiner, and the Display, Synthesis, and Simulation of Life."},"content":{"rendered":"<h3>El arte de Andreas Greiner en la interfaz con la biociencia<\/h3>\n<p>\u00bfQu\u00e9 formas adopta la vida artificial? \u00bfC\u00f3mo interviene hoy el hombre en los procesos de crecimiento a trav\u00e9s de la biolog\u00eda sint\u00e9tica? \u00bfC\u00f3mo cambia esto la relaci\u00f3n entre naturaleza y cultura? \u00bfY qu\u00e9 papel desempe\u00f1a el arte en la era del Antropoceno? Estas preguntas est\u00e1n en el centro de la obra de Andreas Greiner (*1979), en la que cuestiona la relaci\u00f3n entre naturaleza\/tecnolog\u00eda\/cultura\/arte desde una perspectiva \u00e9tica, social-social y ecol\u00f3gico-cr\u00edtica. El volumen pone las obras art\u00edsticas de Andreas Greiner en di\u00e1logo con cient\u00edficos y expertos de diversas disciplinas como la f\u00edsica, la inform\u00e1tica, la biolog\u00eda, la m\u00fasica y la arquitectura. Esto conduce a las interfaces y convoca las cuestiones integrales que aborda el artista, m\u00e1s urgentes que nunca ahora que se observan saltos cu\u00e1nticos en el campo m\u00e9dico-biol\u00f3gico, como la ingenier\u00eda gen\u00e9tica.<\/p>","protected":false},"excerpt":{"rendered":"<p>Editado por Carson Chan<br \/>\nTextos (eng.) de Gregory Cartelli, Ryan Roark, Jennifer Schnepf, Ursula Str\u00f6bele, Mareike Vennen, J. Craig Venter, Olivier Zeitoun y sinopsis en alem\u00e1n de Stefan Vicedom.<br \/>\n232 p. con 250 ilustraciones en color y 70 en blanco y negro<br \/>\n250 x 200 mm, folleto suizo<\/p>","protected":false},"featured_media":5062,"template":"","meta":[],"product_brand":[],"product_cat":[95],"product_tag":[],"class_list":{"0":"post-3649","1":"product","2":"type-product","3":"status-publish","4":"has-post-thumbnail","6":"product_cat-vergriffen","8":"first","9":"outofstock","10":"taxable","11":"shipping-taxable","12":"product-type-simple"},"aioseo_notices":[],"_wp_attached_file":null,"_wp_attachment_metadata":null,"_wc_attachment_source":null,"_elementor_inline_svg":null,"_elementor_is_screenshot":null,"_elementor_source_image_hash":null,"_source_url":null,"_wp_attachment_context":null,"_menu_item_type":null,"_menu_item_menu_item_parent":null,"_menu_item_object_id":null,"_menu_item_object":null,"_menu_item_target":null,"_menu_item_classes":null,"_menu_item_xfn":null,"_menu_item_url":null,"__elementor_forms_snapshot":null,"_unit":"","_unit_base":"","_unit_product":"","_unit_price_auto":"no","_unit_price_regular":"","_unit_price":"","_unit_price_sale":"","_sale_price_label":"","_sale_price_regular_label":"","_manufacturer_slug":"","_mini_desc":"","_defect_description":"","_safety_instructions":"","_allergen_ids":[],"_warranty_attachment_id":"","_safety_attachment_ids":[],"_min_age":"","_ts_gtin":"","_ts_mpn":"","_delivery_time_countries":[],"_free_shipping":"no","_service":"no","_photovoltaic_system":"no","_used_good":"no","_defective_copy":"no","_wireless_electronic_device":"no","_device_contains_power_supply":"no","_device_charging_supports_usb_pd":"no","_device_charging_watt_min":"0","_device_charging_watt_max":"0","_is_food":"no","_differential_taxation":"no","_gzd_version":"3.18.7","_hs_code":"","_customs_description":"","_manufacture_country":"0","_is_non_returnable":"no","_shipping_length":"","_shipping_width":"","_shipping_height":"","_sku":"ISBN 978-3-86442-309-3","_global_unique_id":"978-3-86442-309-3","_regular_price":null,"total_sales":"0","_tax_status":"taxable","_tax_class":"","_manage_stock":"no","_backorders":"no","_sold_individually":"no","_weight":"1","_virtual":"no","_downloadable":"no","_download_limit":"-1","_download_expiry":"-1","_stock":"","_stock_status":"outofstock","_wc_average_rating":"0","_wc_review_count":"0","_product_version":"10.1.4","_price":"","shopengine_product_views_count":"3317","_thumbnail_id":"5062","_product_attributes":{"erscheinungsdatum":{"name":"Fecha de publicaci\u00f3n","value":"08.04.2020","position":0,"is_visible":1,"is_variation":0,"is_taxonomy":0,"checkout_visible":0}},"_nutrient_ids":[],"_upsell_ids":null,"pswc_subtitle":null,"_default_delivery_time":null,"_wp_desired_post_slug":null,"_isbn":null,"pageType":null,"isExternalUrl":null,"pageId":null,"externalUrl":null,"hideCookieBanner":null,"isTargetBlank":null,"isProviderCurrentWebsite":null,"isEmbeddingOnlyExternalResources":null,"legalBasis":null,"dataProcessingInCountries":null,"dataProcessingInCountriesSpecialTreatments":null,"technicalDefinitions":null,"googleConsentModeConsentTypes":null,"executePriority":null,"executeCodeOptInWhenNoTagManagerConsentIsGiven":null,"executeCodeOptOutWhenNoTagManagerConsentIsGiven":null,"deleteTechnicalDefinitionsAfterOptOut":null,"presetId":null,"presetVersion":null,"provider":null,"providerContactPhone":null,"providerContactEmail":null,"providerContactLink":null,"uniqueName":null,"providerPrivacyPolicyUrl":null,"providerLegalNoticeUrl":null,"codeOptIn":null,"codeOptOut":null,"codeOnPageLoad":null,"language_code":null,"shopengine_template__post_meta__type":null,"shopengine_template__post_meta":null,"shopengine_template__post_meta__edit_with":null,"origin":null,"_enabled":null,"_filters":null,"_layout":null,"_elementor_import_session_id":null,"_wp_trash_meta_status":null,"_wp_trash_meta_time":null,"_edit_lock":"1743513608:2","_elementor_floating_elements_type":null,"_elementor_edit_mode":null,"_elementor_template_type":null,"tc-thumb-fld":{"_thumb_id":5062,"_thumb_type":"thumb"},"_wp_page_template":"default","_elementor_version":null,"_elementor_pro_version":null,"_elementor_page_settings":null,"_elementor_data":null,"_elementor_conditions":null,"_elementor_popup_display_settings":null,"_edit_last":"2","_elementor_template_sub_type":null,"_elementor_controls_usage":null,"_elementor_screenshot":null,"_elementor_css":null,"_elementor_page_assets":[],"_elementor_element_cache":null,"_elementor_screenshot_failed":null,"_elementor_source":null,"_wp_old_date":null,"layout_key":"","post_slider_check_key":"0","_links":{"self":[{"href":"https:\/\/snoeck.de\/es\/wp-json\/wp\/v2\/product\/3649","targetHints":{"allow":["GET"]}}],"collection":[{"href":"https:\/\/snoeck.de\/es\/wp-json\/wp\/v2\/product"}],"about":[{"href":"https:\/\/snoeck.de\/es\/wp-json\/wp\/v2\/types\/product"}],"wp:featuredmedia":[{"embeddable":true,"href":"https:\/\/snoeck.de\/es\/wp-json\/wp\/v2\/media\/5062"}],"wp:attachment":[{"href":"https:\/\/snoeck.de\/es\/wp-json\/wp\/v2\/media?parent=3649"}],"wp:term":[{"taxonomy":"product_brand","embeddable":true,"href":"https:\/\/snoeck.de\/es\/wp-json\/wp\/v2\/product_brand?post=3649"},{"taxonomy":"product_cat","embeddable":true,"href":"https:\/\/snoeck.de\/es\/wp-json\/wp\/v2\/product_cat?post=3649"},{"taxonomy":"product_tag","embeddable":true,"href":"https:\/\/snoeck.de\/es\/wp-json\/wp\/v2\/product_tag?post=3649"}],"curies":[{"name":"wp","href":"https:\/\/api.w.org\/{rel}","templated":true}]}}