{"id":3650,"date":"2025-01-31T11:31:15","date_gmt":"2025-01-31T11:31:15","guid":{"rendered":"https:\/\/snoeck.process-vision.de\/shop\/kalin-lindena\/"},"modified":"2025-04-01T13:14:49","modified_gmt":"2025-04-01T13:14:49","slug":"kalin-lindena","status":"publish","type":"product","link":"https:\/\/snoeck.de\/es\/shop\/kalin-lindena\/","title":{"rendered":"Kalin Lindena"},"content":{"rendered":"<h3>Pensar en movimiento<\/h3>\n<p>Kalin Lindena llama gestos a sus intervenciones art\u00edsticas. L\u00edneas de movimiento que se recortan en el espacio y se retuercen en la forma. Formas, objetos, obras que son tambi\u00e9n huellas de su carrera, bastante inusual para una profesora de una academia de arte: Los or\u00edgenes de la obra de Lindena se encuentran en el graffiti. \"La artista que roc\u00eda\" era el ambiguo t\u00edtulo de un art\u00edculo sobre ella en 2015. Antes de estudiar en la HBK de Braunschweig con Hartmut Neumann, Johannes Brus y Walter Dahn, era rociadora en las calles de Hannover. Y aunque desde 2014 se encarga de una clase de pintura en Karlsruhe, este origen sigue reflej\u00e1ndose en la obra art\u00edstica de Lindena. Como t\u00e9cnica y como subcultura, el grafiti caracteriza su pr\u00e1ctica y su autoimagen. Una huella que no se manifiesta en ninguna est\u00e9tica exteriormente pegadiza, sino que se hace reconocible sobre todo cuando se intenta entender las obras pict\u00f3ricas y escult\u00f3ricas, instalativas y performativas como, s\u00ed, gestos. En este punto, gesto se refiere m\u00e1s bien al modo de creaci\u00f3n de las obras de Lindena. Quien pinta gestualmente pinta en el espacio, como en los graffiti. A diferencia del l\u00e1piz o el carboncillo sobre papel, cada l\u00ednea rociada se convierte inevitablemente en un movimiento de todo el cuerpo. Y en \u00e9l se convierte tambi\u00e9n su huella. El gesto no es simplemente un medio, no es s\u00f3lo la expresi\u00f3n de una idea, de un pensamiento ya realizado. Es el pensamiento realizado.<\/p>\n<p>Exposici\u00f3n:<br \/>\nSt\u00e4dtische Galerie Karlsruhe, 1\/12\/2024 - 27\/4\/2025<\/p>","protected":false},"excerpt":{"rendered":"<p>Cat\u00e1logo de la exposici\u00f3n, publicado por la F\u00f6rderkreis St\u00e4dtische Galerie Karlsruhe<br \/>\nTexto (alem\u00e1n\/ingl\u00e9s) de Fabian Goppelsr\u00f6der<br \/>\n96 p. con 40 ilustraciones en color<br \/>\nFormato 32 x 24 cm, folleto<\/p>","protected":false},"featured_media":5063,"template":"","meta":[],"product_brand":[],"product_cat":[88,69],"product_tag":[],"class_list":{"0":"post-3650","1":"product","2":"type-product","3":"status-publish","4":"has-post-thumbnail","6":"product_cat-88","7":"product_cat-l","9":"first","10":"instock","11":"taxable","12":"shipping-taxable","13":"purchasable","14":"product-type-simple"},"aioseo_notices":[],"_wp_attached_file":null,"_wp_attachment_metadata":null,"_wc_attachment_source":null,"_elementor_inline_svg":null,"_elementor_is_screenshot":null,"_elementor_source_image_hash":null,"_source_url":null,"_wp_attachment_context":null,"_menu_item_type":null,"_menu_item_menu_item_parent":null,"_menu_item_object_id":null,"_menu_item_object":null,"_menu_item_target":null,"_menu_item_classes":null,"_menu_item_xfn":null,"_menu_item_url":null,"__elementor_forms_snapshot":null,"_unit":"","_unit_base":"","_unit_product":"","_unit_price_auto":"no","_unit_price_regular":"","_unit_price":"","_unit_price_sale":"","_sale_price_label":"","_sale_price_regular_label":"","_manufacturer_slug":"","_mini_desc":"","_defect_description":"","_safety_instructions":"","_allergen_ids":[],"_warranty_attachment_id":"","_safety_attachment_ids":[],"_min_age":"","_ts_gtin":"","_ts_mpn":"","_delivery_time_countries":[],"_free_shipping":"no","_service":"no","_photovoltaic_system":"no","_used_good":"no","_defective_copy":"no","_wireless_electronic_device":"no","_device_contains_power_supply":"no","_device_charging_supports_usb_pd":"no","_device_charging_watt_min":"0","_device_charging_watt_max":"0","_is_food":"no","_differential_taxation":"no","_gzd_version":"3.18.7","_hs_code":"","_customs_description":"","_manufacture_country":"0","_is_non_returnable":"no","_shipping_length":"","_shipping_width":"","_shipping_height":"","_sku":"ISBN 978-3-86442-456-4","_global_unique_id":"978-3-86442-456-4","_regular_price":"29.8","total_sales":"0","_tax_status":"taxable","_tax_class":"","_manage_stock":"no","_backorders":"no","_sold_individually":"no","_weight":"1","_virtual":"no","_downloadable":"no","_download_limit":"-1","_download_expiry":"-1","_stock":"","_stock_status":"instock","_wc_average_rating":"0","_wc_review_count":"0","_product_version":"9.7.1","_price":"29.8","shopengine_product_views_count":"3584","_thumbnail_id":"5063","_product_attributes":{"erscheinungsdatum":{"name":"Erscheinungsdatum","value":"02.12.2024","position":0,"is_visible":1,"is_variation":0,"is_taxonomy":0,"checkout_visible":0}},"_nutrient_ids":[],"_upsell_ids":null,"pswc_subtitle":null,"_default_delivery_time":null,"_wp_desired_post_slug":null,"_isbn":null,"pageType":null,"isExternalUrl":null,"pageId":null,"externalUrl":null,"hideCookieBanner":null,"isTargetBlank":null,"isProviderCurrentWebsite":null,"isEmbeddingOnlyExternalResources":null,"legalBasis":null,"dataProcessingInCountries":null,"dataProcessingInCountriesSpecialTreatments":null,"technicalDefinitions":null,"googleConsentModeConsentTypes":null,"executePriority":null,"executeCodeOptInWhenNoTagManagerConsentIsGiven":null,"executeCodeOptOutWhenNoTagManagerConsentIsGiven":null,"deleteTechnicalDefinitionsAfterOptOut":null,"presetId":null,"presetVersion":null,"provider":null,"providerContactPhone":null,"providerContactEmail":null,"providerContactLink":null,"uniqueName":null,"providerPrivacyPolicyUrl":null,"providerLegalNoticeUrl":null,"codeOptIn":null,"codeOptOut":null,"codeOnPageLoad":null,"language_code":null,"shopengine_template__post_meta__type":null,"shopengine_template__post_meta":null,"shopengine_template__post_meta__edit_with":null,"origin":null,"_enabled":null,"_filters":null,"_layout":null,"_elementor_import_session_id":null,"_wp_trash_meta_status":null,"_wp_trash_meta_time":null,"_edit_lock":"1743513151:2","_elementor_floating_elements_type":null,"_elementor_edit_mode":null,"_elementor_template_type":null,"tc-thumb-fld":{"_thumb_id":5063,"_thumb_type":"thumb"},"_wp_page_template":"default","_elementor_version":null,"_elementor_pro_version":null,"_elementor_page_settings":null,"_elementor_data":null,"_elementor_conditions":null,"_elementor_popup_display_settings":null,"_edit_last":"2","_elementor_template_sub_type":null,"_elementor_controls_usage":null,"_elementor_screenshot":null,"_elementor_css":null,"_elementor_page_assets":[],"_elementor_element_cache":null,"_elementor_screenshot_failed":null,"_elementor_source":null,"_wp_old_date":null,"layout_key":"","post_slider_check_key":"0","_links":{"self":[{"href":"https:\/\/snoeck.de\/es\/wp-json\/wp\/v2\/product\/3650","targetHints":{"allow":["GET"]}}],"collection":[{"href":"https:\/\/snoeck.de\/es\/wp-json\/wp\/v2\/product"}],"about":[{"href":"https:\/\/snoeck.de\/es\/wp-json\/wp\/v2\/types\/product"}],"wp:featuredmedia":[{"embeddable":true,"href":"https:\/\/snoeck.de\/es\/wp-json\/wp\/v2\/media\/5063"}],"wp:attachment":[{"href":"https:\/\/snoeck.de\/es\/wp-json\/wp\/v2\/media?parent=3650"}],"wp:term":[{"taxonomy":"product_brand","embeddable":true,"href":"https:\/\/snoeck.de\/es\/wp-json\/wp\/v2\/product_brand?post=3650"},{"taxonomy":"product_cat","embeddable":true,"href":"https:\/\/snoeck.de\/es\/wp-json\/wp\/v2\/product_cat?post=3650"},{"taxonomy":"product_tag","embeddable":true,"href":"https:\/\/snoeck.de\/es\/wp-json\/wp\/v2\/product_tag?post=3650"}],"curies":[{"name":"wp","href":"https:\/\/api.w.org\/{rel}","templated":true}]}}