{"id":3651,"date":"2025-01-31T11:31:15","date_gmt":"2025-01-31T11:31:15","guid":{"rendered":"https:\/\/snoeck.process-vision.de\/shop\/stefan-loeffelhardt-clouds\/"},"modified":"2025-04-01T13:19:34","modified_gmt":"2025-04-01T13:19:34","slug":"stefan-loeffelhardt-clouds","status":"publish","type":"product","link":"https:\/\/snoeck.de\/es\/shop\/stefan-loeffelhardt-clouds\/","title":{"rendered":"Stefan L\u00f6ffelhardt: Nubes"},"content":{"rendered":"<h3>El libro de L\u00f6ffelhardt de objetos nubosos colgantes<\/h3>\n<p>Este libro ofrece una visi\u00f3n general del grupo de objetos nube colgantes (2010-2020) de Stefan L\u00f6ffelhardt. En el desarrollo cronol\u00f3gico de su obra, los objetos nube se sit\u00faan entre las grandes instalaciones paisaj\u00edsticas en el espacio y los actuales dibujos de paisajes interiores. Los objetos evolucionaron desde las instalaciones en el espacio, pasando por las esculturas de barcos en maqueta, hasta las construcciones colgantes de paisajes urbanos, como se documenta en los cat\u00e1logos \"Blachfeld\" (2003), \"L\u00f6ffelhardt\" (2008), \"Tal Grund\/ The Valley Floor\" (2009) y \"Tisch\" (2016). Las ilustraciones siguen cronol\u00f3gicamente la fecha de creaci\u00f3n de los objetos. Adem\u00e1s, hay vistas de las exposiciones \"Fluss\", 2018 en Aurel Scheibler en Berl\u00edn, y \"Sch\u00f6nheit?!\", comisariada por Anne-Marie Bonnet 2019\/20 en Gisela Clement en Bonn. Algunos de los objetos se mostraron por primera vez en la exposici\u00f3n \"ab8\" en la Galerie Ute Parduhn de D\u00fcsseldorf en 2017. La secci\u00f3n central del libro contiene un extracto de una conversaci\u00f3n entre Wolfgang Ullrich y Stefan L\u00f6ffelhardt, que tuvo lugar en 2018 como parte de la exposici\u00f3n \"Fluss\". La secci\u00f3n posterior contiene varios collages de 2010, que est\u00e1n estrechamente relacionados con los objetos colgantes y muestran el deseo de la nubosidad de la vida cotidiana. Otra publicaci\u00f3n estar\u00e1 dedicada a los dibujos que se crearon paralelamente a los objetos nube a partir de 2010.<\/p>","protected":false},"excerpt":{"rendered":"<p>Editado por Aurel Scheibler, Ute Parduhn<br \/>\nConversaci\u00f3n (alem\u00e1n\/ingl\u00e9s) entre Wolfgang Ullrich y Stefan L\u00f6ffelhardt<br \/>\n80 p. con 63 ilustraciones en color<br \/>\nFormato 22,5 x 16 cm, r\u00fastica con sobrecubierta<\/p>","protected":false},"featured_media":5064,"template":"","meta":[],"product_brand":[],"product_cat":[84,69],"product_tag":[],"class_list":{"0":"post-3651","1":"product","2":"type-product","3":"status-publish","4":"has-post-thumbnail","6":"product_cat-84","7":"product_cat-l","9":"first","10":"instock","11":"taxable","12":"shipping-taxable","13":"purchasable","14":"product-type-simple"},"aioseo_notices":[],"_wp_attached_file":null,"_wp_attachment_metadata":null,"_wc_attachment_source":null,"_elementor_inline_svg":null,"_elementor_is_screenshot":null,"_elementor_source_image_hash":null,"_source_url":null,"_wp_attachment_context":null,"_menu_item_type":null,"_menu_item_menu_item_parent":null,"_menu_item_object_id":null,"_menu_item_object":null,"_menu_item_target":null,"_menu_item_classes":null,"_menu_item_xfn":null,"_menu_item_url":null,"__elementor_forms_snapshot":null,"_unit":"","_unit_base":"","_unit_product":"","_unit_price_auto":"no","_unit_price_regular":"","_unit_price":"","_unit_price_sale":"","_sale_price_label":"","_sale_price_regular_label":"","_manufacturer_slug":"","_mini_desc":"","_defect_description":"","_safety_instructions":"","_allergen_ids":[],"_warranty_attachment_id":"","_safety_attachment_ids":[],"_min_age":"","_ts_gtin":"","_ts_mpn":"","_delivery_time_countries":[],"_free_shipping":"no","_service":"no","_photovoltaic_system":"no","_used_good":"no","_defective_copy":"no","_wireless_electronic_device":"no","_device_contains_power_supply":"no","_device_charging_supports_usb_pd":"no","_device_charging_watt_min":"0","_device_charging_watt_max":"0","_is_food":"no","_differential_taxation":"no","_gzd_version":"3.18.7","_hs_code":"","_customs_description":"","_manufacture_country":"0","_is_non_returnable":"no","_shipping_length":"","_shipping_width":"","_shipping_height":"","_sku":"ISBN 978-3-86442-390-1","_global_unique_id":"978-3-86442-390-1","_regular_price":"24.8","total_sales":"0","_tax_status":"taxable","_tax_class":"","_manage_stock":"no","_backorders":"no","_sold_individually":"no","_weight":"1","_virtual":"no","_downloadable":"no","_download_limit":"-1","_download_expiry":"-1","_stock":"","_stock_status":"instock","_wc_average_rating":"0","_wc_review_count":"0","_product_version":"9.7.1","_price":"24.8","shopengine_product_views_count":"2737","_thumbnail_id":"5064","_product_attributes":{"erscheinungsdatum":{"name":"Fecha de publicaci\u00f3n","value":"19.07.2020","position":0,"is_visible":1,"is_variation":0,"is_taxonomy":0,"checkout_visible":0}},"_nutrient_ids":[],"_upsell_ids":null,"pswc_subtitle":null,"_default_delivery_time":null,"_wp_desired_post_slug":null,"_isbn":null,"pageType":null,"isExternalUrl":null,"pageId":null,"externalUrl":null,"hideCookieBanner":null,"isTargetBlank":null,"isProviderCurrentWebsite":null,"isEmbeddingOnlyExternalResources":null,"legalBasis":null,"dataProcessingInCountries":null,"dataProcessingInCountriesSpecialTreatments":null,"technicalDefinitions":null,"googleConsentModeConsentTypes":null,"executePriority":null,"executeCodeOptInWhenNoTagManagerConsentIsGiven":null,"executeCodeOptOutWhenNoTagManagerConsentIsGiven":null,"deleteTechnicalDefinitionsAfterOptOut":null,"presetId":null,"presetVersion":null,"provider":null,"providerContactPhone":null,"providerContactEmail":null,"providerContactLink":null,"uniqueName":null,"providerPrivacyPolicyUrl":null,"providerLegalNoticeUrl":null,"codeOptIn":null,"codeOptOut":null,"codeOnPageLoad":null,"language_code":null,"shopengine_template__post_meta__type":null,"shopengine_template__post_meta":null,"shopengine_template__post_meta__edit_with":null,"origin":null,"_enabled":null,"_filters":null,"_layout":null,"_elementor_import_session_id":null,"_wp_trash_meta_status":null,"_wp_trash_meta_time":null,"_edit_lock":"1743513434:2","_elementor_floating_elements_type":null,"_elementor_edit_mode":null,"_elementor_template_type":null,"tc-thumb-fld":{"_thumb_id":5064,"_thumb_type":"thumb"},"_wp_page_template":"default","_elementor_version":null,"_elementor_pro_version":null,"_elementor_page_settings":null,"_elementor_data":null,"_elementor_conditions":null,"_elementor_popup_display_settings":null,"_edit_last":"2","_elementor_template_sub_type":null,"_elementor_controls_usage":null,"_elementor_screenshot":null,"_elementor_css":null,"_elementor_page_assets":[],"_elementor_element_cache":null,"_elementor_screenshot_failed":null,"_elementor_source":null,"_wp_old_date":null,"layout_key":"","post_slider_check_key":"0","_links":{"self":[{"href":"https:\/\/snoeck.de\/es\/wp-json\/wp\/v2\/product\/3651","targetHints":{"allow":["GET"]}}],"collection":[{"href":"https:\/\/snoeck.de\/es\/wp-json\/wp\/v2\/product"}],"about":[{"href":"https:\/\/snoeck.de\/es\/wp-json\/wp\/v2\/types\/product"}],"wp:featuredmedia":[{"embeddable":true,"href":"https:\/\/snoeck.de\/es\/wp-json\/wp\/v2\/media\/5064"}],"wp:attachment":[{"href":"https:\/\/snoeck.de\/es\/wp-json\/wp\/v2\/media?parent=3651"}],"wp:term":[{"taxonomy":"product_brand","embeddable":true,"href":"https:\/\/snoeck.de\/es\/wp-json\/wp\/v2\/product_brand?post=3651"},{"taxonomy":"product_cat","embeddable":true,"href":"https:\/\/snoeck.de\/es\/wp-json\/wp\/v2\/product_cat?post=3651"},{"taxonomy":"product_tag","embeddable":true,"href":"https:\/\/snoeck.de\/es\/wp-json\/wp\/v2\/product_tag?post=3651"}],"curies":[{"name":"wp","href":"https:\/\/api.w.org\/{rel}","templated":true}]}}