{"id":3652,"date":"2025-01-31T11:31:16","date_gmt":"2025-01-31T11:31:16","guid":{"rendered":"https:\/\/snoeck.process-vision.de\/shop\/logical-emotion\/"},"modified":"2026-04-08T15:02:16","modified_gmt":"2026-04-08T14:02:16","slug":"logical-emotion","status":"publish","type":"product","link":"https:\/\/snoeck.de\/es\/shop\/logical-emotion\/","title":{"rendered":"Emoci\u00f3n l\u00f3gica"},"content":{"rendered":"<h3>\u00bfQu\u00e9 es la emoci\u00f3n l\u00f3gica?<\/h3>\n<p>En 2014, Jap\u00f3n y Suiza celebran 150 a\u00f1os de relaciones diplom\u00e1ticas. Para conmemorar la ocasi\u00f3n, el Museum Haus Konstruktiv est\u00e1 realizando el proyecto expositivo \"Emoci\u00f3n l\u00f3gica - Arte contempor\u00e1neo de Jap\u00f3n\" en colaboraci\u00f3n con la Fundaci\u00f3n Jap\u00f3n. La directora Sabine Schaschl y Kenjiro Hosaka, del Museo de Arte Moderno de Tokio, comisariar\u00e1n una amplia exposici\u00f3n colectiva sobre arte contempor\u00e1neo japon\u00e9s basada en la herencia constructivista, concreta y conceptual del museo de Z\u00farich. La l\u00f3gica y su supuesta contrapartida, la emoci\u00f3n, est\u00e1n en el centro de su presentaci\u00f3n. Los comisarios recurren a una amplia gama de medios: desde la pintura, la instalaci\u00f3n, el v\u00eddeo, la fotograf\u00eda y la arquitectura hasta las artes aplicadas y los dibujos manga. Adem\u00e1s del arte japon\u00e9s m\u00e1s reciente, tambi\u00e9n se mostrar\u00e1n posiciones reconocidas internacionalmente. En consonancia con el ox\u00edmoron del t\u00edtulo, \"Emoci\u00f3n l\u00f3gica\", se crea un espectro bipolar de representaci\u00f3n, que va desde una comprensi\u00f3n puramente intelectual del mundo hasta una experiencia puramente sensual. Los artistas participantes son: Noe Aoki, Koji Enokura, Kazunari Hattori, Akihisa Hirata, Ryoji Ikeda, Teppei Kaneuji, Yayoi Kusama, Taiji Matsue, Masayasu Mitsuke, Tatsuo Miyajima, Hiroshi Sugito, Go Watanabe y Yuichi Yokoyama.<\/p>\n<p>Exposiciones:<br \/>\nMuseo Haus Konstruktiv, Z\u00farich, 2\/10\/2014-11\/1\/2015<br \/>\nMuseo de Arte Contempor\u00e1neo MOCAK de Cracovia, 12\/2-26\/4\/2015<br \/>\nKustmuseum Moritzburg Halle\/Saale, 22\/5-26\/7\/2015<\/p>","protected":false},"excerpt":{"rendered":"<p>Cat\u00e1logo de la exposici\u00f3n, Museum Haus Konstruktiv Zurich, editado por Sabine Schaschl<br \/>\nTextos (alem\u00e1n\/ingl\u00e9s) de Hiroyasu Ando, Kenjiro Hosaka, Sabine Schaschl, Minoru Shimizu<br \/>\n104 p. con 65 ilustraciones en color<br \/>\nFormato 23 x 18 cm, folleto desplegable<\/p>","protected":false},"featured_media":5065,"template":"","meta":[],"product_brand":[],"product_cat":[95],"product_tag":[],"class_list":{"0":"post-3652","1":"product","2":"type-product","3":"status-publish","4":"has-post-thumbnail","6":"product_cat-vergriffen","8":"first","9":"outofstock","10":"taxable","11":"shipping-taxable","12":"product-type-simple"},"aioseo_notices":[],"_wp_attached_file":null,"_wp_attachment_metadata":null,"_wc_attachment_source":null,"_elementor_inline_svg":null,"_elementor_is_screenshot":null,"_elementor_source_image_hash":null,"_source_url":null,"_wp_attachment_context":null,"_menu_item_type":null,"_menu_item_menu_item_parent":null,"_menu_item_object_id":null,"_menu_item_object":null,"_menu_item_target":null,"_menu_item_classes":null,"_menu_item_xfn":null,"_menu_item_url":null,"__elementor_forms_snapshot":null,"_unit":"","_unit_base":"","_unit_product":"","_unit_price_auto":"no","_unit_price_regular":"","_unit_price":"","_unit_price_sale":"","_sale_price_label":"","_sale_price_regular_label":"","_manufacturer_slug":"","_mini_desc":"","_defect_description":"","_safety_instructions":"","_allergen_ids":[],"_warranty_attachment_id":"","_safety_attachment_ids":[],"_min_age":"","_ts_gtin":"","_ts_mpn":"","_delivery_time_countries":[],"_free_shipping":"no","_service":"no","_photovoltaic_system":"no","_used_good":"no","_defective_copy":"no","_wireless_electronic_device":"no","_device_contains_power_supply":"no","_device_charging_supports_usb_pd":"no","_device_charging_watt_min":"0","_device_charging_watt_max":"0","_is_food":"no","_differential_taxation":"no","_gzd_version":"3.18.7","_hs_code":"","_customs_description":"","_manufacture_country":"0","_is_non_returnable":"no","_shipping_length":"","_shipping_width":"","_shipping_height":"","_sku":"ISBN 978-3-86442-107-5","_global_unique_id":"978-3-86442-107-5","_regular_price":null,"total_sales":"0","_tax_status":"taxable","_tax_class":"","_manage_stock":"no","_backorders":"no","_sold_individually":"no","_weight":"1","_virtual":"no","_downloadable":"no","_download_limit":"-1","_download_expiry":"-1","_stock":"","_stock_status":"outofstock","_wc_average_rating":"0","_wc_review_count":"0","_product_version":"10.1.4","_price":"","shopengine_product_views_count":"2935","_thumbnail_id":"5065","_product_attributes":{"erscheinungsdatum":{"name":"Fecha de publicaci\u00f3n","value":"09.09.2014","position":0,"is_visible":1,"is_variation":0,"is_taxonomy":0,"checkout_visible":0}},"_nutrient_ids":[],"_upsell_ids":null,"pswc_subtitle":null,"_default_delivery_time":null,"_wp_desired_post_slug":null,"_isbn":null,"pageType":null,"isExternalUrl":null,"pageId":null,"externalUrl":null,"hideCookieBanner":null,"isTargetBlank":null,"isProviderCurrentWebsite":null,"isEmbeddingOnlyExternalResources":null,"legalBasis":null,"dataProcessingInCountries":null,"dataProcessingInCountriesSpecialTreatments":null,"technicalDefinitions":null,"googleConsentModeConsentTypes":null,"executePriority":null,"executeCodeOptInWhenNoTagManagerConsentIsGiven":null,"executeCodeOptOutWhenNoTagManagerConsentIsGiven":null,"deleteTechnicalDefinitionsAfterOptOut":null,"presetId":null,"presetVersion":null,"provider":null,"providerContactPhone":null,"providerContactEmail":null,"providerContactLink":null,"uniqueName":null,"providerPrivacyPolicyUrl":null,"providerLegalNoticeUrl":null,"codeOptIn":null,"codeOptOut":null,"codeOnPageLoad":null,"language_code":null,"shopengine_template__post_meta__type":null,"shopengine_template__post_meta":null,"shopengine_template__post_meta__edit_with":null,"origin":null,"_enabled":null,"_filters":null,"_layout":null,"_elementor_import_session_id":null,"_wp_trash_meta_status":null,"_wp_trash_meta_time":null,"_edit_lock":"1743512983:2","_elementor_floating_elements_type":null,"_elementor_edit_mode":null,"_elementor_template_type":null,"tc-thumb-fld":{"_thumb_id":5065,"_thumb_type":"thumb"},"_wp_page_template":"default","_elementor_version":null,"_elementor_pro_version":null,"_elementor_page_settings":null,"_elementor_data":null,"_elementor_conditions":null,"_elementor_popup_display_settings":null,"_edit_last":"2","_elementor_template_sub_type":null,"_elementor_controls_usage":null,"_elementor_screenshot":null,"_elementor_css":null,"_elementor_page_assets":[],"_elementor_element_cache":null,"_elementor_screenshot_failed":null,"_elementor_source":null,"_wp_old_date":null,"layout_key":"","post_slider_check_key":"0","_links":{"self":[{"href":"https:\/\/snoeck.de\/es\/wp-json\/wp\/v2\/product\/3652","targetHints":{"allow":["GET"]}}],"collection":[{"href":"https:\/\/snoeck.de\/es\/wp-json\/wp\/v2\/product"}],"about":[{"href":"https:\/\/snoeck.de\/es\/wp-json\/wp\/v2\/types\/product"}],"wp:featuredmedia":[{"embeddable":true,"href":"https:\/\/snoeck.de\/es\/wp-json\/wp\/v2\/media\/5065"}],"wp:attachment":[{"href":"https:\/\/snoeck.de\/es\/wp-json\/wp\/v2\/media?parent=3652"}],"wp:term":[{"taxonomy":"product_brand","embeddable":true,"href":"https:\/\/snoeck.de\/es\/wp-json\/wp\/v2\/product_brand?post=3652"},{"taxonomy":"product_cat","embeddable":true,"href":"https:\/\/snoeck.de\/es\/wp-json\/wp\/v2\/product_cat?post=3652"},{"taxonomy":"product_tag","embeddable":true,"href":"https:\/\/snoeck.de\/es\/wp-json\/wp\/v2\/product_tag?post=3652"}],"curies":[{"name":"wp","href":"https:\/\/api.w.org\/{rel}","templated":true}]}}