{"id":3653,"date":"2025-01-31T11:31:16","date_gmt":"2025-01-31T11:31:16","guid":{"rendered":"https:\/\/snoeck.process-vision.de\/shop\/lucian-freud-und-das-tier\/"},"modified":"2025-04-01T13:13:25","modified_gmt":"2025-04-01T13:13:25","slug":"lucian-freud-und-das-tier","status":"publish","type":"product","link":"https:\/\/snoeck.de\/es\/shop\/lucian-freud-und-das-tier\/","title":{"rendered":"Lucian Freud y el animal"},"content":{"rendered":"<h3>El animal con Lucian Freud<\/h3>\n<p>Tras hacerse famoso como \"pintor de la carne\" con sus desnudos y retratos, el inter\u00e9s por Lucian Freud ha aumentado enormemente en los \u00faltimos a\u00f1os. Freud, que hablaba de sus modelos humanos como \"animales vestidos\", tambi\u00e9n explor\u00f3 con m\u00e1s detalle en su obra a los animales no humanos. No hac\u00eda distinciones entre sus modelos, ya que buscaba la verdadera naturaleza tanto de los animales como de los humanos. A partir de una selecci\u00f3n de obras, el libro ilustra tres fases de la obra de Freud: en primer lugar, el modelado de cad\u00e1veres; a continuaci\u00f3n, el animal de compa\u00f1\u00eda, con el consiguiente giro hacia el retrato; y, por \u00faltimo, los temas ingleses, con representaciones de perros y caballos. Al centrarse en las representaciones de animales, la exposici\u00f3n pretende iniciar una nueva mirada sobre el desarrollo art\u00edstico y la obra de Lucian Freud. La exposici\u00f3n y el libro fomentan una nueva mirada a las obras del ganador del IX Premio Rubens de la ciudad de Siegen en 1997, cuya obra est\u00e1 siempre presente en el Museo de Arte Contempor\u00e1neo de Siegen gracias a los pr\u00e9stamos permanentes de la colecci\u00f3n privada Lambrecht-Schadeberg.<\/p>\n<p>Exposici\u00f3n:<br \/>\nMuseo de Arte Contempor\u00e1neo de Siegen, 1\/3 - 7\/6\/2015<\/p>","protected":false},"excerpt":{"rendered":"<p>Cat\u00e1logo de la exposici\u00f3n, Museum f\u00fcr Gegenwartskunst Siegen, editado por Eva Schmidt e Ines R\u00fcttinger<br \/>\nTextos (alem\u00e1n\/ingl\u00e9s) de Ines R\u00fcttinger y Eva Schmidt<br \/>\n120 p. con 66 ilustraciones en color<br \/>\nFormato 22,5 x 28,5 cm, tapa dura<\/p>","protected":false},"featured_media":5066,"template":"","meta":[],"product_brand":[],"product_cat":[102,63,90,77],"product_tag":[],"class_list":{"0":"post-3653","1":"product","2":"type-product","3":"status-publish","4":"has-post-thumbnail","6":"product_cat-102","7":"product_cat-f","8":"product_cat-rare-books","9":"product_cat-t","11":"first","12":"instock","13":"taxable","14":"shipping-taxable","15":"purchasable","16":"product-type-simple"},"aioseo_notices":[],"_wp_attached_file":null,"_wp_attachment_metadata":null,"_wc_attachment_source":null,"_elementor_inline_svg":null,"_elementor_is_screenshot":null,"_elementor_source_image_hash":null,"_source_url":null,"_wp_attachment_context":null,"_menu_item_type":null,"_menu_item_menu_item_parent":null,"_menu_item_object_id":null,"_menu_item_object":null,"_menu_item_target":null,"_menu_item_classes":null,"_menu_item_xfn":null,"_menu_item_url":null,"__elementor_forms_snapshot":null,"_unit":"","_unit_base":"","_unit_product":"","_unit_price_auto":"no","_unit_price_regular":"","_unit_price":"","_unit_price_sale":"","_sale_price_label":"","_sale_price_regular_label":"","_manufacturer_slug":"","_mini_desc":"","_defect_description":"","_safety_instructions":"","_allergen_ids":[],"_warranty_attachment_id":"","_safety_attachment_ids":[],"_min_age":"","_ts_gtin":"","_ts_mpn":"","_delivery_time_countries":[],"_free_shipping":"no","_service":"no","_photovoltaic_system":"no","_used_good":"no","_defective_copy":"no","_wireless_electronic_device":"no","_device_contains_power_supply":"no","_device_charging_supports_usb_pd":"no","_device_charging_watt_min":"0","_device_charging_watt_max":"0","_is_food":"no","_differential_taxation":"no","_gzd_version":"3.18.7","_hs_code":"","_customs_description":"","_manufacture_country":"0","_is_non_returnable":"no","_shipping_length":"","_shipping_width":"","_shipping_height":"","_sku":"ISBN 978-3-86442-115-0","_global_unique_id":"978-3-86442-115-0","_regular_price":"58","total_sales":"0","_tax_status":"taxable","_tax_class":"","_manage_stock":"no","_backorders":"no","_sold_individually":"no","_weight":"1","_virtual":"no","_downloadable":"no","_download_limit":"-1","_download_expiry":"-1","_stock":"","_stock_status":"instock","_wc_average_rating":"0","_wc_review_count":"0","_product_version":"9.7.1","_price":"58","shopengine_product_views_count":"3128","_thumbnail_id":"5066","_product_attributes":{"erscheinungsdatum":{"name":"Fecha de publicaci\u00f3n","value":"01.03.2015","position":0,"is_visible":1,"is_variation":0,"is_taxonomy":0,"checkout_visible":0}},"_nutrient_ids":[],"_upsell_ids":null,"pswc_subtitle":null,"_default_delivery_time":"","_wp_desired_post_slug":null,"_isbn":null,"pageType":null,"isExternalUrl":null,"pageId":null,"externalUrl":null,"hideCookieBanner":null,"isTargetBlank":null,"isProviderCurrentWebsite":null,"isEmbeddingOnlyExternalResources":null,"legalBasis":null,"dataProcessingInCountries":null,"dataProcessingInCountriesSpecialTreatments":null,"technicalDefinitions":null,"googleConsentModeConsentTypes":null,"executePriority":null,"executeCodeOptInWhenNoTagManagerConsentIsGiven":null,"executeCodeOptOutWhenNoTagManagerConsentIsGiven":null,"deleteTechnicalDefinitionsAfterOptOut":null,"presetId":null,"presetVersion":null,"provider":null,"providerContactPhone":null,"providerContactEmail":null,"providerContactLink":null,"uniqueName":null,"providerPrivacyPolicyUrl":null,"providerLegalNoticeUrl":null,"codeOptIn":null,"codeOptOut":null,"codeOnPageLoad":null,"language_code":null,"shopengine_template__post_meta__type":null,"shopengine_template__post_meta":null,"shopengine_template__post_meta__edit_with":null,"origin":null,"_enabled":null,"_filters":null,"_layout":null,"_elementor_import_session_id":null,"_wp_trash_meta_status":null,"_wp_trash_meta_time":null,"_edit_lock":"1743513066:2","_elementor_floating_elements_type":null,"_elementor_edit_mode":null,"_elementor_template_type":null,"tc-thumb-fld":{"_thumb_id":5066,"_thumb_type":"thumb"},"_wp_page_template":"default","_elementor_version":null,"_elementor_pro_version":null,"_elementor_page_settings":null,"_elementor_data":null,"_elementor_conditions":null,"_elementor_popup_display_settings":null,"_edit_last":"2","_elementor_template_sub_type":null,"_elementor_controls_usage":null,"_elementor_screenshot":null,"_elementor_css":null,"_elementor_page_assets":[],"_elementor_element_cache":null,"_elementor_screenshot_failed":null,"_elementor_source":null,"_wp_old_date":null,"layout_key":"","post_slider_check_key":"0","_links":{"self":[{"href":"https:\/\/snoeck.de\/es\/wp-json\/wp\/v2\/product\/3653","targetHints":{"allow":["GET"]}}],"collection":[{"href":"https:\/\/snoeck.de\/es\/wp-json\/wp\/v2\/product"}],"about":[{"href":"https:\/\/snoeck.de\/es\/wp-json\/wp\/v2\/types\/product"}],"wp:featuredmedia":[{"embeddable":true,"href":"https:\/\/snoeck.de\/es\/wp-json\/wp\/v2\/media\/5066"}],"wp:attachment":[{"href":"https:\/\/snoeck.de\/es\/wp-json\/wp\/v2\/media?parent=3653"}],"wp:term":[{"taxonomy":"product_brand","embeddable":true,"href":"https:\/\/snoeck.de\/es\/wp-json\/wp\/v2\/product_brand?post=3653"},{"taxonomy":"product_cat","embeddable":true,"href":"https:\/\/snoeck.de\/es\/wp-json\/wp\/v2\/product_cat?post=3653"},{"taxonomy":"product_tag","embeddable":true,"href":"https:\/\/snoeck.de\/es\/wp-json\/wp\/v2\/product_tag?post=3653"}],"curies":[{"name":"wp","href":"https:\/\/api.w.org\/{rel}","templated":true}]}}