{"id":3655,"date":"2025-01-31T11:31:17","date_gmt":"2025-01-31T11:31:17","guid":{"rendered":"https:\/\/snoeck.process-vision.de\/shop\/markus-luepertz-highways-and-byways\/"},"modified":"2026-04-08T16:59:13","modified_gmt":"2026-04-08T15:59:13","slug":"markus-luepertz-highways-and-byways","status":"publish","type":"product","link":"https:\/\/snoeck.de\/es\/shop\/markus-luepertz-highways-and-byways\/","title":{"rendered":"Markus L\u00fcpertz: Carreteras y autopistas"},"content":{"rendered":"<h3>Antiabstracto<\/h3>\n<p>Markus L\u00fcpertz nunca ha cre\u00eddo en el car\u00e1cter puramente representativo del arte, sino que, como \u00e9l mismo dice, siempre ha estado \"en busca de la imagen posible\", por lo que nunca se ha sentido atado a ning\u00fan estilo concreto. Precisamente por eso ha conseguido crear sus obras libremente, con su propio estilo, a partir de un gran fondo de arte e historia cultural, creando im\u00e1genes (s\u00edmbolos) que s\u00f3lo pueden asociarse a \u00e9l y que hablan de una libertad madura y en\u00e9rgica que sirve de modelo a una generaci\u00f3n u otra de artistas. Colegas m\u00e1s j\u00f3venes como Peter Doig, Tal R y Thomas Houseago son sus admiradores desde hace mucho tiempo.<br \/>\nLa exposici\u00f3n y el exhaustivo libro se han propuesto mirar detr\u00e1s del \"gran gesto\", seguir de cerca el juego consciente de L\u00fcpertz con el papel del artista y presentar su obra polifac\u00e9tica, apasionada e intelectual en una amplia selecci\u00f3n de unas 150 pinturas y esculturas, entre ellas muchas obras tempranas que siguen sorprendiendo hoy en d\u00eda. La muestra abarca desde las primeras obras de pintura \"ditir\u00e1mbica\" y \"antiabstracta\" de los a\u00f1os sesenta, cercanas al Pop Art, hasta la intensa exploraci\u00f3n de temas mitol\u00f3gicos y cl\u00e1sicos de las \u00faltimas d\u00e9cadas, y est\u00e1 impresionantemente acompa\u00f1ada por una amplia secci\u00f3n de documentos fotogr\u00e1ficos.<br \/>\nLa retrospectiva en la Sala de Arte y Exposiciones de la Rep\u00fablica Federal de Alemania en Bonn se inscribe en la continuidad de las exposiciones presentadas en los \u00faltimos veinte a\u00f1os con los artistas alemanes contempor\u00e1neos m\u00e1s importantes y sit\u00faa deliberadamente a Markus L\u00fcpertz junto a Gerhard Richter, Sigmar Polke y Georg Baselitz.<\/p>\n<p>Exposici\u00f3n:<br \/>\nSala de Arte y Exposiciones de la Rep\u00fablica Federal de Alemania, Bonn, 09\/10\/2009 - 17\/01\/2010<\/p>","protected":false},"excerpt":{"rendered":"<p>Cat\u00e1logo de la exposici\u00f3n, Sala de Arte y Exposiciones de la Rep\u00fablica Federal de Alemania Bonn, editado por Robert Fleck<br \/>\nTextos (ing.) de Eric Darragon, Robert Fleck, Siegfried Gohr, Fabrice Hergott, Werner Hofmann, Richard Shiff<br \/>\n376 p. con 240 ilustraciones en color y 70 en blanco y negro y una l\u00e1mina plegable<br \/>\nFormato 30 x 24,5 cm, encuadernaci\u00f3n en media tela gofrada, sobrecubierta con doble pliegue<\/p>","protected":false},"featured_media":5068,"template":"","meta":[],"product_brand":[],"product_cat":[95],"product_tag":[],"class_list":{"0":"post-3655","1":"product","2":"type-product","3":"status-publish","4":"has-post-thumbnail","6":"product_cat-vergriffen","8":"first","9":"outofstock","10":"taxable","11":"shipping-taxable","12":"product-type-simple"},"aioseo_notices":[],"_wp_attached_file":null,"_wp_attachment_metadata":null,"_wc_attachment_source":null,"_elementor_inline_svg":null,"_elementor_is_screenshot":null,"_elementor_source_image_hash":null,"_source_url":null,"_wp_attachment_context":null,"_menu_item_type":null,"_menu_item_menu_item_parent":null,"_menu_item_object_id":null,"_menu_item_object":null,"_menu_item_target":null,"_menu_item_classes":null,"_menu_item_xfn":null,"_menu_item_url":null,"__elementor_forms_snapshot":null,"_unit":"","_unit_base":"","_unit_product":"","_unit_price_auto":"no","_unit_price_regular":"","_unit_price":"","_unit_price_sale":"","_sale_price_label":"","_sale_price_regular_label":"","_manufacturer_slug":"","_mini_desc":"","_defect_description":"","_safety_instructions":"","_allergen_ids":[],"_warranty_attachment_id":"","_safety_attachment_ids":[],"_min_age":"","_ts_gtin":"","_ts_mpn":"","_delivery_time_countries":[],"_free_shipping":"no","_service":"no","_photovoltaic_system":"no","_used_good":"no","_defective_copy":"no","_wireless_electronic_device":"no","_device_contains_power_supply":"no","_device_charging_supports_usb_pd":"no","_device_charging_watt_min":"0","_device_charging_watt_max":"0","_is_food":"no","_differential_taxation":"no","_gzd_version":"3.18.7","_hs_code":"","_customs_description":"","_manufacture_country":"0","_is_non_returnable":"no","_shipping_length":"","_shipping_width":"","_shipping_height":"","_sku":"ISBN 978-3-940953-22-6","_global_unique_id":"978-3-940953-22-6","_regular_price":null,"total_sales":"1","_tax_status":"taxable","_tax_class":"","_manage_stock":"no","_backorders":"no","_sold_individually":"no","_weight":"3","_virtual":"no","_downloadable":"no","_download_limit":"-1","_download_expiry":"-1","_stock":"","_stock_status":"outofstock","_wc_average_rating":"0","_wc_review_count":"0","_product_version":"10.1.4","_price":"","shopengine_product_views_count":"2804","_thumbnail_id":"5068","_product_attributes":{"erscheinungsdatum":{"name":"Fecha de publicaci\u00f3n","value":"09.10.2010","position":0,"is_visible":1,"is_variation":0,"is_taxonomy":0,"checkout_visible":0}},"_nutrient_ids":[],"_upsell_ids":null,"pswc_subtitle":"","_default_delivery_time":null,"_wp_desired_post_slug":null,"_isbn":null,"pageType":null,"isExternalUrl":null,"pageId":null,"externalUrl":null,"hideCookieBanner":null,"isTargetBlank":null,"isProviderCurrentWebsite":null,"isEmbeddingOnlyExternalResources":null,"legalBasis":null,"dataProcessingInCountries":null,"dataProcessingInCountriesSpecialTreatments":null,"technicalDefinitions":null,"googleConsentModeConsentTypes":null,"executePriority":null,"executeCodeOptInWhenNoTagManagerConsentIsGiven":null,"executeCodeOptOutWhenNoTagManagerConsentIsGiven":null,"deleteTechnicalDefinitionsAfterOptOut":null,"presetId":null,"presetVersion":null,"provider":null,"providerContactPhone":null,"providerContactEmail":null,"providerContactLink":null,"uniqueName":null,"providerPrivacyPolicyUrl":null,"providerLegalNoticeUrl":null,"codeOptIn":null,"codeOptOut":null,"codeOnPageLoad":null,"language_code":null,"shopengine_template__post_meta__type":null,"shopengine_template__post_meta":null,"shopengine_template__post_meta__edit_with":null,"origin":null,"_enabled":null,"_filters":null,"_layout":null,"_elementor_import_session_id":null,"_wp_trash_meta_status":null,"_wp_trash_meta_time":null,"_edit_lock":"1743512813:2","_elementor_floating_elements_type":null,"_elementor_edit_mode":null,"_elementor_template_type":null,"tc-thumb-fld":{"_thumb_id":5068,"_thumb_type":"thumb"},"_wp_page_template":"default","_elementor_version":null,"_elementor_pro_version":null,"_elementor_page_settings":null,"_elementor_data":null,"_elementor_conditions":null,"_elementor_popup_display_settings":null,"_edit_last":"2","_elementor_template_sub_type":null,"_elementor_controls_usage":null,"_elementor_screenshot":null,"_elementor_css":null,"_elementor_page_assets":[],"_elementor_element_cache":null,"_elementor_screenshot_failed":null,"_elementor_source":null,"_wp_old_date":null,"layout_key":"","post_slider_check_key":"0","_links":{"self":[{"href":"https:\/\/snoeck.de\/es\/wp-json\/wp\/v2\/product\/3655","targetHints":{"allow":["GET"]}}],"collection":[{"href":"https:\/\/snoeck.de\/es\/wp-json\/wp\/v2\/product"}],"about":[{"href":"https:\/\/snoeck.de\/es\/wp-json\/wp\/v2\/types\/product"}],"wp:featuredmedia":[{"embeddable":true,"href":"https:\/\/snoeck.de\/es\/wp-json\/wp\/v2\/media\/5068"}],"wp:attachment":[{"href":"https:\/\/snoeck.de\/es\/wp-json\/wp\/v2\/media?parent=3655"}],"wp:term":[{"taxonomy":"product_brand","embeddable":true,"href":"https:\/\/snoeck.de\/es\/wp-json\/wp\/v2\/product_brand?post=3655"},{"taxonomy":"product_cat","embeddable":true,"href":"https:\/\/snoeck.de\/es\/wp-json\/wp\/v2\/product_cat?post=3655"},{"taxonomy":"product_tag","embeddable":true,"href":"https:\/\/snoeck.de\/es\/wp-json\/wp\/v2\/product_tag?post=3655"}],"curies":[{"name":"wp","href":"https:\/\/api.w.org\/{rel}","templated":true}]}}