{"id":3656,"date":"2025-01-31T11:31:18","date_gmt":"2025-01-31T11:31:18","guid":{"rendered":"https:\/\/snoeck.process-vision.de\/shop\/m-m-komm-erst-mal-zu-mir\/"},"modified":"2026-04-08T15:37:27","modified_gmt":"2026-04-08T14:37:27","slug":"m-m-komm-erst-mal-zu-mir","status":"publish","type":"product","link":"https:\/\/snoeck.de\/es\/shop\/m-m-komm-erst-mal-zu-mir\/","title":{"rendered":"M + M: \u00a1Ven a m\u00ed primero!"},"content":{"rendered":"<p>Tras su fant\u00e1stico \u00e9xito con la \"BIBLIA PIE\" en 2008, M + M presentan ahora con este libro la primera panor\u00e1mica completa de su trabajo fotogr\u00e1fico, f\u00edlmico y de instalaciones. Y, como en la \"BIBLIA PIE\", se trata de la irredimibilidad de las promesas \u00edntimas, es decir, de los niveles sincr\u00f3nicos de significado y las diferentes identidades, que siempre representan tambi\u00e9n las tendencias actuales de nuestra sociedad.<br \/>\nComo una segunda piel, M + M no s\u00f3lo extienden sus obras sobre los lugares de exposici\u00f3n, sino que tambi\u00e9n las dibujan sobre las p\u00e1ginas de este libro con atractivos encartes e ins\u00f3litas formas de presentaci\u00f3n, como ya hicieron con \u00e9xito y espectacularidad en la exposici\u00f3n \"BIBLIA PIE\":<br \/>\nKunstpalais Erlangen, 21\/01-20\/03\/2011<\/p>","protected":false},"excerpt":{"rendered":"<p>Cat\u00e1logo de la exposici\u00f3n, editado por Claudia Emmert<br \/>\nEntrevista (alem\u00e1n\/ingl\u00e9s) con los artistas de Benjamin Heisenberg<br \/>\n184 p. en varios tama\u00f1os con 180 ilustraciones en color<br \/>\nFormato general 26,5 x 20,5 cm, tapa dura<\/p>","protected":false},"featured_media":5069,"template":"","meta":[],"product_brand":[],"product_cat":[95],"product_tag":[],"class_list":{"0":"post-3656","1":"product","2":"type-product","3":"status-publish","4":"has-post-thumbnail","6":"product_cat-vergriffen","8":"first","9":"outofstock","10":"taxable","11":"shipping-taxable","12":"product-type-simple"},"aioseo_notices":[],"_wp_attached_file":null,"_wp_attachment_metadata":null,"_wc_attachment_source":null,"_elementor_inline_svg":null,"_elementor_is_screenshot":null,"_elementor_source_image_hash":null,"_source_url":null,"_wp_attachment_context":null,"_menu_item_type":null,"_menu_item_menu_item_parent":null,"_menu_item_object_id":null,"_menu_item_object":null,"_menu_item_target":null,"_menu_item_classes":null,"_menu_item_xfn":null,"_menu_item_url":null,"__elementor_forms_snapshot":null,"_unit":null,"_unit_base":null,"_unit_product":null,"_unit_price_auto":null,"_unit_price_regular":null,"_unit_price":null,"_unit_price_sale":null,"_sale_price_label":null,"_sale_price_regular_label":null,"_manufacturer_slug":null,"_mini_desc":null,"_defect_description":null,"_safety_instructions":null,"_allergen_ids":null,"_warranty_attachment_id":null,"_safety_attachment_ids":null,"_min_age":null,"_ts_gtin":null,"_ts_mpn":null,"_delivery_time_countries":null,"_free_shipping":null,"_service":null,"_photovoltaic_system":null,"_used_good":null,"_defective_copy":null,"_wireless_electronic_device":null,"_device_contains_power_supply":null,"_device_charging_supports_usb_pd":null,"_device_charging_watt_min":null,"_device_charging_watt_max":null,"_is_food":null,"_differential_taxation":null,"_gzd_version":null,"_hs_code":null,"_customs_description":null,"_manufacture_country":null,"_is_non_returnable":null,"_shipping_length":null,"_shipping_width":null,"_shipping_height":null,"_sku":"ISBN 978-3-940953-75-9","_global_unique_id":"978-3-940953-75-9","_regular_price":null,"total_sales":"0","_tax_status":"taxable","_tax_class":"","_manage_stock":"no","_backorders":"no","_sold_individually":"no","_weight":"1","_virtual":"no","_downloadable":"no","_download_limit":"-1","_download_expiry":"-1","_stock":"","_stock_status":"outofstock","_wc_average_rating":"0","_wc_review_count":"0","_product_version":"10.1.4","_price":"","shopengine_product_views_count":"2963","_thumbnail_id":"5069","_product_attributes":{"erscheinungsdatum":{"name":"Fecha de publicaci\u00f3n","value":"20.06.2011","position":0,"is_visible":1,"is_variation":0,"is_taxonomy":0,"checkout_visible":false}},"_nutrient_ids":[],"_upsell_ids":null,"pswc_subtitle":null,"_default_delivery_time":null,"_wp_desired_post_slug":null,"_isbn":null,"pageType":null,"isExternalUrl":null,"pageId":null,"externalUrl":null,"hideCookieBanner":null,"isTargetBlank":null,"isProviderCurrentWebsite":null,"isEmbeddingOnlyExternalResources":null,"legalBasis":null,"dataProcessingInCountries":null,"dataProcessingInCountriesSpecialTreatments":null,"technicalDefinitions":null,"googleConsentModeConsentTypes":null,"executePriority":null,"executeCodeOptInWhenNoTagManagerConsentIsGiven":null,"executeCodeOptOutWhenNoTagManagerConsentIsGiven":null,"deleteTechnicalDefinitionsAfterOptOut":null,"presetId":null,"presetVersion":null,"provider":null,"providerContactPhone":null,"providerContactEmail":null,"providerContactLink":null,"uniqueName":null,"providerPrivacyPolicyUrl":null,"providerLegalNoticeUrl":null,"codeOptIn":null,"codeOptOut":null,"codeOnPageLoad":null,"language_code":null,"shopengine_template__post_meta__type":null,"shopengine_template__post_meta":null,"shopengine_template__post_meta__edit_with":null,"origin":null,"_enabled":null,"_filters":null,"_layout":null,"_elementor_import_session_id":null,"_wp_trash_meta_status":null,"_wp_trash_meta_time":null,"_edit_lock":null,"_elementor_floating_elements_type":null,"_elementor_edit_mode":null,"_elementor_template_type":null,"tc-thumb-fld":{"_thumb_id":false,"_thumb_type":"attachment"},"_wp_page_template":null,"_elementor_version":null,"_elementor_pro_version":null,"_elementor_page_settings":null,"_elementor_data":null,"_elementor_conditions":null,"_elementor_popup_display_settings":null,"_edit_last":null,"_elementor_template_sub_type":null,"_elementor_controls_usage":null,"_elementor_screenshot":null,"_elementor_css":null,"_elementor_page_assets":[],"_elementor_element_cache":null,"_elementor_screenshot_failed":null,"_elementor_source":null,"_wp_old_date":null,"layout_key":null,"post_slider_check_key":null,"_links":{"self":[{"href":"https:\/\/snoeck.de\/es\/wp-json\/wp\/v2\/product\/3656","targetHints":{"allow":["GET"]}}],"collection":[{"href":"https:\/\/snoeck.de\/es\/wp-json\/wp\/v2\/product"}],"about":[{"href":"https:\/\/snoeck.de\/es\/wp-json\/wp\/v2\/types\/product"}],"wp:featuredmedia":[{"embeddable":true,"href":"https:\/\/snoeck.de\/es\/wp-json\/wp\/v2\/media\/5069"}],"wp:attachment":[{"href":"https:\/\/snoeck.de\/es\/wp-json\/wp\/v2\/media?parent=3656"}],"wp:term":[{"taxonomy":"product_brand","embeddable":true,"href":"https:\/\/snoeck.de\/es\/wp-json\/wp\/v2\/product_brand?post=3656"},{"taxonomy":"product_cat","embeddable":true,"href":"https:\/\/snoeck.de\/es\/wp-json\/wp\/v2\/product_cat?post=3656"},{"taxonomy":"product_tag","embeddable":true,"href":"https:\/\/snoeck.de\/es\/wp-json\/wp\/v2\/product_tag?post=3656"}],"curies":[{"name":"wp","href":"https:\/\/api.w.org\/{rel}","templated":true}]}}