{"id":3657,"date":"2025-01-31T11:31:18","date_gmt":"2025-01-31T11:31:18","guid":{"rendered":"https:\/\/snoeck.process-vision.de\/shop\/produktion-made-in-germany-drei\/"},"modified":"2026-04-08T15:12:50","modified_gmt":"2026-04-08T14:12:50","slug":"produktion-made-in-germany-drei","status":"publish","type":"product","link":"https:\/\/snoeck.de\/es\/shop\/produktion-made-in-germany-drei\/","title":{"rendered":"Producci\u00f3n. Fabricado en Alemania Tres"},"content":{"rendered":"<h3>Producci\u00f3n. Made in Germany \u00a1Tres est\u00e1 abierto!<\/h3>\n<p>Este verano de 2017, \"Produktion. Made in Germany Three\" en las tres instituciones art\u00edsticas Kestner Gesellschaft, Kunstverein Hannover y Sprengel Museum Hannover echa un vistazo a la polifac\u00e9tica y diversa escena art\u00edstica de Alemania. La tercera edici\u00f3n de \"Made in Germany\" se centra en las condiciones de producci\u00f3n del arte en Alemania y en la cuesti\u00f3n de c\u00f3mo las estructuras geogr\u00e1ficas, pol\u00edticas e institucionales, as\u00ed como las nuevas tecnolog\u00edas, crean condiciones decisivas para la producci\u00f3n de arte. Al centrarse en las condiciones de producci\u00f3n actuales, la muestra se pregunta hasta qu\u00e9 punto se est\u00e1 rede\ufb01niendo la producci\u00f3n art\u00edstica. En los cinco a\u00f1os transcurridos desde la \u00faltima exposici\u00f3n, ha crecido una generaci\u00f3n posdigital que ha cambiado radicalmente el arte con nuevas redes, aplicaciones e instrucciones de bricolaje. En un panorama art\u00edstico con una densidad de instituciones todav\u00eda \u00fanica a nivel internacional (academias de arte, escuelas superiores de arte, asociaciones art\u00edsticas y museos), la escena en Alemania es uno de los centros de producci\u00f3n m\u00e1s \u00e1giles para este arte m\u00e1s reciente. Sin embargo, tres aspectos centrales ocupan un lugar destacado en la exposici\u00f3n y el libro: 1. el espacio en el sentido de lugar de producci\u00f3n, ubicaci\u00f3n y entorno; 2. el tiempo en el sentido de proceso de trabajo, narrativa y velocidad; 3. la estructura de producci\u00f3n en el sentido de cooperaci\u00f3n y red. Las formas de arte ef\u00edmero y las instalaciones site-specific est\u00e1n en auge, los artistas crean blogs, offspaces y espacios libres para todo tipo de actividades. La expansi\u00f3n de su movilidad global, la pertenencia a diversos grupos de artistas y la participaci\u00f3n en un exigente mercado del arte son aspectos de un proceso creativo muy acelerado.<\/p>\n<p>Artistas:<br \/>\nKetuta Alexi-Meskhishvili, Olga Balema, Julius von Bismarck, Juliette Blightman, Katinka Bock, BPA- Programa berlin\u00e9s para artistas, Carina Brandes, Das Numen, Henning Fehr &amp; Philipp R\u00fchr, Kasia Fudakoswki, Sascha Hahn, Lena Henke, Calla Henkel &amp; Max Pitegoff, IMPURE FICTION, Daniel Knorr, Schirin Kretschmann, Veit Laurenz Kurz, Oliver Laric, Amy Lien &amp; Enzo Camacho, Lotte Lindner &amp; Till Steinbrenner, lonelyfingers, Peles Empire, Willem de Rooij, Thomas Ruff, Yorgos Sapountzis, Timur Si-Qin, Hito Steyrl, Studio for Propositional Cinema, Raphaela Vogel<\/p>\n<p>Exposiciones:<br \/>\nKestner Gesellschaft, Kunstverein Hannover, Sprengel Museum Hannover, 3\/6 - 3\/9\/2017<\/p>\n<p>&nbsp;<\/p>","protected":false},"excerpt":{"rendered":"<p>Cat\u00e1logo de la exposici\u00f3n, publicado por Kestner Gesellschaft, Kunstverein Hannover y Sprengel Museum Hannover<br \/>\nTextos (alem\u00e1n\/ingl\u00e9s) de Tenzing Barshee, Nikola Dietrich, Timo Feldhaus, Jana Franze, Stefan Gronert, Hans-J\u00fcrgen Hafner, Lisa Mattheis, Dominikus M\u00fcller, Carina Plath, Kathleen Rahn, Gabriele Sand, Elmas Senol, Noemi Smolik, Maik Schl\u00fcter, Ute Stuffer, Milan Ther, Kristina Thieke, Christina V\u00e9gh<br \/>\n308 p. con 180 ilustraciones en color<br \/>\nFormato 27,9 x 21 cm, tapa blanda en polymailer<\/p>","protected":false},"featured_media":5070,"template":"","meta":[],"product_brand":[],"product_cat":[95],"product_tag":[],"class_list":{"0":"post-3657","1":"product","2":"type-product","3":"status-publish","4":"has-post-thumbnail","6":"product_cat-vergriffen","8":"first","9":"outofstock","10":"taxable","11":"shipping-taxable","12":"product-type-simple"},"aioseo_notices":[],"_wp_attached_file":null,"_wp_attachment_metadata":null,"_wc_attachment_source":null,"_elementor_inline_svg":null,"_elementor_is_screenshot":null,"_elementor_source_image_hash":null,"_source_url":null,"_wp_attachment_context":null,"_menu_item_type":null,"_menu_item_menu_item_parent":null,"_menu_item_object_id":null,"_menu_item_object":null,"_menu_item_target":null,"_menu_item_classes":null,"_menu_item_xfn":null,"_menu_item_url":null,"__elementor_forms_snapshot":null,"_unit":"","_unit_base":"","_unit_product":"","_unit_price_auto":"no","_unit_price_regular":"","_unit_price":"","_unit_price_sale":"","_sale_price_label":"","_sale_price_regular_label":"","_manufacturer_slug":"","_mini_desc":"","_defect_description":"","_safety_instructions":"","_allergen_ids":[],"_warranty_attachment_id":"","_safety_attachment_ids":[],"_min_age":"","_ts_gtin":"","_ts_mpn":"","_delivery_time_countries":[],"_free_shipping":"no","_service":"no","_photovoltaic_system":"no","_used_good":"no","_defective_copy":"no","_wireless_electronic_device":"no","_device_contains_power_supply":"no","_device_charging_supports_usb_pd":"no","_device_charging_watt_min":"0","_device_charging_watt_max":"0","_is_food":"no","_differential_taxation":"no","_gzd_version":"3.18.7","_hs_code":"","_customs_description":"","_manufacture_country":"0","_is_non_returnable":"no","_shipping_length":"","_shipping_width":"","_shipping_height":"","_sku":"ISBN 978-3-86442-208-9","_global_unique_id":"978-3-86442-208-9","_regular_price":null,"total_sales":"0","_tax_status":"taxable","_tax_class":"","_manage_stock":"no","_backorders":"no","_sold_individually":"no","_weight":"2","_virtual":"no","_downloadable":"no","_download_limit":"-1","_download_expiry":"-1","_stock":"","_stock_status":"outofstock","_wc_average_rating":"0","_wc_review_count":"0","_product_version":"10.1.4","_price":"","shopengine_product_views_count":"2636","_thumbnail_id":"5070","_product_attributes":{"erscheinungsdatum":{"name":"Fecha de publicaci\u00f3n","value":"02.06.2017","position":0,"is_visible":1,"is_variation":0,"is_taxonomy":0,"checkout_visible":0}},"_nutrient_ids":[],"_upsell_ids":null,"pswc_subtitle":null,"_default_delivery_time":null,"_wp_desired_post_slug":null,"_isbn":null,"pageType":null,"isExternalUrl":null,"pageId":null,"externalUrl":null,"hideCookieBanner":null,"isTargetBlank":null,"isProviderCurrentWebsite":null,"isEmbeddingOnlyExternalResources":null,"legalBasis":null,"dataProcessingInCountries":null,"dataProcessingInCountriesSpecialTreatments":null,"technicalDefinitions":null,"googleConsentModeConsentTypes":null,"executePriority":null,"executeCodeOptInWhenNoTagManagerConsentIsGiven":null,"executeCodeOptOutWhenNoTagManagerConsentIsGiven":null,"deleteTechnicalDefinitionsAfterOptOut":null,"presetId":null,"presetVersion":null,"provider":null,"providerContactPhone":null,"providerContactEmail":null,"providerContactLink":null,"uniqueName":null,"providerPrivacyPolicyUrl":null,"providerLegalNoticeUrl":null,"codeOptIn":null,"codeOptOut":null,"codeOnPageLoad":null,"language_code":null,"shopengine_template__post_meta__type":null,"shopengine_template__post_meta":null,"shopengine_template__post_meta__edit_with":null,"origin":null,"_enabled":null,"_filters":null,"_layout":null,"_elementor_import_session_id":null,"_wp_trash_meta_status":null,"_wp_trash_meta_time":null,"_edit_lock":"1743520620:2","_elementor_floating_elements_type":null,"_elementor_edit_mode":null,"_elementor_template_type":null,"tc-thumb-fld":{"_thumb_id":5070,"_thumb_type":"thumb"},"_wp_page_template":"default","_elementor_version":null,"_elementor_pro_version":null,"_elementor_page_settings":null,"_elementor_data":null,"_elementor_conditions":null,"_elementor_popup_display_settings":null,"_edit_last":"2","_elementor_template_sub_type":null,"_elementor_controls_usage":null,"_elementor_screenshot":null,"_elementor_css":null,"_elementor_page_assets":[],"_elementor_element_cache":null,"_elementor_screenshot_failed":null,"_elementor_source":null,"_wp_old_date":null,"layout_key":"","post_slider_check_key":"0","_links":{"self":[{"href":"https:\/\/snoeck.de\/es\/wp-json\/wp\/v2\/product\/3657","targetHints":{"allow":["GET"]}}],"collection":[{"href":"https:\/\/snoeck.de\/es\/wp-json\/wp\/v2\/product"}],"about":[{"href":"https:\/\/snoeck.de\/es\/wp-json\/wp\/v2\/types\/product"}],"wp:featuredmedia":[{"embeddable":true,"href":"https:\/\/snoeck.de\/es\/wp-json\/wp\/v2\/media\/5070"}],"wp:attachment":[{"href":"https:\/\/snoeck.de\/es\/wp-json\/wp\/v2\/media?parent=3657"}],"wp:term":[{"taxonomy":"product_brand","embeddable":true,"href":"https:\/\/snoeck.de\/es\/wp-json\/wp\/v2\/product_brand?post=3657"},{"taxonomy":"product_cat","embeddable":true,"href":"https:\/\/snoeck.de\/es\/wp-json\/wp\/v2\/product_cat?post=3657"},{"taxonomy":"product_tag","embeddable":true,"href":"https:\/\/snoeck.de\/es\/wp-json\/wp\/v2\/product_tag?post=3657"}],"curies":[{"name":"wp","href":"https:\/\/api.w.org\/{rel}","templated":true}]}}