{"id":3658,"date":"2025-01-31T11:31:19","date_gmt":"2025-01-31T11:31:19","guid":{"rendered":"https:\/\/snoeck.process-vision.de\/shop\/herbert-x-maier-complementary\/"},"modified":"2025-04-01T12:57:48","modified_gmt":"2025-04-01T12:57:48","slug":"herbert-x-maier-complementary","status":"publish","type":"product","link":"https:\/\/snoeck.de\/es\/shop\/herbert-x-maier-complementary\/","title":{"rendered":"Herbert X. Maier: Complementario"},"content":{"rendered":"<h3>La pintura como depositaria de realidades extrapict\u00f3ricas<\/h3>\n<p>En sus cuadros pict\u00f3ricos m\u00e1s recientes, Herbert X. Maier (la X. corresponde a su segundo nombre, Xav\u00e9r) ha encontrado sorprendentes combinaciones de obras abstractas, en algunos casos incluso abstractas-pastosas m\u00e1s antiguas, y nuevos motivos realistas, que cuelga como d\u00edpticos. No podr\u00eda escenificar con mayor crudeza el contraste entre la pintura abstracta y la realista, y sin embargo Herbert X. Maier se mantiene fiel a su m\u00e9todo. Desde que estuvo en la Cit\u00e9 des arts internationals de Par\u00eds hace 20 a\u00f1os, construye sus cuadros capa a capa con una pintura de fondo directa, sobre la que aplica varias veladuras gruesas. Esto refleja su idea de la pintura como dep\u00f3sito de realidades extrapict\u00f3ricas y muestra c\u00f3mo \u00e9stas pueden encontrar expresi\u00f3n en el cuadro. Los elementos realistas del motivo -por ejemplo, un cuenco de porcelana inclinado, pintado en degradados de azul claro de estilo antiguo- transmiten directamente la referencia a la realidad, y sin embargo se caracterizan por una voluminosa profundidad. Las hasta 80 capas de esmalte trasladan la luz exterior al interior del motivo, como si el cuadro brillara de repente desde dentro. Herbert X. Maier describe as\u00ed la confrontaci\u00f3n entre lo abstracto y lo figurativo: \"En el complejo, lo abstracto es el centro de atenci\u00f3n. Maier describe as\u00ed la confrontaci\u00f3n de lo abstracto con lo figurativo: \"En la complementariedad de la confrontaci\u00f3n pict\u00f3rica, busco la brecha y la transici\u00f3n entre los g\u00e9neros, lo cerrado y lo abierto, lo est\u00e1tico y lo fluido, el volumen, la profundidad y la estructura superficial, lo estable y lo inestable al mismo tiempo\".<\/p>\n<p>Exposici\u00f3n:<br \/>\nInstituto Morat de Arte e Historia del Arte, Friburgo de Brisgovia, 23\/1 - 25\/10\/2022<\/p>","protected":false},"excerpt":{"rendered":"<p>Cat\u00e1logo de la exposici\u00f3n, Instituto Morat de Arte e Investigaci\u00f3n Art\u00edstica de Friburgo<br \/>\nTextos (alem\u00e1n\/ingl\u00e9s) de Herbert M. Hurka, Rainer Marten<br \/>\n224 p\u00e1ginas con 160 ilustraciones en color<br \/>\nFormato 27 x 30 cm, tapa dura<\/p>","protected":false},"featured_media":5071,"template":"","meta":[],"product_brand":[],"product_cat":[84,70],"product_tag":[],"class_list":{"0":"post-3658","1":"product","2":"type-product","3":"status-publish","4":"has-post-thumbnail","6":"product_cat-84","7":"product_cat-m","9":"first","10":"instock","11":"taxable","12":"shipping-taxable","13":"purchasable","14":"product-type-simple"},"aioseo_notices":[],"_wp_attached_file":null,"_wp_attachment_metadata":null,"_wc_attachment_source":null,"_elementor_inline_svg":null,"_elementor_is_screenshot":null,"_elementor_source_image_hash":null,"_source_url":null,"_wp_attachment_context":null,"_menu_item_type":null,"_menu_item_menu_item_parent":null,"_menu_item_object_id":null,"_menu_item_object":null,"_menu_item_target":null,"_menu_item_classes":null,"_menu_item_xfn":null,"_menu_item_url":null,"__elementor_forms_snapshot":null,"_unit":"","_unit_base":"","_unit_product":"","_unit_price_auto":"no","_unit_price_regular":"","_unit_price":"","_unit_price_sale":"","_sale_price_label":"","_sale_price_regular_label":"","_manufacturer_slug":"","_mini_desc":"","_defect_description":"","_safety_instructions":"","_allergen_ids":[],"_warranty_attachment_id":"","_safety_attachment_ids":[],"_min_age":"","_ts_gtin":"","_ts_mpn":"","_delivery_time_countries":[],"_free_shipping":"no","_service":"no","_photovoltaic_system":"no","_used_good":"no","_defective_copy":"no","_wireless_electronic_device":"no","_device_contains_power_supply":"no","_device_charging_supports_usb_pd":"no","_device_charging_watt_min":"0","_device_charging_watt_max":"0","_is_food":"no","_differential_taxation":"no","_gzd_version":"3.18.7","_hs_code":"","_customs_description":"","_manufacture_country":"0","_is_non_returnable":"no","_shipping_length":"","_shipping_width":"","_shipping_height":"","_sku":"ISBN 978-3-86442-374-1","_global_unique_id":"978-3-86442-374-1","_regular_price":"58","total_sales":"0","_tax_status":"taxable","_tax_class":"","_manage_stock":"no","_backorders":"no","_sold_individually":"no","_weight":"2","_virtual":"no","_downloadable":"no","_download_limit":"-1","_download_expiry":"-1","_stock":"","_stock_status":"instock","_wc_average_rating":"0","_wc_review_count":"0","_product_version":"9.7.1","_price":"58","shopengine_product_views_count":"3300","_thumbnail_id":"5071","_product_attributes":{"erscheinungsdatum":{"name":"Fecha de publicaci\u00f3n","value":"24.12.2020","position":0,"is_visible":1,"is_variation":0,"is_taxonomy":0,"checkout_visible":0}},"_nutrient_ids":[],"_upsell_ids":null,"pswc_subtitle":null,"_default_delivery_time":null,"_wp_desired_post_slug":null,"_isbn":null,"pageType":null,"isExternalUrl":null,"pageId":null,"externalUrl":null,"hideCookieBanner":null,"isTargetBlank":null,"isProviderCurrentWebsite":null,"isEmbeddingOnlyExternalResources":null,"legalBasis":null,"dataProcessingInCountries":null,"dataProcessingInCountriesSpecialTreatments":null,"technicalDefinitions":null,"googleConsentModeConsentTypes":null,"executePriority":null,"executeCodeOptInWhenNoTagManagerConsentIsGiven":null,"executeCodeOptOutWhenNoTagManagerConsentIsGiven":null,"deleteTechnicalDefinitionsAfterOptOut":null,"presetId":null,"presetVersion":null,"provider":null,"providerContactPhone":null,"providerContactEmail":null,"providerContactLink":null,"uniqueName":null,"providerPrivacyPolicyUrl":null,"providerLegalNoticeUrl":null,"codeOptIn":null,"codeOptOut":null,"codeOnPageLoad":null,"language_code":null,"shopengine_template__post_meta__type":null,"shopengine_template__post_meta":null,"shopengine_template__post_meta__edit_with":null,"origin":null,"_enabled":null,"_filters":null,"_layout":null,"_elementor_import_session_id":null,"_wp_trash_meta_status":null,"_wp_trash_meta_time":null,"_edit_lock":"1743512129:2","_elementor_floating_elements_type":null,"_elementor_edit_mode":null,"_elementor_template_type":null,"tc-thumb-fld":{"_thumb_id":5071,"_thumb_type":"thumb"},"_wp_page_template":"default","_elementor_version":null,"_elementor_pro_version":null,"_elementor_page_settings":null,"_elementor_data":null,"_elementor_conditions":null,"_elementor_popup_display_settings":null,"_edit_last":"2","_elementor_template_sub_type":null,"_elementor_controls_usage":null,"_elementor_screenshot":null,"_elementor_css":null,"_elementor_page_assets":[],"_elementor_element_cache":null,"_elementor_screenshot_failed":null,"_elementor_source":null,"_wp_old_date":null,"layout_key":"","post_slider_check_key":"0","_links":{"self":[{"href":"https:\/\/snoeck.de\/es\/wp-json\/wp\/v2\/product\/3658","targetHints":{"allow":["GET"]}}],"collection":[{"href":"https:\/\/snoeck.de\/es\/wp-json\/wp\/v2\/product"}],"about":[{"href":"https:\/\/snoeck.de\/es\/wp-json\/wp\/v2\/types\/product"}],"wp:featuredmedia":[{"embeddable":true,"href":"https:\/\/snoeck.de\/es\/wp-json\/wp\/v2\/media\/5071"}],"wp:attachment":[{"href":"https:\/\/snoeck.de\/es\/wp-json\/wp\/v2\/media?parent=3658"}],"wp:term":[{"taxonomy":"product_brand","embeddable":true,"href":"https:\/\/snoeck.de\/es\/wp-json\/wp\/v2\/product_brand?post=3658"},{"taxonomy":"product_cat","embeddable":true,"href":"https:\/\/snoeck.de\/es\/wp-json\/wp\/v2\/product_cat?post=3658"},{"taxonomy":"product_tag","embeddable":true,"href":"https:\/\/snoeck.de\/es\/wp-json\/wp\/v2\/product_tag?post=3658"}],"curies":[{"name":"wp","href":"https:\/\/api.w.org\/{rel}","templated":true}]}}